{"id":7346,"date":"2019-06-29T10:37:36","date_gmt":"2019-06-29T10:37:36","guid":{"rendered":"https:\/\/www.distrettoagrumidisicilia.it\/?page_id=7346\/"},"modified":"2019-06-29T10:58:52","modified_gmt":"2019-06-29T10:58:52","slug":"seminaire-politique-marques-qualite-syracuse-2016","status":"publish","type":"page","link":"https:\/\/www.distrettoagrumidisicilia.it\/fr\/galerie-photos\/seminaire-politique-marques-qualite-syracuse-2016\/","title":{"rendered":"29\/07\/2016 &#8211; S\u00e9minaire &lsquo;La politique des marques de qualit\u00e9&rsquo; &#8211; Syracuse"},"content":{"rendered":"<p class=\"abstract\">Une s\u00e9lection de photographies du <strong>district de production d&rsquo;agrumes de Sicile<\/strong>, section &quot;<strong>29\/07\/2016 &#8211; S\u00e9minaire &lsquo;La politique des marques de qualit\u00e9&rsquo; &#8211; Syracuse<\/strong>&quot;<\/p>\n<p><img id=\"imgpag\" class=\"imgpag1\" src=\"https:\/\/www.distrettoagrumidisicilia.it\/wp-content\/uploads\/politica_marchi_qualita_siracusa_011280.jpg\" alt=\"S\u00e9minaire 'La politique des marques de qualit\u00e9'\" \/><\/p>\n<div class=\"et_pb_slider et_pb_slider_fullwidth_off et_pb_gallery_post_type\">\n\t\t\t\t<div class=\"et_pb_slides\">\n\t\t\t\t\t<div class=\"et_pb_slide\" style=\"background: url(https:\/\/www.distrettoagrumidisicilia.it\/wp-content\/uploads\/politica_marchi_qualita_siracusa_037902.jpg);\"><\/div><div class=\"et_pb_slide\" style=\"background: url(https:\/\/www.distrettoagrumidisicilia.it\/wp-content\/uploads\/politica_marchi_qualita_siracusa_027937.jpg);\"><\/div>\n\t\t\t\t<\/div>\n\t\t\t<\/div>\n","protected":false},"excerpt":{"rendered":"<p>Une s\u00e9lection de photographies du district de production d&rsquo;agrumes de Sicile, section &quot;29\/07\/2016 &#8211; S\u00e9minaire &lsquo;La politique des marques de qualit\u00e9&rsquo; &#8211; Syracuse&quot;<\/p>\n","protected":false},"author":1,"featured_media":0,"parent":2612,"menu_order":0,"comment_status":"closed","ping_status":"closed","template":"","meta":{"_et_pb_use_builder":"","_et_pb_old_content":"","_et_gb_content_width":"","_monsterinsights_skip_tracking":false,"_monsterinsights_sitenote_active":false,"_monsterinsights_sitenote_note":"","_monsterinsights_sitenote_category":0},"yoast_head":"<!-- This site is optimized with the Yoast SEO plugin v18.2 - https:\/\/yoast.com\/wordpress\/plugins\/seo\/ -->\n<title>29\/07\/2016 - S\u00e9minaire &#039;La politique des marques de qualit\u00e9&#039; - Syracuse - District Productif Agrumes de Sicile<\/title>\n<meta name=\"robots\" content=\"index, follow, max-snippet:-1, max-image-preview:large, max-video-preview:-1\" \/>\n<link rel=\"canonical\" href=\"https:\/\/www.distrettoagrumidisicilia.it\/fr\/galerie-photos\/seminaire-politique-marques-qualite-syracuse-2016\/\" \/>\n<meta property=\"og:locale\" content=\"fr_FR\" \/>\n<meta property=\"og:type\" content=\"article\" \/>\n<meta property=\"og:title\" content=\"29\/07\/2016 - S\u00e9minaire &#039;La politique des marques de qualit\u00e9&#039; - Syracuse - District Productif Agrumes de Sicile\" \/>\n<meta property=\"og:description\" content=\"Une s\u00e9lection de photographies du district de production d&rsquo;agrumes de Sicile, section &quot;29\/07\/2016 &#8211; S\u00e9minaire &lsquo;La politique des marques de qualit\u00e9&rsquo; &#8211; Syracuse&quot;\" \/>\n<meta property=\"og:url\" content=\"https:\/\/www.distrettoagrumidisicilia.it\/fr\/galerie-photos\/seminaire-politique-marques-qualite-syracuse-2016\/\" \/>\n<meta property=\"og:site_name\" content=\"District Productif Agrumes de Sicile\" \/>\n<meta property=\"article:publisher\" content=\"https:\/\/www.facebook.com\/DistrettoAgrumidiSicilia\" \/>\n<meta property=\"article:modified_time\" content=\"2019-06-29T10:58:52+00:00\" \/>\n<meta property=\"og:image\" content=\"https:\/\/www.distrettoagrumidisicilia.it\/wp-content\/uploads\/politica_marchi_qualita_siracusa_037902-400x284.jpg\" \/>\n<meta name=\"twitter:card\" content=\"summary\" \/>\n<script type=\"application\/ld+json\" class=\"yoast-schema-graph\">{\"@context\":\"https:\/\/schema.org\",\"@graph\":[{\"@type\":\"WebSite\",\"@id\":\"https:\/\/www.distrettoagrumidisicilia.it\/fr\/#website\",\"url\":\"https:\/\/www.distrettoagrumidisicilia.it\/fr\/\",\"name\":\"District Productif Agrumes de Sicile\",\"description\":\"a territory, a shared strategy\",\"potentialAction\":[{\"@type\":\"SearchAction\",\"target\":{\"@type\":\"EntryPoint\",\"urlTemplate\":\"https:\/\/www.distrettoagrumidisicilia.it\/fr\/?s={search_term_string}\"},\"query-input\":\"required name=search_term_string\"}],\"inLanguage\":\"fr-FR\"},{\"@type\":\"ImageObject\",\"@id\":\"https:\/\/www.distrettoagrumidisicilia.it\/fr\/galerie-photos\/seminaire-politique-marques-qualite-syracuse-2016\/#primaryimage\",\"inLanguage\":\"fr-FR\",\"url\":\"https:\/\/www.distrettoagrumidisicilia.it\/wp-content\/uploads\/politica_marchi_qualita_siracusa_011280.jpg\",\"contentUrl\":\"https:\/\/www.distrettoagrumidisicilia.it\/wp-content\/uploads\/politica_marchi_qualita_siracusa_011280.jpg\",\"width\":1200,\"height\":674},{\"@type\":\"WebPage\",\"@id\":\"https:\/\/www.distrettoagrumidisicilia.it\/fr\/galerie-photos\/seminaire-politique-marques-qualite-syracuse-2016\/#webpage\",\"url\":\"https:\/\/www.distrettoagrumidisicilia.it\/fr\/galerie-photos\/seminaire-politique-marques-qualite-syracuse-2016\/\",\"name\":\"29\/07\/2016 - S\u00e9minaire 'La politique des marques de qualit\u00e9' - Syracuse - District Productif Agrumes de Sicile\",\"isPartOf\":{\"@id\":\"https:\/\/www.distrettoagrumidisicilia.it\/fr\/#website\"},\"primaryImageOfPage\":{\"@id\":\"https:\/\/www.distrettoagrumidisicilia.it\/fr\/galerie-photos\/seminaire-politique-marques-qualite-syracuse-2016\/#primaryimage\"},\"datePublished\":\"2019-06-29T10:37:36+00:00\",\"dateModified\":\"2019-06-29T10:58:52+00:00\",\"breadcrumb\":{\"@id\":\"https:\/\/www.distrettoagrumidisicilia.it\/fr\/galerie-photos\/seminaire-politique-marques-qualite-syracuse-2016\/#breadcrumb\"},\"inLanguage\":\"fr-FR\",\"potentialAction\":[{\"@type\":\"ReadAction\",\"target\":[\"https:\/\/www.distrettoagrumidisicilia.it\/fr\/galerie-photos\/seminaire-politique-marques-qualite-syracuse-2016\/\"]}]},{\"@type\":\"BreadcrumbList\",\"@id\":\"https:\/\/www.distrettoagrumidisicilia.it\/fr\/galerie-photos\/seminaire-politique-marques-qualite-syracuse-2016\/#breadcrumb\",\"itemListElement\":[{\"@type\":\"ListItem\",\"position\":1,\"name\":\"Home\",\"item\":\"https:\/\/www.distrettoagrumidisicilia.it\/fr\/\"},{\"@type\":\"ListItem\",\"position\":2,\"name\":\"Galerie de photos\",\"item\":\"https:\/\/www.distrettoagrumidisicilia.it\/fr\/galerie-photos\/\"},{\"@type\":\"ListItem\",\"position\":3,\"name\":\"29\/07\/2016 &#8211; S\u00e9minaire &lsquo;La politique des marques de qualit\u00e9&rsquo; &#8211; Syracuse\"}]}]}<\/script>\n<!-- \/ Yoast SEO plugin. -->","yoast_head_json":{"title":"29\/07\/2016 - S\u00e9minaire 'La politique des marques de qualit\u00e9' - Syracuse - District Productif Agrumes de Sicile","robots":{"index":"index","follow":"follow","max-snippet":"max-snippet:-1","max-image-preview":"max-image-preview:large","max-video-preview":"max-video-preview:-1"},"canonical":"https:\/\/www.distrettoagrumidisicilia.it\/fr\/galerie-photos\/seminaire-politique-marques-qualite-syracuse-2016\/","og_locale":"fr_FR","og_type":"article","og_title":"29\/07\/2016 - S\u00e9minaire 'La politique des marques de qualit\u00e9' - Syracuse - District Productif Agrumes de Sicile","og_description":"Une s\u00e9lection de photographies du district de production d&rsquo;agrumes de Sicile, section &quot;29\/07\/2016 &#8211; S\u00e9minaire &lsquo;La politique des marques de qualit\u00e9&rsquo; &#8211; Syracuse&quot;","og_url":"https:\/\/www.distrettoagrumidisicilia.it\/fr\/galerie-photos\/seminaire-politique-marques-qualite-syracuse-2016\/","og_site_name":"District Productif Agrumes de Sicile","article_publisher":"https:\/\/www.facebook.com\/DistrettoAgrumidiSicilia","article_modified_time":"2019-06-29T10:58:52+00:00","og_image":[{"url":"https:\/\/www.distrettoagrumidisicilia.it\/wp-content\/uploads\/politica_marchi_qualita_siracusa_037902-400x284.jpg"}],"twitter_card":"summary","schema":{"@context":"https:\/\/schema.org","@graph":[{"@type":"WebSite","@id":"https:\/\/www.distrettoagrumidisicilia.it\/fr\/#website","url":"https:\/\/www.distrettoagrumidisicilia.it\/fr\/","name":"District Productif Agrumes de Sicile","description":"a territory, a shared strategy","potentialAction":[{"@type":"SearchAction","target":{"@type":"EntryPoint","urlTemplate":"https:\/\/www.distrettoagrumidisicilia.it\/fr\/?s={search_term_string}"},"query-input":"required name=search_term_string"}],"inLanguage":"fr-FR"},{"@type":"ImageObject","@id":"https:\/\/www.distrettoagrumidisicilia.it\/fr\/galerie-photos\/seminaire-politique-marques-qualite-syracuse-2016\/#primaryimage","inLanguage":"fr-FR","url":"https:\/\/www.distrettoagrumidisicilia.it\/wp-content\/uploads\/politica_marchi_qualita_siracusa_011280.jpg","contentUrl":"https:\/\/www.distrettoagrumidisicilia.it\/wp-content\/uploads\/politica_marchi_qualita_siracusa_011280.jpg","width":1200,"height":674},{"@type":"WebPage","@id":"https:\/\/www.distrettoagrumidisicilia.it\/fr\/galerie-photos\/seminaire-politique-marques-qualite-syracuse-2016\/#webpage","url":"https:\/\/www.distrettoagrumidisicilia.it\/fr\/galerie-photos\/seminaire-politique-marques-qualite-syracuse-2016\/","name":"29\/07\/2016 - S\u00e9minaire 'La politique des marques de qualit\u00e9' - Syracuse - District Productif Agrumes de Sicile","isPartOf":{"@id":"https:\/\/www.distrettoagrumidisicilia.it\/fr\/#website"},"primaryImageOfPage":{"@id":"https:\/\/www.distrettoagrumidisicilia.it\/fr\/galerie-photos\/seminaire-politique-marques-qualite-syracuse-2016\/#primaryimage"},"datePublished":"2019-06-29T10:37:36+00:00","dateModified":"2019-06-29T10:58:52+00:00","breadcrumb":{"@id":"https:\/\/www.distrettoagrumidisicilia.it\/fr\/galerie-photos\/seminaire-politique-marques-qualite-syracuse-2016\/#breadcrumb"},"inLanguage":"fr-FR","potentialAction":[{"@type":"ReadAction","target":["https:\/\/www.distrettoagrumidisicilia.it\/fr\/galerie-photos\/seminaire-politique-marques-qualite-syracuse-2016\/"]}]},{"@type":"BreadcrumbList","@id":"https:\/\/www.distrettoagrumidisicilia.it\/fr\/galerie-photos\/seminaire-politique-marques-qualite-syracuse-2016\/#breadcrumb","itemListElement":[{"@type":"ListItem","position":1,"name":"Home","item":"https:\/\/www.distrettoagrumidisicilia.it\/fr\/"},{"@type":"ListItem","position":2,"name":"Galerie de photos","item":"https:\/\/www.distrettoagrumidisicilia.it\/fr\/galerie-photos\/"},{"@type":"ListItem","position":3,"name":"29\/07\/2016 &#8211; S\u00e9minaire &lsquo;La politique des marques de qualit\u00e9&rsquo; &#8211; Syracuse"}]}]}},"_links":{"self":[{"href":"https:\/\/www.distrettoagrumidisicilia.it\/fr\/wp-json\/wp\/v2\/pages\/7346"}],"collection":[{"href":"https:\/\/www.distrettoagrumidisicilia.it\/fr\/wp-json\/wp\/v2\/pages"}],"about":[{"href":"https:\/\/www.distrettoagrumidisicilia.it\/fr\/wp-json\/wp\/v2\/types\/page"}],"author":[{"embeddable":true,"href":"https:\/\/www.distrettoagrumidisicilia.it\/fr\/wp-json\/wp\/v2\/users\/1"}],"replies":[{"embeddable":true,"href":"https:\/\/www.distrettoagrumidisicilia.it\/fr\/wp-json\/wp\/v2\/comments?post=7346"}],"version-history":[{"count":10,"href":"https:\/\/www.distrettoagrumidisicilia.it\/fr\/wp-json\/wp\/v2\/pages\/7346\/revisions"}],"predecessor-version":[{"id":7358,"href":"https:\/\/www.distrettoagrumidisicilia.it\/fr\/wp-json\/wp\/v2\/pages\/7346\/revisions\/7358"}],"up":[{"embeddable":true,"href":"https:\/\/www.distrettoagrumidisicilia.it\/fr\/wp-json\/wp\/v2\/pages\/2612"}],"wp:attachment":[{"href":"https:\/\/www.distrettoagrumidisicilia.it\/fr\/wp-json\/wp\/v2\/media?parent=7346"}],"curies":[{"name":"wp","href":"https:\/\/api.w.org\/{rel}","templated":true}]}}