{"id":7233,"date":"2019-06-01T10:24:53","date_gmt":"2019-06-01T10:24:53","guid":{"rendered":"https:\/\/www.distrettoagrumidisicilia.it\/?page_id=7233\/"},"modified":"2019-06-01T10:50:33","modified_gmt":"2019-06-01T10:50:33","slug":"atelier-les-fruits-de-la-sante-syracuse-2015","status":"publish","type":"page","link":"https:\/\/www.distrettoagrumidisicilia.it\/fr\/galerie-photos\/atelier-les-fruits-de-la-sante-syracuse-2015\/","title":{"rendered":"28\/05\/2015 &#8211; Atelier &lsquo;Les fruits de la sant\u00e9&rsquo; \u00e0 Syracuse"},"content":{"rendered":"<p class=\"abstract\">Une s\u00e9lection de photographies du <strong>district de production d&rsquo;agrumes de Sicile<\/strong>, section &quot;<strong>Atelier &lsquo;Les fruits de la sant\u00e9&rsquo; \u00e0 Syracuse &#8211; 28\/05\/2015<\/strong>&quot;<\/p>\n<p><img id=\"imgpag\" class=\"imgpag1\" title=\"\" src=\"https:\/\/www.distrettoagrumidisicilia.it\/wp-content\/uploads\/1.-ws-sr-foyer4811.jpg\" alt=\"Atelier 'Les fruits de la sant\u00e9' - Syracuse\" \/><\/p>\n<div class=\"et_pb_slider et_pb_slider_fullwidth_off et_pb_gallery_post_type\">\n\t\t\t\t<div class=\"et_pb_slides\">\n\t\t\t\t\t<div class=\"et_pb_slide\" style=\"background: url(https:\/\/www.distrettoagrumidisicilia.it\/wp-content\/uploads\/2.-ws-sr-foyer6416.jpg);\"><\/div><div class=\"et_pb_slide\" style=\"background: url(https:\/\/www.distrettoagrumidisicilia.it\/wp-content\/uploads\/3.-ws-sr-relatori5646191.jpg);\"><\/div><div class=\"et_pb_slide\" style=\"background: url(https:\/\/www.distrettoagrumidisicilia.it\/wp-content\/uploads\/4.-ws-sr-platea49182841.jpg);\"><\/div><div class=\"et_pb_slide\" style=\"background: url(https:\/\/www.distrettoagrumidisicilia.it\/wp-content\/uploads\/5.-ws-sr-relatore-argentati6479.jpg);\"><\/div><div class=\"et_pb_slide\" style=\"background: url(https:\/\/www.distrettoagrumidisicilia.it\/wp-content\/uploads\/6.-ws-sr-relatore_calderone5446.jpg);\"><\/div><div class=\"et_pb_slide\" style=\"background: url(https:\/\/www.distrettoagrumidisicilia.it\/wp-content\/uploads\/7.-ws-sr-relatore_cappellani8948.jpg);\"><\/div><div class=\"et_pb_slide\" style=\"background: url(https:\/\/www.distrettoagrumidisicilia.it\/wp-content\/uploads\/8.-ws-sr-relatore_caruso736.jpg);\"><\/div><div class=\"et_pb_slide\" style=\"background: url(https:\/\/www.distrettoagrumidisicilia.it\/wp-content\/uploads\/9.-ws-sr-relatore_leonardi3669.jpg);\"><\/div><div class=\"et_pb_slide\" style=\"background: url(https:\/\/www.distrettoagrumidisicilia.it\/wp-content\/uploads\/10.-ws-sr-relatore_torrisi9254.jpg);\"><\/div>\n\t\t\t\t<\/div>\n\t\t\t<\/div>\n","protected":false},"excerpt":{"rendered":"<p>Une s\u00e9lection de photographies du district de production d&rsquo;agrumes de Sicile, section &quot;Atelier &lsquo;Les fruits de la sant\u00e9&rsquo; \u00e0 Syracuse &#8211; 28\/05\/2015&quot;<\/p>\n","protected":false},"author":1,"featured_media":0,"parent":2612,"menu_order":0,"comment_status":"closed","ping_status":"closed","template":"","meta":{"_et_pb_use_builder":"","_et_pb_old_content":"","_et_gb_content_width":"","_monsterinsights_skip_tracking":false,"_monsterinsights_sitenote_active":false,"_monsterinsights_sitenote_note":"","_monsterinsights_sitenote_category":0},"yoast_head":"<!-- This site is optimized with the Yoast SEO plugin v18.2 - https:\/\/yoast.com\/wordpress\/plugins\/seo\/ -->\n<title>28\/05\/2015 - Atelier &#039;Les fruits de la sant\u00e9&#039; \u00e0 Syracuse - District Productif Agrumes de Sicile<\/title>\n<meta name=\"robots\" content=\"index, follow, max-snippet:-1, max-image-preview:large, max-video-preview:-1\" \/>\n<link rel=\"canonical\" href=\"https:\/\/www.distrettoagrumidisicilia.it\/fr\/galerie-photos\/atelier-les-fruits-de-la-sante-syracuse-2015\/\" \/>\n<meta property=\"og:locale\" content=\"fr_FR\" \/>\n<meta property=\"og:type\" content=\"article\" \/>\n<meta property=\"og:title\" content=\"28\/05\/2015 - Atelier &#039;Les fruits de la sant\u00e9&#039; \u00e0 Syracuse - District Productif Agrumes de Sicile\" \/>\n<meta property=\"og:description\" content=\"Une s\u00e9lection de photographies du district de production d&rsquo;agrumes de Sicile, section &quot;Atelier &lsquo;Les fruits de la sant\u00e9&rsquo; \u00e0 Syracuse &#8211; 28\/05\/2015&quot;\" \/>\n<meta property=\"og:url\" content=\"https:\/\/www.distrettoagrumidisicilia.it\/fr\/galerie-photos\/atelier-les-fruits-de-la-sante-syracuse-2015\/\" \/>\n<meta property=\"og:site_name\" content=\"District Productif Agrumes de Sicile\" \/>\n<meta property=\"article:publisher\" content=\"https:\/\/www.facebook.com\/DistrettoAgrumidiSicilia\" \/>\n<meta property=\"article:modified_time\" content=\"2019-06-01T10:50:33+00:00\" \/>\n<meta property=\"og:image\" content=\"https:\/\/www.distrettoagrumidisicilia.it\/wp-content\/uploads\/2.-ws-sr-foyer6416-400x284.jpg\" \/>\n<meta name=\"twitter:card\" content=\"summary\" \/>\n<script type=\"application\/ld+json\" class=\"yoast-schema-graph\">{\"@context\":\"https:\/\/schema.org\",\"@graph\":[{\"@type\":\"WebSite\",\"@id\":\"https:\/\/www.distrettoagrumidisicilia.it\/fr\/#website\",\"url\":\"https:\/\/www.distrettoagrumidisicilia.it\/fr\/\",\"name\":\"District Productif Agrumes de Sicile\",\"description\":\"a territory, a shared strategy\",\"potentialAction\":[{\"@type\":\"SearchAction\",\"target\":{\"@type\":\"EntryPoint\",\"urlTemplate\":\"https:\/\/www.distrettoagrumidisicilia.it\/fr\/?s={search_term_string}\"},\"query-input\":\"required name=search_term_string\"}],\"inLanguage\":\"fr-FR\"},{\"@type\":\"ImageObject\",\"@id\":\"https:\/\/www.distrettoagrumidisicilia.it\/fr\/galerie-photos\/atelier-les-fruits-de-la-sante-syracuse-2015\/#primaryimage\",\"inLanguage\":\"fr-FR\",\"url\":\"https:\/\/www.distrettoagrumidisicilia.it\/wp-content\/uploads\/1.-ws-sr-foyer4811.jpg\",\"contentUrl\":\"https:\/\/www.distrettoagrumidisicilia.it\/wp-content\/uploads\/1.-ws-sr-foyer4811.jpg\",\"width\":1024,\"height\":576},{\"@type\":\"WebPage\",\"@id\":\"https:\/\/www.distrettoagrumidisicilia.it\/fr\/galerie-photos\/atelier-les-fruits-de-la-sante-syracuse-2015\/#webpage\",\"url\":\"https:\/\/www.distrettoagrumidisicilia.it\/fr\/galerie-photos\/atelier-les-fruits-de-la-sante-syracuse-2015\/\",\"name\":\"28\/05\/2015 - Atelier 'Les fruits de la sant\u00e9' \u00e0 Syracuse - District Productif Agrumes de Sicile\",\"isPartOf\":{\"@id\":\"https:\/\/www.distrettoagrumidisicilia.it\/fr\/#website\"},\"primaryImageOfPage\":{\"@id\":\"https:\/\/www.distrettoagrumidisicilia.it\/fr\/galerie-photos\/atelier-les-fruits-de-la-sante-syracuse-2015\/#primaryimage\"},\"datePublished\":\"2019-06-01T10:24:53+00:00\",\"dateModified\":\"2019-06-01T10:50:33+00:00\",\"breadcrumb\":{\"@id\":\"https:\/\/www.distrettoagrumidisicilia.it\/fr\/galerie-photos\/atelier-les-fruits-de-la-sante-syracuse-2015\/#breadcrumb\"},\"inLanguage\":\"fr-FR\",\"potentialAction\":[{\"@type\":\"ReadAction\",\"target\":[\"https:\/\/www.distrettoagrumidisicilia.it\/fr\/galerie-photos\/atelier-les-fruits-de-la-sante-syracuse-2015\/\"]}]},{\"@type\":\"BreadcrumbList\",\"@id\":\"https:\/\/www.distrettoagrumidisicilia.it\/fr\/galerie-photos\/atelier-les-fruits-de-la-sante-syracuse-2015\/#breadcrumb\",\"itemListElement\":[{\"@type\":\"ListItem\",\"position\":1,\"name\":\"Home\",\"item\":\"https:\/\/www.distrettoagrumidisicilia.it\/fr\/\"},{\"@type\":\"ListItem\",\"position\":2,\"name\":\"Galerie de photos\",\"item\":\"https:\/\/www.distrettoagrumidisicilia.it\/fr\/galerie-photos\/\"},{\"@type\":\"ListItem\",\"position\":3,\"name\":\"28\/05\/2015 &#8211; Atelier &lsquo;Les fruits de la sant\u00e9&rsquo; \u00e0 Syracuse\"}]}]}<\/script>\n<!-- \/ Yoast SEO plugin. -->","yoast_head_json":{"title":"28\/05\/2015 - Atelier 'Les fruits de la sant\u00e9' \u00e0 Syracuse - District Productif Agrumes de Sicile","robots":{"index":"index","follow":"follow","max-snippet":"max-snippet:-1","max-image-preview":"max-image-preview:large","max-video-preview":"max-video-preview:-1"},"canonical":"https:\/\/www.distrettoagrumidisicilia.it\/fr\/galerie-photos\/atelier-les-fruits-de-la-sante-syracuse-2015\/","og_locale":"fr_FR","og_type":"article","og_title":"28\/05\/2015 - Atelier 'Les fruits de la sant\u00e9' \u00e0 Syracuse - District Productif Agrumes de Sicile","og_description":"Une s\u00e9lection de photographies du district de production d&rsquo;agrumes de Sicile, section &quot;Atelier &lsquo;Les fruits de la sant\u00e9&rsquo; \u00e0 Syracuse &#8211; 28\/05\/2015&quot;","og_url":"https:\/\/www.distrettoagrumidisicilia.it\/fr\/galerie-photos\/atelier-les-fruits-de-la-sante-syracuse-2015\/","og_site_name":"District Productif Agrumes de Sicile","article_publisher":"https:\/\/www.facebook.com\/DistrettoAgrumidiSicilia","article_modified_time":"2019-06-01T10:50:33+00:00","og_image":[{"url":"https:\/\/www.distrettoagrumidisicilia.it\/wp-content\/uploads\/2.-ws-sr-foyer6416-400x284.jpg"}],"twitter_card":"summary","schema":{"@context":"https:\/\/schema.org","@graph":[{"@type":"WebSite","@id":"https:\/\/www.distrettoagrumidisicilia.it\/fr\/#website","url":"https:\/\/www.distrettoagrumidisicilia.it\/fr\/","name":"District Productif Agrumes de Sicile","description":"a territory, a shared strategy","potentialAction":[{"@type":"SearchAction","target":{"@type":"EntryPoint","urlTemplate":"https:\/\/www.distrettoagrumidisicilia.it\/fr\/?s={search_term_string}"},"query-input":"required name=search_term_string"}],"inLanguage":"fr-FR"},{"@type":"ImageObject","@id":"https:\/\/www.distrettoagrumidisicilia.it\/fr\/galerie-photos\/atelier-les-fruits-de-la-sante-syracuse-2015\/#primaryimage","inLanguage":"fr-FR","url":"https:\/\/www.distrettoagrumidisicilia.it\/wp-content\/uploads\/1.-ws-sr-foyer4811.jpg","contentUrl":"https:\/\/www.distrettoagrumidisicilia.it\/wp-content\/uploads\/1.-ws-sr-foyer4811.jpg","width":1024,"height":576},{"@type":"WebPage","@id":"https:\/\/www.distrettoagrumidisicilia.it\/fr\/galerie-photos\/atelier-les-fruits-de-la-sante-syracuse-2015\/#webpage","url":"https:\/\/www.distrettoagrumidisicilia.it\/fr\/galerie-photos\/atelier-les-fruits-de-la-sante-syracuse-2015\/","name":"28\/05\/2015 - Atelier 'Les fruits de la sant\u00e9' \u00e0 Syracuse - District Productif Agrumes de Sicile","isPartOf":{"@id":"https:\/\/www.distrettoagrumidisicilia.it\/fr\/#website"},"primaryImageOfPage":{"@id":"https:\/\/www.distrettoagrumidisicilia.it\/fr\/galerie-photos\/atelier-les-fruits-de-la-sante-syracuse-2015\/#primaryimage"},"datePublished":"2019-06-01T10:24:53+00:00","dateModified":"2019-06-01T10:50:33+00:00","breadcrumb":{"@id":"https:\/\/www.distrettoagrumidisicilia.it\/fr\/galerie-photos\/atelier-les-fruits-de-la-sante-syracuse-2015\/#breadcrumb"},"inLanguage":"fr-FR","potentialAction":[{"@type":"ReadAction","target":["https:\/\/www.distrettoagrumidisicilia.it\/fr\/galerie-photos\/atelier-les-fruits-de-la-sante-syracuse-2015\/"]}]},{"@type":"BreadcrumbList","@id":"https:\/\/www.distrettoagrumidisicilia.it\/fr\/galerie-photos\/atelier-les-fruits-de-la-sante-syracuse-2015\/#breadcrumb","itemListElement":[{"@type":"ListItem","position":1,"name":"Home","item":"https:\/\/www.distrettoagrumidisicilia.it\/fr\/"},{"@type":"ListItem","position":2,"name":"Galerie de photos","item":"https:\/\/www.distrettoagrumidisicilia.it\/fr\/galerie-photos\/"},{"@type":"ListItem","position":3,"name":"28\/05\/2015 &#8211; Atelier &lsquo;Les fruits de la sant\u00e9&rsquo; \u00e0 Syracuse"}]}]}},"_links":{"self":[{"href":"https:\/\/www.distrettoagrumidisicilia.it\/fr\/wp-json\/wp\/v2\/pages\/7233"}],"collection":[{"href":"https:\/\/www.distrettoagrumidisicilia.it\/fr\/wp-json\/wp\/v2\/pages"}],"about":[{"href":"https:\/\/www.distrettoagrumidisicilia.it\/fr\/wp-json\/wp\/v2\/types\/page"}],"author":[{"embeddable":true,"href":"https:\/\/www.distrettoagrumidisicilia.it\/fr\/wp-json\/wp\/v2\/users\/1"}],"replies":[{"embeddable":true,"href":"https:\/\/www.distrettoagrumidisicilia.it\/fr\/wp-json\/wp\/v2\/comments?post=7233"}],"version-history":[{"count":8,"href":"https:\/\/www.distrettoagrumidisicilia.it\/fr\/wp-json\/wp\/v2\/pages\/7233\/revisions"}],"predecessor-version":[{"id":7241,"href":"https:\/\/www.distrettoagrumidisicilia.it\/fr\/wp-json\/wp\/v2\/pages\/7233\/revisions\/7241"}],"up":[{"embeddable":true,"href":"https:\/\/www.distrettoagrumidisicilia.it\/fr\/wp-json\/wp\/v2\/pages\/2612"}],"wp:attachment":[{"href":"https:\/\/www.distrettoagrumidisicilia.it\/fr\/wp-json\/wp\/v2\/media?parent=7233"}],"curies":[{"name":"wp","href":"https:\/\/api.w.org\/{rel}","templated":true}]}}