{"id":7222,"date":"2015-04-10T00:00:02","date_gmt":"2015-04-10T00:00:02","guid":{"rendered":"https:\/\/www.distrettoagrumidisicilia.it\/?page_id=7222\/"},"modified":"2019-06-01T11:00:36","modified_gmt":"2019-06-01T11:00:36","slug":"presentation-du-projet-pastazzo-2015","status":"publish","type":"page","link":"https:\/\/www.distrettoagrumidisicilia.it\/fr\/galerie-photos\/presentation-du-projet-pastazzo-2015\/","title":{"rendered":"10\/04\/2015 &#8211; Pr\u00e9sentation du projet Pastazzo"},"content":{"rendered":"<p class=\"abstract\">Une s\u00e9lection de photographies du <strong>district de production d&rsquo;agrumes de Sicile<\/strong>, section \u00ab\u00a0<strong>Pr\u00e9sentation du projet Pastazzo &#8211; 10 avril 2015<\/strong>\u00ab\u00a0.<\/p>\n<p><img id=\"imgpag\" class=\"imgpag1 aligncenter\" title=\"\" src=\"https:\/\/www.distrettoagrumidisicilia.it\/wp-content\/uploads\/presentazione-progetto-pastazzo7398.jpg\" alt=\"Pr\u00e9sentation du projet Pastazzo\" \/><\/p>\n<p class=\"didascalia\">En Sicile, une usine pilote transforme les d\u00e9chets d&rsquo;agrumes en \u00e9lectricit\u00e9 et en m\u00e9thane. Une op\u00e9ration financ\u00e9e par la Fondation Coca-Cola.<\/p>\n<div class=\"et_pb_slider et_pb_slider_fullwidth_off et_pb_gallery_post_type\">\n\t\t\t\t<div class=\"et_pb_slides\">\n\t\t\t\t\t<div class=\"et_pb_slide\" style=\"background: url(https:\/\/www.distrettoagrumidisicilia.it\/wp-content\/uploads\/conferenza-pastazzo-distretto9072.jpg);\"><\/div><div class=\"et_pb_slide\" style=\"background: url(https:\/\/www.distrettoagrumidisicilia.it\/wp-content\/uploads\/conferenza-progetto-pastazzo3060.jpg);\"><\/div><div class=\"et_pb_slide\" style=\"background: url(https:\/\/www.distrettoagrumidisicilia.it\/wp-content\/uploads\/presentazione-progetto-pilota1376.jpg);\"><\/div><div class=\"et_pb_slide\" style=\"background: url(https:\/\/www.distrettoagrumidisicilia.it\/wp-content\/uploads\/impianto-pastazzo-agrumi6423.jpg);\"><\/div><div class=\"et_pb_slide\" style=\"background: url(https:\/\/www.distrettoagrumidisicilia.it\/wp-content\/uploads\/impianto-pastazzo-energia6662.jpg);\"><\/div><div class=\"et_pb_slide\" style=\"background: url(https:\/\/www.distrettoagrumidisicilia.it\/wp-content\/uploads\/impianto-pilota-pastazzo656.jpg);\"><\/div><div class=\"et_pb_slide\" style=\"background: url(https:\/\/www.distrettoagrumidisicilia.it\/wp-content\/uploads\/intervista-distretto-pastazzo7729.jpg);\"><\/div><div class=\"et_pb_slide\" style=\"background: url(https:\/\/www.distrettoagrumidisicilia.it\/wp-content\/uploads\/intervista-distretto-agrumi6208.jpg);\"><\/div><div class=\"et_pb_slide\" style=\"background: url(https:\/\/www.distrettoagrumidisicilia.it\/wp-content\/uploads\/distretto-pastazzo-impianto2134.jpg);\"><\/div>\n\t\t\t\t<\/div>\n\t\t\t<\/div>\n","protected":false},"excerpt":{"rendered":"<p>Une s\u00e9lection de photographies du district de production d&rsquo;agrumes de Sicile, section \u00ab\u00a0Pr\u00e9sentation du projet Pastazzo &#8211; 10 avril 2015\u00ab\u00a0. En Sicile, une usine pilote transforme les d\u00e9chets d&rsquo;agrumes en \u00e9lectricit\u00e9 et en m\u00e9thane. Une op\u00e9ration financ\u00e9e par la Fondation Coca-Cola.<\/p>\n","protected":false},"author":1,"featured_media":0,"parent":2612,"menu_order":0,"comment_status":"closed","ping_status":"closed","template":"","meta":{"_et_pb_use_builder":"","_et_pb_old_content":"","_et_gb_content_width":"","_monsterinsights_skip_tracking":false,"_monsterinsights_sitenote_active":false,"_monsterinsights_sitenote_note":"","_monsterinsights_sitenote_category":0},"yoast_head":"<!-- This site is optimized with the Yoast SEO plugin v18.2 - https:\/\/yoast.com\/wordpress\/plugins\/seo\/ -->\n<title>10\/04\/2015 - Pr\u00e9sentation du projet Pastazzo - District Productif Agrumes de Sicile<\/title>\n<meta name=\"robots\" content=\"index, follow, max-snippet:-1, max-image-preview:large, max-video-preview:-1\" \/>\n<link rel=\"canonical\" href=\"https:\/\/www.distrettoagrumidisicilia.it\/fr\/galerie-photos\/presentation-du-projet-pastazzo-2015\/\" \/>\n<meta property=\"og:locale\" content=\"fr_FR\" \/>\n<meta property=\"og:type\" content=\"article\" \/>\n<meta property=\"og:title\" content=\"10\/04\/2015 - Pr\u00e9sentation du projet Pastazzo - District Productif Agrumes de Sicile\" \/>\n<meta property=\"og:description\" content=\"Une s\u00e9lection de photographies du district de production d&rsquo;agrumes de Sicile, section \u00ab\u00a0Pr\u00e9sentation du projet Pastazzo &#8211; 10 avril 2015\u00ab\u00a0. En Sicile, une usine pilote transforme les d\u00e9chets d&rsquo;agrumes en \u00e9lectricit\u00e9 et en m\u00e9thane. Une op\u00e9ration financ\u00e9e par la Fondation Coca-Cola.\" \/>\n<meta property=\"og:url\" content=\"https:\/\/www.distrettoagrumidisicilia.it\/fr\/galerie-photos\/presentation-du-projet-pastazzo-2015\/\" \/>\n<meta property=\"og:site_name\" content=\"District Productif Agrumes de Sicile\" \/>\n<meta property=\"article:publisher\" content=\"https:\/\/www.facebook.com\/DistrettoAgrumidiSicilia\" \/>\n<meta property=\"article:modified_time\" content=\"2019-06-01T11:00:36+00:00\" \/>\n<meta property=\"og:image\" content=\"https:\/\/www.distrettoagrumidisicilia.it\/wp-content\/uploads\/conferenza-pastazzo-distretto9072-400x284.jpg\" \/>\n<meta name=\"twitter:card\" content=\"summary\" \/>\n<script type=\"application\/ld+json\" class=\"yoast-schema-graph\">{\"@context\":\"https:\/\/schema.org\",\"@graph\":[{\"@type\":\"WebSite\",\"@id\":\"https:\/\/www.distrettoagrumidisicilia.it\/fr\/#website\",\"url\":\"https:\/\/www.distrettoagrumidisicilia.it\/fr\/\",\"name\":\"District Productif Agrumes de Sicile\",\"description\":\"a territory, a shared strategy\",\"potentialAction\":[{\"@type\":\"SearchAction\",\"target\":{\"@type\":\"EntryPoint\",\"urlTemplate\":\"https:\/\/www.distrettoagrumidisicilia.it\/fr\/?s={search_term_string}\"},\"query-input\":\"required name=search_term_string\"}],\"inLanguage\":\"fr-FR\"},{\"@type\":\"ImageObject\",\"@id\":\"https:\/\/www.distrettoagrumidisicilia.it\/fr\/galerie-photos\/presentation-du-projet-pastazzo-2015\/#primaryimage\",\"inLanguage\":\"fr-FR\",\"url\":\"https:\/\/www.distrettoagrumidisicilia.it\/wp-content\/uploads\/presentazione-progetto-pastazzo7398.jpg\",\"contentUrl\":\"https:\/\/www.distrettoagrumidisicilia.it\/wp-content\/uploads\/presentazione-progetto-pastazzo7398.jpg\",\"width\":3008,\"height\":2000},{\"@type\":\"WebPage\",\"@id\":\"https:\/\/www.distrettoagrumidisicilia.it\/fr\/galerie-photos\/presentation-du-projet-pastazzo-2015\/#webpage\",\"url\":\"https:\/\/www.distrettoagrumidisicilia.it\/fr\/galerie-photos\/presentation-du-projet-pastazzo-2015\/\",\"name\":\"10\/04\/2015 - Pr\u00e9sentation du projet Pastazzo - District Productif Agrumes de Sicile\",\"isPartOf\":{\"@id\":\"https:\/\/www.distrettoagrumidisicilia.it\/fr\/#website\"},\"primaryImageOfPage\":{\"@id\":\"https:\/\/www.distrettoagrumidisicilia.it\/fr\/galerie-photos\/presentation-du-projet-pastazzo-2015\/#primaryimage\"},\"datePublished\":\"2015-04-10T00:00:02+00:00\",\"dateModified\":\"2019-06-01T11:00:36+00:00\",\"breadcrumb\":{\"@id\":\"https:\/\/www.distrettoagrumidisicilia.it\/fr\/galerie-photos\/presentation-du-projet-pastazzo-2015\/#breadcrumb\"},\"inLanguage\":\"fr-FR\",\"potentialAction\":[{\"@type\":\"ReadAction\",\"target\":[\"https:\/\/www.distrettoagrumidisicilia.it\/fr\/galerie-photos\/presentation-du-projet-pastazzo-2015\/\"]}]},{\"@type\":\"BreadcrumbList\",\"@id\":\"https:\/\/www.distrettoagrumidisicilia.it\/fr\/galerie-photos\/presentation-du-projet-pastazzo-2015\/#breadcrumb\",\"itemListElement\":[{\"@type\":\"ListItem\",\"position\":1,\"name\":\"Home\",\"item\":\"https:\/\/www.distrettoagrumidisicilia.it\/fr\/\"},{\"@type\":\"ListItem\",\"position\":2,\"name\":\"Galerie de photos\",\"item\":\"https:\/\/www.distrettoagrumidisicilia.it\/fr\/galerie-photos\/\"},{\"@type\":\"ListItem\",\"position\":3,\"name\":\"10\/04\/2015 &#8211; Pr\u00e9sentation du projet Pastazzo\"}]}]}<\/script>\n<!-- \/ Yoast SEO plugin. -->","yoast_head_json":{"title":"10\/04\/2015 - Pr\u00e9sentation du projet Pastazzo - District Productif Agrumes de Sicile","robots":{"index":"index","follow":"follow","max-snippet":"max-snippet:-1","max-image-preview":"max-image-preview:large","max-video-preview":"max-video-preview:-1"},"canonical":"https:\/\/www.distrettoagrumidisicilia.it\/fr\/galerie-photos\/presentation-du-projet-pastazzo-2015\/","og_locale":"fr_FR","og_type":"article","og_title":"10\/04\/2015 - Pr\u00e9sentation du projet Pastazzo - District Productif Agrumes de Sicile","og_description":"Une s\u00e9lection de photographies du district de production d&rsquo;agrumes de Sicile, section \u00ab\u00a0Pr\u00e9sentation du projet Pastazzo &#8211; 10 avril 2015\u00ab\u00a0. En Sicile, une usine pilote transforme les d\u00e9chets d&rsquo;agrumes en \u00e9lectricit\u00e9 et en m\u00e9thane. Une op\u00e9ration financ\u00e9e par la Fondation Coca-Cola.","og_url":"https:\/\/www.distrettoagrumidisicilia.it\/fr\/galerie-photos\/presentation-du-projet-pastazzo-2015\/","og_site_name":"District Productif Agrumes de Sicile","article_publisher":"https:\/\/www.facebook.com\/DistrettoAgrumidiSicilia","article_modified_time":"2019-06-01T11:00:36+00:00","og_image":[{"url":"https:\/\/www.distrettoagrumidisicilia.it\/wp-content\/uploads\/conferenza-pastazzo-distretto9072-400x284.jpg"}],"twitter_card":"summary","schema":{"@context":"https:\/\/schema.org","@graph":[{"@type":"WebSite","@id":"https:\/\/www.distrettoagrumidisicilia.it\/fr\/#website","url":"https:\/\/www.distrettoagrumidisicilia.it\/fr\/","name":"District Productif Agrumes de Sicile","description":"a territory, a shared strategy","potentialAction":[{"@type":"SearchAction","target":{"@type":"EntryPoint","urlTemplate":"https:\/\/www.distrettoagrumidisicilia.it\/fr\/?s={search_term_string}"},"query-input":"required name=search_term_string"}],"inLanguage":"fr-FR"},{"@type":"ImageObject","@id":"https:\/\/www.distrettoagrumidisicilia.it\/fr\/galerie-photos\/presentation-du-projet-pastazzo-2015\/#primaryimage","inLanguage":"fr-FR","url":"https:\/\/www.distrettoagrumidisicilia.it\/wp-content\/uploads\/presentazione-progetto-pastazzo7398.jpg","contentUrl":"https:\/\/www.distrettoagrumidisicilia.it\/wp-content\/uploads\/presentazione-progetto-pastazzo7398.jpg","width":3008,"height":2000},{"@type":"WebPage","@id":"https:\/\/www.distrettoagrumidisicilia.it\/fr\/galerie-photos\/presentation-du-projet-pastazzo-2015\/#webpage","url":"https:\/\/www.distrettoagrumidisicilia.it\/fr\/galerie-photos\/presentation-du-projet-pastazzo-2015\/","name":"10\/04\/2015 - Pr\u00e9sentation du projet Pastazzo - District Productif Agrumes de Sicile","isPartOf":{"@id":"https:\/\/www.distrettoagrumidisicilia.it\/fr\/#website"},"primaryImageOfPage":{"@id":"https:\/\/www.distrettoagrumidisicilia.it\/fr\/galerie-photos\/presentation-du-projet-pastazzo-2015\/#primaryimage"},"datePublished":"2015-04-10T00:00:02+00:00","dateModified":"2019-06-01T11:00:36+00:00","breadcrumb":{"@id":"https:\/\/www.distrettoagrumidisicilia.it\/fr\/galerie-photos\/presentation-du-projet-pastazzo-2015\/#breadcrumb"},"inLanguage":"fr-FR","potentialAction":[{"@type":"ReadAction","target":["https:\/\/www.distrettoagrumidisicilia.it\/fr\/galerie-photos\/presentation-du-projet-pastazzo-2015\/"]}]},{"@type":"BreadcrumbList","@id":"https:\/\/www.distrettoagrumidisicilia.it\/fr\/galerie-photos\/presentation-du-projet-pastazzo-2015\/#breadcrumb","itemListElement":[{"@type":"ListItem","position":1,"name":"Home","item":"https:\/\/www.distrettoagrumidisicilia.it\/fr\/"},{"@type":"ListItem","position":2,"name":"Galerie de photos","item":"https:\/\/www.distrettoagrumidisicilia.it\/fr\/galerie-photos\/"},{"@type":"ListItem","position":3,"name":"10\/04\/2015 &#8211; Pr\u00e9sentation du projet Pastazzo"}]}]}},"_links":{"self":[{"href":"https:\/\/www.distrettoagrumidisicilia.it\/fr\/wp-json\/wp\/v2\/pages\/7222"}],"collection":[{"href":"https:\/\/www.distrettoagrumidisicilia.it\/fr\/wp-json\/wp\/v2\/pages"}],"about":[{"href":"https:\/\/www.distrettoagrumidisicilia.it\/fr\/wp-json\/wp\/v2\/types\/page"}],"author":[{"embeddable":true,"href":"https:\/\/www.distrettoagrumidisicilia.it\/fr\/wp-json\/wp\/v2\/users\/1"}],"replies":[{"embeddable":true,"href":"https:\/\/www.distrettoagrumidisicilia.it\/fr\/wp-json\/wp\/v2\/comments?post=7222"}],"version-history":[{"count":4,"href":"https:\/\/www.distrettoagrumidisicilia.it\/fr\/wp-json\/wp\/v2\/pages\/7222\/revisions"}],"predecessor-version":[{"id":7250,"href":"https:\/\/www.distrettoagrumidisicilia.it\/fr\/wp-json\/wp\/v2\/pages\/7222\/revisions\/7250"}],"up":[{"embeddable":true,"href":"https:\/\/www.distrettoagrumidisicilia.it\/fr\/wp-json\/wp\/v2\/pages\/2612"}],"wp:attachment":[{"href":"https:\/\/www.distrettoagrumidisicilia.it\/fr\/wp-json\/wp\/v2\/media?parent=7222"}],"curies":[{"name":"wp","href":"https:\/\/api.w.org\/{rel}","templated":true}]}}