{"id":7183,"date":"2019-05-11T11:03:33","date_gmt":"2019-05-11T11:03:33","guid":{"rendered":"https:\/\/www.distrettoagrumidisicilia.it\/?page_id=7183\/"},"modified":"2019-05-11T11:22:37","modified_gmt":"2019-05-11T11:22:37","slug":"social-farming-seminaires-et-cours-2017","status":"publish","type":"page","link":"https:\/\/www.distrettoagrumidisicilia.it\/fr\/projets\/social-farming\/social-farming-seminaires-et-cours-2017\/","title":{"rendered":"Social Farming 1.0 &#8211; S\u00e9minaires et cours 2017"},"content":{"rendered":"<p><img loading=\"lazy\" class=\"alignnone size-full wp-image-3076\" src=\"https:\/\/www.distrettoagrumidisicilia.it\/wp-content\/uploads\/social-farming.jpg\" alt=\"social-farming\" width=\"1700\" height=\"700\" srcset=\"https:\/\/www.distrettoagrumidisicilia.it\/wp-content\/uploads\/social-farming.jpg 1700w, https:\/\/www.distrettoagrumidisicilia.it\/wp-content\/uploads\/social-farming-300x124.jpg 300w, https:\/\/www.distrettoagrumidisicilia.it\/wp-content\/uploads\/social-farming-768x316.jpg 768w, https:\/\/www.distrettoagrumidisicilia.it\/wp-content\/uploads\/social-farming-700x288.jpg 700w, https:\/\/www.distrettoagrumidisicilia.it\/wp-content\/uploads\/social-farming-1080x445.jpg 1080w\" sizes=\"(max-width: 1700px) 100vw, 1700px\" \/><\/p>\n<h2>S\u00e9minaires<\/h2>\n<p><em>La participation aux s\u00e9minaires \u00e9tait gratuite et ouverte au public.<\/em><\/p>\n<ul>\n<li><strong>Responsabilit\u00e9 sociale d&rsquo;entreprise<\/strong><br \/>\n<em>26.05.2016 \u2013 Palermo<\/em><\/li>\n<li><strong>Web marketing<\/strong><br \/>\n<em>09.06.2016 &#8211; Ribera (AG)<\/em><\/li>\n<li>La politique des marques de qualit\u00e9<br \/>\n<em>29.07.2016 &#8211; Siracusa<\/em><\/li>\n<li><strong>Psychologie de la coop\u00e9ration<\/strong><br \/>\n<em>22.09.2016 &#8211; Acireale (CT)<\/em><\/li>\n<li><strong>Itin\u00e9raires ruraux (Le vie della Zagara)<\/strong><br \/>\n<em>13.10.2016 &#8211; Catania<\/em><\/li>\n<li><strong>La certification \u00e9thique<\/strong><br \/>\n27.10.2016 &#8211; Barcelone P.G. (ME)<\/li>\n<li><strong>Agrumes biologiques de Sicile<\/strong><br \/>\n<em>31.01.2017 &#8211; Acireale (CT)<\/em><\/li>\n<li><strong>Ethique des affaires et codes de conduite<\/strong><br \/>\n<em>10.03.2017 &#8211; Palermo (PA)<br \/>\n<\/em><\/li>\n<\/ul>\n<h2>Cours<\/h2>\n<p>La participation aux cours \u00e9tait gratuite et limit\u00e9e \u00e0 un maximum de 15 apprenants:<\/p>\n<ul>\n<li><strong>Techniques de culture d&rsquo;un bosquet d&rsquo;agrumes<\/strong><br \/>\n16.06.2016 &#8211; Catania<br \/>\n25.06.2016 &#8211; Ribera (AG)<\/li>\n<li><strong>Coop\u00e9ration dans la cha\u00eene Agrumicola<\/strong><br \/>\n06.07.2016 &#8211; Siracusa<br \/>\n28.09.2016 &#8211; Catania<\/li>\n<li><strong>Multifonctionnalit\u00e9 de l&rsquo;entreprise agricole<\/strong><br \/>\n12.10.2016 &#8211; Ribera (AG)<br \/>\n26.10.2016 &#8211; Catania<\/li>\n<li><strong>Conservation, transformation et conditionnement des agrumes et de leurs d\u00e9riv\u00e9s<\/strong><br \/>\n09.11.2016 &#8211; Barcelone P.G. (ME)<br \/>\n24.11.2016 &#8211; Palermo<\/li>\n<\/ul>\n","protected":false},"excerpt":{"rendered":"<p>S\u00e9minaires La participation aux s\u00e9minaires \u00e9tait gratuite et ouverte au public. Responsabilit\u00e9 sociale d&rsquo;entreprise 26.05.2016 \u2013 Palermo Web marketing 09.06.2016 &#8211; Ribera (AG) La politique des marques de qualit\u00e9 29.07.2016 &#8211; Siracusa Psychologie de la coop\u00e9ration 22.09.2016 &#8211; Acireale (CT) Itin\u00e9raires ruraux (Le vie della Zagara) 13.10.2016 &#8211; Catania La certification \u00e9thique 27.10.2016 &#8211; Barcelone [&hellip;]<\/p>\n","protected":false},"author":1,"featured_media":0,"parent":7177,"menu_order":1,"comment_status":"closed","ping_status":"closed","template":"","meta":{"_et_pb_use_builder":"","_et_pb_old_content":"","_et_gb_content_width":"","_monsterinsights_skip_tracking":false,"_monsterinsights_sitenote_active":false,"_monsterinsights_sitenote_note":"","_monsterinsights_sitenote_category":0},"yoast_head":"<!-- This site is optimized with the Yoast SEO plugin v18.2 - https:\/\/yoast.com\/wordpress\/plugins\/seo\/ -->\n<title>Social Farming 1.0 - S\u00e9minaires et cours 2017 - District Productif Agrumes de Sicile<\/title>\n<meta name=\"robots\" content=\"index, follow, max-snippet:-1, max-image-preview:large, max-video-preview:-1\" \/>\n<link rel=\"canonical\" href=\"https:\/\/www.distrettoagrumidisicilia.it\/fr\/projets\/social-farming\/social-farming-seminaires-et-cours-2017\/\" \/>\n<meta property=\"og:locale\" content=\"fr_FR\" \/>\n<meta property=\"og:type\" content=\"article\" \/>\n<meta property=\"og:title\" content=\"Social Farming 1.0 - S\u00e9minaires et cours 2017 - District Productif Agrumes de Sicile\" \/>\n<meta property=\"og:description\" content=\"S\u00e9minaires La participation aux s\u00e9minaires \u00e9tait gratuite et ouverte au public. Responsabilit\u00e9 sociale d&rsquo;entreprise 26.05.2016 \u2013 Palermo Web marketing 09.06.2016 &#8211; Ribera (AG) La politique des marques de qualit\u00e9 29.07.2016 &#8211; Siracusa Psychologie de la coop\u00e9ration 22.09.2016 &#8211; Acireale (CT) Itin\u00e9raires ruraux (Le vie della Zagara) 13.10.2016 &#8211; Catania La certification \u00e9thique 27.10.2016 &#8211; Barcelone [&hellip;]\" \/>\n<meta property=\"og:url\" content=\"https:\/\/www.distrettoagrumidisicilia.it\/fr\/projets\/social-farming\/social-farming-seminaires-et-cours-2017\/\" \/>\n<meta property=\"og:site_name\" content=\"District Productif Agrumes de Sicile\" \/>\n<meta property=\"article:publisher\" content=\"https:\/\/www.facebook.com\/DistrettoAgrumidiSicilia\" \/>\n<meta property=\"article:modified_time\" content=\"2019-05-11T11:22:37+00:00\" \/>\n<meta property=\"og:image\" content=\"https:\/\/www.distrettoagrumidisicilia.it\/wp-content\/uploads\/social-farming.jpg\" \/>\n<meta name=\"twitter:card\" content=\"summary\" \/>\n<meta name=\"twitter:label1\" content=\"Dur\u00e9e de lecture estim\u00e9e\" \/>\n\t<meta name=\"twitter:data1\" content=\"1 minute\" \/>\n<script type=\"application\/ld+json\" class=\"yoast-schema-graph\">{\"@context\":\"https:\/\/schema.org\",\"@graph\":[{\"@type\":\"WebSite\",\"@id\":\"https:\/\/www.distrettoagrumidisicilia.it\/fr\/#website\",\"url\":\"https:\/\/www.distrettoagrumidisicilia.it\/fr\/\",\"name\":\"District Productif Agrumes de Sicile\",\"description\":\"a territory, a shared strategy\",\"potentialAction\":[{\"@type\":\"SearchAction\",\"target\":{\"@type\":\"EntryPoint\",\"urlTemplate\":\"https:\/\/www.distrettoagrumidisicilia.it\/fr\/?s={search_term_string}\"},\"query-input\":\"required name=search_term_string\"}],\"inLanguage\":\"fr-FR\"},{\"@type\":\"ImageObject\",\"@id\":\"https:\/\/www.distrettoagrumidisicilia.it\/fr\/projets\/social-farming\/social-farming-seminaires-et-cours-2017\/#primaryimage\",\"inLanguage\":\"fr-FR\",\"url\":\"https:\/\/www.distrettoagrumidisicilia.it\/wp-content\/uploads\/social-farming.jpg\",\"contentUrl\":\"https:\/\/www.distrettoagrumidisicilia.it\/wp-content\/uploads\/social-farming.jpg\",\"width\":1700,\"height\":700},{\"@type\":\"WebPage\",\"@id\":\"https:\/\/www.distrettoagrumidisicilia.it\/fr\/projets\/social-farming\/social-farming-seminaires-et-cours-2017\/#webpage\",\"url\":\"https:\/\/www.distrettoagrumidisicilia.it\/fr\/projets\/social-farming\/social-farming-seminaires-et-cours-2017\/\",\"name\":\"Social Farming 1.0 - S\u00e9minaires et cours 2017 - District Productif Agrumes de Sicile\",\"isPartOf\":{\"@id\":\"https:\/\/www.distrettoagrumidisicilia.it\/fr\/#website\"},\"primaryImageOfPage\":{\"@id\":\"https:\/\/www.distrettoagrumidisicilia.it\/fr\/projets\/social-farming\/social-farming-seminaires-et-cours-2017\/#primaryimage\"},\"datePublished\":\"2019-05-11T11:03:33+00:00\",\"dateModified\":\"2019-05-11T11:22:37+00:00\",\"breadcrumb\":{\"@id\":\"https:\/\/www.distrettoagrumidisicilia.it\/fr\/projets\/social-farming\/social-farming-seminaires-et-cours-2017\/#breadcrumb\"},\"inLanguage\":\"fr-FR\",\"potentialAction\":[{\"@type\":\"ReadAction\",\"target\":[\"https:\/\/www.distrettoagrumidisicilia.it\/fr\/projets\/social-farming\/social-farming-seminaires-et-cours-2017\/\"]}]},{\"@type\":\"BreadcrumbList\",\"@id\":\"https:\/\/www.distrettoagrumidisicilia.it\/fr\/projets\/social-farming\/social-farming-seminaires-et-cours-2017\/#breadcrumb\",\"itemListElement\":[{\"@type\":\"ListItem\",\"position\":1,\"name\":\"Home\",\"item\":\"https:\/\/www.distrettoagrumidisicilia.it\/fr\/\"},{\"@type\":\"ListItem\",\"position\":2,\"name\":\"Les projets\",\"item\":\"https:\/\/www.distrettoagrumidisicilia.it\/fr\/projets\/\"},{\"@type\":\"ListItem\",\"position\":3,\"name\":\"Social Farming. Agriculture sociale pour la cha\u00eene d&rsquo;approvisionnement sicilienne d&rsquo;agrumes.\",\"item\":\"https:\/\/www.distrettoagrumidisicilia.it\/fr\/projets\/social-farming\/\"},{\"@type\":\"ListItem\",\"position\":4,\"name\":\"Social Farming 1.0 &#8211; S\u00e9minaires et cours 2017\"}]}]}<\/script>\n<!-- \/ Yoast SEO plugin. -->","yoast_head_json":{"title":"Social Farming 1.0 - S\u00e9minaires et cours 2017 - District Productif Agrumes de Sicile","robots":{"index":"index","follow":"follow","max-snippet":"max-snippet:-1","max-image-preview":"max-image-preview:large","max-video-preview":"max-video-preview:-1"},"canonical":"https:\/\/www.distrettoagrumidisicilia.it\/fr\/projets\/social-farming\/social-farming-seminaires-et-cours-2017\/","og_locale":"fr_FR","og_type":"article","og_title":"Social Farming 1.0 - S\u00e9minaires et cours 2017 - District Productif Agrumes de Sicile","og_description":"S\u00e9minaires La participation aux s\u00e9minaires \u00e9tait gratuite et ouverte au public. Responsabilit\u00e9 sociale d&rsquo;entreprise 26.05.2016 \u2013 Palermo Web marketing 09.06.2016 &#8211; Ribera (AG) La politique des marques de qualit\u00e9 29.07.2016 &#8211; Siracusa Psychologie de la coop\u00e9ration 22.09.2016 &#8211; Acireale (CT) Itin\u00e9raires ruraux (Le vie della Zagara) 13.10.2016 &#8211; Catania La certification \u00e9thique 27.10.2016 &#8211; Barcelone [&hellip;]","og_url":"https:\/\/www.distrettoagrumidisicilia.it\/fr\/projets\/social-farming\/social-farming-seminaires-et-cours-2017\/","og_site_name":"District Productif Agrumes de Sicile","article_publisher":"https:\/\/www.facebook.com\/DistrettoAgrumidiSicilia","article_modified_time":"2019-05-11T11:22:37+00:00","og_image":[{"url":"https:\/\/www.distrettoagrumidisicilia.it\/wp-content\/uploads\/social-farming.jpg"}],"twitter_card":"summary","twitter_misc":{"Dur\u00e9e de lecture estim\u00e9e":"1 minute"},"schema":{"@context":"https:\/\/schema.org","@graph":[{"@type":"WebSite","@id":"https:\/\/www.distrettoagrumidisicilia.it\/fr\/#website","url":"https:\/\/www.distrettoagrumidisicilia.it\/fr\/","name":"District Productif Agrumes de Sicile","description":"a territory, a shared strategy","potentialAction":[{"@type":"SearchAction","target":{"@type":"EntryPoint","urlTemplate":"https:\/\/www.distrettoagrumidisicilia.it\/fr\/?s={search_term_string}"},"query-input":"required name=search_term_string"}],"inLanguage":"fr-FR"},{"@type":"ImageObject","@id":"https:\/\/www.distrettoagrumidisicilia.it\/fr\/projets\/social-farming\/social-farming-seminaires-et-cours-2017\/#primaryimage","inLanguage":"fr-FR","url":"https:\/\/www.distrettoagrumidisicilia.it\/wp-content\/uploads\/social-farming.jpg","contentUrl":"https:\/\/www.distrettoagrumidisicilia.it\/wp-content\/uploads\/social-farming.jpg","width":1700,"height":700},{"@type":"WebPage","@id":"https:\/\/www.distrettoagrumidisicilia.it\/fr\/projets\/social-farming\/social-farming-seminaires-et-cours-2017\/#webpage","url":"https:\/\/www.distrettoagrumidisicilia.it\/fr\/projets\/social-farming\/social-farming-seminaires-et-cours-2017\/","name":"Social Farming 1.0 - S\u00e9minaires et cours 2017 - District Productif Agrumes de Sicile","isPartOf":{"@id":"https:\/\/www.distrettoagrumidisicilia.it\/fr\/#website"},"primaryImageOfPage":{"@id":"https:\/\/www.distrettoagrumidisicilia.it\/fr\/projets\/social-farming\/social-farming-seminaires-et-cours-2017\/#primaryimage"},"datePublished":"2019-05-11T11:03:33+00:00","dateModified":"2019-05-11T11:22:37+00:00","breadcrumb":{"@id":"https:\/\/www.distrettoagrumidisicilia.it\/fr\/projets\/social-farming\/social-farming-seminaires-et-cours-2017\/#breadcrumb"},"inLanguage":"fr-FR","potentialAction":[{"@type":"ReadAction","target":["https:\/\/www.distrettoagrumidisicilia.it\/fr\/projets\/social-farming\/social-farming-seminaires-et-cours-2017\/"]}]},{"@type":"BreadcrumbList","@id":"https:\/\/www.distrettoagrumidisicilia.it\/fr\/projets\/social-farming\/social-farming-seminaires-et-cours-2017\/#breadcrumb","itemListElement":[{"@type":"ListItem","position":1,"name":"Home","item":"https:\/\/www.distrettoagrumidisicilia.it\/fr\/"},{"@type":"ListItem","position":2,"name":"Les projets","item":"https:\/\/www.distrettoagrumidisicilia.it\/fr\/projets\/"},{"@type":"ListItem","position":3,"name":"Social Farming. Agriculture sociale pour la cha\u00eene d&rsquo;approvisionnement sicilienne d&rsquo;agrumes.","item":"https:\/\/www.distrettoagrumidisicilia.it\/fr\/projets\/social-farming\/"},{"@type":"ListItem","position":4,"name":"Social Farming 1.0 &#8211; S\u00e9minaires et cours 2017"}]}]}},"_links":{"self":[{"href":"https:\/\/www.distrettoagrumidisicilia.it\/fr\/wp-json\/wp\/v2\/pages\/7183"}],"collection":[{"href":"https:\/\/www.distrettoagrumidisicilia.it\/fr\/wp-json\/wp\/v2\/pages"}],"about":[{"href":"https:\/\/www.distrettoagrumidisicilia.it\/fr\/wp-json\/wp\/v2\/types\/page"}],"author":[{"embeddable":true,"href":"https:\/\/www.distrettoagrumidisicilia.it\/fr\/wp-json\/wp\/v2\/users\/1"}],"replies":[{"embeddable":true,"href":"https:\/\/www.distrettoagrumidisicilia.it\/fr\/wp-json\/wp\/v2\/comments?post=7183"}],"version-history":[{"count":2,"href":"https:\/\/www.distrettoagrumidisicilia.it\/fr\/wp-json\/wp\/v2\/pages\/7183\/revisions"}],"predecessor-version":[{"id":7185,"href":"https:\/\/www.distrettoagrumidisicilia.it\/fr\/wp-json\/wp\/v2\/pages\/7183\/revisions\/7185"}],"up":[{"embeddable":true,"href":"https:\/\/www.distrettoagrumidisicilia.it\/fr\/wp-json\/wp\/v2\/pages\/7177"}],"wp:attachment":[{"href":"https:\/\/www.distrettoagrumidisicilia.it\/fr\/wp-json\/wp\/v2\/media?parent=7183"}],"curies":[{"name":"wp","href":"https:\/\/api.w.org\/{rel}","templated":true}]}}