{"id":7150,"date":"2019-05-06T09:35:04","date_gmt":"2019-05-06T09:35:04","guid":{"rendered":"https:\/\/www.distrettoagrumidisicilia.it\/?page_id=7150\/"},"modified":"2019-05-06T11:37:07","modified_gmt":"2019-05-06T11:37:07","slug":"programme-ncwr-en-mediterranee","status":"publish","type":"page","link":"https:\/\/www.distrettoagrumidisicilia.it\/fr\/projets\/programme-ncwr-en-mediterranee\/","title":{"rendered":"Programme NCWR en M\u00e9diterran\u00e9e"},"content":{"rendered":"<p class=\"abstract\">Le <strong>programme NCWR<\/strong> (<strong>Non conventional water resorces in the mediterranean<\/strong>) vise \u00e0 lutter contre la p\u00e9nurie d\u2019eau en M\u00e9diterran\u00e9e. Il a \u00e9t\u00e9 lanc\u00e9 pour la premi\u00e8re fois en Gr\u00e8ce (2008) et a depuis \u00e9t\u00e9 \u00e9tendu aux \u00eeles maltaises (2011), \u00e0 Chypre (2013) et \u00e0 l&rsquo;Italie (2015).<\/p>\n<div class='one_half'>\n\t\t\t\t\t<iframe loading=\"lazy\" style=\"border: 1px solid #ccc; padding: 5px;\" src=\"https:\/\/www.youtube.com\/embed\/kqWGKjWvqWo?rel=0\" width=\"560\" height=\"315\" frameborder=\"0\" allowfullscreen=\"allowfullscreen\"><\/iframe>\n\t\t\t\t<\/div>\n<div class='one_half et_column_last'>\n\t\t\t\t\t<img loading=\"lazy\" class=\"alignnone size-full wp-image-5757\" style=\"margin-top: 20px;\" src=\"https:\/\/www.distrettoagrumidisicilia.it\/wp-content\/uploads\/Global_Water_Partnership.png\" alt=\"Global_Water_Partnership\" width=\"1000\" height=\"226\" srcset=\"https:\/\/www.distrettoagrumidisicilia.it\/wp-content\/uploads\/Global_Water_Partnership.png 1000w, https:\/\/www.distrettoagrumidisicilia.it\/wp-content\/uploads\/Global_Water_Partnership-300x68.png 300w, https:\/\/www.distrettoagrumidisicilia.it\/wp-content\/uploads\/Global_Water_Partnership-768x174.png 768w, https:\/\/www.distrettoagrumidisicilia.it\/wp-content\/uploads\/Global_Water_Partnership-700x158.png 700w\" sizes=\"(max-width: 1000px) 100vw, 1000px\" \/>\n\t\t\t\t<\/div><div class='clear'><\/div>\n<p>Le programme a \u00e9t\u00e9 con\u00e7u et mis en \u0153uvre par le Partenariat mondial sur l&rsquo;eau &#8211; M\u00e9diterran\u00e9e (GWP-Med) et a \u00e9t\u00e9 honor\u00e9 lors du 7\u00e8me Forum mondial de l&rsquo;eau \u00e0 Daegu, en Cor\u00e9e.<\/p>\n<p>Le <strong>NCWR<\/strong> est un programme multipartite qui encourage la collaboration des acteurs publics et priv\u00e9s pour assurer la s\u00e9curit\u00e9 de l\u2019eau. Avec le soutien financier de la Fondation Coca-Cola, GWP-Med, ainsi que des autorit\u00e9s nationales et locales et des syst\u00e8mes Coca-Cola en Gr\u00e8ce, \u00e0 Chypre et \u00e0 Malte, il a install\u00e9 plus de 100 syst\u00e8mes d\u2019utilisation des ressources en eau non conventionnelles dans les pays. participants au programme.<\/p>\n<p>La collecte des eaux pluviales, la r\u00e9utilisation des eaux grises et la gestion des eaux pluviales font partie des syst\u00e8mes mis en place pour att\u00e9nuer les crises hydriques. Au cours des derni\u00e8res ann\u00e9es, les technologies NCWR ont \u00e9t\u00e9 am\u00e9lior\u00e9es gr\u00e2ce \u00e0 des techniques et m\u00e9thodes innovantes et constituent des solutions rentables pour am\u00e9liorer la disponibilit\u00e9 de l&rsquo;eau et relever les d\u00e9fis locaux li\u00e9s \u00e0 l&rsquo;eau.<\/p>\n<p>Les projets du programme sont con\u00e7us sur mesure pour r\u00e9pondre aux besoins locaux et peuvent facilement \u00eatre reproduits dans d&rsquo;autres communaut\u00e9s pauvres en eau de la M\u00e9diterran\u00e9e et au-del\u00e0. Le but de chaque projet NCWR est de d\u00e9montrer le potentiel des ressources en eau non conventionnelles et son impact positif pour la communaut\u00e9, maintenant et \u00e0 long terme.<\/p>\n<p>Tenant compte de la strat\u00e9gie d\u2019att\u00e9nuation et d\u2019adaptation au changement climatique, le programme NCWR propose une approche globale de la gestion comprenant:<\/p>\n<ul>\n<li>D\u00e9monstration des syst\u00e8mes NCWR localement;<\/li>\n<li>Activit\u00e9s et mat\u00e9riel p\u00e9dagogiques pour les \u00e9tudiants et les enseignants;<\/li>\n<li>Activit\u00e9s de sensibilisation mettant l&rsquo;accent sur une nouvelle culture de l&rsquo;eau;<\/li>\n<li>Dialogue politique r\u00e9gional sur la valeur des syst\u00e8mes NCWR;<\/li>\n<li>Initiatives cibl\u00e9es pour le d\u00e9veloppement des capacit\u00e9s des parties prenantes.<\/li>\n<\/ul>\n<h2><strong>Programme en Italie<\/strong><\/h2>\n<p>Le programme en Italie a \u00e9t\u00e9 lanc\u00e9 en Sicile en 2017 par le <strong>Partenariat mondial sur l&rsquo;eau &#8211; M\u00e9diterran\u00e9e (GWP-Med)<\/strong>, en partenariat avec le <strong>district sicilien des agrumes<\/strong>, l&rsquo;<strong>universit\u00e9 de Catane<\/strong> et <strong>Coca-Cola Italia<\/strong>. Le programme est financ\u00e9 par la Fondation Coca-Cola au moyen d&rsquo;une subvention de quatre ans (2014-2018).<\/p>\n<h3><strong>Buts et objectifs:<\/strong><\/h3>\n<p>Le programme NCWR en Italie vise \u00e0 pr\u00e9senter des solutions durables pour la <strong>gestion des eaux urbaines<\/strong> et l\u2019agriculture durable, qui peuvent \u00eatre reproduites et am\u00e9lior\u00e9es.<\/p>\n<p><strong>Les objectifs<\/strong> du programme en Italie sont les suivants:<\/p>\n<ul>\n<li>Promouvoir l&rsquo;utilisation de ressources en eau non conventionnelles, telles que des solutions durables, innovantes et rentables pour l&rsquo;adaptation au changement climatique au niveau local;<\/li>\n<li>Augmenter l&rsquo;infrastructure verte-bleue;<\/li>\n<li>Sensibiliser les jeunes \u00e0 la gestion durable des ressources en eau urbaines et agricoles;<\/li>\n<li>Former les agriculteurs locaux \u00e0 l&rsquo;utilisation des syst\u00e8mes TIC modernes pour une agriculture durable et d\u00e9velopper leur capacit\u00e9 \u00e0 utiliser et installer de tels syst\u00e8mes et \u00e0 partager leurs comp\u00e9tences au niveau local;<\/li>\n<li>Promouvoir des partenariats multipartites ayant la valeur commune de contribuer \u00e0 la s\u00e9curit\u00e9 locale de l\u2019eau;<\/li>\n<li>Promouvoir les connaissances locales et le partage d&rsquo;exp\u00e9riences sur des aspects de la gestion des ressources en eau urbaines et de l&rsquo;agriculture durable.<\/li>\n<\/ul>\n<h3><strong>Activit\u00e9s du NCWR en Italie<\/strong><\/h3>\n<p>Le programme NCWR, par son approche holistique, est ax\u00e9 sur trois principaux piliers d\u2019action.<\/p>\n<p><strong>1 &#8211; Application de la technologie des TIC \u00e0 la culture durable d&rsquo;agrumes en Sicile<\/strong><\/p>\n<ul>\n<li>Dans le contexte de l&rsquo;Internet des objets (IoT), dans certaines entreprises associ\u00e9es au district des agrumes de Sicile, dans la r\u00e9gion de Piana \u00e0 Catane, des instruments TIC ont \u00e9t\u00e9 install\u00e9s pour surveiller la gestion des ressources en eau. La surveillance se poursuivra pendant 3 ans. L\u2019objectif est d\u2019optimiser l\u2019utilisation des ressources, telles que l\u2019eau et l\u2019\u00e9nergie, de maximiser la productivit\u00e9 dans la culture d\u2019agrumes (plus le rendement par goutte) et d\u2019\u00e9conomiser en moyenne 10% des ressources en eau. Plus pr\u00e9cis\u00e9ment, dans les plantations d\u2019agrumes s\u00e9lectionn\u00e9es par les chercheurs, des capteurs ont \u00e9t\u00e9 install\u00e9s dans le sol afin de surveiller l\u2019humidit\u00e9 du sol, sa consommation d\u2019eau et sa consommation d\u2019\u00e9nergie, ainsi que des variables climatiques permettant de calculer les param\u00e8tres de l\u2019hydrog\u00e8ne. . Les donn\u00e9es de mesure sont transmises \u00e0 une plate-forme en ligne qui fournit des informations sur le calendrier et le volume d&rsquo;applications de l&rsquo;eau, g\u00e9n\u00e9rant des impacts directs et positifs sur les co\u00fbts et la productivit\u00e9 des cultures. Les producteurs concern\u00e9s ont un acc\u00e8s individuel \u00e0 l&rsquo;interface utilisateur, via une application sp\u00e9cifique, avec un profil qui d\u00e9tecte des donn\u00e9es sp\u00e9cifiques (terres, type de culture, nombre d&rsquo;arbres, etc.) et permet de recevoir des informations personnalis\u00e9es pour optimiser la performance. irrigation dans les plantations d&rsquo;agrumes. Pour utiliser la plate-forme, les producteurs d&rsquo;agrumes impliqu\u00e9s dans l&rsquo;exp\u00e9rimentation sont les destinataires d&rsquo;une formation sp\u00e9cifique lors d&rsquo;ateliers sp\u00e9cialis\u00e9s. L\u2019exp\u00e9rimentation a d\u00e9but\u00e9 dans les soci\u00e9t\u00e9s suivantes, s\u00e9lectionn\u00e9es par les chercheurs sur la base de crit\u00e8res techniques sp\u00e9cifiques: Mazzamuto Ivan (La Normanna Coop. Agr.), Pannitteri (OP Rosaria), Di Perna Rosa (OP Agrisicilia), Motta Salvatore (OP Rossa di Sicile), Catena Lino (OP Esperidio), Tenuta Giarretta srl (OP Agrinova Bio 2000). Les entreprises suivantes associ\u00e9es au district des agrumes ont manifest\u00e9 leur volont\u00e9 de participer: Sisinna Vincenzo, Di Bella Carmela, G. Russo &amp; C. snc, OP La Deliziosa, A &amp; Cie, Pasquale Giuliano (OP Bellarossa), Miranda Sapienza, Albiato SS, Solemi SS (Op Agrinova Bio 2000), Leonardo Michele, Leonardo S.S., Restuccia Stefano (OP Redcop), Di Silvestro Francesco (OP Rossa di Sicilia), AGA S.S. (Giovanni Selvaggi), Tenuta Serravalle, Akiana S.S., F.lli Arena S.S ..<\/li>\n<\/ul>\n<p><b>2 &#8211; Application pilote \u00ab\u00a0couverture verte\u00a0\u00bb \u00e0 l&rsquo;Universit\u00e9 de Catane<\/b><\/p>\n<ul>\n<li>En utilisant la technologie NCWR, le programme comprend \u00e9galement l&rsquo;application \u00ab\u00a0pilote\u00a0\u00bb d&rsquo;une couverture verte sur le b\u00e2timent 15 du d\u00e9partement de g\u00e9nie civil et d&rsquo;architecture de l&rsquo;universit\u00e9 de Catane, \u00e0 la Cittadella Universitaria. La zone concern\u00e9e est de 812 m\u00e8tres carr\u00e9s. Le \u00ab\u00a0toit vert\u00a0\u00bb offre de nombreux avantages, notamment l\u2019augmentation de la verdure urbaine, l\u2019am\u00e9lioration du microclimat et la gestion des eaux de pluie. Plus pr\u00e9cis\u00e9ment, il a permis de planter des esp\u00e8ces v\u00e9g\u00e9tales de x\u00e9rophytes de la M\u00e9diterran\u00e9e n\u00e9cessitant de petites quantit\u00e9s d\u2019eau. Un syst\u00e8me d&rsquo;irrigation auxiliaire a \u00e9galement \u00e9t\u00e9 install\u00e9 pour assurer la survie des plantes pendant les p\u00e9riodes s\u00e8ches avec peu ou pas d&rsquo;\u00e9v\u00e9nements pluvieux.<br \/>\nL&rsquo;installation de la couverture verte sert \u00e9galement de projet de d\u00e9monstration pour les \u00e9tudiants en ing\u00e9nierie et architecture, en cr\u00e9ant de futurs professionnels capables de promouvoir des infrastructures vert-bleu et des technologies modernes am\u00e9liorant le cycle de l&rsquo;eau en milieu urbain.<\/li>\n<\/ul>\n<p><b>3 &#8211; Renforcement des capacit\u00e9s<\/b><\/p>\n<ul>\n<li>Atelier sur l\u2019acquisition de connaissances et de comp\u00e9tences pour les agriculteurs en mati\u00e8re de pratiques d\u2019irrigation durables;<\/li>\n<li>Formation pour professionnels professionnels et techniques sur les infrastructures bleu-vert et les technologies NCWR.<\/li>\n<\/ul>\n<p><b>4 &#8211; Sensibilisation<\/b><\/p>\n<ul>\n<li>Sensibiliser le grand public \u00e0 l&rsquo;utilisation durable de l&rsquo;eau et aux applications NCWR pouvant \u00eatre appliqu\u00e9es en tant que solutions rentables.<\/li>\n<\/ul>\n","protected":false},"excerpt":{"rendered":"<p>Le programme NCWR (Non conventional water resorces in the mediterranean) vise \u00e0 lutter contre la p\u00e9nurie d\u2019eau en M\u00e9diterran\u00e9e. Il a \u00e9t\u00e9 lanc\u00e9 pour la premi\u00e8re fois en Gr\u00e8ce (2008) et a depuis \u00e9t\u00e9 \u00e9tendu aux \u00eeles maltaises (2011), \u00e0 Chypre (2013) et \u00e0 l&rsquo;Italie (2015). Le programme a \u00e9t\u00e9 con\u00e7u et mis en \u0153uvre [&hellip;]<\/p>\n","protected":false},"author":1,"featured_media":0,"parent":2608,"menu_order":9,"comment_status":"closed","ping_status":"closed","template":"","meta":{"_et_pb_use_builder":"","_et_pb_old_content":"","_et_gb_content_width":"","_monsterinsights_skip_tracking":false,"_monsterinsights_sitenote_active":false,"_monsterinsights_sitenote_note":"","_monsterinsights_sitenote_category":0},"yoast_head":"<!-- This site is optimized with the Yoast SEO plugin v18.2 - https:\/\/yoast.com\/wordpress\/plugins\/seo\/ -->\n<title>Programme NCWR en M\u00e9diterran\u00e9e - District Productif Agrumes de Sicile<\/title>\n<meta name=\"robots\" content=\"index, follow, max-snippet:-1, max-image-preview:large, max-video-preview:-1\" \/>\n<link rel=\"canonical\" href=\"https:\/\/www.distrettoagrumidisicilia.it\/fr\/projets\/programme-ncwr-en-mediterranee\/\" \/>\n<meta property=\"og:locale\" content=\"fr_FR\" \/>\n<meta property=\"og:type\" content=\"article\" \/>\n<meta property=\"og:title\" content=\"Programme NCWR en M\u00e9diterran\u00e9e - District Productif Agrumes de Sicile\" \/>\n<meta property=\"og:description\" content=\"Le programme NCWR (Non conventional water resorces in the mediterranean) vise \u00e0 lutter contre la p\u00e9nurie d\u2019eau en M\u00e9diterran\u00e9e. Il a \u00e9t\u00e9 lanc\u00e9 pour la premi\u00e8re fois en Gr\u00e8ce (2008) et a depuis \u00e9t\u00e9 \u00e9tendu aux \u00eeles maltaises (2011), \u00e0 Chypre (2013) et \u00e0 l&rsquo;Italie (2015). Le programme a \u00e9t\u00e9 con\u00e7u et mis en \u0153uvre [&hellip;]\" \/>\n<meta property=\"og:url\" content=\"https:\/\/www.distrettoagrumidisicilia.it\/fr\/projets\/programme-ncwr-en-mediterranee\/\" \/>\n<meta property=\"og:site_name\" content=\"District Productif Agrumes de Sicile\" \/>\n<meta property=\"article:publisher\" content=\"https:\/\/www.facebook.com\/DistrettoAgrumidiSicilia\" \/>\n<meta property=\"article:modified_time\" content=\"2019-05-06T11:37:07+00:00\" \/>\n<meta property=\"og:image\" content=\"https:\/\/www.distrettoagrumidisicilia.it\/wp-content\/uploads\/Global_Water_Partnership.png\" \/>\n<meta name=\"twitter:card\" content=\"summary\" \/>\n<meta name=\"twitter:label1\" content=\"Dur\u00e9e de lecture estim\u00e9e\" \/>\n\t<meta name=\"twitter:data1\" content=\"6 minutes\" \/>\n<script type=\"application\/ld+json\" class=\"yoast-schema-graph\">{\"@context\":\"https:\/\/schema.org\",\"@graph\":[{\"@type\":\"WebSite\",\"@id\":\"https:\/\/www.distrettoagrumidisicilia.it\/fr\/#website\",\"url\":\"https:\/\/www.distrettoagrumidisicilia.it\/fr\/\",\"name\":\"District Productif Agrumes de Sicile\",\"description\":\"a territory, a shared strategy\",\"potentialAction\":[{\"@type\":\"SearchAction\",\"target\":{\"@type\":\"EntryPoint\",\"urlTemplate\":\"https:\/\/www.distrettoagrumidisicilia.it\/fr\/?s={search_term_string}\"},\"query-input\":\"required name=search_term_string\"}],\"inLanguage\":\"fr-FR\"},{\"@type\":\"ImageObject\",\"@id\":\"https:\/\/www.distrettoagrumidisicilia.it\/fr\/projets\/programme-ncwr-en-mediterranee\/#primaryimage\",\"inLanguage\":\"fr-FR\",\"url\":\"https:\/\/www.distrettoagrumidisicilia.it\/wp-content\/uploads\/Global_Water_Partnership.png\",\"contentUrl\":\"https:\/\/www.distrettoagrumidisicilia.it\/wp-content\/uploads\/Global_Water_Partnership.png\",\"width\":1000,\"height\":226},{\"@type\":\"WebPage\",\"@id\":\"https:\/\/www.distrettoagrumidisicilia.it\/fr\/projets\/programme-ncwr-en-mediterranee\/#webpage\",\"url\":\"https:\/\/www.distrettoagrumidisicilia.it\/fr\/projets\/programme-ncwr-en-mediterranee\/\",\"name\":\"Programme NCWR en M\u00e9diterran\u00e9e - District Productif Agrumes de Sicile\",\"isPartOf\":{\"@id\":\"https:\/\/www.distrettoagrumidisicilia.it\/fr\/#website\"},\"primaryImageOfPage\":{\"@id\":\"https:\/\/www.distrettoagrumidisicilia.it\/fr\/projets\/programme-ncwr-en-mediterranee\/#primaryimage\"},\"datePublished\":\"2019-05-06T09:35:04+00:00\",\"dateModified\":\"2019-05-06T11:37:07+00:00\",\"breadcrumb\":{\"@id\":\"https:\/\/www.distrettoagrumidisicilia.it\/fr\/projets\/programme-ncwr-en-mediterranee\/#breadcrumb\"},\"inLanguage\":\"fr-FR\",\"potentialAction\":[{\"@type\":\"ReadAction\",\"target\":[\"https:\/\/www.distrettoagrumidisicilia.it\/fr\/projets\/programme-ncwr-en-mediterranee\/\"]}]},{\"@type\":\"BreadcrumbList\",\"@id\":\"https:\/\/www.distrettoagrumidisicilia.it\/fr\/projets\/programme-ncwr-en-mediterranee\/#breadcrumb\",\"itemListElement\":[{\"@type\":\"ListItem\",\"position\":1,\"name\":\"Home\",\"item\":\"https:\/\/www.distrettoagrumidisicilia.it\/fr\/\"},{\"@type\":\"ListItem\",\"position\":2,\"name\":\"Les projets\",\"item\":\"https:\/\/www.distrettoagrumidisicilia.it\/fr\/projets\/\"},{\"@type\":\"ListItem\",\"position\":3,\"name\":\"Programme NCWR en M\u00e9diterran\u00e9e\"}]}]}<\/script>\n<!-- \/ Yoast SEO plugin. -->","yoast_head_json":{"title":"Programme NCWR en M\u00e9diterran\u00e9e - District Productif Agrumes de Sicile","robots":{"index":"index","follow":"follow","max-snippet":"max-snippet:-1","max-image-preview":"max-image-preview:large","max-video-preview":"max-video-preview:-1"},"canonical":"https:\/\/www.distrettoagrumidisicilia.it\/fr\/projets\/programme-ncwr-en-mediterranee\/","og_locale":"fr_FR","og_type":"article","og_title":"Programme NCWR en M\u00e9diterran\u00e9e - District Productif Agrumes de Sicile","og_description":"Le programme NCWR (Non conventional water resorces in the mediterranean) vise \u00e0 lutter contre la p\u00e9nurie d\u2019eau en M\u00e9diterran\u00e9e. Il a \u00e9t\u00e9 lanc\u00e9 pour la premi\u00e8re fois en Gr\u00e8ce (2008) et a depuis \u00e9t\u00e9 \u00e9tendu aux \u00eeles maltaises (2011), \u00e0 Chypre (2013) et \u00e0 l&rsquo;Italie (2015). Le programme a \u00e9t\u00e9 con\u00e7u et mis en \u0153uvre [&hellip;]","og_url":"https:\/\/www.distrettoagrumidisicilia.it\/fr\/projets\/programme-ncwr-en-mediterranee\/","og_site_name":"District Productif Agrumes de Sicile","article_publisher":"https:\/\/www.facebook.com\/DistrettoAgrumidiSicilia","article_modified_time":"2019-05-06T11:37:07+00:00","og_image":[{"url":"https:\/\/www.distrettoagrumidisicilia.it\/wp-content\/uploads\/Global_Water_Partnership.png"}],"twitter_card":"summary","twitter_misc":{"Dur\u00e9e de lecture estim\u00e9e":"6 minutes"},"schema":{"@context":"https:\/\/schema.org","@graph":[{"@type":"WebSite","@id":"https:\/\/www.distrettoagrumidisicilia.it\/fr\/#website","url":"https:\/\/www.distrettoagrumidisicilia.it\/fr\/","name":"District Productif Agrumes de Sicile","description":"a territory, a shared strategy","potentialAction":[{"@type":"SearchAction","target":{"@type":"EntryPoint","urlTemplate":"https:\/\/www.distrettoagrumidisicilia.it\/fr\/?s={search_term_string}"},"query-input":"required name=search_term_string"}],"inLanguage":"fr-FR"},{"@type":"ImageObject","@id":"https:\/\/www.distrettoagrumidisicilia.it\/fr\/projets\/programme-ncwr-en-mediterranee\/#primaryimage","inLanguage":"fr-FR","url":"https:\/\/www.distrettoagrumidisicilia.it\/wp-content\/uploads\/Global_Water_Partnership.png","contentUrl":"https:\/\/www.distrettoagrumidisicilia.it\/wp-content\/uploads\/Global_Water_Partnership.png","width":1000,"height":226},{"@type":"WebPage","@id":"https:\/\/www.distrettoagrumidisicilia.it\/fr\/projets\/programme-ncwr-en-mediterranee\/#webpage","url":"https:\/\/www.distrettoagrumidisicilia.it\/fr\/projets\/programme-ncwr-en-mediterranee\/","name":"Programme NCWR en M\u00e9diterran\u00e9e - District Productif Agrumes de Sicile","isPartOf":{"@id":"https:\/\/www.distrettoagrumidisicilia.it\/fr\/#website"},"primaryImageOfPage":{"@id":"https:\/\/www.distrettoagrumidisicilia.it\/fr\/projets\/programme-ncwr-en-mediterranee\/#primaryimage"},"datePublished":"2019-05-06T09:35:04+00:00","dateModified":"2019-05-06T11:37:07+00:00","breadcrumb":{"@id":"https:\/\/www.distrettoagrumidisicilia.it\/fr\/projets\/programme-ncwr-en-mediterranee\/#breadcrumb"},"inLanguage":"fr-FR","potentialAction":[{"@type":"ReadAction","target":["https:\/\/www.distrettoagrumidisicilia.it\/fr\/projets\/programme-ncwr-en-mediterranee\/"]}]},{"@type":"BreadcrumbList","@id":"https:\/\/www.distrettoagrumidisicilia.it\/fr\/projets\/programme-ncwr-en-mediterranee\/#breadcrumb","itemListElement":[{"@type":"ListItem","position":1,"name":"Home","item":"https:\/\/www.distrettoagrumidisicilia.it\/fr\/"},{"@type":"ListItem","position":2,"name":"Les projets","item":"https:\/\/www.distrettoagrumidisicilia.it\/fr\/projets\/"},{"@type":"ListItem","position":3,"name":"Programme NCWR en M\u00e9diterran\u00e9e"}]}]}},"_links":{"self":[{"href":"https:\/\/www.distrettoagrumidisicilia.it\/fr\/wp-json\/wp\/v2\/pages\/7150"}],"collection":[{"href":"https:\/\/www.distrettoagrumidisicilia.it\/fr\/wp-json\/wp\/v2\/pages"}],"about":[{"href":"https:\/\/www.distrettoagrumidisicilia.it\/fr\/wp-json\/wp\/v2\/types\/page"}],"author":[{"embeddable":true,"href":"https:\/\/www.distrettoagrumidisicilia.it\/fr\/wp-json\/wp\/v2\/users\/1"}],"replies":[{"embeddable":true,"href":"https:\/\/www.distrettoagrumidisicilia.it\/fr\/wp-json\/wp\/v2\/comments?post=7150"}],"version-history":[{"count":1,"href":"https:\/\/www.distrettoagrumidisicilia.it\/fr\/wp-json\/wp\/v2\/pages\/7150\/revisions"}],"predecessor-version":[{"id":7152,"href":"https:\/\/www.distrettoagrumidisicilia.it\/fr\/wp-json\/wp\/v2\/pages\/7150\/revisions\/7152"}],"up":[{"embeddable":true,"href":"https:\/\/www.distrettoagrumidisicilia.it\/fr\/wp-json\/wp\/v2\/pages\/2608"}],"wp:attachment":[{"href":"https:\/\/www.distrettoagrumidisicilia.it\/fr\/wp-json\/wp\/v2\/media?parent=7150"}],"curies":[{"name":"wp","href":"https:\/\/api.w.org\/{rel}","templated":true}]}}