{"id":7111,"date":"2019-05-06T09:45:40","date_gmt":"2019-05-06T09:45:40","guid":{"rendered":"https:\/\/www.distrettoagrumidisicilia.it\/?page_id=7111\/"},"modified":"2019-05-06T09:53:51","modified_gmt":"2019-05-06T09:53:51","slug":"projet-acqua","status":"publish","type":"page","link":"https:\/\/www.distrettoagrumidisicilia.it\/fr\/projets\/projet-acqua\/","title":{"rendered":"Projet A.C.Q.U.A."},"content":{"rendered":"<p><img loading=\"lazy\" class=\"aligncenter wp-image-6958 size-full\" src=\"https:\/\/www.distrettoagrumidisicilia.it\/wp-content\/uploads\/progetto_Acqua.png\" alt=\"progetto_Acqua\" width=\"600\" height=\"360\" srcset=\"https:\/\/www.distrettoagrumidisicilia.it\/wp-content\/uploads\/progetto_Acqua.png 600w, https:\/\/www.distrettoagrumidisicilia.it\/wp-content\/uploads\/progetto_Acqua-300x180.png 300w\" sizes=\"(max-width: 600px) 100vw, 600px\" \/><br \/>\n<img loading=\"lazy\" class=\"aligncenter wp-image-6942 size-full\" src=\"https:\/\/www.distrettoagrumidisicilia.it\/wp-content\/uploads\/agrumeti_di_Sicilia.jpg\" alt=\"agrumeti_di_Sicilia\" width=\"1920\" height=\"440\" srcset=\"https:\/\/www.distrettoagrumidisicilia.it\/wp-content\/uploads\/agrumeti_di_Sicilia.jpg 1920w, https:\/\/www.distrettoagrumidisicilia.it\/wp-content\/uploads\/agrumeti_di_Sicilia-300x69.jpg 300w, https:\/\/www.distrettoagrumidisicilia.it\/wp-content\/uploads\/agrumeti_di_Sicilia-768x176.jpg 768w, https:\/\/www.distrettoagrumidisicilia.it\/wp-content\/uploads\/agrumeti_di_Sicilia-700x160.jpg 700w, https:\/\/www.distrettoagrumidisicilia.it\/wp-content\/uploads\/agrumeti_di_Sicilia-1080x248.jpg 1080w\" sizes=\"(max-width: 1920px) 100vw, 1920px\" \/><\/p>\n<p class=\"abstract\">Le projet \u00ab\u00a0<strong>A.C.Q.U.A. &#8211; Conscient de la qualit\u00e9 de l\u2019eau et de l\u2019utilisation des agrumes<\/strong>\u00a0\u00bb est promu par le <strong>District des Agrumes de Sicile<\/strong> et le <strong>D\u00e9partement de G\u00e9nie Civil et d\u2019Architecture (Dicar) de l\u2019Universit\u00e9 de Catane<\/strong>, avec la contribution inconditionnelle de <strong>The Coca-Cola Fountation<\/strong>.<\/p>\n<h2 style=\"margin: 50px 0px 10px 0px;\">LA MISSION<\/h2>\n<ul>\n<li>Promouvoir l&rsquo;utilisation durable des ressources en eau dans la cha\u00eene de production d&rsquo;agrumes;<\/li>\n<li>Diffuser des techniques d&rsquo;irrigation et de surveillance innovantes et efficaces;<\/li>\n<li>Am\u00e9liorer les connaissances et identifier les forces et les faiblesses de l&rsquo;utilisation de l&rsquo;eau dans la cha\u00eene d&rsquo;approvisionnement en agrumes de Sicile.<\/li>\n<\/ul>\n<h2 style=\"margin: 50px 0px 10px 0px;\">LES ACTIVIT<span class=\"ILfuVd\">\u00c9<\/span><\/h2>\n<ul>\n<li>Cartographie de la cha\u00eene de production d&rsquo;agrumes pour enregistrer la qualit\u00e9 et la quantit\u00e9 d&rsquo;eau, m\u00e9thodes d&rsquo;irrigation utilis\u00e9es, consommation d&rsquo;eau et co\u00fbts associ\u00e9s, besoins des producteurs et des transformateurs;<\/li>\n<li>Cartographie de la qualit\u00e9 de l&rsquo;eau, principalement en phase de production, permettant d&rsquo;\u00e9valuer l&rsquo;utilisation possible de ressources en eau non conventionnelles, telles que la fertigation et les biostimulants, la r\u00e9duction des produits chimiques et les techniques de dessalement pour l&rsquo;irrigation en eau saum\u00e2tre;<\/li>\n<li>D\u00e9veloppement d&rsquo;une plateforme WebGIS pour la collecte de donn\u00e9es et la consultation;<\/li>\n<li>Surveillance \u00e0 haute r\u00e9solution des indicateurs de stress hydrique des vergers d&rsquo;agrumes au moyen de technologies innovantes, gr\u00e2ce \u00e0 l&rsquo;utilisation de drones \u00e9quip\u00e9s de cam\u00e9ras thermiques et multispectrales;<\/li>\n<li>Cr\u00e9ation d&rsquo;une usine pilote d&rsquo;irrigation durable pour soutenir les bonnes pratiques d&rsquo;utilisation et de r\u00e9utilisation de l&rsquo;eau dans l&rsquo;industrie des agrumes.<\/li>\n<\/ul>\n","protected":false},"excerpt":{"rendered":"<p>Le projet \u00ab\u00a0A.C.Q.U.A. &#8211; Conscient de la qualit\u00e9 de l\u2019eau et de l\u2019utilisation des agrumes\u00a0\u00bb est promu par le District des Agrumes de Sicile et le D\u00e9partement de G\u00e9nie Civil et d\u2019Architecture (Dicar) de l\u2019Universit\u00e9 de Catane, avec la contribution inconditionnelle de The Coca-Cola Fountation. LA MISSION Promouvoir l&rsquo;utilisation durable des ressources en eau dans [&hellip;]<\/p>\n","protected":false},"author":1,"featured_media":0,"parent":2608,"menu_order":0,"comment_status":"closed","ping_status":"closed","template":"","meta":{"_et_pb_use_builder":"","_et_pb_old_content":"","_et_gb_content_width":"","_monsterinsights_skip_tracking":false,"_monsterinsights_sitenote_active":false,"_monsterinsights_sitenote_note":"","_monsterinsights_sitenote_category":0},"yoast_head":"<!-- This site is optimized with the Yoast SEO plugin v18.2 - https:\/\/yoast.com\/wordpress\/plugins\/seo\/ -->\n<title>Projet A.C.Q.U.A. - District Productif Agrumes de Sicile<\/title>\n<meta name=\"robots\" content=\"index, follow, max-snippet:-1, max-image-preview:large, max-video-preview:-1\" \/>\n<link rel=\"canonical\" href=\"https:\/\/www.distrettoagrumidisicilia.it\/fr\/projets\/projet-acqua\/\" \/>\n<meta property=\"og:locale\" content=\"fr_FR\" \/>\n<meta property=\"og:type\" content=\"article\" \/>\n<meta property=\"og:title\" content=\"Projet A.C.Q.U.A. - District Productif Agrumes de Sicile\" \/>\n<meta property=\"og:description\" content=\"Le projet \u00ab\u00a0A.C.Q.U.A. &#8211; Conscient de la qualit\u00e9 de l\u2019eau et de l\u2019utilisation des agrumes\u00a0\u00bb est promu par le District des Agrumes de Sicile et le D\u00e9partement de G\u00e9nie Civil et d\u2019Architecture (Dicar) de l\u2019Universit\u00e9 de Catane, avec la contribution inconditionnelle de The Coca-Cola Fountation. LA MISSION Promouvoir l&rsquo;utilisation durable des ressources en eau dans [&hellip;]\" \/>\n<meta property=\"og:url\" content=\"https:\/\/www.distrettoagrumidisicilia.it\/fr\/projets\/projet-acqua\/\" \/>\n<meta property=\"og:site_name\" content=\"District Productif Agrumes de Sicile\" \/>\n<meta property=\"article:publisher\" content=\"https:\/\/www.facebook.com\/DistrettoAgrumidiSicilia\" \/>\n<meta property=\"article:modified_time\" content=\"2019-05-06T09:53:51+00:00\" \/>\n<meta property=\"og:image\" content=\"https:\/\/www.distrettoagrumidisicilia.it\/wp-content\/uploads\/progetto_Acqua.png\" \/>\n<meta name=\"twitter:card\" content=\"summary\" \/>\n<meta name=\"twitter:label1\" content=\"Dur\u00e9e de lecture estim\u00e9e\" \/>\n\t<meta name=\"twitter:data1\" content=\"1 minute\" \/>\n<script type=\"application\/ld+json\" class=\"yoast-schema-graph\">{\"@context\":\"https:\/\/schema.org\",\"@graph\":[{\"@type\":\"WebSite\",\"@id\":\"https:\/\/www.distrettoagrumidisicilia.it\/fr\/#website\",\"url\":\"https:\/\/www.distrettoagrumidisicilia.it\/fr\/\",\"name\":\"District Productif Agrumes de Sicile\",\"description\":\"a territory, a shared strategy\",\"potentialAction\":[{\"@type\":\"SearchAction\",\"target\":{\"@type\":\"EntryPoint\",\"urlTemplate\":\"https:\/\/www.distrettoagrumidisicilia.it\/fr\/?s={search_term_string}\"},\"query-input\":\"required name=search_term_string\"}],\"inLanguage\":\"fr-FR\"},{\"@type\":\"ImageObject\",\"@id\":\"https:\/\/www.distrettoagrumidisicilia.it\/fr\/projets\/projet-acqua\/#primaryimage\",\"inLanguage\":\"fr-FR\",\"url\":\"https:\/\/www.distrettoagrumidisicilia.it\/wp-content\/uploads\/progetto_Acqua.png\",\"contentUrl\":\"https:\/\/www.distrettoagrumidisicilia.it\/wp-content\/uploads\/progetto_Acqua.png\",\"width\":600,\"height\":360},{\"@type\":\"WebPage\",\"@id\":\"https:\/\/www.distrettoagrumidisicilia.it\/fr\/projets\/projet-acqua\/#webpage\",\"url\":\"https:\/\/www.distrettoagrumidisicilia.it\/fr\/projets\/projet-acqua\/\",\"name\":\"Projet A.C.Q.U.A. - District Productif Agrumes de Sicile\",\"isPartOf\":{\"@id\":\"https:\/\/www.distrettoagrumidisicilia.it\/fr\/#website\"},\"primaryImageOfPage\":{\"@id\":\"https:\/\/www.distrettoagrumidisicilia.it\/fr\/projets\/projet-acqua\/#primaryimage\"},\"datePublished\":\"2019-05-06T09:45:40+00:00\",\"dateModified\":\"2019-05-06T09:53:51+00:00\",\"breadcrumb\":{\"@id\":\"https:\/\/www.distrettoagrumidisicilia.it\/fr\/projets\/projet-acqua\/#breadcrumb\"},\"inLanguage\":\"fr-FR\",\"potentialAction\":[{\"@type\":\"ReadAction\",\"target\":[\"https:\/\/www.distrettoagrumidisicilia.it\/fr\/projets\/projet-acqua\/\"]}]},{\"@type\":\"BreadcrumbList\",\"@id\":\"https:\/\/www.distrettoagrumidisicilia.it\/fr\/projets\/projet-acqua\/#breadcrumb\",\"itemListElement\":[{\"@type\":\"ListItem\",\"position\":1,\"name\":\"Home\",\"item\":\"https:\/\/www.distrettoagrumidisicilia.it\/fr\/\"},{\"@type\":\"ListItem\",\"position\":2,\"name\":\"Les projets\",\"item\":\"https:\/\/www.distrettoagrumidisicilia.it\/fr\/projets\/\"},{\"@type\":\"ListItem\",\"position\":3,\"name\":\"Projet A.C.Q.U.A.\"}]}]}<\/script>\n<!-- \/ Yoast SEO plugin. -->","yoast_head_json":{"title":"Projet A.C.Q.U.A. - District Productif Agrumes de Sicile","robots":{"index":"index","follow":"follow","max-snippet":"max-snippet:-1","max-image-preview":"max-image-preview:large","max-video-preview":"max-video-preview:-1"},"canonical":"https:\/\/www.distrettoagrumidisicilia.it\/fr\/projets\/projet-acqua\/","og_locale":"fr_FR","og_type":"article","og_title":"Projet A.C.Q.U.A. - District Productif Agrumes de Sicile","og_description":"Le projet \u00ab\u00a0A.C.Q.U.A. &#8211; Conscient de la qualit\u00e9 de l\u2019eau et de l\u2019utilisation des agrumes\u00a0\u00bb est promu par le District des Agrumes de Sicile et le D\u00e9partement de G\u00e9nie Civil et d\u2019Architecture (Dicar) de l\u2019Universit\u00e9 de Catane, avec la contribution inconditionnelle de The Coca-Cola Fountation. LA MISSION Promouvoir l&rsquo;utilisation durable des ressources en eau dans [&hellip;]","og_url":"https:\/\/www.distrettoagrumidisicilia.it\/fr\/projets\/projet-acqua\/","og_site_name":"District Productif Agrumes de Sicile","article_publisher":"https:\/\/www.facebook.com\/DistrettoAgrumidiSicilia","article_modified_time":"2019-05-06T09:53:51+00:00","og_image":[{"url":"https:\/\/www.distrettoagrumidisicilia.it\/wp-content\/uploads\/progetto_Acqua.png"}],"twitter_card":"summary","twitter_misc":{"Dur\u00e9e de lecture estim\u00e9e":"1 minute"},"schema":{"@context":"https:\/\/schema.org","@graph":[{"@type":"WebSite","@id":"https:\/\/www.distrettoagrumidisicilia.it\/fr\/#website","url":"https:\/\/www.distrettoagrumidisicilia.it\/fr\/","name":"District Productif Agrumes de Sicile","description":"a territory, a shared strategy","potentialAction":[{"@type":"SearchAction","target":{"@type":"EntryPoint","urlTemplate":"https:\/\/www.distrettoagrumidisicilia.it\/fr\/?s={search_term_string}"},"query-input":"required name=search_term_string"}],"inLanguage":"fr-FR"},{"@type":"ImageObject","@id":"https:\/\/www.distrettoagrumidisicilia.it\/fr\/projets\/projet-acqua\/#primaryimage","inLanguage":"fr-FR","url":"https:\/\/www.distrettoagrumidisicilia.it\/wp-content\/uploads\/progetto_Acqua.png","contentUrl":"https:\/\/www.distrettoagrumidisicilia.it\/wp-content\/uploads\/progetto_Acqua.png","width":600,"height":360},{"@type":"WebPage","@id":"https:\/\/www.distrettoagrumidisicilia.it\/fr\/projets\/projet-acqua\/#webpage","url":"https:\/\/www.distrettoagrumidisicilia.it\/fr\/projets\/projet-acqua\/","name":"Projet A.C.Q.U.A. - District Productif Agrumes de Sicile","isPartOf":{"@id":"https:\/\/www.distrettoagrumidisicilia.it\/fr\/#website"},"primaryImageOfPage":{"@id":"https:\/\/www.distrettoagrumidisicilia.it\/fr\/projets\/projet-acqua\/#primaryimage"},"datePublished":"2019-05-06T09:45:40+00:00","dateModified":"2019-05-06T09:53:51+00:00","breadcrumb":{"@id":"https:\/\/www.distrettoagrumidisicilia.it\/fr\/projets\/projet-acqua\/#breadcrumb"},"inLanguage":"fr-FR","potentialAction":[{"@type":"ReadAction","target":["https:\/\/www.distrettoagrumidisicilia.it\/fr\/projets\/projet-acqua\/"]}]},{"@type":"BreadcrumbList","@id":"https:\/\/www.distrettoagrumidisicilia.it\/fr\/projets\/projet-acqua\/#breadcrumb","itemListElement":[{"@type":"ListItem","position":1,"name":"Home","item":"https:\/\/www.distrettoagrumidisicilia.it\/fr\/"},{"@type":"ListItem","position":2,"name":"Les projets","item":"https:\/\/www.distrettoagrumidisicilia.it\/fr\/projets\/"},{"@type":"ListItem","position":3,"name":"Projet A.C.Q.U.A."}]}]}},"_links":{"self":[{"href":"https:\/\/www.distrettoagrumidisicilia.it\/fr\/wp-json\/wp\/v2\/pages\/7111"}],"collection":[{"href":"https:\/\/www.distrettoagrumidisicilia.it\/fr\/wp-json\/wp\/v2\/pages"}],"about":[{"href":"https:\/\/www.distrettoagrumidisicilia.it\/fr\/wp-json\/wp\/v2\/types\/page"}],"author":[{"embeddable":true,"href":"https:\/\/www.distrettoagrumidisicilia.it\/fr\/wp-json\/wp\/v2\/users\/1"}],"replies":[{"embeddable":true,"href":"https:\/\/www.distrettoagrumidisicilia.it\/fr\/wp-json\/wp\/v2\/comments?post=7111"}],"version-history":[{"count":6,"href":"https:\/\/www.distrettoagrumidisicilia.it\/fr\/wp-json\/wp\/v2\/pages\/7111\/revisions"}],"predecessor-version":[{"id":7121,"href":"https:\/\/www.distrettoagrumidisicilia.it\/fr\/wp-json\/wp\/v2\/pages\/7111\/revisions\/7121"}],"up":[{"embeddable":true,"href":"https:\/\/www.distrettoagrumidisicilia.it\/fr\/wp-json\/wp\/v2\/pages\/2608"}],"wp:attachment":[{"href":"https:\/\/www.distrettoagrumidisicilia.it\/fr\/wp-json\/wp\/v2\/media?parent=7111"}],"curies":[{"name":"wp","href":"https:\/\/api.w.org\/{rel}","templated":true}]}}