{"id":3880,"date":"2016-10-01T09:40:11","date_gmt":"2016-10-01T09:40:11","guid":{"rendered":"http:\/\/www.distrettoagrumidisicilia.it\/activites\/eventi-distretto-agrumi-sicilia\/"},"modified":"2019-05-06T11:08:50","modified_gmt":"2019-05-06T11:08:50","slug":"event-district-agrumes-sicile","status":"publish","type":"page","link":"https:\/\/www.distrettoagrumidisicilia.it\/fr\/activites\/event-district-agrumes-sicile\/","title":{"rendered":"\u00c9v\u00e9nements"},"content":{"rendered":"<p class=\"abstract\">La pres\u00e9nce du District est soulign\u00e9e aussi par la participation active de sa r\u00e9presentante l\u00e9gale \u00e0 plusieurs initiatives, ateliers, conferences, seminaires et activit\u00e9s dans lesquelles le District a \u00e9t\u00e9 impliqu\u00e9.<\/p>\n<p><img id=\"imgpag\" class=\"imgpag2\" title=\"\u00e0 la foire Macfruit de Cesena 2011 avec le stand du District\" src=\"https:\/\/www.distrettoagrumidisicilia.it\/wp-content\/uploads\/cesena-macfrut-2011-stand-del-distretto2074.jpg\" alt=\"Foire Macfruit de Cesena 2011\" \/><\/p>\n<p class=\"didascalia\">Le stand du District \u00e0 la foire Macfruit de Cesena 2011<\/p>\n<p>Notre pres\u00e9nce dans les salons du territoire national et \u00e0 l\u2019\u00e9tranger est tr\u00e8s importante, ayant le double objectif de promovoir les produits avec la marque \u00ab\u00a0<strong>Agrumi di Sicilia<\/strong>\u00a0\u00bb et donc de favoriser l\u2019ouverture de nouveaux canaux de commercialisation et donner aux entreprises inscrites l\u2019opportunit\u00e9 de vivre directement des exp\u00e9riences particuli\u00e8res, represent\u00e9es par certaines d\u2019entres les plus importantes foires internationales qui permettent imm\u00e9diatement de se confronter avec les techniques les plus avanc\u00e9es de produtions, de commercialisation et de marketing international.<\/p>\n<p>Il n\u2019est plus utile d\u2019aller aux salons nationaux et, encore plus, internationaux avec plusieurs marques priv\u00e9es. Il faut proposer la <strong>qualit\u00e9, typicit\u00e9, bont\u00e9, et unicit\u00e9 des produits et des territoires \u00e0 haute specialisation (DOP, IGP, Bio)<\/strong> avec une image respectueuse des diversit\u00e9s mais coordonn\u00e9e, unique et repr\u00e9sentative de la <strong>Sicile agrumicole, <\/strong><em>la premi\u00e8re r\u00e9gion productrice d\u2019agrumes en Italie.<\/em><\/p>\n<p>\n<!-- Page-list plugin v.5.2 wordpress.org\/plugins\/page-list\/ -->\n<div class=\"page-list page-list-ext \">\n<div class=\"page-list-ext-item\"><div class=\"page-list-ext-image\"><a href=\"https:\/\/www.distrettoagrumidisicilia.it\/fr\/activites\/event-district-agrumes-sicile\/participation-salons-foires\/\" title=\"Participation \u00e0 des salons, foires, conf\u00e9rences et rencontres\"><img src=\"https:\/\/www.distrettoagrumidisicilia.it\/wp-content\/uploads\/fruitlogistica-berlino_20111063.jpg\" width=\"150\" alt=\"Participation \u00e0 des salons, foires, conf\u00e9rences et rencontres\" \/><\/a><\/div> <h3 class=\"page-list-ext-title\"><a href=\"https:\/\/www.distrettoagrumidisicilia.it\/fr\/activites\/event-district-agrumes-sicile\/participation-salons-foires\/\" title=\"Participation \u00e0 des salons, foires, conf\u00e9rences et rencontres\">Participation \u00e0 des salons, foires, conf\u00e9rences et rencontres<\/a><\/h3><div class=\"page-list-ext-item-content\">Organisons un grand stand  pour la prochaine \u00e9dition de Fruit Logistica, avec agrumes exlusivement siciliens  et prenons la Sicile  avec nous, et les \u00e9motions , les saveurs  et les innovations  que notre \u00eele est capable de produire. \r\n\r\nLe District et...<\/div><\/div>\n\n<\/div><br \/>\n\n<!-- Page-list plugin v.5.2 wordpress.org\/plugins\/page-list\/ -->\n<div class=\"page-list page-list-ext \">\n<div class=\"page-list-ext-item\"><div class=\"page-list-ext-image\"><a href=\"https:\/\/www.distrettoagrumidisicilia.it\/fr\/activites\/event-district-agrumes-sicile\/participation-salons-foires\/district-productif-agrumes-sicile\/\" title=\"EXPO 2015. Le District Productif Agrumes de Sicile am\u00e8ne la production sicilienne jusqu\u0092\u00e0 Milan avec &#039;People of Sicily&#039;\"><img src=\"https:\/\/www.distrettoagrumidisicilia.it\/wp-content\/uploads\/people-of-sicily8601.jpg\" width=\"150\" alt=\"EXPO 2015. Le District Productif Agrumes de Sicile am\u00e8ne la production sicilienne jusqu\u0092\u00e0 Milan avec &#039;People of Sicily&#039;\" \/><\/a><\/div> <h3 class=\"page-list-ext-title\"><a href=\"https:\/\/www.distrettoagrumidisicilia.it\/fr\/activites\/event-district-agrumes-sicile\/participation-salons-foires\/district-productif-agrumes-sicile\/\" title=\"EXPO 2015. Le District Productif Agrumes de Sicile am\u00e8ne la production sicilienne jusqu\u0092\u00e0 Milan avec &#039;People of Sicily&#039;\">EXPO 2015. Le District Productif Agrumes de Sicile am\u00e8ne la production sicilienne jusqu\u0092\u00e0 Milan avec 'People of Sicily'<\/a><\/h3><div class=\"page-list-ext-item-content\">Agrumiculteurs, commer\u00e7ants et transformateurs: la fili\u00e8re sicilienne raconte et promeut ses excellences AOP, IGP et BIO dans le respect des cycles de la Nature, aupr\u00e8s des visiteurs de l\u2019exposition universelle \r\n\r\nPeople of Sicily - La Sicile productrice \r\nLe...<\/div><\/div>\n<div class=\"page-list-ext-item\"><div class=\"page-list-ext-image\"><a href=\"https:\/\/www.distrettoagrumidisicilia.it\/fr\/activites\/event-district-agrumes-sicile\/participation-salons-foires\/district-blue-sea-land\/\" title=\"Le District au Blue Sea Land de la ville de Mazara del Vallo avec ses fruits frais, les granit\u00e9s et les jus AOP, IGP et BIO\"><img src=\"https:\/\/www.distrettoagrumidisicilia.it\/wp-content\/uploads\/blu-sea-land_20158261.jpg\" width=\"150\" alt=\"Le District au Blue Sea Land de la ville de Mazara del Vallo avec ses fruits frais, les granit\u00e9s et les jus AOP, IGP et BIO\" \/><\/a><\/div> <h3 class=\"page-list-ext-title\"><a href=\"https:\/\/www.distrettoagrumidisicilia.it\/fr\/activites\/event-district-agrumes-sicile\/participation-salons-foires\/district-blue-sea-land\/\" title=\"Le District au Blue Sea Land de la ville de Mazara del Vallo avec ses fruits frais, les granit\u00e9s et les jus AOP, IGP et BIO\">Le District au Blue Sea Land de la ville de Mazara del Vallo avec ses fruits frais, les granit\u00e9s et les jus AOP, IGP et BIO<\/a><\/h3><div class=\"page-list-ext-item-content\">\u00abThink Blue\u00bb et \u00e9conomie des d\u00e9chets: l\u2019exemple de l\u2019installation pilote de Catania, qui tire de l\u2019\u00e9nergie des pulpes d\u2019agrumes. Le centre d'attention seront les Districts productifs italiens\u00a0: congr\u00e8s pr\u00e9vu le 9 octobre. \r\n\r\nBlue Sea Land 2015 - L'E...<\/div><\/div>\n<div class=\"page-list-ext-item\"><div class=\"page-list-ext-image\"><a href=\"https:\/\/www.distrettoagrumidisicilia.it\/fr\/activites\/event-district-agrumes-sicile\/participation-salons-foires\/agriculture-economie-sicilienne\/\" title=\"AGRICULTURE - L&#039;\u00e9conomie sicilienne se relance \u00e0 partir des agrumes - Atelier \u00e0 Rome\"><img src=\"https:\/\/www.distrettoagrumidisicilia.it\/wp-content\/uploads\/atelier-roma-filiere-agrumicole-sicilienne3818.jpg\" width=\"150\" alt=\"AGRICULTURE - L&#039;\u00e9conomie sicilienne se relance \u00e0 partir des agrumes - Atelier \u00e0 Rome\" \/><\/a><\/div> <h3 class=\"page-list-ext-title\"><a href=\"https:\/\/www.distrettoagrumidisicilia.it\/fr\/activites\/event-district-agrumes-sicile\/participation-salons-foires\/agriculture-economie-sicilienne\/\" title=\"AGRICULTURE - L&#039;\u00e9conomie sicilienne se relance \u00e0 partir des agrumes - Atelier \u00e0 Rome\">AGRICULTURE - L'\u00e9conomie sicilienne se relance \u00e0 partir des agrumes - Atelier \u00e0 Rome<\/a><\/h3><div class=\"page-list-ext-item-content\">Rome, mercredi 30 septembre 2015, 11h00 \r\nSalle de conf\u00e9rence Parlamentino chez le Corps Forestier d\u2019Etat, Minist\u00e8re des Politiques Agricoles, via Venti Settembre.\r\nA Rome, le District regroupe les associations patronales et les entreprises dans les b\u00e2t...<\/div><\/div>\n<div class=\"page-list-ext-item\"><div class=\"page-list-ext-image\"><a href=\"https:\/\/www.distrettoagrumidisicilia.it\/fr\/activites\/event-district-agrumes-sicile\/participation-salons-foires\/filiere-agrumicole-sicilienne\/\" title=\"Sur les routes des fleurs d\u0092orangers, \u00e0 la d\u00e9couverte de la fili\u00e8re agrumicole sicilienne de qualit\u00e9\"><img src=\"https:\/\/www.distrettoagrumidisicilia.it\/wp-content\/uploads\/invito469.jpg\" width=\"150\" alt=\"Sur les routes des fleurs d\u0092orangers, \u00e0 la d\u00e9couverte de la fili\u00e8re agrumicole sicilienne de qualit\u00e9\" \/><\/a><\/div> <h3 class=\"page-list-ext-title\"><a href=\"https:\/\/www.distrettoagrumidisicilia.it\/fr\/activites\/event-district-agrumes-sicile\/participation-salons-foires\/filiere-agrumicole-sicilienne\/\" title=\"Sur les routes des fleurs d\u0092orangers, \u00e0 la d\u00e9couverte de la fili\u00e8re agrumicole sicilienne de qualit\u00e9\">Sur les routes des fleurs d\u0092orangers, \u00e0 la d\u00e9couverte de la fili\u00e8re agrumicole sicilienne de qualit\u00e9<\/a><\/h3><div class=\"page-list-ext-item-content\">Rome, mercredi 30 septembre 2015, 11h00 \r\nSalle de conf\u00e9rence Parlamentino chez le Corps Forestier d\u2019Etat, Minist\u00e8re des Politiques Agricoles, via Venti Settembre \r\n\r\n\r\nL\u2019objectif de l\u2019atelier est de contribuer \u00e0 rendre visible les propositions op\u00e9rativ...<\/div><\/div>\n<div class=\"page-list-ext-item\"><div class=\"page-list-ext-image\"><a href=\"https:\/\/www.distrettoagrumidisicilia.it\/fr\/activites\/event-district-agrumes-sicile\/participation-salons-foires\/agrumes-sante-syracuse\/\" title=\"Agrumes et sant\u00e9 - Atelier \u00e0 Syracuse\"><img src=\"https:\/\/www.distrettoagrumidisicilia.it\/wp-content\/uploads\/fruits-atelier-syracuse3641.jpg\" width=\"150\" alt=\"Agrumes et sant\u00e9 - Atelier \u00e0 Syracuse\" \/><\/a><\/div> <h3 class=\"page-list-ext-title\"><a href=\"https:\/\/www.distrettoagrumidisicilia.it\/fr\/activites\/event-district-agrumes-sicile\/participation-salons-foires\/agrumes-sante-syracuse\/\" title=\"Agrumes et sant\u00e9 - Atelier \u00e0 Syracuse\">Agrumes et sant\u00e9 - Atelier \u00e0 Syracuse<\/a><\/h3><div class=\"page-list-ext-item-content\">Action D) Atelier: Les Fruits de la sant\u00e9 \u2013 Vertus et propri\u00e9t\u00e9s des agrumes frais et transform\u00e9s de Sicile - Syracuse - 28 mai 2015 \r\n\r\n\r\nL\u2019atelier tenu le 28 mai 2015 \u00e0 Syracuse et organis\u00e9 par le District Productif Agrumes de Sicile dans le cadre ...<\/div><\/div>\n\n<\/div><\/p>\n","protected":false},"excerpt":{"rendered":"<p>La pres\u00e9nce du District est soulign\u00e9e aussi par la participation active de sa r\u00e9presentante l\u00e9gale \u00e0 plusieurs initiatives, ateliers, conferences, seminaires et activit\u00e9s dans lesquelles le District a \u00e9t\u00e9 impliqu\u00e9. Le stand du District \u00e0 la foire Macfruit de Cesena 2011 Notre pres\u00e9nce dans les salons du territoire national et \u00e0 l\u2019\u00e9tranger est tr\u00e8s importante, [&hellip;]<\/p>\n","protected":false},"author":1,"featured_media":0,"parent":2607,"menu_order":3,"comment_status":"closed","ping_status":"closed","template":"","meta":{"_et_pb_use_builder":"","_et_pb_old_content":"","_et_gb_content_width":"","_monsterinsights_skip_tracking":false,"_monsterinsights_sitenote_active":false,"_monsterinsights_sitenote_note":"","_monsterinsights_sitenote_category":0},"yoast_head":"<!-- This site is optimized with the Yoast SEO plugin v18.2 - https:\/\/yoast.com\/wordpress\/plugins\/seo\/ -->\n<title>\u00c9v\u00e9nements - District Productif Agrumes de Sicile<\/title>\n<meta name=\"description\" content=\"La presenza del Distretto \u00e8 sottolineata anche dall\u2019attiva partecipazione a numerose iniziative, workshop, convegni, seminari ed attivit\u00e0 in genere.\" \/>\n<meta name=\"robots\" content=\"index, follow, max-snippet:-1, max-image-preview:large, max-video-preview:-1\" \/>\n<link rel=\"canonical\" href=\"https:\/\/www.distrettoagrumidisicilia.it\/fr\/activites\/event-district-agrumes-sicile\/\" \/>\n<meta property=\"og:locale\" content=\"fr_FR\" \/>\n<meta property=\"og:type\" content=\"article\" \/>\n<meta property=\"og:title\" content=\"\u00c9v\u00e9nements - District Productif Agrumes de Sicile\" \/>\n<meta property=\"og:description\" content=\"La presenza del Distretto \u00e8 sottolineata anche dall\u2019attiva partecipazione a numerose iniziative, workshop, convegni, seminari ed attivit\u00e0 in genere.\" \/>\n<meta property=\"og:url\" content=\"https:\/\/www.distrettoagrumidisicilia.it\/fr\/activites\/event-district-agrumes-sicile\/\" \/>\n<meta property=\"og:site_name\" content=\"District Productif Agrumes de Sicile\" \/>\n<meta property=\"article:publisher\" content=\"https:\/\/www.facebook.com\/DistrettoAgrumidiSicilia\" \/>\n<meta property=\"article:modified_time\" content=\"2019-05-06T11:08:50+00:00\" \/>\n<meta property=\"og:image\" content=\"https:\/\/www.distrettoagrumidisicilia.it\/wp-content\/uploads\/cesena-macfrut-2011-stand-del-distretto2074.jpg\" \/>\n<meta name=\"twitter:card\" content=\"summary\" \/>\n<meta name=\"twitter:label1\" content=\"Dur\u00e9e de lecture estim\u00e9e\" \/>\n\t<meta name=\"twitter:data1\" content=\"1 minute\" \/>\n<script type=\"application\/ld+json\" class=\"yoast-schema-graph\">{\"@context\":\"https:\/\/schema.org\",\"@graph\":[{\"@type\":\"WebSite\",\"@id\":\"https:\/\/www.distrettoagrumidisicilia.it\/fr\/#website\",\"url\":\"https:\/\/www.distrettoagrumidisicilia.it\/fr\/\",\"name\":\"District Productif Agrumes de Sicile\",\"description\":\"a territory, a shared strategy\",\"potentialAction\":[{\"@type\":\"SearchAction\",\"target\":{\"@type\":\"EntryPoint\",\"urlTemplate\":\"https:\/\/www.distrettoagrumidisicilia.it\/fr\/?s={search_term_string}\"},\"query-input\":\"required name=search_term_string\"}],\"inLanguage\":\"fr-FR\"},{\"@type\":\"ImageObject\",\"@id\":\"https:\/\/www.distrettoagrumidisicilia.it\/fr\/activites\/event-district-agrumes-sicile\/#primaryimage\",\"inLanguage\":\"fr-FR\",\"url\":\"https:\/\/www.distrettoagrumidisicilia.it\/wp-content\/uploads\/cesena-macfrut-2011-stand-del-distretto2074.jpg\",\"contentUrl\":\"https:\/\/www.distrettoagrumidisicilia.it\/wp-content\/uploads\/cesena-macfrut-2011-stand-del-distretto2074.jpg\",\"width\":600,\"height\":448},{\"@type\":\"WebPage\",\"@id\":\"https:\/\/www.distrettoagrumidisicilia.it\/fr\/activites\/event-district-agrumes-sicile\/#webpage\",\"url\":\"https:\/\/www.distrettoagrumidisicilia.it\/fr\/activites\/event-district-agrumes-sicile\/\",\"name\":\"\u00c9v\u00e9nements - District Productif Agrumes de Sicile\",\"isPartOf\":{\"@id\":\"https:\/\/www.distrettoagrumidisicilia.it\/fr\/#website\"},\"primaryImageOfPage\":{\"@id\":\"https:\/\/www.distrettoagrumidisicilia.it\/fr\/activites\/event-district-agrumes-sicile\/#primaryimage\"},\"datePublished\":\"2016-10-01T09:40:11+00:00\",\"dateModified\":\"2019-05-06T11:08:50+00:00\",\"description\":\"La presenza del Distretto \u00e8 sottolineata anche dall\u2019attiva partecipazione a numerose iniziative, workshop, convegni, seminari ed attivit\u00e0 in genere.\",\"breadcrumb\":{\"@id\":\"https:\/\/www.distrettoagrumidisicilia.it\/fr\/activites\/event-district-agrumes-sicile\/#breadcrumb\"},\"inLanguage\":\"fr-FR\",\"potentialAction\":[{\"@type\":\"ReadAction\",\"target\":[\"https:\/\/www.distrettoagrumidisicilia.it\/fr\/activites\/event-district-agrumes-sicile\/\"]}]},{\"@type\":\"BreadcrumbList\",\"@id\":\"https:\/\/www.distrettoagrumidisicilia.it\/fr\/activites\/event-district-agrumes-sicile\/#breadcrumb\",\"itemListElement\":[{\"@type\":\"ListItem\",\"position\":1,\"name\":\"Home\",\"item\":\"https:\/\/www.distrettoagrumidisicilia.it\/fr\/\"},{\"@type\":\"ListItem\",\"position\":2,\"name\":\"Les activit\u00e9s\",\"item\":\"https:\/\/www.distrettoagrumidisicilia.it\/fr\/activites\/\"},{\"@type\":\"ListItem\",\"position\":3,\"name\":\"\u00c9v\u00e9nements\"}]}]}<\/script>\n<!-- \/ Yoast SEO plugin. -->","yoast_head_json":{"title":"\u00c9v\u00e9nements - District Productif Agrumes de Sicile","description":"La presenza del Distretto \u00e8 sottolineata anche dall\u2019attiva partecipazione a numerose iniziative, workshop, convegni, seminari ed attivit\u00e0 in genere.","robots":{"index":"index","follow":"follow","max-snippet":"max-snippet:-1","max-image-preview":"max-image-preview:large","max-video-preview":"max-video-preview:-1"},"canonical":"https:\/\/www.distrettoagrumidisicilia.it\/fr\/activites\/event-district-agrumes-sicile\/","og_locale":"fr_FR","og_type":"article","og_title":"\u00c9v\u00e9nements - District Productif Agrumes de Sicile","og_description":"La presenza del Distretto \u00e8 sottolineata anche dall\u2019attiva partecipazione a numerose iniziative, workshop, convegni, seminari ed attivit\u00e0 in genere.","og_url":"https:\/\/www.distrettoagrumidisicilia.it\/fr\/activites\/event-district-agrumes-sicile\/","og_site_name":"District Productif Agrumes de Sicile","article_publisher":"https:\/\/www.facebook.com\/DistrettoAgrumidiSicilia","article_modified_time":"2019-05-06T11:08:50+00:00","og_image":[{"url":"https:\/\/www.distrettoagrumidisicilia.it\/wp-content\/uploads\/cesena-macfrut-2011-stand-del-distretto2074.jpg"}],"twitter_card":"summary","twitter_misc":{"Dur\u00e9e de lecture estim\u00e9e":"1 minute"},"schema":{"@context":"https:\/\/schema.org","@graph":[{"@type":"WebSite","@id":"https:\/\/www.distrettoagrumidisicilia.it\/fr\/#website","url":"https:\/\/www.distrettoagrumidisicilia.it\/fr\/","name":"District Productif Agrumes de Sicile","description":"a territory, a shared strategy","potentialAction":[{"@type":"SearchAction","target":{"@type":"EntryPoint","urlTemplate":"https:\/\/www.distrettoagrumidisicilia.it\/fr\/?s={search_term_string}"},"query-input":"required name=search_term_string"}],"inLanguage":"fr-FR"},{"@type":"ImageObject","@id":"https:\/\/www.distrettoagrumidisicilia.it\/fr\/activites\/event-district-agrumes-sicile\/#primaryimage","inLanguage":"fr-FR","url":"https:\/\/www.distrettoagrumidisicilia.it\/wp-content\/uploads\/cesena-macfrut-2011-stand-del-distretto2074.jpg","contentUrl":"https:\/\/www.distrettoagrumidisicilia.it\/wp-content\/uploads\/cesena-macfrut-2011-stand-del-distretto2074.jpg","width":600,"height":448},{"@type":"WebPage","@id":"https:\/\/www.distrettoagrumidisicilia.it\/fr\/activites\/event-district-agrumes-sicile\/#webpage","url":"https:\/\/www.distrettoagrumidisicilia.it\/fr\/activites\/event-district-agrumes-sicile\/","name":"\u00c9v\u00e9nements - District Productif Agrumes de Sicile","isPartOf":{"@id":"https:\/\/www.distrettoagrumidisicilia.it\/fr\/#website"},"primaryImageOfPage":{"@id":"https:\/\/www.distrettoagrumidisicilia.it\/fr\/activites\/event-district-agrumes-sicile\/#primaryimage"},"datePublished":"2016-10-01T09:40:11+00:00","dateModified":"2019-05-06T11:08:50+00:00","description":"La presenza del Distretto \u00e8 sottolineata anche dall\u2019attiva partecipazione a numerose iniziative, workshop, convegni, seminari ed attivit\u00e0 in genere.","breadcrumb":{"@id":"https:\/\/www.distrettoagrumidisicilia.it\/fr\/activites\/event-district-agrumes-sicile\/#breadcrumb"},"inLanguage":"fr-FR","potentialAction":[{"@type":"ReadAction","target":["https:\/\/www.distrettoagrumidisicilia.it\/fr\/activites\/event-district-agrumes-sicile\/"]}]},{"@type":"BreadcrumbList","@id":"https:\/\/www.distrettoagrumidisicilia.it\/fr\/activites\/event-district-agrumes-sicile\/#breadcrumb","itemListElement":[{"@type":"ListItem","position":1,"name":"Home","item":"https:\/\/www.distrettoagrumidisicilia.it\/fr\/"},{"@type":"ListItem","position":2,"name":"Les activit\u00e9s","item":"https:\/\/www.distrettoagrumidisicilia.it\/fr\/activites\/"},{"@type":"ListItem","position":3,"name":"\u00c9v\u00e9nements"}]}]}},"_links":{"self":[{"href":"https:\/\/www.distrettoagrumidisicilia.it\/fr\/wp-json\/wp\/v2\/pages\/3880"}],"collection":[{"href":"https:\/\/www.distrettoagrumidisicilia.it\/fr\/wp-json\/wp\/v2\/pages"}],"about":[{"href":"https:\/\/www.distrettoagrumidisicilia.it\/fr\/wp-json\/wp\/v2\/types\/page"}],"author":[{"embeddable":true,"href":"https:\/\/www.distrettoagrumidisicilia.it\/fr\/wp-json\/wp\/v2\/users\/1"}],"replies":[{"embeddable":true,"href":"https:\/\/www.distrettoagrumidisicilia.it\/fr\/wp-json\/wp\/v2\/comments?post=3880"}],"version-history":[{"count":4,"href":"https:\/\/www.distrettoagrumidisicilia.it\/fr\/wp-json\/wp\/v2\/pages\/3880\/revisions"}],"predecessor-version":[{"id":4014,"href":"https:\/\/www.distrettoagrumidisicilia.it\/fr\/wp-json\/wp\/v2\/pages\/3880\/revisions\/4014"}],"up":[{"embeddable":true,"href":"https:\/\/www.distrettoagrumidisicilia.it\/fr\/wp-json\/wp\/v2\/pages\/2607"}],"wp:attachment":[{"href":"https:\/\/www.distrettoagrumidisicilia.it\/fr\/wp-json\/wp\/v2\/media?parent=3880"}],"curies":[{"name":"wp","href":"https:\/\/api.w.org\/{rel}","templated":true}]}}