{"id":2687,"date":"2016-12-02T01:00:00","date_gmt":"2016-12-02T01:00:00","guid":{"rendered":"http:\/\/www.distrettoagrumidisicilia.it\/videos\/?lang=fr"},"modified":"2016-12-15T11:17:18","modified_gmt":"2016-12-15T11:17:18","slug":"videos","status":"publish","type":"page","link":"https:\/\/www.distrettoagrumidisicilia.it\/fr\/videos\/","title":{"rendered":"Vid\u00e9os"},"content":{"rendered":"<p class=\"abstract\">Visitez notre <a title=\"Le cha\u00eene YouTube des District Productif Agrumes de Sicile\" href=\"https:\/\/www.youtube.com\/channel\/UCi9ga5H_u8pyfn1H-6rFd_Q\" target=\"_blank\">cha\u00eene YouTube<\/a> pour voir des vid\u00e9os du district de la production d&rsquo;agrumes de Sicile.<\/p>\n<h3>Agrumes de Sicile. Une journ\u00e9e dans l\u0092\u00eele du soleil<\/h3>\n<p><iframe loading=\"lazy\" src=\"https:\/\/www.youtube.com\/embed\/N6SChwbd5Gw\" width=\"700\" height=\"394\" frameborder=\"0\" allowfullscreen=\"allowfullscreen\"><\/iframe><\/p>\n<p>La<strong> Sicile<\/strong> est la r\u00e9gion de agrumetata principale d&rsquo;Italie, 60% de la superficie totale cultiv\u00e9e.<br \/>\nQuatre <strong>agrumes siciliens<\/strong> sont <strong>DOP<\/strong> et <strong>IGP<\/strong>, ainsi que celles biologiques sont les excellence des agrumes italien.<br \/>\nDiff\u00e9rent d&rsquo;un territoire \u00e0 l&rsquo;autre, ils sont le symbole de la biodiversit\u00e9. Une richesse plurielle des saveurs et des propri\u00e9t\u00e9s nutritionnelles, un cadeau de M\u00e8re Nature.<br \/>\nLe District Citrus Sicile est le premier rassemblement historique de l&rsquo;industrie des agrumes. Sa mission est d&rsquo;am\u00e9liorer les agrumes et la zone de production.<\/p>\n","protected":false},"excerpt":{"rendered":"<p>Visitez notre cha\u00eene YouTube pour voir des vid\u00e9os du district de la production d&rsquo;agrumes de Sicile. Agrumes de Sicile. Une journ\u00e9e dans l\u0092\u00eele du soleil La Sicile est la r\u00e9gion de agrumetata principale d&rsquo;Italie, 60% de la superficie totale cultiv\u00e9e. Quatre agrumes siciliens sont DOP et IGP, ainsi que celles biologiques sont les excellence des [&hellip;]<\/p>\n","protected":false},"author":1,"featured_media":0,"parent":0,"menu_order":8,"comment_status":"open","ping_status":"open","template":"","meta":{"_et_pb_use_builder":"","_et_pb_old_content":"","_et_gb_content_width":"","_monsterinsights_skip_tracking":false,"_monsterinsights_sitenote_active":false,"_monsterinsights_sitenote_note":"","_monsterinsights_sitenote_category":0},"yoast_head":"<!-- This site is optimized with the Yoast SEO plugin v18.2 - https:\/\/yoast.com\/wordpress\/plugins\/seo\/ -->\n<title>Vid\u00e9os - District Productif Agrumes de Sicile<\/title>\n<meta name=\"robots\" content=\"index, follow, max-snippet:-1, max-image-preview:large, max-video-preview:-1\" \/>\n<link rel=\"canonical\" href=\"https:\/\/www.distrettoagrumidisicilia.it\/fr\/videos\/\" \/>\n<meta property=\"og:locale\" content=\"fr_FR\" \/>\n<meta property=\"og:type\" content=\"article\" \/>\n<meta property=\"og:title\" content=\"Vid\u00e9os - District Productif Agrumes de Sicile\" \/>\n<meta property=\"og:description\" content=\"Visitez notre cha\u00eene YouTube pour voir des vid\u00e9os du district de la production d&rsquo;agrumes de Sicile. Agrumes de Sicile. Une journ\u00e9e dans l\u0092\u00eele du soleil La Sicile est la r\u00e9gion de agrumetata principale d&rsquo;Italie, 60% de la superficie totale cultiv\u00e9e. Quatre agrumes siciliens sont DOP et IGP, ainsi que celles biologiques sont les excellence des [&hellip;]\" \/>\n<meta property=\"og:url\" content=\"https:\/\/www.distrettoagrumidisicilia.it\/fr\/videos\/\" \/>\n<meta property=\"og:site_name\" content=\"District Productif Agrumes de Sicile\" \/>\n<meta property=\"article:publisher\" content=\"https:\/\/www.facebook.com\/DistrettoAgrumidiSicilia\" \/>\n<meta property=\"article:modified_time\" content=\"2016-12-15T11:17:18+00:00\" \/>\n<meta name=\"twitter:card\" content=\"summary\" \/>\n<meta name=\"twitter:label1\" content=\"Dur\u00e9e de lecture estim\u00e9e\" \/>\n\t<meta name=\"twitter:data1\" content=\"1 minute\" \/>\n<script type=\"application\/ld+json\" class=\"yoast-schema-graph\">{\"@context\":\"https:\/\/schema.org\",\"@graph\":[{\"@type\":\"WebSite\",\"@id\":\"https:\/\/www.distrettoagrumidisicilia.it\/fr\/#website\",\"url\":\"https:\/\/www.distrettoagrumidisicilia.it\/fr\/\",\"name\":\"District Productif Agrumes de Sicile\",\"description\":\"a territory, a shared strategy\",\"potentialAction\":[{\"@type\":\"SearchAction\",\"target\":{\"@type\":\"EntryPoint\",\"urlTemplate\":\"https:\/\/www.distrettoagrumidisicilia.it\/fr\/?s={search_term_string}\"},\"query-input\":\"required name=search_term_string\"}],\"inLanguage\":\"fr-FR\"},{\"@type\":\"WebPage\",\"@id\":\"https:\/\/www.distrettoagrumidisicilia.it\/fr\/videos\/#webpage\",\"url\":\"https:\/\/www.distrettoagrumidisicilia.it\/fr\/videos\/\",\"name\":\"Vid\u00e9os - District Productif Agrumes de Sicile\",\"isPartOf\":{\"@id\":\"https:\/\/www.distrettoagrumidisicilia.it\/fr\/#website\"},\"datePublished\":\"2016-12-02T01:00:00+00:00\",\"dateModified\":\"2016-12-15T11:17:18+00:00\",\"breadcrumb\":{\"@id\":\"https:\/\/www.distrettoagrumidisicilia.it\/fr\/videos\/#breadcrumb\"},\"inLanguage\":\"fr-FR\",\"potentialAction\":[{\"@type\":\"ReadAction\",\"target\":[\"https:\/\/www.distrettoagrumidisicilia.it\/fr\/videos\/\"]}]},{\"@type\":\"BreadcrumbList\",\"@id\":\"https:\/\/www.distrettoagrumidisicilia.it\/fr\/videos\/#breadcrumb\",\"itemListElement\":[{\"@type\":\"ListItem\",\"position\":1,\"name\":\"Home\",\"item\":\"https:\/\/www.distrettoagrumidisicilia.it\/fr\/\"},{\"@type\":\"ListItem\",\"position\":2,\"name\":\"Vid\u00e9os\"}]}]}<\/script>\n<!-- \/ Yoast SEO plugin. -->","yoast_head_json":{"title":"Vid\u00e9os - District Productif Agrumes de Sicile","robots":{"index":"index","follow":"follow","max-snippet":"max-snippet:-1","max-image-preview":"max-image-preview:large","max-video-preview":"max-video-preview:-1"},"canonical":"https:\/\/www.distrettoagrumidisicilia.it\/fr\/videos\/","og_locale":"fr_FR","og_type":"article","og_title":"Vid\u00e9os - District Productif Agrumes de Sicile","og_description":"Visitez notre cha\u00eene YouTube pour voir des vid\u00e9os du district de la production d&rsquo;agrumes de Sicile. Agrumes de Sicile. Une journ\u00e9e dans l\u0092\u00eele du soleil La Sicile est la r\u00e9gion de agrumetata principale d&rsquo;Italie, 60% de la superficie totale cultiv\u00e9e. Quatre agrumes siciliens sont DOP et IGP, ainsi que celles biologiques sont les excellence des [&hellip;]","og_url":"https:\/\/www.distrettoagrumidisicilia.it\/fr\/videos\/","og_site_name":"District Productif Agrumes de Sicile","article_publisher":"https:\/\/www.facebook.com\/DistrettoAgrumidiSicilia","article_modified_time":"2016-12-15T11:17:18+00:00","twitter_card":"summary","twitter_misc":{"Dur\u00e9e de lecture estim\u00e9e":"1 minute"},"schema":{"@context":"https:\/\/schema.org","@graph":[{"@type":"WebSite","@id":"https:\/\/www.distrettoagrumidisicilia.it\/fr\/#website","url":"https:\/\/www.distrettoagrumidisicilia.it\/fr\/","name":"District Productif Agrumes de Sicile","description":"a territory, a shared strategy","potentialAction":[{"@type":"SearchAction","target":{"@type":"EntryPoint","urlTemplate":"https:\/\/www.distrettoagrumidisicilia.it\/fr\/?s={search_term_string}"},"query-input":"required name=search_term_string"}],"inLanguage":"fr-FR"},{"@type":"WebPage","@id":"https:\/\/www.distrettoagrumidisicilia.it\/fr\/videos\/#webpage","url":"https:\/\/www.distrettoagrumidisicilia.it\/fr\/videos\/","name":"Vid\u00e9os - District Productif Agrumes de Sicile","isPartOf":{"@id":"https:\/\/www.distrettoagrumidisicilia.it\/fr\/#website"},"datePublished":"2016-12-02T01:00:00+00:00","dateModified":"2016-12-15T11:17:18+00:00","breadcrumb":{"@id":"https:\/\/www.distrettoagrumidisicilia.it\/fr\/videos\/#breadcrumb"},"inLanguage":"fr-FR","potentialAction":[{"@type":"ReadAction","target":["https:\/\/www.distrettoagrumidisicilia.it\/fr\/videos\/"]}]},{"@type":"BreadcrumbList","@id":"https:\/\/www.distrettoagrumidisicilia.it\/fr\/videos\/#breadcrumb","itemListElement":[{"@type":"ListItem","position":1,"name":"Home","item":"https:\/\/www.distrettoagrumidisicilia.it\/fr\/"},{"@type":"ListItem","position":2,"name":"Vid\u00e9os"}]}]}},"_links":{"self":[{"href":"https:\/\/www.distrettoagrumidisicilia.it\/fr\/wp-json\/wp\/v2\/pages\/2687"}],"collection":[{"href":"https:\/\/www.distrettoagrumidisicilia.it\/fr\/wp-json\/wp\/v2\/pages"}],"about":[{"href":"https:\/\/www.distrettoagrumidisicilia.it\/fr\/wp-json\/wp\/v2\/types\/page"}],"author":[{"embeddable":true,"href":"https:\/\/www.distrettoagrumidisicilia.it\/fr\/wp-json\/wp\/v2\/users\/1"}],"replies":[{"embeddable":true,"href":"https:\/\/www.distrettoagrumidisicilia.it\/fr\/wp-json\/wp\/v2\/comments?post=2687"}],"version-history":[{"count":5,"href":"https:\/\/www.distrettoagrumidisicilia.it\/fr\/wp-json\/wp\/v2\/pages\/2687\/revisions"}],"predecessor-version":[{"id":3755,"href":"https:\/\/www.distrettoagrumidisicilia.it\/fr\/wp-json\/wp\/v2\/pages\/2687\/revisions\/3755"}],"wp:attachment":[{"href":"https:\/\/www.distrettoagrumidisicilia.it\/fr\/wp-json\/wp\/v2\/media?parent=2687"}],"curies":[{"name":"wp","href":"https:\/\/api.w.org\/{rel}","templated":true}]}}