{"id":2674,"date":"2016-11-16T12:21:35","date_gmt":"2016-11-16T12:21:35","guid":{"rendered":"http:\/\/www.distrettoagrumidisicilia.it\/projets\/routes-fleurs-orangers\/video-agrumes-sicile\/?lang=fr"},"modified":"2016-11-16T12:22:02","modified_gmt":"2016-11-16T12:22:02","slug":"video-agrumes-sicile","status":"publish","type":"page","link":"https:\/\/www.distrettoagrumidisicilia.it\/fr\/projets\/routes-fleurs-orangers\/video-agrumes-sicile\/","title":{"rendered":"Une vid\u00e9o qui d\u00e9crit pour la premi\u00e8re fois la grande fili\u00e8re des agrumes en Sicile"},"content":{"rendered":"<p class=\"abstract\">Les excellences AOP, IGP et bio \u2013 et les milliers de travailleurs du secteur \u2013 de la plus grande r\u00e9gion d\u2019agrumes d\u2019Italie.<br \/>\n<em>R\u00e9alis\u00e9e par le District Productif Agrumes de Sicile et par le MiPAAF, pr\u00e9sentation pr\u00e9vue pour le mois de juillet \u00e0 l\u2019EXPO 2015 \u00e0 Milan<\/em>.<\/p>\n<p><img id=\"imgpag\" class=\"imgpag1\" title=\"Vu au-dessus d\u0092une plantation d'agrumes en Sicile\" src=\"https:\/\/www.distrettoagrumidisicilia.it\/wp-content\/uploads\/agrumes-en-sicile1153.jpg\" alt=\"\" \/><\/p>\n<p class=\"didascalia\">La Sicile est la principale r\u00e9gion italienne productrice d\u0092agrumes<\/p>\n<p>Action C) Pr\u00e9sentation de la vid\u00e9o institutionnelle et pr\u00e9sence \u00e0 l\u2019Expo 2015.<\/p>\n<p>La premi\u00e8re <strong>vid\u00e9o institutionnelle du District Productif Agrumes de Sicile<\/strong> intitul\u00e9e \u00ab\u00a0<em>Une journ\u00e9e dans l&rsquo;\u00eele du soleil<\/em>\u00a0\u00bb raconte &#8211; pour la premi\u00e8re fois et sous forme chorale &#8211; l\u2019enti\u00e8re fili\u00e8re sicilienne des agrumes et ses employ\u00e9s\u00a0: de l\u2019ouvrier occup\u00e9 \u00e0 cueillir les fruits de l\u2019arbre sur l\u2019\u00e9chelle en bois jusqu\u2019aux silos g\u00e9ants contenant les jus extraits par les industries de transformation.<\/p>\n<p>La vid\u00e9o, r\u00e9alis\u00e9e avec le support du <strong>MiPAAF<\/strong> (Minist\u00e8re des Politiques Agricoles, Alimentaires et Foresti\u00e8res), sera pr\u00e9sent\u00e9e officiellement \u00e0 Milan au mois de juillet au public international de l\u2019<strong>Expo 2015<\/strong> par la pr\u00e9sidente du District, <strong>Federica Argentati<\/strong>. L\u2019occasion sera accompagn\u00e9e par une s\u00e9rie de s\u00e9minaires et d\u2019ateliers consacr\u00e9s \u00e0 l\u2019agrumiculture en Sicile, pr\u00e9vus \u00e0 partir de la semaine prochaine \u00e0 Milan.<\/p>\n<p>Dirig\u00e9e par le directeur <strong>Filippo Arlotta<\/strong> et accompagn\u00e9e par les musiques originales de <strong>Giovanni Seminerio<\/strong> (violoniste et compositeur), la vid\u00e9o dure quatre minutes et a d\u00e9j\u00e0 \u00e9t\u00e9 traduite en <strong>trois langues<\/strong> (l\u2019italien, l\u2019anglais et le fran\u00e7ais).<\/p>\n<p>Le District Productif Agrumes de Sicile participera \u00e0 l\u2019Expo 2015 les jours voici mentionn\u00e9s :<\/p>\n<ul>\n<li><strong>mardi 1er juillet<\/strong> (Palais d&rsquo;Italie, Auditorium, \u00e0 18h30) avec l\u2019atelier organis\u00e9 par la <strong>Conf\u00e9rence des Recteurs des Universit\u00e9s Siciliennes<\/strong> (<strong>Crus<\/strong>) intitul\u00e9 \u00ab\u00a0<strong>Biodiversit\u00e9 agricole et fili\u00e8res productives et strat\u00e9giques dans le bassin m\u00e9diterran\u00e9en. Agrumes, c\u00e9r\u00e9ales et olivier : l\u2019or de Sicile<\/strong>\u00a0\u00bb ;<\/li>\n<li>j<strong>eudi 2 juillet et dimanche 5 juillet<\/strong>, Mme Argentati participera au <strong>Cluster Bio-Mediterran\u00e9en<\/strong> (\u00e0 19h), pr\u00e9sentant la vid\u00e9o institutionnelle\u00a0;<\/li>\n<li><strong>mardi 7 juillet<\/strong> (Pavillon Italie, R\u00e9gion Sicilienne, \u00e0 17h), un atelier d\u00e9di\u00e9 au th\u00e8me \u00ab\u00a0<strong>Excellences du march\u00e9 de fruits et l\u00e9gumes siciliens. Biodiversit\u00e9, saveur et sant\u00e9<\/strong>\u00a0\u00bb aura lieu.<\/li>\n<\/ul>\n<h2>Agrumes de Sicile. Une journ\u00e9e dans l\u2019\u00eele du soleil.<\/h2>\n<p><iframe loading=\"lazy\" src=\"https:\/\/www.youtube.com\/embed\/N6SChwbd5Gw\" width=\"700\" height=\"394\" frameborder=\"0\" allowfullscreen=\"allowfullscreen\"><\/iframe><\/p>\n","protected":false},"excerpt":{"rendered":"<p>Les excellences AOP, IGP et bio \u2013 et les milliers de travailleurs du secteur \u2013 de la plus grande r\u00e9gion d\u2019agrumes d\u2019Italie. R\u00e9alis\u00e9e par le District Productif Agrumes de Sicile et par le MiPAAF, pr\u00e9sentation pr\u00e9vue pour le mois de juillet \u00e0 l\u2019EXPO 2015 \u00e0 Milan. La Sicile est la principale r\u00e9gion italienne productrice d\u0092agrumes [&hellip;]<\/p>\n","protected":false},"author":1,"featured_media":0,"parent":2646,"menu_order":1,"comment_status":"open","ping_status":"open","template":"","meta":{"_et_pb_use_builder":"","_et_pb_old_content":"","_et_gb_content_width":"","_monsterinsights_skip_tracking":false,"_monsterinsights_sitenote_active":false,"_monsterinsights_sitenote_note":"","_monsterinsights_sitenote_category":0},"yoast_head":"<!-- This site is optimized with the Yoast SEO plugin v18.2 - https:\/\/yoast.com\/wordpress\/plugins\/seo\/ -->\n<title>Une vid\u00e9o qui d\u00e9crit pour la premi\u00e8re fois la grande fili\u00e8re des agrumes en Sicile - District Productif Agrumes de Sicile<\/title>\n<meta name=\"robots\" content=\"index, follow, max-snippet:-1, max-image-preview:large, max-video-preview:-1\" \/>\n<link rel=\"canonical\" href=\"https:\/\/www.distrettoagrumidisicilia.it\/fr\/projets\/routes-fleurs-orangers\/video-agrumes-sicile\/\" \/>\n<meta property=\"og:locale\" content=\"fr_FR\" \/>\n<meta property=\"og:type\" content=\"article\" \/>\n<meta property=\"og:title\" content=\"Une vid\u00e9o qui d\u00e9crit pour la premi\u00e8re fois la grande fili\u00e8re des agrumes en Sicile - District Productif Agrumes de Sicile\" \/>\n<meta property=\"og:description\" content=\"Les excellences AOP, IGP et bio \u2013 et les milliers de travailleurs du secteur \u2013 de la plus grande r\u00e9gion d\u2019agrumes d\u2019Italie. R\u00e9alis\u00e9e par le District Productif Agrumes de Sicile et par le MiPAAF, pr\u00e9sentation pr\u00e9vue pour le mois de juillet \u00e0 l\u2019EXPO 2015 \u00e0 Milan. La Sicile est la principale r\u00e9gion italienne productrice d\u0092agrumes [&hellip;]\" \/>\n<meta property=\"og:url\" content=\"https:\/\/www.distrettoagrumidisicilia.it\/fr\/projets\/routes-fleurs-orangers\/video-agrumes-sicile\/\" \/>\n<meta property=\"og:site_name\" content=\"District Productif Agrumes de Sicile\" \/>\n<meta property=\"article:publisher\" content=\"https:\/\/www.facebook.com\/DistrettoAgrumidiSicilia\" \/>\n<meta property=\"article:modified_time\" content=\"2016-11-16T12:22:02+00:00\" \/>\n<meta property=\"og:image\" content=\"https:\/\/www.distrettoagrumidisicilia.it\/wp-content\/uploads\/agrumes-en-sicile1153.jpg\" \/>\n<meta name=\"twitter:card\" content=\"summary\" \/>\n<meta name=\"twitter:label1\" content=\"Dur\u00e9e de lecture estim\u00e9e\" \/>\n\t<meta name=\"twitter:data1\" content=\"2 minutes\" \/>\n<script type=\"application\/ld+json\" class=\"yoast-schema-graph\">{\"@context\":\"https:\/\/schema.org\",\"@graph\":[{\"@type\":\"WebSite\",\"@id\":\"https:\/\/www.distrettoagrumidisicilia.it\/fr\/#website\",\"url\":\"https:\/\/www.distrettoagrumidisicilia.it\/fr\/\",\"name\":\"District Productif Agrumes de Sicile\",\"description\":\"a territory, a shared strategy\",\"potentialAction\":[{\"@type\":\"SearchAction\",\"target\":{\"@type\":\"EntryPoint\",\"urlTemplate\":\"https:\/\/www.distrettoagrumidisicilia.it\/fr\/?s={search_term_string}\"},\"query-input\":\"required name=search_term_string\"}],\"inLanguage\":\"fr-FR\"},{\"@type\":\"ImageObject\",\"@id\":\"https:\/\/www.distrettoagrumidisicilia.it\/fr\/projets\/routes-fleurs-orangers\/video-agrumes-sicile\/#primaryimage\",\"inLanguage\":\"fr-FR\",\"url\":\"https:\/\/www.distrettoagrumidisicilia.it\/wp-content\/uploads\/agrumes-en-sicile1153.jpg\",\"contentUrl\":\"https:\/\/www.distrettoagrumidisicilia.it\/wp-content\/uploads\/agrumes-en-sicile1153.jpg\",\"width\":600,\"height\":336},{\"@type\":\"WebPage\",\"@id\":\"https:\/\/www.distrettoagrumidisicilia.it\/fr\/projets\/routes-fleurs-orangers\/video-agrumes-sicile\/#webpage\",\"url\":\"https:\/\/www.distrettoagrumidisicilia.it\/fr\/projets\/routes-fleurs-orangers\/video-agrumes-sicile\/\",\"name\":\"Une vid\u00e9o qui d\u00e9crit pour la premi\u00e8re fois la grande fili\u00e8re des agrumes en Sicile - District Productif Agrumes de Sicile\",\"isPartOf\":{\"@id\":\"https:\/\/www.distrettoagrumidisicilia.it\/fr\/#website\"},\"primaryImageOfPage\":{\"@id\":\"https:\/\/www.distrettoagrumidisicilia.it\/fr\/projets\/routes-fleurs-orangers\/video-agrumes-sicile\/#primaryimage\"},\"datePublished\":\"2016-11-16T12:21:35+00:00\",\"dateModified\":\"2016-11-16T12:22:02+00:00\",\"breadcrumb\":{\"@id\":\"https:\/\/www.distrettoagrumidisicilia.it\/fr\/projets\/routes-fleurs-orangers\/video-agrumes-sicile\/#breadcrumb\"},\"inLanguage\":\"fr-FR\",\"potentialAction\":[{\"@type\":\"ReadAction\",\"target\":[\"https:\/\/www.distrettoagrumidisicilia.it\/fr\/projets\/routes-fleurs-orangers\/video-agrumes-sicile\/\"]}]},{\"@type\":\"BreadcrumbList\",\"@id\":\"https:\/\/www.distrettoagrumidisicilia.it\/fr\/projets\/routes-fleurs-orangers\/video-agrumes-sicile\/#breadcrumb\",\"itemListElement\":[{\"@type\":\"ListItem\",\"position\":1,\"name\":\"Home\",\"item\":\"https:\/\/www.distrettoagrumidisicilia.it\/fr\/\"},{\"@type\":\"ListItem\",\"position\":2,\"name\":\"Les projets\",\"item\":\"https:\/\/www.distrettoagrumidisicilia.it\/fr\/projets\/\"},{\"@type\":\"ListItem\",\"position\":3,\"name\":\"Par &lsquo;Les routes des fleurs d&rsquo;orangers&rsquo;\",\"item\":\"https:\/\/www.distrettoagrumidisicilia.it\/fr\/projets\/routes-fleurs-orangers\/\"},{\"@type\":\"ListItem\",\"position\":4,\"name\":\"Une vid\u00e9o qui d\u00e9crit pour la premi\u00e8re fois la grande fili\u00e8re des agrumes en Sicile\"}]}]}<\/script>\n<!-- \/ Yoast SEO plugin. -->","yoast_head_json":{"title":"Une vid\u00e9o qui d\u00e9crit pour la premi\u00e8re fois la grande fili\u00e8re des agrumes en Sicile - District Productif Agrumes de Sicile","robots":{"index":"index","follow":"follow","max-snippet":"max-snippet:-1","max-image-preview":"max-image-preview:large","max-video-preview":"max-video-preview:-1"},"canonical":"https:\/\/www.distrettoagrumidisicilia.it\/fr\/projets\/routes-fleurs-orangers\/video-agrumes-sicile\/","og_locale":"fr_FR","og_type":"article","og_title":"Une vid\u00e9o qui d\u00e9crit pour la premi\u00e8re fois la grande fili\u00e8re des agrumes en Sicile - District Productif Agrumes de Sicile","og_description":"Les excellences AOP, IGP et bio \u2013 et les milliers de travailleurs du secteur \u2013 de la plus grande r\u00e9gion d\u2019agrumes d\u2019Italie. R\u00e9alis\u00e9e par le District Productif Agrumes de Sicile et par le MiPAAF, pr\u00e9sentation pr\u00e9vue pour le mois de juillet \u00e0 l\u2019EXPO 2015 \u00e0 Milan. La Sicile est la principale r\u00e9gion italienne productrice d\u0092agrumes [&hellip;]","og_url":"https:\/\/www.distrettoagrumidisicilia.it\/fr\/projets\/routes-fleurs-orangers\/video-agrumes-sicile\/","og_site_name":"District Productif Agrumes de Sicile","article_publisher":"https:\/\/www.facebook.com\/DistrettoAgrumidiSicilia","article_modified_time":"2016-11-16T12:22:02+00:00","og_image":[{"url":"https:\/\/www.distrettoagrumidisicilia.it\/wp-content\/uploads\/agrumes-en-sicile1153.jpg"}],"twitter_card":"summary","twitter_misc":{"Dur\u00e9e de lecture estim\u00e9e":"2 minutes"},"schema":{"@context":"https:\/\/schema.org","@graph":[{"@type":"WebSite","@id":"https:\/\/www.distrettoagrumidisicilia.it\/fr\/#website","url":"https:\/\/www.distrettoagrumidisicilia.it\/fr\/","name":"District Productif Agrumes de Sicile","description":"a territory, a shared strategy","potentialAction":[{"@type":"SearchAction","target":{"@type":"EntryPoint","urlTemplate":"https:\/\/www.distrettoagrumidisicilia.it\/fr\/?s={search_term_string}"},"query-input":"required name=search_term_string"}],"inLanguage":"fr-FR"},{"@type":"ImageObject","@id":"https:\/\/www.distrettoagrumidisicilia.it\/fr\/projets\/routes-fleurs-orangers\/video-agrumes-sicile\/#primaryimage","inLanguage":"fr-FR","url":"https:\/\/www.distrettoagrumidisicilia.it\/wp-content\/uploads\/agrumes-en-sicile1153.jpg","contentUrl":"https:\/\/www.distrettoagrumidisicilia.it\/wp-content\/uploads\/agrumes-en-sicile1153.jpg","width":600,"height":336},{"@type":"WebPage","@id":"https:\/\/www.distrettoagrumidisicilia.it\/fr\/projets\/routes-fleurs-orangers\/video-agrumes-sicile\/#webpage","url":"https:\/\/www.distrettoagrumidisicilia.it\/fr\/projets\/routes-fleurs-orangers\/video-agrumes-sicile\/","name":"Une vid\u00e9o qui d\u00e9crit pour la premi\u00e8re fois la grande fili\u00e8re des agrumes en Sicile - District Productif Agrumes de Sicile","isPartOf":{"@id":"https:\/\/www.distrettoagrumidisicilia.it\/fr\/#website"},"primaryImageOfPage":{"@id":"https:\/\/www.distrettoagrumidisicilia.it\/fr\/projets\/routes-fleurs-orangers\/video-agrumes-sicile\/#primaryimage"},"datePublished":"2016-11-16T12:21:35+00:00","dateModified":"2016-11-16T12:22:02+00:00","breadcrumb":{"@id":"https:\/\/www.distrettoagrumidisicilia.it\/fr\/projets\/routes-fleurs-orangers\/video-agrumes-sicile\/#breadcrumb"},"inLanguage":"fr-FR","potentialAction":[{"@type":"ReadAction","target":["https:\/\/www.distrettoagrumidisicilia.it\/fr\/projets\/routes-fleurs-orangers\/video-agrumes-sicile\/"]}]},{"@type":"BreadcrumbList","@id":"https:\/\/www.distrettoagrumidisicilia.it\/fr\/projets\/routes-fleurs-orangers\/video-agrumes-sicile\/#breadcrumb","itemListElement":[{"@type":"ListItem","position":1,"name":"Home","item":"https:\/\/www.distrettoagrumidisicilia.it\/fr\/"},{"@type":"ListItem","position":2,"name":"Les projets","item":"https:\/\/www.distrettoagrumidisicilia.it\/fr\/projets\/"},{"@type":"ListItem","position":3,"name":"Par &lsquo;Les routes des fleurs d&rsquo;orangers&rsquo;","item":"https:\/\/www.distrettoagrumidisicilia.it\/fr\/projets\/routes-fleurs-orangers\/"},{"@type":"ListItem","position":4,"name":"Une vid\u00e9o qui d\u00e9crit pour la premi\u00e8re fois la grande fili\u00e8re des agrumes en Sicile"}]}]}},"_links":{"self":[{"href":"https:\/\/www.distrettoagrumidisicilia.it\/fr\/wp-json\/wp\/v2\/pages\/2674"}],"collection":[{"href":"https:\/\/www.distrettoagrumidisicilia.it\/fr\/wp-json\/wp\/v2\/pages"}],"about":[{"href":"https:\/\/www.distrettoagrumidisicilia.it\/fr\/wp-json\/wp\/v2\/types\/page"}],"author":[{"embeddable":true,"href":"https:\/\/www.distrettoagrumidisicilia.it\/fr\/wp-json\/wp\/v2\/users\/1"}],"replies":[{"embeddable":true,"href":"https:\/\/www.distrettoagrumidisicilia.it\/fr\/wp-json\/wp\/v2\/comments?post=2674"}],"version-history":[{"count":1,"href":"https:\/\/www.distrettoagrumidisicilia.it\/fr\/wp-json\/wp\/v2\/pages\/2674\/revisions"}],"predecessor-version":[{"id":2675,"href":"https:\/\/www.distrettoagrumidisicilia.it\/fr\/wp-json\/wp\/v2\/pages\/2674\/revisions\/2675"}],"up":[{"embeddable":true,"href":"https:\/\/www.distrettoagrumidisicilia.it\/fr\/wp-json\/wp\/v2\/pages\/2646"}],"wp:attachment":[{"href":"https:\/\/www.distrettoagrumidisicilia.it\/fr\/wp-json\/wp\/v2\/media?parent=2674"}],"curies":[{"name":"wp","href":"https:\/\/api.w.org\/{rel}","templated":true}]}}