{"id":2663,"date":"2016-11-16T12:06:31","date_gmt":"2016-11-16T12:06:31","guid":{"rendered":"http:\/\/www.distrettoagrumidisicilia.it\/activites\/participation-salons-foires\/agrumes-sante-syracuse\/?lang=fr"},"modified":"2016-11-16T12:12:55","modified_gmt":"2016-11-16T12:12:55","slug":"agrumes-sante-syracuse","status":"publish","type":"page","link":"https:\/\/www.distrettoagrumidisicilia.it\/fr\/activites\/event-district-agrumes-sicile\/participation-salons-foires\/agrumes-sante-syracuse\/","title":{"rendered":"Agrumes et sant\u00e9 &#8211; Atelier \u00e0 Syracuse"},"content":{"rendered":"<p class=\"abstract\">Action D) Atelier: Les Fruits de la sant\u00e9 \u2013 Vertus et propri\u00e9t\u00e9s des agrumes frais et transform\u00e9s de Sicile &#8211; Syracuse &#8211; 28 mai 2015<\/p>\n<p><img id=\"imgpag\" class=\"imgpag1\" title=\"\" src=\"https:\/\/www.distrettoagrumidisicilia.it\/wp-content\/uploads\/fruits-atelier-syracuse3641.jpg\" alt=\"\" \/><\/p>\n<p>L\u2019atelier tenu le 28 mai 2015 \u00e0 Syracuse et organis\u00e9 par le District Productif Agrumes de Sicile dans le cadre du projet financ\u00e9 par <strong>Mipaaf<\/strong>\u00a0(<strong>Minist\u00e8re des Politiques Agricoles, Alimentaires et Foresti\u00e8res<\/strong>) s\u2019est concentr\u00e9 sur la valorisation des productions transform\u00e9es <strong>AOP<\/strong>, <strong>IGP<\/strong> et biologiques ainsi que notamment sur les vertus salutaires des agrumes.<\/p>\n<p>Parmi les protagonistes de l\u2019atelier, il y avait des influentes repr\u00e9sentants provenants de toute l&rsquo;Italie et des secteurs hospitaliers et universitaires o\u00f9 des chercheurs sont en train de r\u00e9aliser des \u00e9tudes de laboratoire et des essais cliniques sur l\u2019importance de la consommation des <strong>fruits et surtout des agrumes<\/strong>.<\/p>\n<p>Comme conclusion de l\u2019atelier, la pr\u00e9sidente du District Productif Agrumes de Sicile, <strong>Federica Argentati<\/strong>, a rapport\u00e9 le suivant\u00a0: \u00abEncourag\u00e9 aussi par ces importants r\u00e9sultats scientifiques, le Conseil d\u2019Administration du District a d\u00e9cid\u00e9 unanimement de travailler ensemble avec le Territoire, pour que le Parlement approuve un nouveau <strong>Plan Agrumes<\/strong>. Il s\u2019agirait d\u2019une nouvelle l\u00e9gislation cadre (la derni\u00e8re remonte \u00e0 l\u2019ann\u00e9e 1998) qui vise un partage r\u00e9el, afin de r\u00e9glementer le secteur et faciliter l\u2019interaction avec les organismes publics, les universit\u00e9s et les institutions de recherche en ce qui concerne les th\u00e9matiques de l\u2019innovation, de la communication et du marketing \u00e0 l\u2019\u00e9gard des excellences agrumicoles siciliennes. Une strat\u00e9gie similaire concernant la programmation UE 2014\/20 pour promouvoir l\u2019innovation du produit, devrait viser \u00e0 garantir aux consommateurs l\u2019authenticit\u00e9 des jus d\u2019agrumes strictement <em>made in Sicily<\/em>.\u00bb<\/p>\n<p>Le public qui a particip\u00e9 dans l\u2019atelier \u00e9tait compos\u00e9 par des sp\u00e9cialistes des secteurs sanitaires etagrairesainsi que par un public g\u00e9n\u00e9raliste sensible aux th\u00e8mes de l\u2019alimentation et de la sant\u00e9.<\/p>\n","protected":false},"excerpt":{"rendered":"<p>Action D) Atelier: Les Fruits de la sant\u00e9 \u2013 Vertus et propri\u00e9t\u00e9s des agrumes frais et transform\u00e9s de Sicile &#8211; Syracuse &#8211; 28 mai 2015 L\u2019atelier tenu le 28 mai 2015 \u00e0 Syracuse et organis\u00e9 par le District Productif Agrumes de Sicile dans le cadre du projet financ\u00e9 par Mipaaf\u00a0(Minist\u00e8re des Politiques Agricoles, Alimentaires et [&hellip;]<\/p>\n","protected":false},"author":1,"featured_media":0,"parent":2639,"menu_order":5,"comment_status":"open","ping_status":"open","template":"","meta":{"_et_pb_use_builder":"","_et_pb_old_content":"","_et_gb_content_width":"","_monsterinsights_skip_tracking":false,"_monsterinsights_sitenote_active":false,"_monsterinsights_sitenote_note":"","_monsterinsights_sitenote_category":0},"yoast_head":"<!-- This site is optimized with the Yoast SEO plugin v18.2 - https:\/\/yoast.com\/wordpress\/plugins\/seo\/ -->\n<title>Agrumes et sant\u00e9 - Atelier \u00e0 Syracuse - District Productif Agrumes de Sicile<\/title>\n<meta name=\"robots\" content=\"index, follow, max-snippet:-1, max-image-preview:large, max-video-preview:-1\" \/>\n<link rel=\"canonical\" href=\"https:\/\/www.distrettoagrumidisicilia.it\/fr\/activites\/event-district-agrumes-sicile\/participation-salons-foires\/agrumes-sante-syracuse\/\" \/>\n<meta property=\"og:locale\" content=\"fr_FR\" \/>\n<meta property=\"og:type\" content=\"article\" \/>\n<meta property=\"og:title\" content=\"Agrumes et sant\u00e9 - Atelier \u00e0 Syracuse - District Productif Agrumes de Sicile\" \/>\n<meta property=\"og:description\" content=\"Action D) Atelier: Les Fruits de la sant\u00e9 \u2013 Vertus et propri\u00e9t\u00e9s des agrumes frais et transform\u00e9s de Sicile &#8211; Syracuse &#8211; 28 mai 2015 L\u2019atelier tenu le 28 mai 2015 \u00e0 Syracuse et organis\u00e9 par le District Productif Agrumes de Sicile dans le cadre du projet financ\u00e9 par Mipaaf\u00a0(Minist\u00e8re des Politiques Agricoles, Alimentaires et [&hellip;]\" \/>\n<meta property=\"og:url\" content=\"https:\/\/www.distrettoagrumidisicilia.it\/fr\/activites\/event-district-agrumes-sicile\/participation-salons-foires\/agrumes-sante-syracuse\/\" \/>\n<meta property=\"og:site_name\" content=\"District Productif Agrumes de Sicile\" \/>\n<meta property=\"article:publisher\" content=\"https:\/\/www.facebook.com\/DistrettoAgrumidiSicilia\" \/>\n<meta property=\"article:modified_time\" content=\"2016-11-16T12:12:55+00:00\" \/>\n<meta property=\"og:image\" content=\"https:\/\/www.distrettoagrumidisicilia.it\/wp-content\/uploads\/fruits-atelier-syracuse3641.jpg\" \/>\n<meta name=\"twitter:card\" content=\"summary\" \/>\n<meta name=\"twitter:label1\" content=\"Dur\u00e9e de lecture estim\u00e9e\" \/>\n\t<meta name=\"twitter:data1\" content=\"2 minutes\" \/>\n<script type=\"application\/ld+json\" class=\"yoast-schema-graph\">{\"@context\":\"https:\/\/schema.org\",\"@graph\":[{\"@type\":\"WebSite\",\"@id\":\"https:\/\/www.distrettoagrumidisicilia.it\/fr\/#website\",\"url\":\"https:\/\/www.distrettoagrumidisicilia.it\/fr\/\",\"name\":\"District Productif Agrumes de Sicile\",\"description\":\"a territory, a shared strategy\",\"potentialAction\":[{\"@type\":\"SearchAction\",\"target\":{\"@type\":\"EntryPoint\",\"urlTemplate\":\"https:\/\/www.distrettoagrumidisicilia.it\/fr\/?s={search_term_string}\"},\"query-input\":\"required name=search_term_string\"}],\"inLanguage\":\"fr-FR\"},{\"@type\":\"ImageObject\",\"@id\":\"https:\/\/www.distrettoagrumidisicilia.it\/fr\/activites\/event-district-agrumes-sicile\/participation-salons-foires\/agrumes-sante-syracuse\/#primaryimage\",\"inLanguage\":\"fr-FR\",\"url\":\"https:\/\/www.distrettoagrumidisicilia.it\/wp-content\/uploads\/fruits-atelier-syracuse3641.jpg\",\"contentUrl\":\"https:\/\/www.distrettoagrumidisicilia.it\/wp-content\/uploads\/fruits-atelier-syracuse3641.jpg\",\"width\":600,\"height\":386},{\"@type\":\"WebPage\",\"@id\":\"https:\/\/www.distrettoagrumidisicilia.it\/fr\/activites\/event-district-agrumes-sicile\/participation-salons-foires\/agrumes-sante-syracuse\/#webpage\",\"url\":\"https:\/\/www.distrettoagrumidisicilia.it\/fr\/activites\/event-district-agrumes-sicile\/participation-salons-foires\/agrumes-sante-syracuse\/\",\"name\":\"Agrumes et sant\u00e9 - Atelier \u00e0 Syracuse - District Productif Agrumes de Sicile\",\"isPartOf\":{\"@id\":\"https:\/\/www.distrettoagrumidisicilia.it\/fr\/#website\"},\"primaryImageOfPage\":{\"@id\":\"https:\/\/www.distrettoagrumidisicilia.it\/fr\/activites\/event-district-agrumes-sicile\/participation-salons-foires\/agrumes-sante-syracuse\/#primaryimage\"},\"datePublished\":\"2016-11-16T12:06:31+00:00\",\"dateModified\":\"2016-11-16T12:12:55+00:00\",\"breadcrumb\":{\"@id\":\"https:\/\/www.distrettoagrumidisicilia.it\/fr\/activites\/event-district-agrumes-sicile\/participation-salons-foires\/agrumes-sante-syracuse\/#breadcrumb\"},\"inLanguage\":\"fr-FR\",\"potentialAction\":[{\"@type\":\"ReadAction\",\"target\":[\"https:\/\/www.distrettoagrumidisicilia.it\/fr\/activites\/event-district-agrumes-sicile\/participation-salons-foires\/agrumes-sante-syracuse\/\"]}]},{\"@type\":\"BreadcrumbList\",\"@id\":\"https:\/\/www.distrettoagrumidisicilia.it\/fr\/activites\/event-district-agrumes-sicile\/participation-salons-foires\/agrumes-sante-syracuse\/#breadcrumb\",\"itemListElement\":[{\"@type\":\"ListItem\",\"position\":1,\"name\":\"Home\",\"item\":\"https:\/\/www.distrettoagrumidisicilia.it\/fr\/\"},{\"@type\":\"ListItem\",\"position\":2,\"name\":\"Les activit\u00e9s\",\"item\":\"https:\/\/www.distrettoagrumidisicilia.it\/fr\/activites\/\"},{\"@type\":\"ListItem\",\"position\":3,\"name\":\"\u00c9v\u00e9nements\",\"item\":\"https:\/\/www.distrettoagrumidisicilia.it\/fr\/activites\/event-district-agrumes-sicile\/\"},{\"@type\":\"ListItem\",\"position\":4,\"name\":\"Participation \u00e0 des salons, foires, conf\u00e9rences et rencontres\",\"item\":\"https:\/\/www.distrettoagrumidisicilia.it\/fr\/activites\/event-district-agrumes-sicile\/participation-salons-foires\/\"},{\"@type\":\"ListItem\",\"position\":5,\"name\":\"Agrumes et sant\u00e9 &#8211; Atelier \u00e0 Syracuse\"}]}]}<\/script>\n<!-- \/ Yoast SEO plugin. -->","yoast_head_json":{"title":"Agrumes et sant\u00e9 - Atelier \u00e0 Syracuse - District Productif Agrumes de Sicile","robots":{"index":"index","follow":"follow","max-snippet":"max-snippet:-1","max-image-preview":"max-image-preview:large","max-video-preview":"max-video-preview:-1"},"canonical":"https:\/\/www.distrettoagrumidisicilia.it\/fr\/activites\/event-district-agrumes-sicile\/participation-salons-foires\/agrumes-sante-syracuse\/","og_locale":"fr_FR","og_type":"article","og_title":"Agrumes et sant\u00e9 - Atelier \u00e0 Syracuse - District Productif Agrumes de Sicile","og_description":"Action D) Atelier: Les Fruits de la sant\u00e9 \u2013 Vertus et propri\u00e9t\u00e9s des agrumes frais et transform\u00e9s de Sicile &#8211; Syracuse &#8211; 28 mai 2015 L\u2019atelier tenu le 28 mai 2015 \u00e0 Syracuse et organis\u00e9 par le District Productif Agrumes de Sicile dans le cadre du projet financ\u00e9 par Mipaaf\u00a0(Minist\u00e8re des Politiques Agricoles, Alimentaires et [&hellip;]","og_url":"https:\/\/www.distrettoagrumidisicilia.it\/fr\/activites\/event-district-agrumes-sicile\/participation-salons-foires\/agrumes-sante-syracuse\/","og_site_name":"District Productif Agrumes de Sicile","article_publisher":"https:\/\/www.facebook.com\/DistrettoAgrumidiSicilia","article_modified_time":"2016-11-16T12:12:55+00:00","og_image":[{"url":"https:\/\/www.distrettoagrumidisicilia.it\/wp-content\/uploads\/fruits-atelier-syracuse3641.jpg"}],"twitter_card":"summary","twitter_misc":{"Dur\u00e9e de lecture estim\u00e9e":"2 minutes"},"schema":{"@context":"https:\/\/schema.org","@graph":[{"@type":"WebSite","@id":"https:\/\/www.distrettoagrumidisicilia.it\/fr\/#website","url":"https:\/\/www.distrettoagrumidisicilia.it\/fr\/","name":"District Productif Agrumes de Sicile","description":"a territory, a shared strategy","potentialAction":[{"@type":"SearchAction","target":{"@type":"EntryPoint","urlTemplate":"https:\/\/www.distrettoagrumidisicilia.it\/fr\/?s={search_term_string}"},"query-input":"required name=search_term_string"}],"inLanguage":"fr-FR"},{"@type":"ImageObject","@id":"https:\/\/www.distrettoagrumidisicilia.it\/fr\/activites\/event-district-agrumes-sicile\/participation-salons-foires\/agrumes-sante-syracuse\/#primaryimage","inLanguage":"fr-FR","url":"https:\/\/www.distrettoagrumidisicilia.it\/wp-content\/uploads\/fruits-atelier-syracuse3641.jpg","contentUrl":"https:\/\/www.distrettoagrumidisicilia.it\/wp-content\/uploads\/fruits-atelier-syracuse3641.jpg","width":600,"height":386},{"@type":"WebPage","@id":"https:\/\/www.distrettoagrumidisicilia.it\/fr\/activites\/event-district-agrumes-sicile\/participation-salons-foires\/agrumes-sante-syracuse\/#webpage","url":"https:\/\/www.distrettoagrumidisicilia.it\/fr\/activites\/event-district-agrumes-sicile\/participation-salons-foires\/agrumes-sante-syracuse\/","name":"Agrumes et sant\u00e9 - Atelier \u00e0 Syracuse - District Productif Agrumes de Sicile","isPartOf":{"@id":"https:\/\/www.distrettoagrumidisicilia.it\/fr\/#website"},"primaryImageOfPage":{"@id":"https:\/\/www.distrettoagrumidisicilia.it\/fr\/activites\/event-district-agrumes-sicile\/participation-salons-foires\/agrumes-sante-syracuse\/#primaryimage"},"datePublished":"2016-11-16T12:06:31+00:00","dateModified":"2016-11-16T12:12:55+00:00","breadcrumb":{"@id":"https:\/\/www.distrettoagrumidisicilia.it\/fr\/activites\/event-district-agrumes-sicile\/participation-salons-foires\/agrumes-sante-syracuse\/#breadcrumb"},"inLanguage":"fr-FR","potentialAction":[{"@type":"ReadAction","target":["https:\/\/www.distrettoagrumidisicilia.it\/fr\/activites\/event-district-agrumes-sicile\/participation-salons-foires\/agrumes-sante-syracuse\/"]}]},{"@type":"BreadcrumbList","@id":"https:\/\/www.distrettoagrumidisicilia.it\/fr\/activites\/event-district-agrumes-sicile\/participation-salons-foires\/agrumes-sante-syracuse\/#breadcrumb","itemListElement":[{"@type":"ListItem","position":1,"name":"Home","item":"https:\/\/www.distrettoagrumidisicilia.it\/fr\/"},{"@type":"ListItem","position":2,"name":"Les activit\u00e9s","item":"https:\/\/www.distrettoagrumidisicilia.it\/fr\/activites\/"},{"@type":"ListItem","position":3,"name":"\u00c9v\u00e9nements","item":"https:\/\/www.distrettoagrumidisicilia.it\/fr\/activites\/event-district-agrumes-sicile\/"},{"@type":"ListItem","position":4,"name":"Participation \u00e0 des salons, foires, conf\u00e9rences et rencontres","item":"https:\/\/www.distrettoagrumidisicilia.it\/fr\/activites\/event-district-agrumes-sicile\/participation-salons-foires\/"},{"@type":"ListItem","position":5,"name":"Agrumes et sant\u00e9 &#8211; Atelier \u00e0 Syracuse"}]}]}},"_links":{"self":[{"href":"https:\/\/www.distrettoagrumidisicilia.it\/fr\/wp-json\/wp\/v2\/pages\/2663"}],"collection":[{"href":"https:\/\/www.distrettoagrumidisicilia.it\/fr\/wp-json\/wp\/v2\/pages"}],"about":[{"href":"https:\/\/www.distrettoagrumidisicilia.it\/fr\/wp-json\/wp\/v2\/types\/page"}],"author":[{"embeddable":true,"href":"https:\/\/www.distrettoagrumidisicilia.it\/fr\/wp-json\/wp\/v2\/users\/1"}],"replies":[{"embeddable":true,"href":"https:\/\/www.distrettoagrumidisicilia.it\/fr\/wp-json\/wp\/v2\/comments?post=2663"}],"version-history":[{"count":1,"href":"https:\/\/www.distrettoagrumidisicilia.it\/fr\/wp-json\/wp\/v2\/pages\/2663\/revisions"}],"predecessor-version":[{"id":2669,"href":"https:\/\/www.distrettoagrumidisicilia.it\/fr\/wp-json\/wp\/v2\/pages\/2663\/revisions\/2669"}],"up":[{"embeddable":true,"href":"https:\/\/www.distrettoagrumidisicilia.it\/fr\/wp-json\/wp\/v2\/pages\/2639"}],"wp:attachment":[{"href":"https:\/\/www.distrettoagrumidisicilia.it\/fr\/wp-json\/wp\/v2\/media?parent=2663"}],"curies":[{"name":"wp","href":"https:\/\/api.w.org\/{rel}","templated":true}]}}