{"id":2662,"date":"2016-11-16T12:06:31","date_gmt":"2016-11-16T12:06:31","guid":{"rendered":"http:\/\/www.distrettoagrumidisicilia.it\/activites\/participation-salons-foires\/filiere-agrumicole-sicilienne\/?lang=fr"},"modified":"2016-11-16T12:12:29","modified_gmt":"2016-11-16T12:12:29","slug":"filiere-agrumicole-sicilienne","status":"publish","type":"page","link":"https:\/\/www.distrettoagrumidisicilia.it\/fr\/activites\/event-district-agrumes-sicile\/participation-salons-foires\/filiere-agrumicole-sicilienne\/","title":{"rendered":"Sur les routes des fleurs d\u0092orangers, \u00e0 la d\u00e9couverte de la fili\u00e8re agrumicole sicilienne de qualit\u00e9"},"content":{"rendered":"<p class=\"abstract\"><strong>Rome, mercredi 30 septembre 2015, 11h00<\/strong><br \/>\nSalle de conf\u00e9rence Parlamentino chez le Corps Forestier d\u2019Etat, Minist\u00e8re des Politiques Agricoles, via Venti Settembre<\/p>\n<p><img id=\"imgpag\" class=\"imgpag1\" title=\"\" src=\"https:\/\/www.distrettoagrumidisicilia.it\/wp-content\/uploads\/invito469.jpg\" alt=\"\" \/><\/p>\n<p>L\u2019objectif de l\u2019atelier est de contribuer \u00e0 rendre visible les propositions op\u00e9ratives et les conseils sp\u00e9cifiques pour les repr\u00e9sentantes institutionnels. Le but est aussi celui de donner la plus grande visibilit\u00e9 possible aux produits, \u00e0 la fili\u00e8re, au territoire et, en d\u00e9finitive, \u00e0 l\u2019\u00e9conomie li\u00e9e au secteur agrumicole. Mais il s\u2019agit \u00e9galement de soutenir la volont\u00e9 retrouv\u00e9e de pouvoir se r\u00e9organiser selon les exigences et \u00e0 travers l\u2019innovation du syst\u00e8me, qui a \u00e9t\u00e9 partag\u00e9e dans le Pacte de D\u00e9veloppement du District Productif Agrumes de Sicile et ensuite approuv\u00e9 par la R\u00e9gion Sicilienne.<\/p>\n<h2>Programme<\/h2>\n<blockquote><p><strong>11h00<\/strong> Accueil des participants ;<\/p>\n<p><strong>11h20<\/strong> Projection de la vid\u00e9o institutionnelle \u00ab<a href=\"https:\/\/www.youtube.com\/watch?v=8a51VdHxG4Y\">Agrumes de Sicile\u00a0: Un jour sur l&rsquo;\u00eele du soleil<\/a>\u00bb;<\/p>\n<p><strong>11h30<\/strong> Federica Argentati, Pr\u00e9sidente du <a href=\"https:\/\/www.distrettoagrumidisicilia.it\/\">District Productif Agrumes de Sicile<\/a>. Pr\u00e9sentation du District Productif Agrumes de Sicile;<\/p>\n<p><strong>11h40<\/strong>\u00a0Corrado Vigo, Pr\u00e9sident de la <a href=\"http:\/\/www.conaf.it\/sicilia\">F\u00e9d\u00e9ration R\u00e9gionale des Docteurs Agronomes et Forestiers de la Sicile<\/a>. L&rsquo;agrumiculture sicilienne en chiffres.<\/p><\/blockquote>\n<h2>Propositions de la fili\u00e8re<\/h2>\n<blockquote><p><strong>11h50<\/strong>\u00a0Rosa Giovanna Castagna, Coordinatrice de Agrinsieme Sicilia;<\/p>\n<p><strong>12h00<\/strong> Alessandro Chiarelli, Pr\u00e9sident de Coldiretti Sicilia;<\/p>\n<p><strong>12h10<\/strong> Salvatore Laudani, Pr\u00e9sident de Fruit Imprese Sicilia;<\/p>\n<p><strong>12h20<\/strong> Vilfredo Raymo, Pr\u00e9sident de l&rsquo;Association des industries agrumicoles adh\u00e9rentes \u00e0 la section italienne du C.L.A.M.<\/p><\/blockquote>\n<h2>Point de vue de la politique<\/h2>\n<blockquote><p><strong>12h30<\/strong> Rosaria Barresi, Conseill\u00e8re de l\u2019Agriculture R\u00e9gionale sicilienne\u00a0;<\/p>\n<p><strong>12h40<\/strong> Interventions pr\u00e9vues;<\/p>\n<p><strong>13h15<\/strong> Conclusions, Giuseppe Castiglione, Secr\u00e9taire d&rsquo;\u00c9tat aux Politiques Agricoles et Foresti\u00e8res.<\/p><\/blockquote>\n<h2><em>Intervenants invit\u00e9s \u00e0 participer<\/em><\/h2>\n<ul>\n<li><em>Parlementaires R\u00e9gionaux du S\u00e9nat et de la Chambre des D\u00e9put\u00e9s, Parlementaires de l\u2019ARS<\/em>;<\/li>\n<li><em>Presse r\u00e9gionale et nationale<\/em>;<\/li>\n<li><em>Repr\u00e9sentants des associations patronales et f\u00e9d\u00e9rations professionnelles nationales<\/em>;<\/li>\n<li><em>Repr\u00e9sentants du monde de la recherche scientifique<\/em>;<\/li>\n<li><em>Un public averti et les experts du secteur<\/em>.<\/li>\n<\/ul>\n<p><strong>Mod\u00e9rateur<\/strong>: Paolo Borrometi, journaliste de Agenzia AGI<\/p>\n<p style=\"text-align: center; margin: 45px 0px 45px 0px; font-size: 22px;\">L&rsquo;inscription est gratuite et obligatoire \u00e0 l\u2019atelier<\/p>\n<p style=\"color: #ea6d35; font-weight: bold; margin: 0px 0px 0px 22px; font-size: 12px;\"><img loading=\"lazy\" class=\"alignnone wp-image-1736 size-thumbnail\" src=\"https:\/\/www.distrettoagrumidisicilia.it\/wp-content\/uploads\/logo_arancia-rossa-150x150.png\" alt=\"logo_arancia-rossa\" width=\"150\" height=\"150\" srcset=\"https:\/\/www.distrettoagrumidisicilia.it\/wp-content\/uploads\/logo_arancia-rossa-150x150.png 150w, https:\/\/www.distrettoagrumidisicilia.it\/wp-content\/uploads\/logo_arancia-rossa.png 300w\" sizes=\"(max-width: 150px) 100vw, 150px\" \/> <img loading=\"lazy\" class=\"alignnone wp-image-1738 size-thumbnail\" src=\"https:\/\/www.distrettoagrumidisicilia.it\/wp-content\/uploads\/logo_limone-siracusa-150x150.png\" alt=\"logo_limone-siracusa\" width=\"150\" height=\"150\" \/> <img loading=\"lazy\" class=\"alignnone wp-image-1739 size-thumbnail\" src=\"https:\/\/www.distrettoagrumidisicilia.it\/wp-content\/uploads\/logo-arancia-ribera-150x150.png\" alt=\"logo-arancia-ribera\" width=\"150\" height=\"150\" \/><img loading=\"lazy\" class=\"alignnone wp-image-1737 size-thumbnail\" src=\"https:\/\/www.distrettoagrumidisicilia.it\/wp-content\/uploads\/logo_limone-interdonato-150x150.png\" alt=\"logo_limone-interdonato\" width=\"150\" height=\"150\" srcset=\"https:\/\/www.distrettoagrumidisicilia.it\/wp-content\/uploads\/logo_limone-interdonato-150x150.png 150w, https:\/\/www.distrettoagrumidisicilia.it\/wp-content\/uploads\/logo_limone-interdonato.png 300w\" sizes=\"(max-width: 150px) 100vw, 150px\" \/> <img loading=\"lazy\" class=\"alignnone wp-image-1735\" src=\"https:\/\/www.distrettoagrumidisicilia.it\/wp-content\/uploads\/biologico-logo.png\" alt=\"biologico-logo\" width=\"150\" height=\"100\" \/><\/p>\n<p><strong><span style=\"color: #ea6d35;\">un territorio, una strategia condivisa<\/span> | <span style=\"color: #3d723e;\">a territory, a shared strategy<\/span> | <span style=\"color: #99c24c;\">un territorie, une strat\u00e9gie commune<\/span><\/strong><\/p>\n","protected":false},"excerpt":{"rendered":"<p>Rome, mercredi 30 septembre 2015, 11h00 Salle de conf\u00e9rence Parlamentino chez le Corps Forestier d\u2019Etat, Minist\u00e8re des Politiques Agricoles, via Venti Settembre L\u2019objectif de l\u2019atelier est de contribuer \u00e0 rendre visible les propositions op\u00e9ratives et les conseils sp\u00e9cifiques pour les repr\u00e9sentantes institutionnels. Le but est aussi celui de donner la plus grande visibilit\u00e9 possible aux [&hellip;]<\/p>\n","protected":false},"author":1,"featured_media":0,"parent":2639,"menu_order":4,"comment_status":"open","ping_status":"open","template":"","meta":{"_et_pb_use_builder":"","_et_pb_old_content":"","_et_gb_content_width":"","_monsterinsights_skip_tracking":false,"_monsterinsights_sitenote_active":false,"_monsterinsights_sitenote_note":"","_monsterinsights_sitenote_category":0},"yoast_head":"<!-- This site is optimized with the Yoast SEO plugin v18.2 - https:\/\/yoast.com\/wordpress\/plugins\/seo\/ -->\n<title>Sur les routes des fleurs d\u0092orangers, \u00e0 la d\u00e9couverte de la fili\u00e8re agrumicole sicilienne de qualit\u00e9 - District Productif Agrumes de Sicile<\/title>\n<meta name=\"robots\" content=\"index, follow, max-snippet:-1, max-image-preview:large, max-video-preview:-1\" \/>\n<link rel=\"canonical\" href=\"https:\/\/www.distrettoagrumidisicilia.it\/fr\/activites\/event-district-agrumes-sicile\/participation-salons-foires\/filiere-agrumicole-sicilienne\/\" \/>\n<meta property=\"og:locale\" content=\"fr_FR\" \/>\n<meta property=\"og:type\" content=\"article\" \/>\n<meta property=\"og:title\" content=\"Sur les routes des fleurs d\u0092orangers, \u00e0 la d\u00e9couverte de la fili\u00e8re agrumicole sicilienne de qualit\u00e9 - District Productif Agrumes de Sicile\" \/>\n<meta property=\"og:description\" content=\"Rome, mercredi 30 septembre 2015, 11h00 Salle de conf\u00e9rence Parlamentino chez le Corps Forestier d\u2019Etat, Minist\u00e8re des Politiques Agricoles, via Venti Settembre L\u2019objectif de l\u2019atelier est de contribuer \u00e0 rendre visible les propositions op\u00e9ratives et les conseils sp\u00e9cifiques pour les repr\u00e9sentantes institutionnels. Le but est aussi celui de donner la plus grande visibilit\u00e9 possible aux [&hellip;]\" \/>\n<meta property=\"og:url\" content=\"https:\/\/www.distrettoagrumidisicilia.it\/fr\/activites\/event-district-agrumes-sicile\/participation-salons-foires\/filiere-agrumicole-sicilienne\/\" \/>\n<meta property=\"og:site_name\" content=\"District Productif Agrumes de Sicile\" \/>\n<meta property=\"article:publisher\" content=\"https:\/\/www.facebook.com\/DistrettoAgrumidiSicilia\" \/>\n<meta property=\"article:modified_time\" content=\"2016-11-16T12:12:29+00:00\" \/>\n<meta property=\"og:image\" content=\"https:\/\/www.distrettoagrumidisicilia.it\/wp-content\/uploads\/invito469.jpg\" \/>\n<meta name=\"twitter:card\" content=\"summary\" \/>\n<meta name=\"twitter:label1\" content=\"Dur\u00e9e de lecture estim\u00e9e\" \/>\n\t<meta name=\"twitter:data1\" content=\"2 minutes\" \/>\n<script type=\"application\/ld+json\" class=\"yoast-schema-graph\">{\"@context\":\"https:\/\/schema.org\",\"@graph\":[{\"@type\":\"WebSite\",\"@id\":\"https:\/\/www.distrettoagrumidisicilia.it\/fr\/#website\",\"url\":\"https:\/\/www.distrettoagrumidisicilia.it\/fr\/\",\"name\":\"District Productif Agrumes de Sicile\",\"description\":\"a territory, a shared strategy\",\"potentialAction\":[{\"@type\":\"SearchAction\",\"target\":{\"@type\":\"EntryPoint\",\"urlTemplate\":\"https:\/\/www.distrettoagrumidisicilia.it\/fr\/?s={search_term_string}\"},\"query-input\":\"required name=search_term_string\"}],\"inLanguage\":\"fr-FR\"},{\"@type\":\"ImageObject\",\"@id\":\"https:\/\/www.distrettoagrumidisicilia.it\/fr\/activites\/event-district-agrumes-sicile\/participation-salons-foires\/filiere-agrumicole-sicilienne\/#primaryimage\",\"inLanguage\":\"fr-FR\",\"url\":\"https:\/\/www.distrettoagrumidisicilia.it\/wp-content\/uploads\/invito469.jpg\",\"contentUrl\":\"https:\/\/www.distrettoagrumidisicilia.it\/wp-content\/uploads\/invito469.jpg\",\"width\":600,\"height\":381},{\"@type\":\"WebPage\",\"@id\":\"https:\/\/www.distrettoagrumidisicilia.it\/fr\/activites\/event-district-agrumes-sicile\/participation-salons-foires\/filiere-agrumicole-sicilienne\/#webpage\",\"url\":\"https:\/\/www.distrettoagrumidisicilia.it\/fr\/activites\/event-district-agrumes-sicile\/participation-salons-foires\/filiere-agrumicole-sicilienne\/\",\"name\":\"Sur les routes des fleurs d\u0092orangers, \u00e0 la d\u00e9couverte de la fili\u00e8re agrumicole sicilienne de qualit\u00e9 - District Productif Agrumes de Sicile\",\"isPartOf\":{\"@id\":\"https:\/\/www.distrettoagrumidisicilia.it\/fr\/#website\"},\"primaryImageOfPage\":{\"@id\":\"https:\/\/www.distrettoagrumidisicilia.it\/fr\/activites\/event-district-agrumes-sicile\/participation-salons-foires\/filiere-agrumicole-sicilienne\/#primaryimage\"},\"datePublished\":\"2016-11-16T12:06:31+00:00\",\"dateModified\":\"2016-11-16T12:12:29+00:00\",\"breadcrumb\":{\"@id\":\"https:\/\/www.distrettoagrumidisicilia.it\/fr\/activites\/event-district-agrumes-sicile\/participation-salons-foires\/filiere-agrumicole-sicilienne\/#breadcrumb\"},\"inLanguage\":\"fr-FR\",\"potentialAction\":[{\"@type\":\"ReadAction\",\"target\":[\"https:\/\/www.distrettoagrumidisicilia.it\/fr\/activites\/event-district-agrumes-sicile\/participation-salons-foires\/filiere-agrumicole-sicilienne\/\"]}]},{\"@type\":\"BreadcrumbList\",\"@id\":\"https:\/\/www.distrettoagrumidisicilia.it\/fr\/activites\/event-district-agrumes-sicile\/participation-salons-foires\/filiere-agrumicole-sicilienne\/#breadcrumb\",\"itemListElement\":[{\"@type\":\"ListItem\",\"position\":1,\"name\":\"Home\",\"item\":\"https:\/\/www.distrettoagrumidisicilia.it\/fr\/\"},{\"@type\":\"ListItem\",\"position\":2,\"name\":\"Les activit\u00e9s\",\"item\":\"https:\/\/www.distrettoagrumidisicilia.it\/fr\/activites\/\"},{\"@type\":\"ListItem\",\"position\":3,\"name\":\"\u00c9v\u00e9nements\",\"item\":\"https:\/\/www.distrettoagrumidisicilia.it\/fr\/activites\/event-district-agrumes-sicile\/\"},{\"@type\":\"ListItem\",\"position\":4,\"name\":\"Participation \u00e0 des salons, foires, conf\u00e9rences et rencontres\",\"item\":\"https:\/\/www.distrettoagrumidisicilia.it\/fr\/activites\/event-district-agrumes-sicile\/participation-salons-foires\/\"},{\"@type\":\"ListItem\",\"position\":5,\"name\":\"Sur les routes des fleurs d\u0092orangers, \u00e0 la d\u00e9couverte de la fili\u00e8re agrumicole sicilienne de qualit\u00e9\"}]}]}<\/script>\n<!-- \/ Yoast SEO plugin. -->","yoast_head_json":{"title":"Sur les routes des fleurs d\u0092orangers, \u00e0 la d\u00e9couverte de la fili\u00e8re agrumicole sicilienne de qualit\u00e9 - District Productif Agrumes de Sicile","robots":{"index":"index","follow":"follow","max-snippet":"max-snippet:-1","max-image-preview":"max-image-preview:large","max-video-preview":"max-video-preview:-1"},"canonical":"https:\/\/www.distrettoagrumidisicilia.it\/fr\/activites\/event-district-agrumes-sicile\/participation-salons-foires\/filiere-agrumicole-sicilienne\/","og_locale":"fr_FR","og_type":"article","og_title":"Sur les routes des fleurs d\u0092orangers, \u00e0 la d\u00e9couverte de la fili\u00e8re agrumicole sicilienne de qualit\u00e9 - District Productif Agrumes de Sicile","og_description":"Rome, mercredi 30 septembre 2015, 11h00 Salle de conf\u00e9rence Parlamentino chez le Corps Forestier d\u2019Etat, Minist\u00e8re des Politiques Agricoles, via Venti Settembre L\u2019objectif de l\u2019atelier est de contribuer \u00e0 rendre visible les propositions op\u00e9ratives et les conseils sp\u00e9cifiques pour les repr\u00e9sentantes institutionnels. Le but est aussi celui de donner la plus grande visibilit\u00e9 possible aux [&hellip;]","og_url":"https:\/\/www.distrettoagrumidisicilia.it\/fr\/activites\/event-district-agrumes-sicile\/participation-salons-foires\/filiere-agrumicole-sicilienne\/","og_site_name":"District Productif Agrumes de Sicile","article_publisher":"https:\/\/www.facebook.com\/DistrettoAgrumidiSicilia","article_modified_time":"2016-11-16T12:12:29+00:00","og_image":[{"url":"https:\/\/www.distrettoagrumidisicilia.it\/wp-content\/uploads\/invito469.jpg"}],"twitter_card":"summary","twitter_misc":{"Dur\u00e9e de lecture estim\u00e9e":"2 minutes"},"schema":{"@context":"https:\/\/schema.org","@graph":[{"@type":"WebSite","@id":"https:\/\/www.distrettoagrumidisicilia.it\/fr\/#website","url":"https:\/\/www.distrettoagrumidisicilia.it\/fr\/","name":"District Productif Agrumes de Sicile","description":"a territory, a shared strategy","potentialAction":[{"@type":"SearchAction","target":{"@type":"EntryPoint","urlTemplate":"https:\/\/www.distrettoagrumidisicilia.it\/fr\/?s={search_term_string}"},"query-input":"required name=search_term_string"}],"inLanguage":"fr-FR"},{"@type":"ImageObject","@id":"https:\/\/www.distrettoagrumidisicilia.it\/fr\/activites\/event-district-agrumes-sicile\/participation-salons-foires\/filiere-agrumicole-sicilienne\/#primaryimage","inLanguage":"fr-FR","url":"https:\/\/www.distrettoagrumidisicilia.it\/wp-content\/uploads\/invito469.jpg","contentUrl":"https:\/\/www.distrettoagrumidisicilia.it\/wp-content\/uploads\/invito469.jpg","width":600,"height":381},{"@type":"WebPage","@id":"https:\/\/www.distrettoagrumidisicilia.it\/fr\/activites\/event-district-agrumes-sicile\/participation-salons-foires\/filiere-agrumicole-sicilienne\/#webpage","url":"https:\/\/www.distrettoagrumidisicilia.it\/fr\/activites\/event-district-agrumes-sicile\/participation-salons-foires\/filiere-agrumicole-sicilienne\/","name":"Sur les routes des fleurs d\u0092orangers, \u00e0 la d\u00e9couverte de la fili\u00e8re agrumicole sicilienne de qualit\u00e9 - District Productif Agrumes de Sicile","isPartOf":{"@id":"https:\/\/www.distrettoagrumidisicilia.it\/fr\/#website"},"primaryImageOfPage":{"@id":"https:\/\/www.distrettoagrumidisicilia.it\/fr\/activites\/event-district-agrumes-sicile\/participation-salons-foires\/filiere-agrumicole-sicilienne\/#primaryimage"},"datePublished":"2016-11-16T12:06:31+00:00","dateModified":"2016-11-16T12:12:29+00:00","breadcrumb":{"@id":"https:\/\/www.distrettoagrumidisicilia.it\/fr\/activites\/event-district-agrumes-sicile\/participation-salons-foires\/filiere-agrumicole-sicilienne\/#breadcrumb"},"inLanguage":"fr-FR","potentialAction":[{"@type":"ReadAction","target":["https:\/\/www.distrettoagrumidisicilia.it\/fr\/activites\/event-district-agrumes-sicile\/participation-salons-foires\/filiere-agrumicole-sicilienne\/"]}]},{"@type":"BreadcrumbList","@id":"https:\/\/www.distrettoagrumidisicilia.it\/fr\/activites\/event-district-agrumes-sicile\/participation-salons-foires\/filiere-agrumicole-sicilienne\/#breadcrumb","itemListElement":[{"@type":"ListItem","position":1,"name":"Home","item":"https:\/\/www.distrettoagrumidisicilia.it\/fr\/"},{"@type":"ListItem","position":2,"name":"Les activit\u00e9s","item":"https:\/\/www.distrettoagrumidisicilia.it\/fr\/activites\/"},{"@type":"ListItem","position":3,"name":"\u00c9v\u00e9nements","item":"https:\/\/www.distrettoagrumidisicilia.it\/fr\/activites\/event-district-agrumes-sicile\/"},{"@type":"ListItem","position":4,"name":"Participation \u00e0 des salons, foires, conf\u00e9rences et rencontres","item":"https:\/\/www.distrettoagrumidisicilia.it\/fr\/activites\/event-district-agrumes-sicile\/participation-salons-foires\/"},{"@type":"ListItem","position":5,"name":"Sur les routes des fleurs d\u0092orangers, \u00e0 la d\u00e9couverte de la fili\u00e8re agrumicole sicilienne de qualit\u00e9"}]}]}},"_links":{"self":[{"href":"https:\/\/www.distrettoagrumidisicilia.it\/fr\/wp-json\/wp\/v2\/pages\/2662"}],"collection":[{"href":"https:\/\/www.distrettoagrumidisicilia.it\/fr\/wp-json\/wp\/v2\/pages"}],"about":[{"href":"https:\/\/www.distrettoagrumidisicilia.it\/fr\/wp-json\/wp\/v2\/types\/page"}],"author":[{"embeddable":true,"href":"https:\/\/www.distrettoagrumidisicilia.it\/fr\/wp-json\/wp\/v2\/users\/1"}],"replies":[{"embeddable":true,"href":"https:\/\/www.distrettoagrumidisicilia.it\/fr\/wp-json\/wp\/v2\/comments?post=2662"}],"version-history":[{"count":2,"href":"https:\/\/www.distrettoagrumidisicilia.it\/fr\/wp-json\/wp\/v2\/pages\/2662\/revisions"}],"predecessor-version":[{"id":2668,"href":"https:\/\/www.distrettoagrumidisicilia.it\/fr\/wp-json\/wp\/v2\/pages\/2662\/revisions\/2668"}],"up":[{"embeddable":true,"href":"https:\/\/www.distrettoagrumidisicilia.it\/fr\/wp-json\/wp\/v2\/pages\/2639"}],"wp:attachment":[{"href":"https:\/\/www.distrettoagrumidisicilia.it\/fr\/wp-json\/wp\/v2\/media?parent=2662"}],"curies":[{"name":"wp","href":"https:\/\/api.w.org\/{rel}","templated":true}]}}