{"id":2661,"date":"2016-11-16T12:06:31","date_gmt":"2016-11-16T12:06:31","guid":{"rendered":"http:\/\/www.distrettoagrumidisicilia.it\/activites\/participation-salons-foires\/agriculture-economie-sicilienne\/?lang=fr"},"modified":"2017-06-19T11:27:38","modified_gmt":"2017-06-19T11:27:38","slug":"agriculture-economie-sicilienne","status":"publish","type":"page","link":"https:\/\/www.distrettoagrumidisicilia.it\/fr\/activites\/event-district-agrumes-sicile\/participation-salons-foires\/agriculture-economie-sicilienne\/","title":{"rendered":"AGRICULTURE &#8211; L&rsquo;\u00e9conomie sicilienne se relance \u00e0 partir des agrumes &#8211; Atelier \u00e0 Rome"},"content":{"rendered":"<p class=\"abstract\"><strong>Rome, mercredi 30 septembre 2015, 11h00<\/strong><br \/>\nSalle de conf\u00e9rence Parlamentino chez le Corps Forestier d\u2019Etat, Minist\u00e8re des Politiques Agricoles, via Venti Settembre.<br \/>\nA Rome, le District regroupe les associations patronales et les entreprises dans les b\u00e2timents du Minist\u00e8re (MiPAAF) \u00e0 la veille d\u2019une prometteuse campagne d\u2019agrumes.<\/p>\n<p><img id=\"imgpag\" class=\"imgpag1\" title=\"\" src=\"https:\/\/www.distrettoagrumidisicilia.it\/wp-content\/uploads\/atelier-roma-filiere-agrumicole-sicilienne3818.jpg\" alt=\"\" \/><\/p>\n<p class=\"didascalia\">Atelier \u00e0 Rome intitul\u00e9 &lsquo;Sur les routes des fleurs d\u0092orangers, \u00e0 la d\u00e9couverte de la fili\u00e8re agrumicole sicilienne de qualit\u00e9&rsquo;<\/p>\n<p>Cet atelier a \u00e9t\u00e9 organis\u00e9 dans le but de faire le point sur l\u2019<strong>agrumiculture sicilienne<\/strong>, par souci d\u2019une volont\u00e9 retrouv\u00e9e d\u2019union du secteur aux Institutions, dans une phase de reprise \u00e9conomique nationale. Le <strong>District Productif Agrumes de Sicile<\/strong> a organis\u00e9, avec le support du <strong>Minist\u00e8re des Politiques Agricoles, Alimentaires et Foresti\u00e8res<\/strong> (<strong>Mipaaf<\/strong>), un important atelier pr\u00e9vu \u00e0 Rome, mercredi 30 septembre, dans les b\u00e2timents du Minist\u00e8re (viale XX Settembre 20, Corps Forestier d\u2019Etat, salle de conf\u00e9rence Parlamentino), \u00e0 11 heures. Intitul\u00e9 de la rencontre\u00a0: \u00ab\u00a0Sur les routes des fleurs d\u2019orangers, \u00e0 la d\u00e9couverte de la fili\u00e8re agrumicole sicilienne de qualit\u00e9\u00a0\u00bb<\/p>\n<p>La <strong>pr\u00e9sidente du District<\/strong>, <strong>Federica Argentati<\/strong> (agronome et experte en coop\u00e9ration), introduira des interventionspr\u00e9vues et qui seront r\u00e9alis\u00e9es parlesrepr\u00e9sentants des principales associations patronales, notamment: <strong>Rosa Giovanna Castagna pour Agrinsieme<\/strong> (sigle r\u00e9unissant <strong>Cia<\/strong>, <strong>Confagricoltura<\/strong>, <strong>Confcooperative<\/strong>, <strong>Legacoop<\/strong>, <strong>Agci<\/strong>), <strong>Alessandro Chiarelli pour Coldiretti<\/strong>, <strong>Salvatore Laudani pour Fruit Imprese<\/strong>, ainsi qu\u2019un repr\u00e9sentant des industries de transformation. Le r\u00f4le d\u2019exposer les num\u00e9ros et la force \u00e9conomique de toute la fili\u00e8re revient au <strong>pr\u00e9sident de l\u2019Ordre des Agronomes de la Sicile<\/strong>, <strong>Corrado Vigo<\/strong>. Les interventions de <strong>Rosaria Barresi<\/strong>, <strong>Conseill\u00e8re R\u00e9gionale \u00e0 l\u2019Agriculture<\/strong>, et de <strong>Giuseppe Castiglione<\/strong>, <strong>Secr\u00e9taire d&rsquo;\u00c9tat aux Politiques Agricoles et Foresti\u00e8res du gouverneur Renzi<\/strong>, concluent la rencontre.<\/p>\n<p>Au cours de l\u2019atelier, sera projet\u00e9 la vid\u00e9o institutionnelle \u00a0\u00ab\u00a0<strong>Une journ\u00e9e dans l&rsquo;\u00eele du soleil<\/strong>\u00a0\u00bb, r\u00e9alis\u00e9e par le District Productif Agrumes de Sicile, un organisme r\u00e9unissant quatre groupements de protection (<strong>Orange sanguine de Sicile IGP<\/strong>, <strong>Orange de Ribera AOP<\/strong>, <strong>Citron de Siracuse IGP<\/strong> et <strong>Citron Interdonato de Messine IGP<\/strong>) et d\u2019autres en cours d\u2019accr\u00e9ditation (<strong>Mandarine de Ciaculli<\/strong> et <strong>Citron de l\u2019Etna<\/strong>). Plusieurs centaines d\u2019autres entreprises, coop\u00e9ratives, institutions, associations patronales et f\u00e9d\u00e9rations professionnelles de la fili\u00e8re agrumicole sicilienne s\u2019y joignent \u00e9galement.<\/p>\n","protected":false},"excerpt":{"rendered":"<p>Rome, mercredi 30 septembre 2015, 11h00 Salle de conf\u00e9rence Parlamentino chez le Corps Forestier d\u2019Etat, Minist\u00e8re des Politiques Agricoles, via Venti Settembre. A Rome, le District regroupe les associations patronales et les entreprises dans les b\u00e2timents du Minist\u00e8re (MiPAAF) \u00e0 la veille d\u2019une prometteuse campagne d\u2019agrumes. Atelier \u00e0 Rome intitul\u00e9 &lsquo;Sur les routes des fleurs [&hellip;]<\/p>\n","protected":false},"author":1,"featured_media":0,"parent":2639,"menu_order":3,"comment_status":"open","ping_status":"open","template":"","meta":{"_et_pb_use_builder":"","_et_pb_old_content":"","_et_gb_content_width":"","_monsterinsights_skip_tracking":false,"_monsterinsights_sitenote_active":false,"_monsterinsights_sitenote_note":"","_monsterinsights_sitenote_category":0},"yoast_head":"<!-- This site is optimized with the Yoast SEO plugin v18.2 - https:\/\/yoast.com\/wordpress\/plugins\/seo\/ -->\n<title>AGRICULTURE - L&#039;\u00e9conomie sicilienne se relance \u00e0 partir des agrumes - Atelier \u00e0 Rome - District Productif Agrumes de Sicile<\/title>\n<meta name=\"robots\" content=\"index, follow, max-snippet:-1, max-image-preview:large, max-video-preview:-1\" \/>\n<link rel=\"canonical\" href=\"https:\/\/www.distrettoagrumidisicilia.it\/fr\/activites\/event-district-agrumes-sicile\/participation-salons-foires\/agriculture-economie-sicilienne\/\" \/>\n<meta property=\"og:locale\" content=\"fr_FR\" \/>\n<meta property=\"og:type\" content=\"article\" \/>\n<meta property=\"og:title\" content=\"AGRICULTURE - L&#039;\u00e9conomie sicilienne se relance \u00e0 partir des agrumes - Atelier \u00e0 Rome - District Productif Agrumes de Sicile\" \/>\n<meta property=\"og:description\" content=\"Rome, mercredi 30 septembre 2015, 11h00 Salle de conf\u00e9rence Parlamentino chez le Corps Forestier d\u2019Etat, Minist\u00e8re des Politiques Agricoles, via Venti Settembre. A Rome, le District regroupe les associations patronales et les entreprises dans les b\u00e2timents du Minist\u00e8re (MiPAAF) \u00e0 la veille d\u2019une prometteuse campagne d\u2019agrumes. Atelier \u00e0 Rome intitul\u00e9 &lsquo;Sur les routes des fleurs [&hellip;]\" \/>\n<meta property=\"og:url\" content=\"https:\/\/www.distrettoagrumidisicilia.it\/fr\/activites\/event-district-agrumes-sicile\/participation-salons-foires\/agriculture-economie-sicilienne\/\" \/>\n<meta property=\"og:site_name\" content=\"District Productif Agrumes de Sicile\" \/>\n<meta property=\"article:publisher\" content=\"https:\/\/www.facebook.com\/DistrettoAgrumidiSicilia\" \/>\n<meta property=\"article:modified_time\" content=\"2017-06-19T11:27:38+00:00\" \/>\n<meta property=\"og:image\" content=\"https:\/\/www.distrettoagrumidisicilia.it\/wp-content\/uploads\/atelier-roma-filiere-agrumicole-sicilienne3818.jpg\" \/>\n<meta name=\"twitter:card\" content=\"summary\" \/>\n<meta name=\"twitter:label1\" content=\"Dur\u00e9e de lecture estim\u00e9e\" \/>\n\t<meta name=\"twitter:data1\" content=\"2 minutes\" \/>\n<script type=\"application\/ld+json\" class=\"yoast-schema-graph\">{\"@context\":\"https:\/\/schema.org\",\"@graph\":[{\"@type\":\"WebSite\",\"@id\":\"https:\/\/www.distrettoagrumidisicilia.it\/fr\/#website\",\"url\":\"https:\/\/www.distrettoagrumidisicilia.it\/fr\/\",\"name\":\"District Productif Agrumes de Sicile\",\"description\":\"a territory, a shared strategy\",\"potentialAction\":[{\"@type\":\"SearchAction\",\"target\":{\"@type\":\"EntryPoint\",\"urlTemplate\":\"https:\/\/www.distrettoagrumidisicilia.it\/fr\/?s={search_term_string}\"},\"query-input\":\"required name=search_term_string\"}],\"inLanguage\":\"fr-FR\"},{\"@type\":\"ImageObject\",\"@id\":\"https:\/\/www.distrettoagrumidisicilia.it\/fr\/activites\/event-district-agrumes-sicile\/participation-salons-foires\/agriculture-economie-sicilienne\/#primaryimage\",\"inLanguage\":\"fr-FR\",\"url\":\"https:\/\/www.distrettoagrumidisicilia.it\/wp-content\/uploads\/atelier-roma-filiere-agrumicole-sicilienne3818.jpg\",\"contentUrl\":\"https:\/\/www.distrettoagrumidisicilia.it\/wp-content\/uploads\/atelier-roma-filiere-agrumicole-sicilienne3818.jpg\",\"width\":600,\"height\":450},{\"@type\":\"WebPage\",\"@id\":\"https:\/\/www.distrettoagrumidisicilia.it\/fr\/activites\/event-district-agrumes-sicile\/participation-salons-foires\/agriculture-economie-sicilienne\/#webpage\",\"url\":\"https:\/\/www.distrettoagrumidisicilia.it\/fr\/activites\/event-district-agrumes-sicile\/participation-salons-foires\/agriculture-economie-sicilienne\/\",\"name\":\"AGRICULTURE - L'\u00e9conomie sicilienne se relance \u00e0 partir des agrumes - Atelier \u00e0 Rome - District Productif Agrumes de Sicile\",\"isPartOf\":{\"@id\":\"https:\/\/www.distrettoagrumidisicilia.it\/fr\/#website\"},\"primaryImageOfPage\":{\"@id\":\"https:\/\/www.distrettoagrumidisicilia.it\/fr\/activites\/event-district-agrumes-sicile\/participation-salons-foires\/agriculture-economie-sicilienne\/#primaryimage\"},\"datePublished\":\"2016-11-16T12:06:31+00:00\",\"dateModified\":\"2017-06-19T11:27:38+00:00\",\"breadcrumb\":{\"@id\":\"https:\/\/www.distrettoagrumidisicilia.it\/fr\/activites\/event-district-agrumes-sicile\/participation-salons-foires\/agriculture-economie-sicilienne\/#breadcrumb\"},\"inLanguage\":\"fr-FR\",\"potentialAction\":[{\"@type\":\"ReadAction\",\"target\":[\"https:\/\/www.distrettoagrumidisicilia.it\/fr\/activites\/event-district-agrumes-sicile\/participation-salons-foires\/agriculture-economie-sicilienne\/\"]}]},{\"@type\":\"BreadcrumbList\",\"@id\":\"https:\/\/www.distrettoagrumidisicilia.it\/fr\/activites\/event-district-agrumes-sicile\/participation-salons-foires\/agriculture-economie-sicilienne\/#breadcrumb\",\"itemListElement\":[{\"@type\":\"ListItem\",\"position\":1,\"name\":\"Home\",\"item\":\"https:\/\/www.distrettoagrumidisicilia.it\/fr\/\"},{\"@type\":\"ListItem\",\"position\":2,\"name\":\"Les activit\u00e9s\",\"item\":\"https:\/\/www.distrettoagrumidisicilia.it\/fr\/activites\/\"},{\"@type\":\"ListItem\",\"position\":3,\"name\":\"\u00c9v\u00e9nements\",\"item\":\"https:\/\/www.distrettoagrumidisicilia.it\/fr\/activites\/event-district-agrumes-sicile\/\"},{\"@type\":\"ListItem\",\"position\":4,\"name\":\"Participation \u00e0 des salons, foires, conf\u00e9rences et rencontres\",\"item\":\"https:\/\/www.distrettoagrumidisicilia.it\/fr\/activites\/event-district-agrumes-sicile\/participation-salons-foires\/\"},{\"@type\":\"ListItem\",\"position\":5,\"name\":\"AGRICULTURE &#8211; L&rsquo;\u00e9conomie sicilienne se relance \u00e0 partir des agrumes &#8211; Atelier \u00e0 Rome\"}]}]}<\/script>\n<!-- \/ Yoast SEO plugin. -->","yoast_head_json":{"title":"AGRICULTURE - L'\u00e9conomie sicilienne se relance \u00e0 partir des agrumes - Atelier \u00e0 Rome - District Productif Agrumes de Sicile","robots":{"index":"index","follow":"follow","max-snippet":"max-snippet:-1","max-image-preview":"max-image-preview:large","max-video-preview":"max-video-preview:-1"},"canonical":"https:\/\/www.distrettoagrumidisicilia.it\/fr\/activites\/event-district-agrumes-sicile\/participation-salons-foires\/agriculture-economie-sicilienne\/","og_locale":"fr_FR","og_type":"article","og_title":"AGRICULTURE - L'\u00e9conomie sicilienne se relance \u00e0 partir des agrumes - Atelier \u00e0 Rome - District Productif Agrumes de Sicile","og_description":"Rome, mercredi 30 septembre 2015, 11h00 Salle de conf\u00e9rence Parlamentino chez le Corps Forestier d\u2019Etat, Minist\u00e8re des Politiques Agricoles, via Venti Settembre. A Rome, le District regroupe les associations patronales et les entreprises dans les b\u00e2timents du Minist\u00e8re (MiPAAF) \u00e0 la veille d\u2019une prometteuse campagne d\u2019agrumes. Atelier \u00e0 Rome intitul\u00e9 &lsquo;Sur les routes des fleurs [&hellip;]","og_url":"https:\/\/www.distrettoagrumidisicilia.it\/fr\/activites\/event-district-agrumes-sicile\/participation-salons-foires\/agriculture-economie-sicilienne\/","og_site_name":"District Productif Agrumes de Sicile","article_publisher":"https:\/\/www.facebook.com\/DistrettoAgrumidiSicilia","article_modified_time":"2017-06-19T11:27:38+00:00","og_image":[{"url":"https:\/\/www.distrettoagrumidisicilia.it\/wp-content\/uploads\/atelier-roma-filiere-agrumicole-sicilienne3818.jpg"}],"twitter_card":"summary","twitter_misc":{"Dur\u00e9e de lecture estim\u00e9e":"2 minutes"},"schema":{"@context":"https:\/\/schema.org","@graph":[{"@type":"WebSite","@id":"https:\/\/www.distrettoagrumidisicilia.it\/fr\/#website","url":"https:\/\/www.distrettoagrumidisicilia.it\/fr\/","name":"District Productif Agrumes de Sicile","description":"a territory, a shared strategy","potentialAction":[{"@type":"SearchAction","target":{"@type":"EntryPoint","urlTemplate":"https:\/\/www.distrettoagrumidisicilia.it\/fr\/?s={search_term_string}"},"query-input":"required name=search_term_string"}],"inLanguage":"fr-FR"},{"@type":"ImageObject","@id":"https:\/\/www.distrettoagrumidisicilia.it\/fr\/activites\/event-district-agrumes-sicile\/participation-salons-foires\/agriculture-economie-sicilienne\/#primaryimage","inLanguage":"fr-FR","url":"https:\/\/www.distrettoagrumidisicilia.it\/wp-content\/uploads\/atelier-roma-filiere-agrumicole-sicilienne3818.jpg","contentUrl":"https:\/\/www.distrettoagrumidisicilia.it\/wp-content\/uploads\/atelier-roma-filiere-agrumicole-sicilienne3818.jpg","width":600,"height":450},{"@type":"WebPage","@id":"https:\/\/www.distrettoagrumidisicilia.it\/fr\/activites\/event-district-agrumes-sicile\/participation-salons-foires\/agriculture-economie-sicilienne\/#webpage","url":"https:\/\/www.distrettoagrumidisicilia.it\/fr\/activites\/event-district-agrumes-sicile\/participation-salons-foires\/agriculture-economie-sicilienne\/","name":"AGRICULTURE - L'\u00e9conomie sicilienne se relance \u00e0 partir des agrumes - Atelier \u00e0 Rome - District Productif Agrumes de Sicile","isPartOf":{"@id":"https:\/\/www.distrettoagrumidisicilia.it\/fr\/#website"},"primaryImageOfPage":{"@id":"https:\/\/www.distrettoagrumidisicilia.it\/fr\/activites\/event-district-agrumes-sicile\/participation-salons-foires\/agriculture-economie-sicilienne\/#primaryimage"},"datePublished":"2016-11-16T12:06:31+00:00","dateModified":"2017-06-19T11:27:38+00:00","breadcrumb":{"@id":"https:\/\/www.distrettoagrumidisicilia.it\/fr\/activites\/event-district-agrumes-sicile\/participation-salons-foires\/agriculture-economie-sicilienne\/#breadcrumb"},"inLanguage":"fr-FR","potentialAction":[{"@type":"ReadAction","target":["https:\/\/www.distrettoagrumidisicilia.it\/fr\/activites\/event-district-agrumes-sicile\/participation-salons-foires\/agriculture-economie-sicilienne\/"]}]},{"@type":"BreadcrumbList","@id":"https:\/\/www.distrettoagrumidisicilia.it\/fr\/activites\/event-district-agrumes-sicile\/participation-salons-foires\/agriculture-economie-sicilienne\/#breadcrumb","itemListElement":[{"@type":"ListItem","position":1,"name":"Home","item":"https:\/\/www.distrettoagrumidisicilia.it\/fr\/"},{"@type":"ListItem","position":2,"name":"Les activit\u00e9s","item":"https:\/\/www.distrettoagrumidisicilia.it\/fr\/activites\/"},{"@type":"ListItem","position":3,"name":"\u00c9v\u00e9nements","item":"https:\/\/www.distrettoagrumidisicilia.it\/fr\/activites\/event-district-agrumes-sicile\/"},{"@type":"ListItem","position":4,"name":"Participation \u00e0 des salons, foires, conf\u00e9rences et rencontres","item":"https:\/\/www.distrettoagrumidisicilia.it\/fr\/activites\/event-district-agrumes-sicile\/participation-salons-foires\/"},{"@type":"ListItem","position":5,"name":"AGRICULTURE &#8211; L&rsquo;\u00e9conomie sicilienne se relance \u00e0 partir des agrumes &#8211; Atelier \u00e0 Rome"}]}]}},"_links":{"self":[{"href":"https:\/\/www.distrettoagrumidisicilia.it\/fr\/wp-json\/wp\/v2\/pages\/2661"}],"collection":[{"href":"https:\/\/www.distrettoagrumidisicilia.it\/fr\/wp-json\/wp\/v2\/pages"}],"about":[{"href":"https:\/\/www.distrettoagrumidisicilia.it\/fr\/wp-json\/wp\/v2\/types\/page"}],"author":[{"embeddable":true,"href":"https:\/\/www.distrettoagrumidisicilia.it\/fr\/wp-json\/wp\/v2\/users\/1"}],"replies":[{"embeddable":true,"href":"https:\/\/www.distrettoagrumidisicilia.it\/fr\/wp-json\/wp\/v2\/comments?post=2661"}],"version-history":[{"count":2,"href":"https:\/\/www.distrettoagrumidisicilia.it\/fr\/wp-json\/wp\/v2\/pages\/2661\/revisions"}],"predecessor-version":[{"id":4843,"href":"https:\/\/www.distrettoagrumidisicilia.it\/fr\/wp-json\/wp\/v2\/pages\/2661\/revisions\/4843"}],"up":[{"embeddable":true,"href":"https:\/\/www.distrettoagrumidisicilia.it\/fr\/wp-json\/wp\/v2\/pages\/2639"}],"wp:attachment":[{"href":"https:\/\/www.distrettoagrumidisicilia.it\/fr\/wp-json\/wp\/v2\/media?parent=2661"}],"curies":[{"name":"wp","href":"https:\/\/api.w.org\/{rel}","templated":true}]}}