{"id":2660,"date":"2016-11-16T12:06:31","date_gmt":"2016-11-16T12:06:31","guid":{"rendered":"http:\/\/www.distrettoagrumidisicilia.it\/activites\/participation-salons-foires\/district-blue-sea-land\/?lang=fr"},"modified":"2016-11-16T12:07:17","modified_gmt":"2016-11-16T12:07:17","slug":"district-blue-sea-land","status":"publish","type":"page","link":"https:\/\/www.distrettoagrumidisicilia.it\/fr\/activites\/event-district-agrumes-sicile\/participation-salons-foires\/district-blue-sea-land\/","title":{"rendered":"Le District au Blue Sea Land de la ville de Mazara del Vallo avec ses fruits frais, les granit\u00e9s et les jus AOP, IGP et BIO"},"content":{"rendered":"<p class=\"abstract\">\u00abThink Blue\u00bb et \u00e9conomie des d\u00e9chets: l\u2019exemple de l\u2019installation pilote de Catania, qui tire de l\u2019\u00e9nergie des pulpes d\u2019agrumes. Le centre d&rsquo;attention seront les Districts productifs italiens\u00a0: congr\u00e8s pr\u00e9vu le 9 octobre.<\/p>\n<p><img id=\"imgpag\" class=\"imgpag1\" title=\"\" src=\"https:\/\/www.distrettoagrumidisicilia.it\/wp-content\/uploads\/blu-sea-land_20158261.jpg\" alt=\"\" \/><\/p>\n<p class=\"didascalia\">Blue Sea Land 2015 &#8211; L&rsquo;Expo des Districts Agroalimentaires de la M\u00e9diterran\u00e9e, de l&rsquo;Afrique et du Moyen-Orient au sens large<\/p>\n<p>La <strong>fili\u00e8re agrumicole sicilienne<\/strong>, repr\u00e9sent\u00e9e par le <strong>District Productif Agrumes de Sicile<\/strong>, participera dans les jours \u00e0 venir \u00e0 l&rsquo;<strong>Expo des Districts Agroalimentaires de la M\u00e9diterran\u00e9e, de l&rsquo;Afrique et du Moyen-Orient au sens large<\/strong> &#8211; <strong>Blue Sea Land 2015<\/strong> (<strong>BSL<\/strong>) &#8211; pr\u00e9vue \u00e0 <strong>Mazara del Vallo<\/strong> (dans la province de Trapani) du 9 au 11 octobre. La participation du District se resitue dans le cadre du projet \u00ab\u00a0<strong>Sur les routes des fleurs d\u2019orangers<\/strong>\u00a0\u00bb, r\u00e9alis\u00e9 avec le soutien du <strong>Minist\u00e8re des Politiques Agricoles Alimentaires et Foresti\u00e8res<\/strong> (<strong>Mipaaf<\/strong>) dans le contexte des initiatives li\u00e9es \u00e0 l\u2019<strong>Expo 2015 de Milan<\/strong>, afin de promouvoir l\u2019excellence de la production agrumicole sicilienne \u2013 <strong>AOP<\/strong>, <strong>IGP<\/strong> et <strong>BIO<\/strong> \u2013 dans les plus grandes foires agroalimentaires italiennes et europ\u00e9ennes. A titre d\u2019exemple, la fili\u00e8re agrumicole \u2013 r\u00e9alit\u00e9 d\u2019une production li\u00e9e aux cycles de la nature et des saisons \u2013 pr\u00e9sentera une toute petite partie de ses produits frais et de qualit\u00e9 aupr\u00e8s du Blue Sea Land de Mazara del Vallo.<\/p>\n<p>Compte tenu de la th\u00e9matique du BSL 2015 \u00ab\u00a0<strong>Think Blue, Make Peace<\/strong>\u00a0\u00bb, c\u2019est-\u00e0-dire la <em>protection de l&rsquo;eau en tant que ressource et l\u2019attention au mod\u00e8le de la Blue Economy<\/em> (une \u00e9conomie visant \u00e0 transformer les d\u00e9chets des travaux industriels en b\u00e9n\u00e9fice), le District Productif Agrumes de Sicile, repr\u00e9sent\u00e9 par la pr\u00e9sidente <strong>Federica Argentati<\/strong>, agronome et experte en coop\u00e9ration, fera une intervention \u00e0 Mazara del Vallo dans le cadre du <strong>s\u00e9minaire<\/strong> d\u00e9di\u00e9 au r\u00f4le des <strong>districts productifs<\/strong>.<\/p>\n<p>Mme Argentati t\u00e9moignera notamment le parcours de partage articul\u00e9 et de longue date qui, \u00e0 partir de 2011, a abouti dans l\u2019agr\u00e9gation in\u00e9dite de la fili\u00e8re agrumicole sicilienne sous l\u2019\u00e9gide du District. En plus, en reprenant le th\u00e8me de \u00ab\u00a0Think Blue\u00a0\u00bb du BSL 2015, elle fera un compte rendu \u00e0 propos du projet pilote r\u00e9alis\u00e9 \u00e0 Catania par le District Productif Agrumes de Sicile. En collaboration avec The Coca-Cola Foundation, l\u2019Universit\u00e9 de Catania et la Coop\u00e9rative Empedocle, ce projet a pour but de r\u00e9cup\u00e9rer de l\u2019\u00e9nergie \u00e0 partir des pulpe d\u2019agrumes, c\u2019est-\u00e0-dire depuis les d\u00e9chets du traitement des agrumes.<\/p>\n<p>Au cours des trois jours du BSL 2015, le stand du District Productif Agrumes de Sicile proposera plusieurs activit\u00e9s de promotion des produits agrumicoles de qualit\u00e9 et de diff\u00e9rents territoires de production, ainsi que la <em>d\u00e9gustation des fruits frais, des jus, des confitures d\u2019agrumes, des glaces et des granit\u00e9s de citron frais<\/em>. Dans la ville de Mazara del Vallo \u2013 etpuis aussi \u00e0 l\u2019<strong>EXPO MILANO 2015<\/strong>, o\u00f9 le District ser\u00e9uniradu 16 au 22 octobre\u2013 seront pr\u00e9sentes avec leurs produitsainsi que les diff\u00e9rentes initiativesdes entreprises agricoles siciliennes\u00a0suivantes: <strong>AAT<\/strong>, <strong>Agrumigel<\/strong>, <strong>Associazione Limone dell\u2019Etna<\/strong>, <strong>La Normanna<\/strong>, <strong>OP Bella Rossa<\/strong>, <strong>Op Rosaria<\/strong>, <strong>Oranfrizer<\/strong>, <strong>Tardivo di Ciaculli<\/strong>, <strong>Tomarchio Bibite<\/strong>.<\/p>\n<p><img id=\"imgpag\" class=\"imgpag2\" title=\"\" src=\"https:\/\/www.distrettoagrumidisicilia.it\/wp-content\/uploads\/citron-igp-interdonato-messine1173.jpg\" alt=\"\" \/><\/p>\n<p class=\"didascalia\">Le citron IGP Interdonato de Messine<\/p>\n<p><img id=\"imgpag\" class=\"imgpag3\" title=\"\" src=\"https:\/\/www.distrettoagrumidisicilia.it\/wp-content\/uploads\/citron-igp-syracuse7722.jpg\" alt=\"\" \/><\/p>\n<p class=\"didascalia\">Le citron IGP de Syracuse<\/p>\n","protected":false},"excerpt":{"rendered":"<p>\u00abThink Blue\u00bb et \u00e9conomie des d\u00e9chets: l\u2019exemple de l\u2019installation pilote de Catania, qui tire de l\u2019\u00e9nergie des pulpes d\u2019agrumes. Le centre d&rsquo;attention seront les Districts productifs italiens\u00a0: congr\u00e8s pr\u00e9vu le 9 octobre. Blue Sea Land 2015 &#8211; L&rsquo;Expo des Districts Agroalimentaires de la M\u00e9diterran\u00e9e, de l&rsquo;Afrique et du Moyen-Orient au sens large La fili\u00e8re agrumicole [&hellip;]<\/p>\n","protected":false},"author":1,"featured_media":0,"parent":2639,"menu_order":2,"comment_status":"open","ping_status":"open","template":"","meta":{"_et_pb_use_builder":"","_et_pb_old_content":"","_et_gb_content_width":"","_monsterinsights_skip_tracking":false,"_monsterinsights_sitenote_active":false,"_monsterinsights_sitenote_note":"","_monsterinsights_sitenote_category":0},"yoast_head":"<!-- This site is optimized with the Yoast SEO plugin v18.2 - https:\/\/yoast.com\/wordpress\/plugins\/seo\/ -->\n<title>Le District au Blue Sea Land de la ville de Mazara del Vallo avec ses fruits frais, les granit\u00e9s et les jus AOP, IGP et BIO - District Productif Agrumes de Sicile<\/title>\n<meta name=\"robots\" content=\"index, follow, max-snippet:-1, max-image-preview:large, max-video-preview:-1\" \/>\n<link rel=\"canonical\" href=\"https:\/\/www.distrettoagrumidisicilia.it\/fr\/activites\/event-district-agrumes-sicile\/participation-salons-foires\/district-blue-sea-land\/\" \/>\n<meta property=\"og:locale\" content=\"fr_FR\" \/>\n<meta property=\"og:type\" content=\"article\" \/>\n<meta property=\"og:title\" content=\"Le District au Blue Sea Land de la ville de Mazara del Vallo avec ses fruits frais, les granit\u00e9s et les jus AOP, IGP et BIO - District Productif Agrumes de Sicile\" \/>\n<meta property=\"og:description\" content=\"\u00abThink Blue\u00bb et \u00e9conomie des d\u00e9chets: l\u2019exemple de l\u2019installation pilote de Catania, qui tire de l\u2019\u00e9nergie des pulpes d\u2019agrumes. Le centre d&rsquo;attention seront les Districts productifs italiens\u00a0: congr\u00e8s pr\u00e9vu le 9 octobre. Blue Sea Land 2015 &#8211; L&rsquo;Expo des Districts Agroalimentaires de la M\u00e9diterran\u00e9e, de l&rsquo;Afrique et du Moyen-Orient au sens large La fili\u00e8re agrumicole [&hellip;]\" \/>\n<meta property=\"og:url\" content=\"https:\/\/www.distrettoagrumidisicilia.it\/fr\/activites\/event-district-agrumes-sicile\/participation-salons-foires\/district-blue-sea-land\/\" \/>\n<meta property=\"og:site_name\" content=\"District Productif Agrumes de Sicile\" \/>\n<meta property=\"article:publisher\" content=\"https:\/\/www.facebook.com\/DistrettoAgrumidiSicilia\" \/>\n<meta property=\"article:modified_time\" content=\"2016-11-16T12:07:17+00:00\" \/>\n<meta property=\"og:image\" content=\"https:\/\/www.distrettoagrumidisicilia.it\/wp-content\/uploads\/blu-sea-land_20158261.jpg\" \/>\n<meta name=\"twitter:card\" content=\"summary\" \/>\n<meta name=\"twitter:label1\" content=\"Dur\u00e9e de lecture estim\u00e9e\" \/>\n\t<meta name=\"twitter:data1\" content=\"3 minutes\" \/>\n<script type=\"application\/ld+json\" class=\"yoast-schema-graph\">{\"@context\":\"https:\/\/schema.org\",\"@graph\":[{\"@type\":\"WebSite\",\"@id\":\"https:\/\/www.distrettoagrumidisicilia.it\/fr\/#website\",\"url\":\"https:\/\/www.distrettoagrumidisicilia.it\/fr\/\",\"name\":\"District Productif Agrumes de Sicile\",\"description\":\"a territory, a shared strategy\",\"potentialAction\":[{\"@type\":\"SearchAction\",\"target\":{\"@type\":\"EntryPoint\",\"urlTemplate\":\"https:\/\/www.distrettoagrumidisicilia.it\/fr\/?s={search_term_string}\"},\"query-input\":\"required name=search_term_string\"}],\"inLanguage\":\"fr-FR\"},{\"@type\":\"ImageObject\",\"@id\":\"https:\/\/www.distrettoagrumidisicilia.it\/fr\/activites\/event-district-agrumes-sicile\/participation-salons-foires\/district-blue-sea-land\/#primaryimage\",\"inLanguage\":\"fr-FR\",\"url\":\"https:\/\/www.distrettoagrumidisicilia.it\/wp-content\/uploads\/blu-sea-land_20158261.jpg\",\"contentUrl\":\"https:\/\/www.distrettoagrumidisicilia.it\/wp-content\/uploads\/blu-sea-land_20158261.jpg\",\"width\":600,\"height\":342},{\"@type\":\"WebPage\",\"@id\":\"https:\/\/www.distrettoagrumidisicilia.it\/fr\/activites\/event-district-agrumes-sicile\/participation-salons-foires\/district-blue-sea-land\/#webpage\",\"url\":\"https:\/\/www.distrettoagrumidisicilia.it\/fr\/activites\/event-district-agrumes-sicile\/participation-salons-foires\/district-blue-sea-land\/\",\"name\":\"Le District au Blue Sea Land de la ville de Mazara del Vallo avec ses fruits frais, les granit\u00e9s et les jus AOP, IGP et BIO - District Productif Agrumes de Sicile\",\"isPartOf\":{\"@id\":\"https:\/\/www.distrettoagrumidisicilia.it\/fr\/#website\"},\"primaryImageOfPage\":{\"@id\":\"https:\/\/www.distrettoagrumidisicilia.it\/fr\/activites\/event-district-agrumes-sicile\/participation-salons-foires\/district-blue-sea-land\/#primaryimage\"},\"datePublished\":\"2016-11-16T12:06:31+00:00\",\"dateModified\":\"2016-11-16T12:07:17+00:00\",\"breadcrumb\":{\"@id\":\"https:\/\/www.distrettoagrumidisicilia.it\/fr\/activites\/event-district-agrumes-sicile\/participation-salons-foires\/district-blue-sea-land\/#breadcrumb\"},\"inLanguage\":\"fr-FR\",\"potentialAction\":[{\"@type\":\"ReadAction\",\"target\":[\"https:\/\/www.distrettoagrumidisicilia.it\/fr\/activites\/event-district-agrumes-sicile\/participation-salons-foires\/district-blue-sea-land\/\"]}]},{\"@type\":\"BreadcrumbList\",\"@id\":\"https:\/\/www.distrettoagrumidisicilia.it\/fr\/activites\/event-district-agrumes-sicile\/participation-salons-foires\/district-blue-sea-land\/#breadcrumb\",\"itemListElement\":[{\"@type\":\"ListItem\",\"position\":1,\"name\":\"Home\",\"item\":\"https:\/\/www.distrettoagrumidisicilia.it\/fr\/\"},{\"@type\":\"ListItem\",\"position\":2,\"name\":\"Les activit\u00e9s\",\"item\":\"https:\/\/www.distrettoagrumidisicilia.it\/fr\/activites\/\"},{\"@type\":\"ListItem\",\"position\":3,\"name\":\"\u00c9v\u00e9nements\",\"item\":\"https:\/\/www.distrettoagrumidisicilia.it\/fr\/activites\/event-district-agrumes-sicile\/\"},{\"@type\":\"ListItem\",\"position\":4,\"name\":\"Participation \u00e0 des salons, foires, conf\u00e9rences et rencontres\",\"item\":\"https:\/\/www.distrettoagrumidisicilia.it\/fr\/activites\/event-district-agrumes-sicile\/participation-salons-foires\/\"},{\"@type\":\"ListItem\",\"position\":5,\"name\":\"Le District au Blue Sea Land de la ville de Mazara del Vallo avec ses fruits frais, les granit\u00e9s et les jus AOP, IGP et BIO\"}]}]}<\/script>\n<!-- \/ Yoast SEO plugin. -->","yoast_head_json":{"title":"Le District au Blue Sea Land de la ville de Mazara del Vallo avec ses fruits frais, les granit\u00e9s et les jus AOP, IGP et BIO - District Productif Agrumes de Sicile","robots":{"index":"index","follow":"follow","max-snippet":"max-snippet:-1","max-image-preview":"max-image-preview:large","max-video-preview":"max-video-preview:-1"},"canonical":"https:\/\/www.distrettoagrumidisicilia.it\/fr\/activites\/event-district-agrumes-sicile\/participation-salons-foires\/district-blue-sea-land\/","og_locale":"fr_FR","og_type":"article","og_title":"Le District au Blue Sea Land de la ville de Mazara del Vallo avec ses fruits frais, les granit\u00e9s et les jus AOP, IGP et BIO - District Productif Agrumes de Sicile","og_description":"\u00abThink Blue\u00bb et \u00e9conomie des d\u00e9chets: l\u2019exemple de l\u2019installation pilote de Catania, qui tire de l\u2019\u00e9nergie des pulpes d\u2019agrumes. Le centre d&rsquo;attention seront les Districts productifs italiens\u00a0: congr\u00e8s pr\u00e9vu le 9 octobre. Blue Sea Land 2015 &#8211; L&rsquo;Expo des Districts Agroalimentaires de la M\u00e9diterran\u00e9e, de l&rsquo;Afrique et du Moyen-Orient au sens large La fili\u00e8re agrumicole [&hellip;]","og_url":"https:\/\/www.distrettoagrumidisicilia.it\/fr\/activites\/event-district-agrumes-sicile\/participation-salons-foires\/district-blue-sea-land\/","og_site_name":"District Productif Agrumes de Sicile","article_publisher":"https:\/\/www.facebook.com\/DistrettoAgrumidiSicilia","article_modified_time":"2016-11-16T12:07:17+00:00","og_image":[{"url":"https:\/\/www.distrettoagrumidisicilia.it\/wp-content\/uploads\/blu-sea-land_20158261.jpg"}],"twitter_card":"summary","twitter_misc":{"Dur\u00e9e de lecture estim\u00e9e":"3 minutes"},"schema":{"@context":"https:\/\/schema.org","@graph":[{"@type":"WebSite","@id":"https:\/\/www.distrettoagrumidisicilia.it\/fr\/#website","url":"https:\/\/www.distrettoagrumidisicilia.it\/fr\/","name":"District Productif Agrumes de Sicile","description":"a territory, a shared strategy","potentialAction":[{"@type":"SearchAction","target":{"@type":"EntryPoint","urlTemplate":"https:\/\/www.distrettoagrumidisicilia.it\/fr\/?s={search_term_string}"},"query-input":"required name=search_term_string"}],"inLanguage":"fr-FR"},{"@type":"ImageObject","@id":"https:\/\/www.distrettoagrumidisicilia.it\/fr\/activites\/event-district-agrumes-sicile\/participation-salons-foires\/district-blue-sea-land\/#primaryimage","inLanguage":"fr-FR","url":"https:\/\/www.distrettoagrumidisicilia.it\/wp-content\/uploads\/blu-sea-land_20158261.jpg","contentUrl":"https:\/\/www.distrettoagrumidisicilia.it\/wp-content\/uploads\/blu-sea-land_20158261.jpg","width":600,"height":342},{"@type":"WebPage","@id":"https:\/\/www.distrettoagrumidisicilia.it\/fr\/activites\/event-district-agrumes-sicile\/participation-salons-foires\/district-blue-sea-land\/#webpage","url":"https:\/\/www.distrettoagrumidisicilia.it\/fr\/activites\/event-district-agrumes-sicile\/participation-salons-foires\/district-blue-sea-land\/","name":"Le District au Blue Sea Land de la ville de Mazara del Vallo avec ses fruits frais, les granit\u00e9s et les jus AOP, IGP et BIO - District Productif Agrumes de Sicile","isPartOf":{"@id":"https:\/\/www.distrettoagrumidisicilia.it\/fr\/#website"},"primaryImageOfPage":{"@id":"https:\/\/www.distrettoagrumidisicilia.it\/fr\/activites\/event-district-agrumes-sicile\/participation-salons-foires\/district-blue-sea-land\/#primaryimage"},"datePublished":"2016-11-16T12:06:31+00:00","dateModified":"2016-11-16T12:07:17+00:00","breadcrumb":{"@id":"https:\/\/www.distrettoagrumidisicilia.it\/fr\/activites\/event-district-agrumes-sicile\/participation-salons-foires\/district-blue-sea-land\/#breadcrumb"},"inLanguage":"fr-FR","potentialAction":[{"@type":"ReadAction","target":["https:\/\/www.distrettoagrumidisicilia.it\/fr\/activites\/event-district-agrumes-sicile\/participation-salons-foires\/district-blue-sea-land\/"]}]},{"@type":"BreadcrumbList","@id":"https:\/\/www.distrettoagrumidisicilia.it\/fr\/activites\/event-district-agrumes-sicile\/participation-salons-foires\/district-blue-sea-land\/#breadcrumb","itemListElement":[{"@type":"ListItem","position":1,"name":"Home","item":"https:\/\/www.distrettoagrumidisicilia.it\/fr\/"},{"@type":"ListItem","position":2,"name":"Les activit\u00e9s","item":"https:\/\/www.distrettoagrumidisicilia.it\/fr\/activites\/"},{"@type":"ListItem","position":3,"name":"\u00c9v\u00e9nements","item":"https:\/\/www.distrettoagrumidisicilia.it\/fr\/activites\/event-district-agrumes-sicile\/"},{"@type":"ListItem","position":4,"name":"Participation \u00e0 des salons, foires, conf\u00e9rences et rencontres","item":"https:\/\/www.distrettoagrumidisicilia.it\/fr\/activites\/event-district-agrumes-sicile\/participation-salons-foires\/"},{"@type":"ListItem","position":5,"name":"Le District au Blue Sea Land de la ville de Mazara del Vallo avec ses fruits frais, les granit\u00e9s et les jus AOP, IGP et BIO"}]}]}},"_links":{"self":[{"href":"https:\/\/www.distrettoagrumidisicilia.it\/fr\/wp-json\/wp\/v2\/pages\/2660"}],"collection":[{"href":"https:\/\/www.distrettoagrumidisicilia.it\/fr\/wp-json\/wp\/v2\/pages"}],"about":[{"href":"https:\/\/www.distrettoagrumidisicilia.it\/fr\/wp-json\/wp\/v2\/types\/page"}],"author":[{"embeddable":true,"href":"https:\/\/www.distrettoagrumidisicilia.it\/fr\/wp-json\/wp\/v2\/users\/1"}],"replies":[{"embeddable":true,"href":"https:\/\/www.distrettoagrumidisicilia.it\/fr\/wp-json\/wp\/v2\/comments?post=2660"}],"version-history":[{"count":1,"href":"https:\/\/www.distrettoagrumidisicilia.it\/fr\/wp-json\/wp\/v2\/pages\/2660\/revisions"}],"predecessor-version":[{"id":2665,"href":"https:\/\/www.distrettoagrumidisicilia.it\/fr\/wp-json\/wp\/v2\/pages\/2660\/revisions\/2665"}],"up":[{"embeddable":true,"href":"https:\/\/www.distrettoagrumidisicilia.it\/fr\/wp-json\/wp\/v2\/pages\/2639"}],"wp:attachment":[{"href":"https:\/\/www.distrettoagrumidisicilia.it\/fr\/wp-json\/wp\/v2\/media?parent=2660"}],"curies":[{"name":"wp","href":"https:\/\/api.w.org\/{rel}","templated":true}]}}