{"id":2659,"date":"2016-11-16T12:06:31","date_gmt":"2016-11-16T12:06:31","guid":{"rendered":"http:\/\/www.distrettoagrumidisicilia.it\/activites\/participation-salons-foires\/district-productif-agrumes-sicile\/?lang=fr"},"modified":"2016-11-16T12:07:01","modified_gmt":"2016-11-16T12:07:01","slug":"district-productif-agrumes-sicile","status":"publish","type":"page","link":"https:\/\/www.distrettoagrumidisicilia.it\/fr\/activites\/event-district-agrumes-sicile\/participation-salons-foires\/district-productif-agrumes-sicile\/","title":{"rendered":"EXPO 2015. Le District Productif Agrumes de Sicile am\u00e8ne la production sicilienne jusqu\u0092\u00e0 Milan avec &lsquo;People of Sicily&rsquo;"},"content":{"rendered":"<p class=\"abstract\">Agrumiculteurs, commer\u00e7ants et transformateurs: la fili\u00e8re sicilienne raconte et promeut ses excellences AOP, IGP et BIO dans le respect des cycles de la Nature, aupr\u00e8s des visiteurs de l\u2019exposition universelle<\/p>\n<p><img id=\"imgpag\" class=\"imgpag1\" title=\"\" src=\"https:\/\/www.distrettoagrumidisicilia.it\/wp-content\/uploads\/people-of-sicily8601.jpg\" alt=\"\" \/><\/p>\n<p class=\"didascalia\">People of Sicily &#8211; La Sicile productrice<\/p>\n<p><em>Le District Productif Agrumes de Sicile pr\u00e9sentera \u00e0 l\u2019Expo \u00e0 Milan du 16 au 22 octobre<\/em> \u00a0\u00ab<strong>People of Sicily<\/strong>\u00bb \u2013 les \u00a0\u00ab<strong>gens de Sicile<\/strong>\u00bb en fran\u00e7ais \u2013 qui sourient de fa\u00e7on emphatique dans la nouvelle campagne de communication du District. Il s\u2019agit d\u2019une des initiatives financ\u00e9es par le <strong>Minist\u00e8re des Politiques Agricoles, Alimentaires et Foresti\u00e8res<\/strong> (<strong>Mipaaf<\/strong>), exactement comme l\u2019intervention \u00e0 l\u2019Expo, r\u00e9alis\u00e9e en collaboration avec la R\u00e9gion de Sicile (Conseil aux Activit\u00e9s Productives) dans le cadre d\u2019un projet de promotion des Districts agraires, piscicoles et alimentaires siciliens.<\/p>\n<p>L\u2019<strong>Espace Convivio2<\/strong> (le long du Cardo, \u00e0 c\u00f4t\u00e9 du Pavillon Italie) se caract\u00e9risera par la teinte jaune des <strong>citrons IGP de Syracuse et Interdonato de Messine<\/strong> avec le <strong>citron de l\u2019Etna<\/strong>. Ceci se porte candidat, avec la mandarine de Ciaculli (d\u00e9j\u00e0 prot\u00e9g\u00e9 par <strong>Slow Food<\/strong>), \u00e0 la labellisation de qualit\u00e9, tandis que les c\u00e9l\u00e8bres <strong>oranges rouges de Sicile IGP<\/strong> et <strong>AOP de Ribera<\/strong> resteront sur les arbres en Sicile. Ensuite elles m\u00fbriront avant No\u00ebl pour arriver dans le monde entier en tant que ambassadrices de l&rsquo;\u00eele du soleil, avec les citrons.<\/p>\n<p>Le programme de la semaine pr\u00e9voit plusieurs \u00e9v\u00e9nements organis\u00e9s par le District Productif Agrumes de Sicile aupr\u00e8s de l\u2019Expo, dont certains ont \u00e9t\u00e9 organis\u00e9s en synergie avec de diff\u00e9rents Districts: ceux des <strong>c\u00e9r\u00e9ales<\/strong>, des <strong>desserts<\/strong>, de la <strong>p\u00eache<\/strong>, de <strong>l\u2019aviaire<\/strong>, des <strong>figuiers de Barbarie<\/strong> et du <strong>laitier<\/strong>.<\/p>\n<p>La mise en sc\u00e8ne de l\u2019Espace Convivio 2, ouverte par un jardin parfum\u00e9 des agrumes ornementales en vase, pr\u00e9voit des installations d\u2019exposition et de convivialit\u00e9 et sera bien la toile de fond de plusieurs activit\u00e9s.<\/p>\n<p>Une s\u00e9rie d\u2019interventions accessibles au publique, r\u00e9alis\u00e9es par des entrepreneurs agrumicoles, ainsi que des rendez-vous avec des repr\u00e9sentants de la recherche scientifique et universitaire, des influentes fondations internationales, des \u00e9diteurs, des chefs. Il y aura \u00e9galement un habile <strong>ma\u00eetre chocolatier de la ville de Modica<\/strong>, c\u2019est-\u00e0-dire la <strong>capitale sicilienne de l\u2019antique tradition azt\u00e8que<\/strong>, qui \u201caccomplira\u201d l\u2019union magique entre la \u201cnourriture des dieux\u201d et les \u201c<strong>fruits du soleil<\/strong>\u201d, la collection de papier d\u2019enveloppement du vingti\u00e8me si\u00e8cle, l\u2019hommage pictural des \u00e9tudiants de Barcelone aux fruits du soleil.<\/p>\n<p>En tant que pr\u00e9sence \u201citin\u00e9rante\u201d caract\u00e9risant l\u2019installation du District Productif Agrumes de Sicile il y aura un dr\u00f4le jeu de cartes siciliennes g\u00e9antes, o\u00f9 les symboles traditionnels &#8211; deniers, b\u00e2tons, coupes et \u00e9p\u00e9es \u2013 ont \u00e9t\u00e9 remplac\u00e9s par les <strong>quatre excellences AOP et IGP<\/strong>. Les visiteurs recevront des gadgetsen relation avecle th\u00e8me de jeu de cartes aux \u201cagrumes\u201d.<\/p>\n<p><img id=\"imgpag\" class=\"imgpag2\" title=\"\" src=\"https:\/\/www.distrettoagrumidisicilia.it\/wp-content\/uploads\/jeu-cartes-siciliennes4034.jpg\" alt=\"\" \/><\/p>\n<p class=\"didascalia\">Le jeu de cartes siciliennes g\u00e9antes o\u00f9 les symboles traditionnels ont \u00e9t\u00e9 remplac\u00e9s par les quatre excellences AOP et IGP.<\/p>\n","protected":false},"excerpt":{"rendered":"<p>Agrumiculteurs, commer\u00e7ants et transformateurs: la fili\u00e8re sicilienne raconte et promeut ses excellences AOP, IGP et BIO dans le respect des cycles de la Nature, aupr\u00e8s des visiteurs de l\u2019exposition universelle People of Sicily &#8211; La Sicile productrice Le District Productif Agrumes de Sicile pr\u00e9sentera \u00e0 l\u2019Expo \u00e0 Milan du 16 au 22 octobre \u00a0\u00abPeople of [&hellip;]<\/p>\n","protected":false},"author":1,"featured_media":0,"parent":2639,"menu_order":8,"comment_status":"open","ping_status":"open","template":"","meta":{"_et_pb_use_builder":"","_et_pb_old_content":"","_et_gb_content_width":"","_monsterinsights_skip_tracking":false,"_monsterinsights_sitenote_active":false,"_monsterinsights_sitenote_note":"","_monsterinsights_sitenote_category":0},"yoast_head":"<!-- This site is optimized with the Yoast SEO plugin v18.2 - https:\/\/yoast.com\/wordpress\/plugins\/seo\/ -->\n<title>EXPO 2015. Le District Productif Agrumes de Sicile am\u00e8ne la production sicilienne jusqu\u0092\u00e0 Milan avec &#039;People of Sicily&#039; - District Productif Agrumes de Sicile<\/title>\n<meta name=\"robots\" content=\"index, follow, max-snippet:-1, max-image-preview:large, max-video-preview:-1\" \/>\n<link rel=\"canonical\" href=\"https:\/\/www.distrettoagrumidisicilia.it\/fr\/activites\/event-district-agrumes-sicile\/participation-salons-foires\/district-productif-agrumes-sicile\/\" \/>\n<meta property=\"og:locale\" content=\"fr_FR\" \/>\n<meta property=\"og:type\" content=\"article\" \/>\n<meta property=\"og:title\" content=\"EXPO 2015. Le District Productif Agrumes de Sicile am\u00e8ne la production sicilienne jusqu\u0092\u00e0 Milan avec &#039;People of Sicily&#039; - District Productif Agrumes de Sicile\" \/>\n<meta property=\"og:description\" content=\"Agrumiculteurs, commer\u00e7ants et transformateurs: la fili\u00e8re sicilienne raconte et promeut ses excellences AOP, IGP et BIO dans le respect des cycles de la Nature, aupr\u00e8s des visiteurs de l\u2019exposition universelle People of Sicily &#8211; La Sicile productrice Le District Productif Agrumes de Sicile pr\u00e9sentera \u00e0 l\u2019Expo \u00e0 Milan du 16 au 22 octobre \u00a0\u00abPeople of [&hellip;]\" \/>\n<meta property=\"og:url\" content=\"https:\/\/www.distrettoagrumidisicilia.it\/fr\/activites\/event-district-agrumes-sicile\/participation-salons-foires\/district-productif-agrumes-sicile\/\" \/>\n<meta property=\"og:site_name\" content=\"District Productif Agrumes de Sicile\" \/>\n<meta property=\"article:publisher\" content=\"https:\/\/www.facebook.com\/DistrettoAgrumidiSicilia\" \/>\n<meta property=\"article:modified_time\" content=\"2016-11-16T12:07:01+00:00\" \/>\n<meta property=\"og:image\" content=\"https:\/\/www.distrettoagrumidisicilia.it\/wp-content\/uploads\/people-of-sicily8601.jpg\" \/>\n<meta name=\"twitter:card\" content=\"summary\" \/>\n<meta name=\"twitter:label1\" content=\"Dur\u00e9e de lecture estim\u00e9e\" \/>\n\t<meta name=\"twitter:data1\" content=\"3 minutes\" \/>\n<script type=\"application\/ld+json\" class=\"yoast-schema-graph\">{\"@context\":\"https:\/\/schema.org\",\"@graph\":[{\"@type\":\"WebSite\",\"@id\":\"https:\/\/www.distrettoagrumidisicilia.it\/fr\/#website\",\"url\":\"https:\/\/www.distrettoagrumidisicilia.it\/fr\/\",\"name\":\"District Productif Agrumes de Sicile\",\"description\":\"a territory, a shared strategy\",\"potentialAction\":[{\"@type\":\"SearchAction\",\"target\":{\"@type\":\"EntryPoint\",\"urlTemplate\":\"https:\/\/www.distrettoagrumidisicilia.it\/fr\/?s={search_term_string}\"},\"query-input\":\"required name=search_term_string\"}],\"inLanguage\":\"fr-FR\"},{\"@type\":\"ImageObject\",\"@id\":\"https:\/\/www.distrettoagrumidisicilia.it\/fr\/activites\/event-district-agrumes-sicile\/participation-salons-foires\/district-productif-agrumes-sicile\/#primaryimage\",\"inLanguage\":\"fr-FR\",\"url\":\"https:\/\/www.distrettoagrumidisicilia.it\/wp-content\/uploads\/people-of-sicily8601.jpg\",\"contentUrl\":\"https:\/\/www.distrettoagrumidisicilia.it\/wp-content\/uploads\/people-of-sicily8601.jpg\",\"width\":600,\"height\":244},{\"@type\":\"WebPage\",\"@id\":\"https:\/\/www.distrettoagrumidisicilia.it\/fr\/activites\/event-district-agrumes-sicile\/participation-salons-foires\/district-productif-agrumes-sicile\/#webpage\",\"url\":\"https:\/\/www.distrettoagrumidisicilia.it\/fr\/activites\/event-district-agrumes-sicile\/participation-salons-foires\/district-productif-agrumes-sicile\/\",\"name\":\"EXPO 2015. Le District Productif Agrumes de Sicile am\u00e8ne la production sicilienne jusqu\u0092\u00e0 Milan avec 'People of Sicily' - District Productif Agrumes de Sicile\",\"isPartOf\":{\"@id\":\"https:\/\/www.distrettoagrumidisicilia.it\/fr\/#website\"},\"primaryImageOfPage\":{\"@id\":\"https:\/\/www.distrettoagrumidisicilia.it\/fr\/activites\/event-district-agrumes-sicile\/participation-salons-foires\/district-productif-agrumes-sicile\/#primaryimage\"},\"datePublished\":\"2016-11-16T12:06:31+00:00\",\"dateModified\":\"2016-11-16T12:07:01+00:00\",\"breadcrumb\":{\"@id\":\"https:\/\/www.distrettoagrumidisicilia.it\/fr\/activites\/event-district-agrumes-sicile\/participation-salons-foires\/district-productif-agrumes-sicile\/#breadcrumb\"},\"inLanguage\":\"fr-FR\",\"potentialAction\":[{\"@type\":\"ReadAction\",\"target\":[\"https:\/\/www.distrettoagrumidisicilia.it\/fr\/activites\/event-district-agrumes-sicile\/participation-salons-foires\/district-productif-agrumes-sicile\/\"]}]},{\"@type\":\"BreadcrumbList\",\"@id\":\"https:\/\/www.distrettoagrumidisicilia.it\/fr\/activites\/event-district-agrumes-sicile\/participation-salons-foires\/district-productif-agrumes-sicile\/#breadcrumb\",\"itemListElement\":[{\"@type\":\"ListItem\",\"position\":1,\"name\":\"Home\",\"item\":\"https:\/\/www.distrettoagrumidisicilia.it\/fr\/\"},{\"@type\":\"ListItem\",\"position\":2,\"name\":\"Les activit\u00e9s\",\"item\":\"https:\/\/www.distrettoagrumidisicilia.it\/fr\/activites\/\"},{\"@type\":\"ListItem\",\"position\":3,\"name\":\"\u00c9v\u00e9nements\",\"item\":\"https:\/\/www.distrettoagrumidisicilia.it\/fr\/activites\/event-district-agrumes-sicile\/\"},{\"@type\":\"ListItem\",\"position\":4,\"name\":\"Participation \u00e0 des salons, foires, conf\u00e9rences et rencontres\",\"item\":\"https:\/\/www.distrettoagrumidisicilia.it\/fr\/activites\/event-district-agrumes-sicile\/participation-salons-foires\/\"},{\"@type\":\"ListItem\",\"position\":5,\"name\":\"EXPO 2015. Le District Productif Agrumes de Sicile am\u00e8ne la production sicilienne jusqu\u0092\u00e0 Milan avec &lsquo;People of Sicily&rsquo;\"}]}]}<\/script>\n<!-- \/ Yoast SEO plugin. -->","yoast_head_json":{"title":"EXPO 2015. Le District Productif Agrumes de Sicile am\u00e8ne la production sicilienne jusqu\u0092\u00e0 Milan avec 'People of Sicily' - District Productif Agrumes de Sicile","robots":{"index":"index","follow":"follow","max-snippet":"max-snippet:-1","max-image-preview":"max-image-preview:large","max-video-preview":"max-video-preview:-1"},"canonical":"https:\/\/www.distrettoagrumidisicilia.it\/fr\/activites\/event-district-agrumes-sicile\/participation-salons-foires\/district-productif-agrumes-sicile\/","og_locale":"fr_FR","og_type":"article","og_title":"EXPO 2015. Le District Productif Agrumes de Sicile am\u00e8ne la production sicilienne jusqu\u0092\u00e0 Milan avec 'People of Sicily' - District Productif Agrumes de Sicile","og_description":"Agrumiculteurs, commer\u00e7ants et transformateurs: la fili\u00e8re sicilienne raconte et promeut ses excellences AOP, IGP et BIO dans le respect des cycles de la Nature, aupr\u00e8s des visiteurs de l\u2019exposition universelle People of Sicily &#8211; La Sicile productrice Le District Productif Agrumes de Sicile pr\u00e9sentera \u00e0 l\u2019Expo \u00e0 Milan du 16 au 22 octobre \u00a0\u00abPeople of [&hellip;]","og_url":"https:\/\/www.distrettoagrumidisicilia.it\/fr\/activites\/event-district-agrumes-sicile\/participation-salons-foires\/district-productif-agrumes-sicile\/","og_site_name":"District Productif Agrumes de Sicile","article_publisher":"https:\/\/www.facebook.com\/DistrettoAgrumidiSicilia","article_modified_time":"2016-11-16T12:07:01+00:00","og_image":[{"url":"https:\/\/www.distrettoagrumidisicilia.it\/wp-content\/uploads\/people-of-sicily8601.jpg"}],"twitter_card":"summary","twitter_misc":{"Dur\u00e9e de lecture estim\u00e9e":"3 minutes"},"schema":{"@context":"https:\/\/schema.org","@graph":[{"@type":"WebSite","@id":"https:\/\/www.distrettoagrumidisicilia.it\/fr\/#website","url":"https:\/\/www.distrettoagrumidisicilia.it\/fr\/","name":"District Productif Agrumes de Sicile","description":"a territory, a shared strategy","potentialAction":[{"@type":"SearchAction","target":{"@type":"EntryPoint","urlTemplate":"https:\/\/www.distrettoagrumidisicilia.it\/fr\/?s={search_term_string}"},"query-input":"required name=search_term_string"}],"inLanguage":"fr-FR"},{"@type":"ImageObject","@id":"https:\/\/www.distrettoagrumidisicilia.it\/fr\/activites\/event-district-agrumes-sicile\/participation-salons-foires\/district-productif-agrumes-sicile\/#primaryimage","inLanguage":"fr-FR","url":"https:\/\/www.distrettoagrumidisicilia.it\/wp-content\/uploads\/people-of-sicily8601.jpg","contentUrl":"https:\/\/www.distrettoagrumidisicilia.it\/wp-content\/uploads\/people-of-sicily8601.jpg","width":600,"height":244},{"@type":"WebPage","@id":"https:\/\/www.distrettoagrumidisicilia.it\/fr\/activites\/event-district-agrumes-sicile\/participation-salons-foires\/district-productif-agrumes-sicile\/#webpage","url":"https:\/\/www.distrettoagrumidisicilia.it\/fr\/activites\/event-district-agrumes-sicile\/participation-salons-foires\/district-productif-agrumes-sicile\/","name":"EXPO 2015. Le District Productif Agrumes de Sicile am\u00e8ne la production sicilienne jusqu\u0092\u00e0 Milan avec 'People of Sicily' - District Productif Agrumes de Sicile","isPartOf":{"@id":"https:\/\/www.distrettoagrumidisicilia.it\/fr\/#website"},"primaryImageOfPage":{"@id":"https:\/\/www.distrettoagrumidisicilia.it\/fr\/activites\/event-district-agrumes-sicile\/participation-salons-foires\/district-productif-agrumes-sicile\/#primaryimage"},"datePublished":"2016-11-16T12:06:31+00:00","dateModified":"2016-11-16T12:07:01+00:00","breadcrumb":{"@id":"https:\/\/www.distrettoagrumidisicilia.it\/fr\/activites\/event-district-agrumes-sicile\/participation-salons-foires\/district-productif-agrumes-sicile\/#breadcrumb"},"inLanguage":"fr-FR","potentialAction":[{"@type":"ReadAction","target":["https:\/\/www.distrettoagrumidisicilia.it\/fr\/activites\/event-district-agrumes-sicile\/participation-salons-foires\/district-productif-agrumes-sicile\/"]}]},{"@type":"BreadcrumbList","@id":"https:\/\/www.distrettoagrumidisicilia.it\/fr\/activites\/event-district-agrumes-sicile\/participation-salons-foires\/district-productif-agrumes-sicile\/#breadcrumb","itemListElement":[{"@type":"ListItem","position":1,"name":"Home","item":"https:\/\/www.distrettoagrumidisicilia.it\/fr\/"},{"@type":"ListItem","position":2,"name":"Les activit\u00e9s","item":"https:\/\/www.distrettoagrumidisicilia.it\/fr\/activites\/"},{"@type":"ListItem","position":3,"name":"\u00c9v\u00e9nements","item":"https:\/\/www.distrettoagrumidisicilia.it\/fr\/activites\/event-district-agrumes-sicile\/"},{"@type":"ListItem","position":4,"name":"Participation \u00e0 des salons, foires, conf\u00e9rences et rencontres","item":"https:\/\/www.distrettoagrumidisicilia.it\/fr\/activites\/event-district-agrumes-sicile\/participation-salons-foires\/"},{"@type":"ListItem","position":5,"name":"EXPO 2015. Le District Productif Agrumes de Sicile am\u00e8ne la production sicilienne jusqu\u0092\u00e0 Milan avec &lsquo;People of Sicily&rsquo;"}]}]}},"_links":{"self":[{"href":"https:\/\/www.distrettoagrumidisicilia.it\/fr\/wp-json\/wp\/v2\/pages\/2659"}],"collection":[{"href":"https:\/\/www.distrettoagrumidisicilia.it\/fr\/wp-json\/wp\/v2\/pages"}],"about":[{"href":"https:\/\/www.distrettoagrumidisicilia.it\/fr\/wp-json\/wp\/v2\/types\/page"}],"author":[{"embeddable":true,"href":"https:\/\/www.distrettoagrumidisicilia.it\/fr\/wp-json\/wp\/v2\/users\/1"}],"replies":[{"embeddable":true,"href":"https:\/\/www.distrettoagrumidisicilia.it\/fr\/wp-json\/wp\/v2\/comments?post=2659"}],"version-history":[{"count":1,"href":"https:\/\/www.distrettoagrumidisicilia.it\/fr\/wp-json\/wp\/v2\/pages\/2659\/revisions"}],"predecessor-version":[{"id":2664,"href":"https:\/\/www.distrettoagrumidisicilia.it\/fr\/wp-json\/wp\/v2\/pages\/2659\/revisions\/2664"}],"up":[{"embeddable":true,"href":"https:\/\/www.distrettoagrumidisicilia.it\/fr\/wp-json\/wp\/v2\/pages\/2639"}],"wp:attachment":[{"href":"https:\/\/www.distrettoagrumidisicilia.it\/fr\/wp-json\/wp\/v2\/media?parent=2659"}],"curies":[{"name":"wp","href":"https:\/\/api.w.org\/{rel}","templated":true}]}}