{"id":2651,"date":"2016-06-01T11:59:01","date_gmt":"2016-06-01T11:59:01","guid":{"rendered":"http:\/\/www.distrettoagrumidisicilia.it\/projets\/productions-qualite\/?lang=fr"},"modified":"2016-12-22T11:09:57","modified_gmt":"2016-12-22T11:09:57","slug":"productions-qualite","status":"publish","type":"page","link":"https:\/\/www.distrettoagrumidisicilia.it\/fr\/projets\/productions-qualite\/","title":{"rendered":"Nous transformons les productions de qualit\u00e9"},"content":{"rendered":"<p class=\"abstract\">Le projet propos\u00e9 par le District vise \u00e0 valoriser les agrumes de qualit\u00e9 DOP, IGP et Bio \u00e0 travers la transformation industrielle.<\/p>\n<p><img id=\"imgpag\" class=\"imgpag1\" title=\"\" src=\"https:\/\/www.distrettoagrumidisicilia.it\/wp-content\/uploads\/agrumi-sicilia-dopigpbiotrasformati590.jpg\" alt=\"\" \/><\/p>\n<p>L\u2019origine de cet objectif renvoie \u00e0 notre connaissance de l\u2019importance de faire des <strong>accords avec l\u2019industrie<\/strong> vis\u00e9s \u00e0 augmenter la valoir ajout\u00e9e de la mati\u00e8re premi\u00e8re.<\/p>\n<p>Notres objectifs sont:<\/p>\n<ol>\n<li>Replacer les agrumes en g\u00e9n\u00e9ral et le <strong>produtions IGP, DOP et Bio<\/strong> en particulier sur le march\u00e9 national et international, soit pour les produits frais soit pour les produits transform\u00e9s;<\/li>\n<li>Donner aux produits transform\u00e9s de qualit\u00e9 la valoir ajout\u00e9e necessaire pour augmenter la marge de profit sur la vente de la mati\u00e8re premi\u00e8re;<\/li>\n<li>Cr\u00e9er la plus grande synergie possible entre les diff\u00e9rents instruments op\u00e9rant dans le secteur agrumicole sicilien et pr\u00e9voir au m\u00eame temps des projets pour soutenir le secteur \u00e0 travers une action plus efficace.<\/li>\n<\/ol>\n<p class=\"evidenziascrittacentro\"><em>Les agrumes sont tr\u00e8s bons comme fruits de bouche ou fruits \u00e0 jus. <\/em>Au dela du percentage de jus contenu le District s\u2019engage pour que le fruits soient siciliens <strong>DOP, PGI et Bio<\/strong>.<\/p>\n<p>Encore mieux s\u2019ils sont<strong> des jus d\u2019agrumes purs \u00e0 100% siciliens<\/strong>. Diffondons leur consommation avec les <strong>presse-agrumes automatiques<\/strong>, en brique a\u00f9 il est possible. Sp\u00e9cialement dans les \u00e9coles, les espaces publiques, les restaurants, les agritourismes\u2026 .<\/p>\n<p>Les produits transform\u00e9s r\u00e9presentent la continuit\u00e9 de la pr\u00e9sence de notres productions, qui sont naturellement de saison.<\/p>\n\n<!-- Page-list plugin v.5.2 wordpress.org\/plugins\/page-list\/ -->\n<!-- no pages to show -->\n","protected":false},"excerpt":{"rendered":"<p>Le projet propos\u00e9 par le District vise \u00e0 valoriser les agrumes de qualit\u00e9 DOP, IGP et Bio \u00e0 travers la transformation industrielle. L\u2019origine de cet objectif renvoie \u00e0 notre connaissance de l\u2019importance de faire des accords avec l\u2019industrie vis\u00e9s \u00e0 augmenter la valoir ajout\u00e9e de la mati\u00e8re premi\u00e8re. Notres objectifs sont: Replacer les agrumes en [&hellip;]<\/p>\n","protected":false},"author":1,"featured_media":0,"parent":2608,"menu_order":7,"comment_status":"open","ping_status":"open","template":"","meta":{"_et_pb_use_builder":"","_et_pb_old_content":"","_et_gb_content_width":"","_monsterinsights_skip_tracking":false,"_monsterinsights_sitenote_active":false,"_monsterinsights_sitenote_note":"","_monsterinsights_sitenote_category":0},"yoast_head":"<!-- This site is optimized with the Yoast SEO plugin v18.2 - https:\/\/yoast.com\/wordpress\/plugins\/seo\/ -->\n<title>Nous transformons les productions de qualit\u00e9 - District Productif Agrumes de Sicile<\/title>\n<meta name=\"robots\" content=\"index, follow, max-snippet:-1, max-image-preview:large, max-video-preview:-1\" \/>\n<link rel=\"canonical\" href=\"https:\/\/www.distrettoagrumidisicilia.it\/fr\/projets\/productions-qualite\/\" \/>\n<meta property=\"og:locale\" content=\"fr_FR\" \/>\n<meta property=\"og:type\" content=\"article\" \/>\n<meta property=\"og:title\" content=\"Nous transformons les productions de qualit\u00e9 - District Productif Agrumes de Sicile\" \/>\n<meta property=\"og:description\" content=\"Le projet propos\u00e9 par le District vise \u00e0 valoriser les agrumes de qualit\u00e9 DOP, IGP et Bio \u00e0 travers la transformation industrielle. L\u2019origine de cet objectif renvoie \u00e0 notre connaissance de l\u2019importance de faire des accords avec l\u2019industrie vis\u00e9s \u00e0 augmenter la valoir ajout\u00e9e de la mati\u00e8re premi\u00e8re. Notres objectifs sont: Replacer les agrumes en [&hellip;]\" \/>\n<meta property=\"og:url\" content=\"https:\/\/www.distrettoagrumidisicilia.it\/fr\/projets\/productions-qualite\/\" \/>\n<meta property=\"og:site_name\" content=\"District Productif Agrumes de Sicile\" \/>\n<meta property=\"article:publisher\" content=\"https:\/\/www.facebook.com\/DistrettoAgrumidiSicilia\" \/>\n<meta property=\"article:modified_time\" content=\"2016-12-22T11:09:57+00:00\" \/>\n<meta property=\"og:image\" content=\"https:\/\/www.distrettoagrumidisicilia.it\/wp-content\/uploads\/agrumi-sicilia-dopigpbiotrasformati590.jpg\" \/>\n<meta name=\"twitter:card\" content=\"summary\" \/>\n<meta name=\"twitter:label1\" content=\"Dur\u00e9e de lecture estim\u00e9e\" \/>\n\t<meta name=\"twitter:data1\" content=\"1 minute\" \/>\n<script type=\"application\/ld+json\" class=\"yoast-schema-graph\">{\"@context\":\"https:\/\/schema.org\",\"@graph\":[{\"@type\":\"WebSite\",\"@id\":\"https:\/\/www.distrettoagrumidisicilia.it\/fr\/#website\",\"url\":\"https:\/\/www.distrettoagrumidisicilia.it\/fr\/\",\"name\":\"District Productif Agrumes de Sicile\",\"description\":\"a territory, a shared strategy\",\"potentialAction\":[{\"@type\":\"SearchAction\",\"target\":{\"@type\":\"EntryPoint\",\"urlTemplate\":\"https:\/\/www.distrettoagrumidisicilia.it\/fr\/?s={search_term_string}\"},\"query-input\":\"required name=search_term_string\"}],\"inLanguage\":\"fr-FR\"},{\"@type\":\"ImageObject\",\"@id\":\"https:\/\/www.distrettoagrumidisicilia.it\/fr\/projets\/productions-qualite\/#primaryimage\",\"inLanguage\":\"fr-FR\",\"url\":\"https:\/\/www.distrettoagrumidisicilia.it\/wp-content\/uploads\/agrumi-sicilia-dopigpbiotrasformati590.jpg\",\"contentUrl\":\"https:\/\/www.distrettoagrumidisicilia.it\/wp-content\/uploads\/agrumi-sicilia-dopigpbiotrasformati590.jpg\",\"width\":600,\"height\":401},{\"@type\":\"WebPage\",\"@id\":\"https:\/\/www.distrettoagrumidisicilia.it\/fr\/projets\/productions-qualite\/#webpage\",\"url\":\"https:\/\/www.distrettoagrumidisicilia.it\/fr\/projets\/productions-qualite\/\",\"name\":\"Nous transformons les productions de qualit\u00e9 - District Productif Agrumes de Sicile\",\"isPartOf\":{\"@id\":\"https:\/\/www.distrettoagrumidisicilia.it\/fr\/#website\"},\"primaryImageOfPage\":{\"@id\":\"https:\/\/www.distrettoagrumidisicilia.it\/fr\/projets\/productions-qualite\/#primaryimage\"},\"datePublished\":\"2016-06-01T11:59:01+00:00\",\"dateModified\":\"2016-12-22T11:09:57+00:00\",\"breadcrumb\":{\"@id\":\"https:\/\/www.distrettoagrumidisicilia.it\/fr\/projets\/productions-qualite\/#breadcrumb\"},\"inLanguage\":\"fr-FR\",\"potentialAction\":[{\"@type\":\"ReadAction\",\"target\":[\"https:\/\/www.distrettoagrumidisicilia.it\/fr\/projets\/productions-qualite\/\"]}]},{\"@type\":\"BreadcrumbList\",\"@id\":\"https:\/\/www.distrettoagrumidisicilia.it\/fr\/projets\/productions-qualite\/#breadcrumb\",\"itemListElement\":[{\"@type\":\"ListItem\",\"position\":1,\"name\":\"Home\",\"item\":\"https:\/\/www.distrettoagrumidisicilia.it\/fr\/\"},{\"@type\":\"ListItem\",\"position\":2,\"name\":\"Les projets\",\"item\":\"https:\/\/www.distrettoagrumidisicilia.it\/fr\/projets\/\"},{\"@type\":\"ListItem\",\"position\":3,\"name\":\"Nous transformons les productions de qualit\u00e9\"}]}]}<\/script>\n<!-- \/ Yoast SEO plugin. -->","yoast_head_json":{"title":"Nous transformons les productions de qualit\u00e9 - District Productif Agrumes de Sicile","robots":{"index":"index","follow":"follow","max-snippet":"max-snippet:-1","max-image-preview":"max-image-preview:large","max-video-preview":"max-video-preview:-1"},"canonical":"https:\/\/www.distrettoagrumidisicilia.it\/fr\/projets\/productions-qualite\/","og_locale":"fr_FR","og_type":"article","og_title":"Nous transformons les productions de qualit\u00e9 - District Productif Agrumes de Sicile","og_description":"Le projet propos\u00e9 par le District vise \u00e0 valoriser les agrumes de qualit\u00e9 DOP, IGP et Bio \u00e0 travers la transformation industrielle. L\u2019origine de cet objectif renvoie \u00e0 notre connaissance de l\u2019importance de faire des accords avec l\u2019industrie vis\u00e9s \u00e0 augmenter la valoir ajout\u00e9e de la mati\u00e8re premi\u00e8re. Notres objectifs sont: Replacer les agrumes en [&hellip;]","og_url":"https:\/\/www.distrettoagrumidisicilia.it\/fr\/projets\/productions-qualite\/","og_site_name":"District Productif Agrumes de Sicile","article_publisher":"https:\/\/www.facebook.com\/DistrettoAgrumidiSicilia","article_modified_time":"2016-12-22T11:09:57+00:00","og_image":[{"url":"https:\/\/www.distrettoagrumidisicilia.it\/wp-content\/uploads\/agrumi-sicilia-dopigpbiotrasformati590.jpg"}],"twitter_card":"summary","twitter_misc":{"Dur\u00e9e de lecture estim\u00e9e":"1 minute"},"schema":{"@context":"https:\/\/schema.org","@graph":[{"@type":"WebSite","@id":"https:\/\/www.distrettoagrumidisicilia.it\/fr\/#website","url":"https:\/\/www.distrettoagrumidisicilia.it\/fr\/","name":"District Productif Agrumes de Sicile","description":"a territory, a shared strategy","potentialAction":[{"@type":"SearchAction","target":{"@type":"EntryPoint","urlTemplate":"https:\/\/www.distrettoagrumidisicilia.it\/fr\/?s={search_term_string}"},"query-input":"required name=search_term_string"}],"inLanguage":"fr-FR"},{"@type":"ImageObject","@id":"https:\/\/www.distrettoagrumidisicilia.it\/fr\/projets\/productions-qualite\/#primaryimage","inLanguage":"fr-FR","url":"https:\/\/www.distrettoagrumidisicilia.it\/wp-content\/uploads\/agrumi-sicilia-dopigpbiotrasformati590.jpg","contentUrl":"https:\/\/www.distrettoagrumidisicilia.it\/wp-content\/uploads\/agrumi-sicilia-dopigpbiotrasformati590.jpg","width":600,"height":401},{"@type":"WebPage","@id":"https:\/\/www.distrettoagrumidisicilia.it\/fr\/projets\/productions-qualite\/#webpage","url":"https:\/\/www.distrettoagrumidisicilia.it\/fr\/projets\/productions-qualite\/","name":"Nous transformons les productions de qualit\u00e9 - District Productif Agrumes de Sicile","isPartOf":{"@id":"https:\/\/www.distrettoagrumidisicilia.it\/fr\/#website"},"primaryImageOfPage":{"@id":"https:\/\/www.distrettoagrumidisicilia.it\/fr\/projets\/productions-qualite\/#primaryimage"},"datePublished":"2016-06-01T11:59:01+00:00","dateModified":"2016-12-22T11:09:57+00:00","breadcrumb":{"@id":"https:\/\/www.distrettoagrumidisicilia.it\/fr\/projets\/productions-qualite\/#breadcrumb"},"inLanguage":"fr-FR","potentialAction":[{"@type":"ReadAction","target":["https:\/\/www.distrettoagrumidisicilia.it\/fr\/projets\/productions-qualite\/"]}]},{"@type":"BreadcrumbList","@id":"https:\/\/www.distrettoagrumidisicilia.it\/fr\/projets\/productions-qualite\/#breadcrumb","itemListElement":[{"@type":"ListItem","position":1,"name":"Home","item":"https:\/\/www.distrettoagrumidisicilia.it\/fr\/"},{"@type":"ListItem","position":2,"name":"Les projets","item":"https:\/\/www.distrettoagrumidisicilia.it\/fr\/projets\/"},{"@type":"ListItem","position":3,"name":"Nous transformons les productions de qualit\u00e9"}]}]}},"_links":{"self":[{"href":"https:\/\/www.distrettoagrumidisicilia.it\/fr\/wp-json\/wp\/v2\/pages\/2651"}],"collection":[{"href":"https:\/\/www.distrettoagrumidisicilia.it\/fr\/wp-json\/wp\/v2\/pages"}],"about":[{"href":"https:\/\/www.distrettoagrumidisicilia.it\/fr\/wp-json\/wp\/v2\/types\/page"}],"author":[{"embeddable":true,"href":"https:\/\/www.distrettoagrumidisicilia.it\/fr\/wp-json\/wp\/v2\/users\/1"}],"replies":[{"embeddable":true,"href":"https:\/\/www.distrettoagrumidisicilia.it\/fr\/wp-json\/wp\/v2\/comments?post=2651"}],"version-history":[{"count":3,"href":"https:\/\/www.distrettoagrumidisicilia.it\/fr\/wp-json\/wp\/v2\/pages\/2651\/revisions"}],"predecessor-version":[{"id":3608,"href":"https:\/\/www.distrettoagrumidisicilia.it\/fr\/wp-json\/wp\/v2\/pages\/2651\/revisions\/3608"}],"up":[{"embeddable":true,"href":"https:\/\/www.distrettoagrumidisicilia.it\/fr\/wp-json\/wp\/v2\/pages\/2608"}],"wp:attachment":[{"href":"https:\/\/www.distrettoagrumidisicilia.it\/fr\/wp-json\/wp\/v2\/media?parent=2651"}],"curies":[{"name":"wp","href":"https:\/\/api.w.org\/{rel}","templated":true}]}}