{"id":2650,"date":"2016-12-01T11:59:01","date_gmt":"2016-12-01T11:59:01","guid":{"rendered":"http:\/\/www.distrettoagrumidisicilia.it\/projets\/districts-cuisine\/?lang=fr"},"modified":"2016-12-22T11:00:26","modified_gmt":"2016-12-22T11:00:26","slug":"districts-cuisine","status":"publish","type":"page","link":"https:\/\/www.distrettoagrumidisicilia.it\/fr\/projets\/districts-cuisine\/","title":{"rendered":"Districts en cuisine"},"content":{"rendered":"<p class=\"abstract\">L\u2019objectif commun des actions de ce projet est de rendre visibles les Districts agroalimentaires italiens \u00e0 travers une pr\u00e9sence coordonn\u00e9e et une communication vis\u00e9e \u00e0 divulguer la qualit\u00e9 et l\u2019adaptabilit\u00e9 des tr\u00e8s nombreux produits d\u2019excellence du secteur agroalimentaire italien.<\/p>\n<p><img id=\"imgpag\" class=\"imgpag1\" title=\"\" src=\"https:\/\/www.distrettoagrumidisicilia.it\/wp-content\/uploads\/distretti-in-cucina6116.jpg\" alt=\"\" \/><\/p>\n<p>Tout cela afin d\u2019encourager des habitudes d\u2019achat en fonction de assurer un approvisionnement de qualit\u00e9, qui est rendu possible par l\u2019integration des fili\u00e8res productives. L\u2019objectif final est le <strong>d\u00e9veloppement \u00e9conomique des entreprises<\/strong> adh\u00e9rentes aux Districts impliqu\u00e9s, avec les retomb\u00e9es et les b\u00e9n\u00e9fices induits pour les collectivit\u00e9s de notre territoire.<\/p>\n<p>Le projet est financ\u00e9 dans le cadre du d\u00e9cret du Minist\u00e8re du d\u00e9veloppement \u00e9conomique du 28 Dicembre 2007 (appel d\u2019offres publi\u00e9 sur la GURS &#8211; Gazette officielle de la R\u00e9gion Sicilienne, Partie II du 14\/01\/2011).<\/p>\n","protected":false},"excerpt":{"rendered":"<p>L\u2019objectif commun des actions de ce projet est de rendre visibles les Districts agroalimentaires italiens \u00e0 travers une pr\u00e9sence coordonn\u00e9e et une communication vis\u00e9e \u00e0 divulguer la qualit\u00e9 et l\u2019adaptabilit\u00e9 des tr\u00e8s nombreux produits d\u2019excellence du secteur agroalimentaire italien. Tout cela afin d\u2019encourager des habitudes d\u2019achat en fonction de assurer un approvisionnement de qualit\u00e9, qui [&hellip;]<\/p>\n","protected":false},"author":1,"featured_media":0,"parent":2608,"menu_order":1,"comment_status":"open","ping_status":"open","template":"","meta":{"_et_pb_use_builder":"","_et_pb_old_content":"","_et_gb_content_width":"","_monsterinsights_skip_tracking":false,"_monsterinsights_sitenote_active":false,"_monsterinsights_sitenote_note":"","_monsterinsights_sitenote_category":0},"yoast_head":"<!-- This site is optimized with the Yoast SEO plugin v18.2 - https:\/\/yoast.com\/wordpress\/plugins\/seo\/ -->\n<title>Districts en cuisine - District Productif Agrumes de Sicile<\/title>\n<meta name=\"robots\" content=\"index, follow, max-snippet:-1, max-image-preview:large, max-video-preview:-1\" \/>\n<link rel=\"canonical\" href=\"https:\/\/www.distrettoagrumidisicilia.it\/fr\/projets\/districts-cuisine\/\" \/>\n<meta property=\"og:locale\" content=\"fr_FR\" \/>\n<meta property=\"og:type\" content=\"article\" \/>\n<meta property=\"og:title\" content=\"Districts en cuisine - District Productif Agrumes de Sicile\" \/>\n<meta property=\"og:description\" content=\"L\u2019objectif commun des actions de ce projet est de rendre visibles les Districts agroalimentaires italiens \u00e0 travers une pr\u00e9sence coordonn\u00e9e et une communication vis\u00e9e \u00e0 divulguer la qualit\u00e9 et l\u2019adaptabilit\u00e9 des tr\u00e8s nombreux produits d\u2019excellence du secteur agroalimentaire italien. Tout cela afin d\u2019encourager des habitudes d\u2019achat en fonction de assurer un approvisionnement de qualit\u00e9, qui [&hellip;]\" \/>\n<meta property=\"og:url\" content=\"https:\/\/www.distrettoagrumidisicilia.it\/fr\/projets\/districts-cuisine\/\" \/>\n<meta property=\"og:site_name\" content=\"District Productif Agrumes de Sicile\" \/>\n<meta property=\"article:publisher\" content=\"https:\/\/www.facebook.com\/DistrettoAgrumidiSicilia\" \/>\n<meta property=\"article:modified_time\" content=\"2016-12-22T11:00:26+00:00\" \/>\n<meta property=\"og:image\" content=\"https:\/\/www.distrettoagrumidisicilia.it\/wp-content\/uploads\/distretti-in-cucina6116.jpg\" \/>\n<meta name=\"twitter:card\" content=\"summary\" \/>\n<meta name=\"twitter:label1\" content=\"Dur\u00e9e de lecture estim\u00e9e\" \/>\n\t<meta name=\"twitter:data1\" content=\"1 minute\" \/>\n<script type=\"application\/ld+json\" class=\"yoast-schema-graph\">{\"@context\":\"https:\/\/schema.org\",\"@graph\":[{\"@type\":\"WebSite\",\"@id\":\"https:\/\/www.distrettoagrumidisicilia.it\/fr\/#website\",\"url\":\"https:\/\/www.distrettoagrumidisicilia.it\/fr\/\",\"name\":\"District Productif Agrumes de Sicile\",\"description\":\"a territory, a shared strategy\",\"potentialAction\":[{\"@type\":\"SearchAction\",\"target\":{\"@type\":\"EntryPoint\",\"urlTemplate\":\"https:\/\/www.distrettoagrumidisicilia.it\/fr\/?s={search_term_string}\"},\"query-input\":\"required name=search_term_string\"}],\"inLanguage\":\"fr-FR\"},{\"@type\":\"ImageObject\",\"@id\":\"https:\/\/www.distrettoagrumidisicilia.it\/fr\/projets\/districts-cuisine\/#primaryimage\",\"inLanguage\":\"fr-FR\",\"url\":\"https:\/\/www.distrettoagrumidisicilia.it\/wp-content\/uploads\/distretti-in-cucina6116.jpg\",\"contentUrl\":\"https:\/\/www.distrettoagrumidisicilia.it\/wp-content\/uploads\/distretti-in-cucina6116.jpg\",\"width\":600,\"height\":308},{\"@type\":\"WebPage\",\"@id\":\"https:\/\/www.distrettoagrumidisicilia.it\/fr\/projets\/districts-cuisine\/#webpage\",\"url\":\"https:\/\/www.distrettoagrumidisicilia.it\/fr\/projets\/districts-cuisine\/\",\"name\":\"Districts en cuisine - District Productif Agrumes de Sicile\",\"isPartOf\":{\"@id\":\"https:\/\/www.distrettoagrumidisicilia.it\/fr\/#website\"},\"primaryImageOfPage\":{\"@id\":\"https:\/\/www.distrettoagrumidisicilia.it\/fr\/projets\/districts-cuisine\/#primaryimage\"},\"datePublished\":\"2016-12-01T11:59:01+00:00\",\"dateModified\":\"2016-12-22T11:00:26+00:00\",\"breadcrumb\":{\"@id\":\"https:\/\/www.distrettoagrumidisicilia.it\/fr\/projets\/districts-cuisine\/#breadcrumb\"},\"inLanguage\":\"fr-FR\",\"potentialAction\":[{\"@type\":\"ReadAction\",\"target\":[\"https:\/\/www.distrettoagrumidisicilia.it\/fr\/projets\/districts-cuisine\/\"]}]},{\"@type\":\"BreadcrumbList\",\"@id\":\"https:\/\/www.distrettoagrumidisicilia.it\/fr\/projets\/districts-cuisine\/#breadcrumb\",\"itemListElement\":[{\"@type\":\"ListItem\",\"position\":1,\"name\":\"Home\",\"item\":\"https:\/\/www.distrettoagrumidisicilia.it\/fr\/\"},{\"@type\":\"ListItem\",\"position\":2,\"name\":\"Les projets\",\"item\":\"https:\/\/www.distrettoagrumidisicilia.it\/fr\/projets\/\"},{\"@type\":\"ListItem\",\"position\":3,\"name\":\"Districts en cuisine\"}]}]}<\/script>\n<!-- \/ Yoast SEO plugin. -->","yoast_head_json":{"title":"Districts en cuisine - District Productif Agrumes de Sicile","robots":{"index":"index","follow":"follow","max-snippet":"max-snippet:-1","max-image-preview":"max-image-preview:large","max-video-preview":"max-video-preview:-1"},"canonical":"https:\/\/www.distrettoagrumidisicilia.it\/fr\/projets\/districts-cuisine\/","og_locale":"fr_FR","og_type":"article","og_title":"Districts en cuisine - District Productif Agrumes de Sicile","og_description":"L\u2019objectif commun des actions de ce projet est de rendre visibles les Districts agroalimentaires italiens \u00e0 travers une pr\u00e9sence coordonn\u00e9e et une communication vis\u00e9e \u00e0 divulguer la qualit\u00e9 et l\u2019adaptabilit\u00e9 des tr\u00e8s nombreux produits d\u2019excellence du secteur agroalimentaire italien. Tout cela afin d\u2019encourager des habitudes d\u2019achat en fonction de assurer un approvisionnement de qualit\u00e9, qui [&hellip;]","og_url":"https:\/\/www.distrettoagrumidisicilia.it\/fr\/projets\/districts-cuisine\/","og_site_name":"District Productif Agrumes de Sicile","article_publisher":"https:\/\/www.facebook.com\/DistrettoAgrumidiSicilia","article_modified_time":"2016-12-22T11:00:26+00:00","og_image":[{"url":"https:\/\/www.distrettoagrumidisicilia.it\/wp-content\/uploads\/distretti-in-cucina6116.jpg"}],"twitter_card":"summary","twitter_misc":{"Dur\u00e9e de lecture estim\u00e9e":"1 minute"},"schema":{"@context":"https:\/\/schema.org","@graph":[{"@type":"WebSite","@id":"https:\/\/www.distrettoagrumidisicilia.it\/fr\/#website","url":"https:\/\/www.distrettoagrumidisicilia.it\/fr\/","name":"District Productif Agrumes de Sicile","description":"a territory, a shared strategy","potentialAction":[{"@type":"SearchAction","target":{"@type":"EntryPoint","urlTemplate":"https:\/\/www.distrettoagrumidisicilia.it\/fr\/?s={search_term_string}"},"query-input":"required name=search_term_string"}],"inLanguage":"fr-FR"},{"@type":"ImageObject","@id":"https:\/\/www.distrettoagrumidisicilia.it\/fr\/projets\/districts-cuisine\/#primaryimage","inLanguage":"fr-FR","url":"https:\/\/www.distrettoagrumidisicilia.it\/wp-content\/uploads\/distretti-in-cucina6116.jpg","contentUrl":"https:\/\/www.distrettoagrumidisicilia.it\/wp-content\/uploads\/distretti-in-cucina6116.jpg","width":600,"height":308},{"@type":"WebPage","@id":"https:\/\/www.distrettoagrumidisicilia.it\/fr\/projets\/districts-cuisine\/#webpage","url":"https:\/\/www.distrettoagrumidisicilia.it\/fr\/projets\/districts-cuisine\/","name":"Districts en cuisine - District Productif Agrumes de Sicile","isPartOf":{"@id":"https:\/\/www.distrettoagrumidisicilia.it\/fr\/#website"},"primaryImageOfPage":{"@id":"https:\/\/www.distrettoagrumidisicilia.it\/fr\/projets\/districts-cuisine\/#primaryimage"},"datePublished":"2016-12-01T11:59:01+00:00","dateModified":"2016-12-22T11:00:26+00:00","breadcrumb":{"@id":"https:\/\/www.distrettoagrumidisicilia.it\/fr\/projets\/districts-cuisine\/#breadcrumb"},"inLanguage":"fr-FR","potentialAction":[{"@type":"ReadAction","target":["https:\/\/www.distrettoagrumidisicilia.it\/fr\/projets\/districts-cuisine\/"]}]},{"@type":"BreadcrumbList","@id":"https:\/\/www.distrettoagrumidisicilia.it\/fr\/projets\/districts-cuisine\/#breadcrumb","itemListElement":[{"@type":"ListItem","position":1,"name":"Home","item":"https:\/\/www.distrettoagrumidisicilia.it\/fr\/"},{"@type":"ListItem","position":2,"name":"Les projets","item":"https:\/\/www.distrettoagrumidisicilia.it\/fr\/projets\/"},{"@type":"ListItem","position":3,"name":"Districts en cuisine"}]}]}},"_links":{"self":[{"href":"https:\/\/www.distrettoagrumidisicilia.it\/fr\/wp-json\/wp\/v2\/pages\/2650"}],"collection":[{"href":"https:\/\/www.distrettoagrumidisicilia.it\/fr\/wp-json\/wp\/v2\/pages"}],"about":[{"href":"https:\/\/www.distrettoagrumidisicilia.it\/fr\/wp-json\/wp\/v2\/types\/page"}],"author":[{"embeddable":true,"href":"https:\/\/www.distrettoagrumidisicilia.it\/fr\/wp-json\/wp\/v2\/users\/1"}],"replies":[{"embeddable":true,"href":"https:\/\/www.distrettoagrumidisicilia.it\/fr\/wp-json\/wp\/v2\/comments?post=2650"}],"version-history":[{"count":1,"href":"https:\/\/www.distrettoagrumidisicilia.it\/fr\/wp-json\/wp\/v2\/pages\/2650\/revisions"}],"predecessor-version":[{"id":2657,"href":"https:\/\/www.distrettoagrumidisicilia.it\/fr\/wp-json\/wp\/v2\/pages\/2650\/revisions\/2657"}],"up":[{"embeddable":true,"href":"https:\/\/www.distrettoagrumidisicilia.it\/fr\/wp-json\/wp\/v2\/pages\/2608"}],"wp:attachment":[{"href":"https:\/\/www.distrettoagrumidisicilia.it\/fr\/wp-json\/wp\/v2\/media?parent=2650"}],"curies":[{"name":"wp","href":"https:\/\/api.w.org\/{rel}","templated":true}]}}