{"id":2649,"date":"2016-07-01T11:59:01","date_gmt":"2016-07-01T11:59:01","guid":{"rendered":"http:\/\/www.distrettoagrumidisicilia.it\/projets\/marches-nationaux-fruits-legumes\/?lang=fr"},"modified":"2016-12-22T11:08:37","modified_gmt":"2016-12-22T11:08:37","slug":"marches-nationaux-fruits-legumes","status":"publish","type":"page","link":"https:\/\/www.distrettoagrumidisicilia.it\/fr\/projets\/marches-nationaux-fruits-legumes\/","title":{"rendered":"Les march\u00e9s nationaux de fruits et l\u00e9gumes"},"content":{"rendered":"<p class=\"abstract\">Obj. 5 \u2013 Valoriser les productions d\u2019agrumes de Sicile sur le territoire national \u00e0 travers une synergie avec les march\u00e9s des fruits et legumes nationaux.<\/p>\n<p><img id=\"imgpag\" class=\"imgpag1\" title=\"\" src=\"https:\/\/www.distrettoagrumidisicilia.it\/wp-content\/uploads\/produzioni-agrumicole-siciliane1831.jpg\" alt=\"\" \/><\/p>\n<p>Le <strong>projet du District<\/strong>, pr\u00e9sent\u00e9 \u00e0 la foire <strong>Macfrut \u00e0 Cesena<\/strong> 2011, vise \u00e0 raccorder directement la fili\u00e8re avec les consommateurs \u00e0 travers un Reseau du commerce de d\u00e9tail et il pr\u00e9voit en synth\u00e8se:<\/p>\n<ol>\n<li>La r\u00e9alisation d\u2019un emballage avec la marque ombrelle <strong>District Productif Agrumes de Sicile <\/strong>capable de valoriser les productions IGP\/AOP\/Bio et typiques;<\/li>\n<li>La mise en oeuvre d\u2019un contr\u00f4le qualit\u00e9 qualifi\u00e9 effectu\u00e9 par un organisme super partes;<\/li>\n<li>La signature d\u2019accords cadre entre le District (territoire sicilien) et le march\u00e9 (territoire du centre-nord d\u2019Italie);<\/li>\n<li>Actions de communication dans le reseau du commerce de d\u00e9tail et les March\u00e9s du centre et nord d\u2019Italie.<\/li>\n<\/ol>\n<p><img id=\"imgpag\" class=\"imgpag1\" title=\"\" src=\"https:\/\/www.distrettoagrumidisicilia.it\/wp-content\/uploads\/workshop-mercati-ortofrutticoli.jpg\" alt=\"Invito al Workshop Mercati ortofrutticoli di Cesena\" \/><\/p>\n<p class=\"didascalia\">Invitation \u00e0 l\u2019Atelier sur les march\u00e9s des fruits et l\u00e9gumes &#8211; Cesena, 6 Octobre 2011<\/p>\n<p class=\"evidenziascrittasx\">Rendons les agrumes siciliens visibles aux consommateurs, avec facilit\u00e9, fantaisie et determination, en donnant l\u2019opportunit\u00e9 de trouver nos agrumes pr\u00e8s de chez eux.<\/p>\n<p><em>Il faut faire un Pacte entre les territoires italiens, en mettant en synergie le territoire d\u2019agrumeraies en Sicile et les march\u00e9s des fruits et l\u00e9gumes, \u00e0 trav\u00e8rs des accords dans la fili\u00e8re, du producteur au d\u00e9taillant. <\/em><\/p>\n<p><em>Il faut d\u00e9passer la vieille conception de vente sur le march\u00e9. Il faut aller plus loin. Avec la qualit\u00e9, l\u2019efficacit\u00e9, avec des produits qui peuvent \u00eatre reconnus chez les consommateurs, en utilisant la Sicile comme marque principale. <\/em><\/p>\n<p><em>Avec le projet march\u00e9s fruits&amp;legumes les agrumes siciliens de qualit\u00e9 AOP, IGP et Bio pourront \u00eatre trouv\u00e9s pas seulement dans les supermarch\u00e9s, mais dans tous le points de vente. <\/em><\/p>\n<p><em>Il faut utiliser les reseaux de distribution existants de vente de d\u00e9tail. <\/em><\/p>\n<p><img id=\"imgpag\" class=\"imgpag2\" title=\"\" src=\"https:\/\/www.distrettoagrumidisicilia.it\/wp-content\/uploads\/workshop-mercati-ortofrutticoli-cesena3095.jpg\" alt=\"Atelier March\u00e9s Fruit&amp;L\u00e9gumes \u0096 Cesena, 6 Octobre 2011\" \/><\/p>\n<p class=\"didascalia\">Atelier March\u00e9s Fruit&amp;L\u00e9gumes \u0096 Cesena, 6 Octobre 2011<\/p>\n","protected":false},"excerpt":{"rendered":"<p>Obj. 5 \u2013 Valoriser les productions d\u2019agrumes de Sicile sur le territoire national \u00e0 travers une synergie avec les march\u00e9s des fruits et legumes nationaux. Le projet du District, pr\u00e9sent\u00e9 \u00e0 la foire Macfrut \u00e0 Cesena 2011, vise \u00e0 raccorder directement la fili\u00e8re avec les consommateurs \u00e0 travers un Reseau du commerce de d\u00e9tail et [&hellip;]<\/p>\n","protected":false},"author":1,"featured_media":0,"parent":2608,"menu_order":6,"comment_status":"open","ping_status":"open","template":"","meta":{"_et_pb_use_builder":"","_et_pb_old_content":"","_et_gb_content_width":"","_monsterinsights_skip_tracking":false,"_monsterinsights_sitenote_active":false,"_monsterinsights_sitenote_note":"","_monsterinsights_sitenote_category":0},"yoast_head":"<!-- This site is optimized with the Yoast SEO plugin v18.2 - https:\/\/yoast.com\/wordpress\/plugins\/seo\/ -->\n<title>Les march\u00e9s nationaux de fruits et l\u00e9gumes - District Productif Agrumes de Sicile<\/title>\n<meta name=\"robots\" content=\"index, follow, max-snippet:-1, max-image-preview:large, max-video-preview:-1\" \/>\n<link rel=\"canonical\" href=\"https:\/\/www.distrettoagrumidisicilia.it\/fr\/projets\/marches-nationaux-fruits-legumes\/\" \/>\n<meta property=\"og:locale\" content=\"fr_FR\" \/>\n<meta property=\"og:type\" content=\"article\" \/>\n<meta property=\"og:title\" content=\"Les march\u00e9s nationaux de fruits et l\u00e9gumes - District Productif Agrumes de Sicile\" \/>\n<meta property=\"og:description\" content=\"Obj. 5 \u2013 Valoriser les productions d\u2019agrumes de Sicile sur le territoire national \u00e0 travers une synergie avec les march\u00e9s des fruits et legumes nationaux. Le projet du District, pr\u00e9sent\u00e9 \u00e0 la foire Macfrut \u00e0 Cesena 2011, vise \u00e0 raccorder directement la fili\u00e8re avec les consommateurs \u00e0 travers un Reseau du commerce de d\u00e9tail et [&hellip;]\" \/>\n<meta property=\"og:url\" content=\"https:\/\/www.distrettoagrumidisicilia.it\/fr\/projets\/marches-nationaux-fruits-legumes\/\" \/>\n<meta property=\"og:site_name\" content=\"District Productif Agrumes de Sicile\" \/>\n<meta property=\"article:publisher\" content=\"https:\/\/www.facebook.com\/DistrettoAgrumidiSicilia\" \/>\n<meta property=\"article:modified_time\" content=\"2016-12-22T11:08:37+00:00\" \/>\n<meta property=\"og:image\" content=\"https:\/\/www.distrettoagrumidisicilia.it\/wp-content\/uploads\/produzioni-agrumicole-siciliane1831.jpg\" \/>\n<meta name=\"twitter:card\" content=\"summary\" \/>\n<meta name=\"twitter:label1\" content=\"Dur\u00e9e de lecture estim\u00e9e\" \/>\n\t<meta name=\"twitter:data1\" content=\"2 minutes\" \/>\n<script type=\"application\/ld+json\" class=\"yoast-schema-graph\">{\"@context\":\"https:\/\/schema.org\",\"@graph\":[{\"@type\":\"WebSite\",\"@id\":\"https:\/\/www.distrettoagrumidisicilia.it\/fr\/#website\",\"url\":\"https:\/\/www.distrettoagrumidisicilia.it\/fr\/\",\"name\":\"District Productif Agrumes de Sicile\",\"description\":\"a territory, a shared strategy\",\"potentialAction\":[{\"@type\":\"SearchAction\",\"target\":{\"@type\":\"EntryPoint\",\"urlTemplate\":\"https:\/\/www.distrettoagrumidisicilia.it\/fr\/?s={search_term_string}\"},\"query-input\":\"required name=search_term_string\"}],\"inLanguage\":\"fr-FR\"},{\"@type\":\"ImageObject\",\"@id\":\"https:\/\/www.distrettoagrumidisicilia.it\/fr\/projets\/marches-nationaux-fruits-legumes\/#primaryimage\",\"inLanguage\":\"fr-FR\",\"url\":\"https:\/\/www.distrettoagrumidisicilia.it\/wp-content\/uploads\/produzioni-agrumicole-siciliane1831.jpg\",\"contentUrl\":\"https:\/\/www.distrettoagrumidisicilia.it\/wp-content\/uploads\/produzioni-agrumicole-siciliane1831.jpg\",\"width\":600,\"height\":401},{\"@type\":\"WebPage\",\"@id\":\"https:\/\/www.distrettoagrumidisicilia.it\/fr\/projets\/marches-nationaux-fruits-legumes\/#webpage\",\"url\":\"https:\/\/www.distrettoagrumidisicilia.it\/fr\/projets\/marches-nationaux-fruits-legumes\/\",\"name\":\"Les march\u00e9s nationaux de fruits et l\u00e9gumes - District Productif Agrumes de Sicile\",\"isPartOf\":{\"@id\":\"https:\/\/www.distrettoagrumidisicilia.it\/fr\/#website\"},\"primaryImageOfPage\":{\"@id\":\"https:\/\/www.distrettoagrumidisicilia.it\/fr\/projets\/marches-nationaux-fruits-legumes\/#primaryimage\"},\"datePublished\":\"2016-07-01T11:59:01+00:00\",\"dateModified\":\"2016-12-22T11:08:37+00:00\",\"breadcrumb\":{\"@id\":\"https:\/\/www.distrettoagrumidisicilia.it\/fr\/projets\/marches-nationaux-fruits-legumes\/#breadcrumb\"},\"inLanguage\":\"fr-FR\",\"potentialAction\":[{\"@type\":\"ReadAction\",\"target\":[\"https:\/\/www.distrettoagrumidisicilia.it\/fr\/projets\/marches-nationaux-fruits-legumes\/\"]}]},{\"@type\":\"BreadcrumbList\",\"@id\":\"https:\/\/www.distrettoagrumidisicilia.it\/fr\/projets\/marches-nationaux-fruits-legumes\/#breadcrumb\",\"itemListElement\":[{\"@type\":\"ListItem\",\"position\":1,\"name\":\"Home\",\"item\":\"https:\/\/www.distrettoagrumidisicilia.it\/fr\/\"},{\"@type\":\"ListItem\",\"position\":2,\"name\":\"Les projets\",\"item\":\"https:\/\/www.distrettoagrumidisicilia.it\/fr\/projets\/\"},{\"@type\":\"ListItem\",\"position\":3,\"name\":\"Les march\u00e9s nationaux de fruits et l\u00e9gumes\"}]}]}<\/script>\n<!-- \/ Yoast SEO plugin. -->","yoast_head_json":{"title":"Les march\u00e9s nationaux de fruits et l\u00e9gumes - District Productif Agrumes de Sicile","robots":{"index":"index","follow":"follow","max-snippet":"max-snippet:-1","max-image-preview":"max-image-preview:large","max-video-preview":"max-video-preview:-1"},"canonical":"https:\/\/www.distrettoagrumidisicilia.it\/fr\/projets\/marches-nationaux-fruits-legumes\/","og_locale":"fr_FR","og_type":"article","og_title":"Les march\u00e9s nationaux de fruits et l\u00e9gumes - District Productif Agrumes de Sicile","og_description":"Obj. 5 \u2013 Valoriser les productions d\u2019agrumes de Sicile sur le territoire national \u00e0 travers une synergie avec les march\u00e9s des fruits et legumes nationaux. Le projet du District, pr\u00e9sent\u00e9 \u00e0 la foire Macfrut \u00e0 Cesena 2011, vise \u00e0 raccorder directement la fili\u00e8re avec les consommateurs \u00e0 travers un Reseau du commerce de d\u00e9tail et [&hellip;]","og_url":"https:\/\/www.distrettoagrumidisicilia.it\/fr\/projets\/marches-nationaux-fruits-legumes\/","og_site_name":"District Productif Agrumes de Sicile","article_publisher":"https:\/\/www.facebook.com\/DistrettoAgrumidiSicilia","article_modified_time":"2016-12-22T11:08:37+00:00","og_image":[{"url":"https:\/\/www.distrettoagrumidisicilia.it\/wp-content\/uploads\/produzioni-agrumicole-siciliane1831.jpg"}],"twitter_card":"summary","twitter_misc":{"Dur\u00e9e de lecture estim\u00e9e":"2 minutes"},"schema":{"@context":"https:\/\/schema.org","@graph":[{"@type":"WebSite","@id":"https:\/\/www.distrettoagrumidisicilia.it\/fr\/#website","url":"https:\/\/www.distrettoagrumidisicilia.it\/fr\/","name":"District Productif Agrumes de Sicile","description":"a territory, a shared strategy","potentialAction":[{"@type":"SearchAction","target":{"@type":"EntryPoint","urlTemplate":"https:\/\/www.distrettoagrumidisicilia.it\/fr\/?s={search_term_string}"},"query-input":"required name=search_term_string"}],"inLanguage":"fr-FR"},{"@type":"ImageObject","@id":"https:\/\/www.distrettoagrumidisicilia.it\/fr\/projets\/marches-nationaux-fruits-legumes\/#primaryimage","inLanguage":"fr-FR","url":"https:\/\/www.distrettoagrumidisicilia.it\/wp-content\/uploads\/produzioni-agrumicole-siciliane1831.jpg","contentUrl":"https:\/\/www.distrettoagrumidisicilia.it\/wp-content\/uploads\/produzioni-agrumicole-siciliane1831.jpg","width":600,"height":401},{"@type":"WebPage","@id":"https:\/\/www.distrettoagrumidisicilia.it\/fr\/projets\/marches-nationaux-fruits-legumes\/#webpage","url":"https:\/\/www.distrettoagrumidisicilia.it\/fr\/projets\/marches-nationaux-fruits-legumes\/","name":"Les march\u00e9s nationaux de fruits et l\u00e9gumes - District Productif Agrumes de Sicile","isPartOf":{"@id":"https:\/\/www.distrettoagrumidisicilia.it\/fr\/#website"},"primaryImageOfPage":{"@id":"https:\/\/www.distrettoagrumidisicilia.it\/fr\/projets\/marches-nationaux-fruits-legumes\/#primaryimage"},"datePublished":"2016-07-01T11:59:01+00:00","dateModified":"2016-12-22T11:08:37+00:00","breadcrumb":{"@id":"https:\/\/www.distrettoagrumidisicilia.it\/fr\/projets\/marches-nationaux-fruits-legumes\/#breadcrumb"},"inLanguage":"fr-FR","potentialAction":[{"@type":"ReadAction","target":["https:\/\/www.distrettoagrumidisicilia.it\/fr\/projets\/marches-nationaux-fruits-legumes\/"]}]},{"@type":"BreadcrumbList","@id":"https:\/\/www.distrettoagrumidisicilia.it\/fr\/projets\/marches-nationaux-fruits-legumes\/#breadcrumb","itemListElement":[{"@type":"ListItem","position":1,"name":"Home","item":"https:\/\/www.distrettoagrumidisicilia.it\/fr\/"},{"@type":"ListItem","position":2,"name":"Les projets","item":"https:\/\/www.distrettoagrumidisicilia.it\/fr\/projets\/"},{"@type":"ListItem","position":3,"name":"Les march\u00e9s nationaux de fruits et l\u00e9gumes"}]}]}},"_links":{"self":[{"href":"https:\/\/www.distrettoagrumidisicilia.it\/fr\/wp-json\/wp\/v2\/pages\/2649"}],"collection":[{"href":"https:\/\/www.distrettoagrumidisicilia.it\/fr\/wp-json\/wp\/v2\/pages"}],"about":[{"href":"https:\/\/www.distrettoagrumidisicilia.it\/fr\/wp-json\/wp\/v2\/types\/page"}],"author":[{"embeddable":true,"href":"https:\/\/www.distrettoagrumidisicilia.it\/fr\/wp-json\/wp\/v2\/users\/1"}],"replies":[{"embeddable":true,"href":"https:\/\/www.distrettoagrumidisicilia.it\/fr\/wp-json\/wp\/v2\/comments?post=2649"}],"version-history":[{"count":1,"href":"https:\/\/www.distrettoagrumidisicilia.it\/fr\/wp-json\/wp\/v2\/pages\/2649\/revisions"}],"predecessor-version":[{"id":2656,"href":"https:\/\/www.distrettoagrumidisicilia.it\/fr\/wp-json\/wp\/v2\/pages\/2649\/revisions\/2656"}],"up":[{"embeddable":true,"href":"https:\/\/www.distrettoagrumidisicilia.it\/fr\/wp-json\/wp\/v2\/pages\/2608"}],"wp:attachment":[{"href":"https:\/\/www.distrettoagrumidisicilia.it\/fr\/wp-json\/wp\/v2\/media?parent=2649"}],"curies":[{"name":"wp","href":"https:\/\/api.w.org\/{rel}","templated":true}]}}