{"id":2648,"date":"2016-09-01T11:59:01","date_gmt":"2016-09-01T11:59:01","guid":{"rendered":"http:\/\/www.distrettoagrumidisicilia.it\/projets\/marche-francais\/?lang=fr"},"modified":"2016-12-22T11:05:45","modified_gmt":"2016-12-22T11:05:45","slug":"marche-francais","status":"publish","type":"page","link":"https:\/\/www.distrettoagrumidisicilia.it\/fr\/projets\/marche-francais\/","title":{"rendered":"Le march\u00e9 fran\u00e7ais"},"content":{"rendered":"<p class=\"abstract\">Obj. 3 \u2013 Internationalisation<\/p>\n<p><img id=\"imgpag\" class=\"imgpag1\" title=\"\" src=\"https:\/\/www.distrettoagrumidisicilia.it\/wp-content\/uploads\/agrumi-mercato-francese7520.gif\" alt=\"Agence International de Communication et de Marketing specialis\u00e9e dan l\u0092alimentaire, les boissons &amp; l\u0092art de vivre - Sopexa\" \/><\/p>\n<p class=\"didascalia\">SOPEXA &#8211; Agence International de Communication et de Marketing specialis\u00e9e dan l\u0092alimentaire, les boissons &amp; l\u0092art de vivre<\/p>\n<p>Ce projet du District, qui vise \u00e0 valoriser les productions agrumicoles siciliennes de qualit\u00e9 sur le march\u00e9fran\u00e7ais, a \u00e9t\u00e9 d\u00e9velopp\u00e9 par l\u2019<strong>Agence Sopexa<\/strong> et pr\u00e9voit les \u00e9tapes suivantes:<\/p>\n<ol>\n<li>Analyse du march\u00e9 fran\u00e7ais et identification des actions necessaires en fonction des caract\u00e9ristiques des produits et des entreprises adh\u00e9rentes au District (<strong>Studio Marketing<\/strong>);<\/li>\n<li>Analyse des besoins du march\u00e9 en fonction de la logistique et de la qualit\u00e9;<\/li>\n<li>Action de communication des produits et leurs d\u00e9riv\u00e9s;<\/li>\n<li>Organisation d\u2019\u00e9v\u00e9nements sur le territoire fran\u00e7ais en utilisant les instruments dont dispose la fili\u00e8re agroalimentaire (Chambre de commerce italo-fran\u00e7aise, ICE, autres institutions qui op\u00e8rent sur le territoire \u00e0 divers titres);<\/li>\n<li>Participation \u00e0 des foires de secteur;<\/li>\n<li>Organisation des operations \u201cIncoming\u201d;<\/li>\n<li>Adaptation des activit\u00e9s des entreprises aux besoins du march\u00e9 fran\u00e7ais.<\/li>\n<\/ol>\n<p class=\"evidenziascrittacentro\">L\u2019identification de march\u00e9s est un objectif qu\u2019il faut atteindre avec une action coh\u00e9sive et collective. Elle est \u00e0 la base du processus d\u2019internationalisation.<\/p>\n","protected":false},"excerpt":{"rendered":"<p>Obj. 3 \u2013 Internationalisation SOPEXA &#8211; Agence International de Communication et de Marketing specialis\u00e9e dan l\u0092alimentaire, les boissons &amp; l\u0092art de vivre Ce projet du District, qui vise \u00e0 valoriser les productions agrumicoles siciliennes de qualit\u00e9 sur le march\u00e9fran\u00e7ais, a \u00e9t\u00e9 d\u00e9velopp\u00e9 par l\u2019Agence Sopexa et pr\u00e9voit les \u00e9tapes suivantes: Analyse du march\u00e9 fran\u00e7ais et [&hellip;]<\/p>\n","protected":false},"author":1,"featured_media":0,"parent":2608,"menu_order":4,"comment_status":"open","ping_status":"open","template":"","meta":{"_et_pb_use_builder":"","_et_pb_old_content":"","_et_gb_content_width":"","_monsterinsights_skip_tracking":false,"_monsterinsights_sitenote_active":false,"_monsterinsights_sitenote_note":"","_monsterinsights_sitenote_category":0},"yoast_head":"<!-- This site is optimized with the Yoast SEO plugin v18.2 - https:\/\/yoast.com\/wordpress\/plugins\/seo\/ -->\n<title>Le march\u00e9 fran\u00e7ais - District Productif Agrumes de Sicile<\/title>\n<meta name=\"robots\" content=\"index, follow, max-snippet:-1, max-image-preview:large, max-video-preview:-1\" \/>\n<link rel=\"canonical\" href=\"https:\/\/www.distrettoagrumidisicilia.it\/fr\/projets\/marche-francais\/\" \/>\n<meta property=\"og:locale\" content=\"fr_FR\" \/>\n<meta property=\"og:type\" content=\"article\" \/>\n<meta property=\"og:title\" content=\"Le march\u00e9 fran\u00e7ais - District Productif Agrumes de Sicile\" \/>\n<meta property=\"og:description\" content=\"Obj. 3 \u2013 Internationalisation SOPEXA &#8211; Agence International de Communication et de Marketing specialis\u00e9e dan l\u0092alimentaire, les boissons &amp; l\u0092art de vivre Ce projet du District, qui vise \u00e0 valoriser les productions agrumicoles siciliennes de qualit\u00e9 sur le march\u00e9fran\u00e7ais, a \u00e9t\u00e9 d\u00e9velopp\u00e9 par l\u2019Agence Sopexa et pr\u00e9voit les \u00e9tapes suivantes: Analyse du march\u00e9 fran\u00e7ais et [&hellip;]\" \/>\n<meta property=\"og:url\" content=\"https:\/\/www.distrettoagrumidisicilia.it\/fr\/projets\/marche-francais\/\" \/>\n<meta property=\"og:site_name\" content=\"District Productif Agrumes de Sicile\" \/>\n<meta property=\"article:publisher\" content=\"https:\/\/www.facebook.com\/DistrettoAgrumidiSicilia\" \/>\n<meta property=\"article:modified_time\" content=\"2016-12-22T11:05:45+00:00\" \/>\n<meta property=\"og:image\" content=\"https:\/\/www.distrettoagrumidisicilia.it\/wp-content\/uploads\/agrumi-mercato-francese7520.gif\" \/>\n<meta name=\"twitter:card\" content=\"summary\" \/>\n<meta name=\"twitter:label1\" content=\"Dur\u00e9e de lecture estim\u00e9e\" \/>\n\t<meta name=\"twitter:data1\" content=\"1 minute\" \/>\n<script type=\"application\/ld+json\" class=\"yoast-schema-graph\">{\"@context\":\"https:\/\/schema.org\",\"@graph\":[{\"@type\":\"WebSite\",\"@id\":\"https:\/\/www.distrettoagrumidisicilia.it\/fr\/#website\",\"url\":\"https:\/\/www.distrettoagrumidisicilia.it\/fr\/\",\"name\":\"District Productif Agrumes de Sicile\",\"description\":\"a territory, a shared strategy\",\"potentialAction\":[{\"@type\":\"SearchAction\",\"target\":{\"@type\":\"EntryPoint\",\"urlTemplate\":\"https:\/\/www.distrettoagrumidisicilia.it\/fr\/?s={search_term_string}\"},\"query-input\":\"required name=search_term_string\"}],\"inLanguage\":\"fr-FR\"},{\"@type\":\"ImageObject\",\"@id\":\"https:\/\/www.distrettoagrumidisicilia.it\/fr\/projets\/marche-francais\/#primaryimage\",\"inLanguage\":\"fr-FR\",\"url\":\"https:\/\/www.distrettoagrumidisicilia.it\/wp-content\/uploads\/agrumi-mercato-francese7520.gif\",\"contentUrl\":\"https:\/\/www.distrettoagrumidisicilia.it\/wp-content\/uploads\/agrumi-mercato-francese7520.gif\",\"width\":600,\"height\":428},{\"@type\":\"WebPage\",\"@id\":\"https:\/\/www.distrettoagrumidisicilia.it\/fr\/projets\/marche-francais\/#webpage\",\"url\":\"https:\/\/www.distrettoagrumidisicilia.it\/fr\/projets\/marche-francais\/\",\"name\":\"Le march\u00e9 fran\u00e7ais - District Productif Agrumes de Sicile\",\"isPartOf\":{\"@id\":\"https:\/\/www.distrettoagrumidisicilia.it\/fr\/#website\"},\"primaryImageOfPage\":{\"@id\":\"https:\/\/www.distrettoagrumidisicilia.it\/fr\/projets\/marche-francais\/#primaryimage\"},\"datePublished\":\"2016-09-01T11:59:01+00:00\",\"dateModified\":\"2016-12-22T11:05:45+00:00\",\"breadcrumb\":{\"@id\":\"https:\/\/www.distrettoagrumidisicilia.it\/fr\/projets\/marche-francais\/#breadcrumb\"},\"inLanguage\":\"fr-FR\",\"potentialAction\":[{\"@type\":\"ReadAction\",\"target\":[\"https:\/\/www.distrettoagrumidisicilia.it\/fr\/projets\/marche-francais\/\"]}]},{\"@type\":\"BreadcrumbList\",\"@id\":\"https:\/\/www.distrettoagrumidisicilia.it\/fr\/projets\/marche-francais\/#breadcrumb\",\"itemListElement\":[{\"@type\":\"ListItem\",\"position\":1,\"name\":\"Home\",\"item\":\"https:\/\/www.distrettoagrumidisicilia.it\/fr\/\"},{\"@type\":\"ListItem\",\"position\":2,\"name\":\"Les projets\",\"item\":\"https:\/\/www.distrettoagrumidisicilia.it\/fr\/projets\/\"},{\"@type\":\"ListItem\",\"position\":3,\"name\":\"Le march\u00e9 fran\u00e7ais\"}]}]}<\/script>\n<!-- \/ Yoast SEO plugin. -->","yoast_head_json":{"title":"Le march\u00e9 fran\u00e7ais - District Productif Agrumes de Sicile","robots":{"index":"index","follow":"follow","max-snippet":"max-snippet:-1","max-image-preview":"max-image-preview:large","max-video-preview":"max-video-preview:-1"},"canonical":"https:\/\/www.distrettoagrumidisicilia.it\/fr\/projets\/marche-francais\/","og_locale":"fr_FR","og_type":"article","og_title":"Le march\u00e9 fran\u00e7ais - District Productif Agrumes de Sicile","og_description":"Obj. 3 \u2013 Internationalisation SOPEXA &#8211; Agence International de Communication et de Marketing specialis\u00e9e dan l\u0092alimentaire, les boissons &amp; l\u0092art de vivre Ce projet du District, qui vise \u00e0 valoriser les productions agrumicoles siciliennes de qualit\u00e9 sur le march\u00e9fran\u00e7ais, a \u00e9t\u00e9 d\u00e9velopp\u00e9 par l\u2019Agence Sopexa et pr\u00e9voit les \u00e9tapes suivantes: Analyse du march\u00e9 fran\u00e7ais et [&hellip;]","og_url":"https:\/\/www.distrettoagrumidisicilia.it\/fr\/projets\/marche-francais\/","og_site_name":"District Productif Agrumes de Sicile","article_publisher":"https:\/\/www.facebook.com\/DistrettoAgrumidiSicilia","article_modified_time":"2016-12-22T11:05:45+00:00","og_image":[{"url":"https:\/\/www.distrettoagrumidisicilia.it\/wp-content\/uploads\/agrumi-mercato-francese7520.gif"}],"twitter_card":"summary","twitter_misc":{"Dur\u00e9e de lecture estim\u00e9e":"1 minute"},"schema":{"@context":"https:\/\/schema.org","@graph":[{"@type":"WebSite","@id":"https:\/\/www.distrettoagrumidisicilia.it\/fr\/#website","url":"https:\/\/www.distrettoagrumidisicilia.it\/fr\/","name":"District Productif Agrumes de Sicile","description":"a territory, a shared strategy","potentialAction":[{"@type":"SearchAction","target":{"@type":"EntryPoint","urlTemplate":"https:\/\/www.distrettoagrumidisicilia.it\/fr\/?s={search_term_string}"},"query-input":"required name=search_term_string"}],"inLanguage":"fr-FR"},{"@type":"ImageObject","@id":"https:\/\/www.distrettoagrumidisicilia.it\/fr\/projets\/marche-francais\/#primaryimage","inLanguage":"fr-FR","url":"https:\/\/www.distrettoagrumidisicilia.it\/wp-content\/uploads\/agrumi-mercato-francese7520.gif","contentUrl":"https:\/\/www.distrettoagrumidisicilia.it\/wp-content\/uploads\/agrumi-mercato-francese7520.gif","width":600,"height":428},{"@type":"WebPage","@id":"https:\/\/www.distrettoagrumidisicilia.it\/fr\/projets\/marche-francais\/#webpage","url":"https:\/\/www.distrettoagrumidisicilia.it\/fr\/projets\/marche-francais\/","name":"Le march\u00e9 fran\u00e7ais - District Productif Agrumes de Sicile","isPartOf":{"@id":"https:\/\/www.distrettoagrumidisicilia.it\/fr\/#website"},"primaryImageOfPage":{"@id":"https:\/\/www.distrettoagrumidisicilia.it\/fr\/projets\/marche-francais\/#primaryimage"},"datePublished":"2016-09-01T11:59:01+00:00","dateModified":"2016-12-22T11:05:45+00:00","breadcrumb":{"@id":"https:\/\/www.distrettoagrumidisicilia.it\/fr\/projets\/marche-francais\/#breadcrumb"},"inLanguage":"fr-FR","potentialAction":[{"@type":"ReadAction","target":["https:\/\/www.distrettoagrumidisicilia.it\/fr\/projets\/marche-francais\/"]}]},{"@type":"BreadcrumbList","@id":"https:\/\/www.distrettoagrumidisicilia.it\/fr\/projets\/marche-francais\/#breadcrumb","itemListElement":[{"@type":"ListItem","position":1,"name":"Home","item":"https:\/\/www.distrettoagrumidisicilia.it\/fr\/"},{"@type":"ListItem","position":2,"name":"Les projets","item":"https:\/\/www.distrettoagrumidisicilia.it\/fr\/projets\/"},{"@type":"ListItem","position":3,"name":"Le march\u00e9 fran\u00e7ais"}]}]}},"_links":{"self":[{"href":"https:\/\/www.distrettoagrumidisicilia.it\/fr\/wp-json\/wp\/v2\/pages\/2648"}],"collection":[{"href":"https:\/\/www.distrettoagrumidisicilia.it\/fr\/wp-json\/wp\/v2\/pages"}],"about":[{"href":"https:\/\/www.distrettoagrumidisicilia.it\/fr\/wp-json\/wp\/v2\/types\/page"}],"author":[{"embeddable":true,"href":"https:\/\/www.distrettoagrumidisicilia.it\/fr\/wp-json\/wp\/v2\/users\/1"}],"replies":[{"embeddable":true,"href":"https:\/\/www.distrettoagrumidisicilia.it\/fr\/wp-json\/wp\/v2\/comments?post=2648"}],"version-history":[{"count":1,"href":"https:\/\/www.distrettoagrumidisicilia.it\/fr\/wp-json\/wp\/v2\/pages\/2648\/revisions"}],"predecessor-version":[{"id":2655,"href":"https:\/\/www.distrettoagrumidisicilia.it\/fr\/wp-json\/wp\/v2\/pages\/2648\/revisions\/2655"}],"up":[{"embeddable":true,"href":"https:\/\/www.distrettoagrumidisicilia.it\/fr\/wp-json\/wp\/v2\/pages\/2608"}],"wp:attachment":[{"href":"https:\/\/www.distrettoagrumidisicilia.it\/fr\/wp-json\/wp\/v2\/media?parent=2648"}],"curies":[{"name":"wp","href":"https:\/\/api.w.org\/{rel}","templated":true}]}}