{"id":2647,"date":"2016-10-01T11:59:01","date_gmt":"2016-10-01T11:59:01","guid":{"rendered":"http:\/\/www.distrettoagrumidisicilia.it\/projets\/pulpes-energie-durable\/?lang=fr"},"modified":"2016-12-22T11:04:32","modified_gmt":"2016-12-22T11:04:32","slug":"pulpes-energie-durable","status":"publish","type":"page","link":"https:\/\/www.distrettoagrumidisicilia.it\/fr\/projets\/pulpes-energie-durable\/","title":{"rendered":"\u00c0 partir de Pulpes vers l&rsquo;\u00e9nergie durable"},"content":{"rendered":"<p class=\"abstract\">Obj. 4 \u2013 Recherche scientifique et d\u00e9veloppement technologique<\/p>\n<p><img id=\"imgpag\" class=\"imgpag1\" title=\"\" src=\"https:\/\/www.distrettoagrumidisicilia.it\/wp-content\/uploads\/impianto-pilota-pastazzo6054035.jpg\" alt=\"Usine de transformation d'agrumes dans l'\u00e9nergie\" \/><\/p>\n<p class=\"didascalia\">Usine de transformation d&rsquo;agrumes dans l&rsquo;\u00e9nergie<\/p>\n<p><img loading=\"lazy\" class=\"alignnone size-full wp-image-1678\" src=\"https:\/\/www.distrettoagrumidisicilia.it\/wp-content\/uploads\/distretto-agrumi-sicilia1.png\" alt=\"distretto-agrumi-sicilia1\" width=\"110\" height=\"110\" \/>\u00a0 \u00a0\u00a0<img loading=\"lazy\" class=\"alignnone size-full wp-image-1676\" src=\"https:\/\/www.distrettoagrumidisicilia.it\/wp-content\/uploads\/coca-cola-foundation.jpg\" alt=\"foundation_options2\" width=\"200\" height=\"93\" \/>\u00a0 \u00a0\u00a0<img loading=\"lazy\" class=\"alignnone size-medium wp-image-1679\" src=\"https:\/\/www.distrettoagrumidisicilia.it\/wp-content\/uploads\/unict-logo.png\" alt=\"unict-logo\" width=\"200\" height=\"86\" \/>\u00a0 \u00a0 \u00a0<a href=\"http:\/\/www.empedocle.coop\/portal\/\" target=\"_blank\" class=\"broken_link\"><img loading=\"lazy\" class=\"alignnone size-medium wp-image-1677\" src=\"https:\/\/www.distrettoagrumidisicilia.it\/wp-content\/uploads\/coop-empedocle-logo.png\" alt=\"coop-empedocle-logo\" width=\"130\" height=\"125\" \/><\/a><br \/>\nEngag\u00e9s dans ce projet-pilot sont aussi la Cooperativa Empedocle, une societ\u00e9 specialis\u00e9e dans la production d\u2019\u00e9nergie alternative, et l\u2019Universit\u00e9 de Catane (D\u00e9partement de Gestion des syst\u00e8mes agroalimentaires et de l&rsquo;environnement, Di.Ge.Sa.), signataire du Pacte de D\u00e9veloppement du District.<strong>En 2013 la Fondation Coca-Cola<\/strong>, une association \u00e0 but non lucrative de la multinationale qui a son siege \u00e0 Atlanta, a decid\u00e9 de financer le \u201cProjet de Recherche Industrielle sur les pulpes d\u2019agrumes\u201d propos\u00e9 par le District Productif Agrumes de Sicile.<\/p>\n<p>L\u2019objectif de la recherche est d\u2019identifier les processus industriels pour l\u2019utilisation des pulpes d\u2019agrumes comme sous-produit et donc d&#8217;emp\u00eacher leur traitement comme d\u00e9chets, d\u2019<strong>optimiser l\u2019utilisation de ce sous-produit dans des process bio\u00e9nerg\u00e9tiques<\/strong> pour transformer ce qui est un facteur de risque \u00e9conomique et l\u00e9gal en opportunit\u00e9 \u00e9conomique pour la fili\u00e8re.<\/p>\n<p><img style=\"border: none; float: left; margin: 0px;\" src=\"https:\/\/www.distrettoagrumidisicilia.it\/wp-content\/uploads\/lampadina.jpg\" alt=\" \u00e9nergie d'agrumes\" \/><\/p>\n<p>Ce Projet de recherche adopte une nouvelle approche vers tout le cycle de vie des pulpes d\u2019agrumes, depuis leur production jusqu\u2019\u00e0 leurs utilisations finales et il comprend la conception, construction et gestion d\u2019une <strong>petite usine pilote<\/strong>, de propri\u00e9t\u00e9 du District Productif Agrumes de Sicile, o\u00f9 l\u2019on peut exp\u00e9rimenter et d\u00e9montrer les processus agro-\u00e9n\u00e9rgetiques les plus appropri\u00e9s pour la fili\u00e8re et diss\u00e9miner les r\u00e9sultats accomplis. L\u2019usine pilote repr\u00e9sentera une plateforme technologique sur laquelle le District Agrumes pourra d\u00e9velopper des collaborations avec les universit\u00e9s et les Instituts de Recherche et, en particulier, avec les autres fili\u00e8res agroalimentaires.<\/p>\n<p>La recherche appliqu\u00e9e pour le d\u00e9veloppement des processus productifs qui transforment les d\u00e9bris et les d\u00e9chets de la production agricole m\u00e9diterran\u00e9enne en mati\u00e8res premi\u00e8res secondaires, (en g\u00e9n\u00e9rant des engrais biologiques qui peuvent rejoindre la terre en substitution des intrants chimiques et encore comme technologie de d\u00e9pollution des terres st\u00e9riles) est tr\u00e8s importante pour d\u00e9marrer <strong>une fili\u00e8re agro-\u00e9n\u00e9rgetique en symbiose avec les fili\u00e8res agroindustrielles existantes<\/strong>. Elle peut devenir un facteur de coh\u00e9sion et de d\u00e9veloppement pour l\u2019agriculture sicilienne qui actuellement est fragment\u00e9e et pli\u00e9e sous le poids de la crise.<\/p>\n<p>Le projet pr\u00e9voit des activit\u00e9s en deux \u00e9tapes, la premi\u00e8re (d\u00e9j\u00e0 finie) consiste en une analyse de laboratoire et des processus industriels, r\u00e9alis\u00e9e en parall\u00e8le avec des \u00e9tudes de march\u00e9 et sur la l\u00e9gislation existante en mati\u00e8re; la deuxi\u00e8me consiste en la r\u00e9alisation de l\u2019usine pilote, d\u2019essais au champ et en laboratoire, d\u2019une exp\u00e9rimentation agronomique et la publication d\u2019un <strong>\u201cmanuel\u201d sur l\u2019utilisation des technologies pour la valorisation des pulpes d\u2019agrumes<\/strong>, comme action conclusive de diffusion des informations et des comp\u00e9tences mises \u00e0 disposition de l\u2019inti\u00e8re fili\u00e8re agrumicole sicilienne, autant que comme Guide que les entreprises peuvent ulitiser pour la r\u00e9alisations de leurs investissements.<\/p>\n<p>La t\u00e2che du District Agrumes de Sicile est de coordonner toutes les activit\u00e9s du projet et de diss\u00e9miner les r\u00e9sultats obtenus.<\/p>\n<p class=\"evidenziascrittacentro\">La valorisation de la production agrumicole passe aussi par la valorisation des sous-produits.<\/p>\n<p><img id=\"imgpag\" class=\"imgpag2\" title=\"\" src=\"https:\/\/www.distrettoagrumidisicilia.it\/wp-content\/uploads\/progetto-pastazzo-agrumi8463.jpg\" alt=\"Les r\u00e9sidus humides d\u0092agrumes apr\u00e8s la compression\" \/><\/p>\n<p class=\"didascalia\">Les r\u00e9sidus humides d\u0092agrumes apr\u00e8s la compression<\/p>\n\n<!-- Page-list plugin v.5.2 wordpress.org\/plugins\/page-list\/ -->\n<!-- no pages to show -->\n","protected":false},"excerpt":{"rendered":"<p>Obj. 4 \u2013 Recherche scientifique et d\u00e9veloppement technologique Usine de transformation d&rsquo;agrumes dans l&rsquo;\u00e9nergie \u00a0 \u00a0\u00a0\u00a0 \u00a0\u00a0\u00a0 \u00a0 \u00a0 Engag\u00e9s dans ce projet-pilot sont aussi la Cooperativa Empedocle, une societ\u00e9 specialis\u00e9e dans la production d\u2019\u00e9nergie alternative, et l\u2019Universit\u00e9 de Catane (D\u00e9partement de Gestion des syst\u00e8mes agroalimentaires et de l&rsquo;environnement, Di.Ge.Sa.), signataire du Pacte de D\u00e9veloppement [&hellip;]<\/p>\n","protected":false},"author":1,"featured_media":0,"parent":2608,"menu_order":3,"comment_status":"open","ping_status":"open","template":"","meta":{"_et_pb_use_builder":"","_et_pb_old_content":"","_et_gb_content_width":"","_monsterinsights_skip_tracking":false,"_monsterinsights_sitenote_active":false,"_monsterinsights_sitenote_note":"","_monsterinsights_sitenote_category":0},"yoast_head":"<!-- This site is optimized with the Yoast SEO plugin v18.2 - https:\/\/yoast.com\/wordpress\/plugins\/seo\/ -->\n<title>\u00c0 partir de Pulpes vers l&#039;\u00e9nergie durable - District Productif Agrumes de Sicile<\/title>\n<meta name=\"robots\" content=\"index, follow, max-snippet:-1, max-image-preview:large, max-video-preview:-1\" \/>\n<link rel=\"canonical\" href=\"https:\/\/www.distrettoagrumidisicilia.it\/fr\/projets\/pulpes-energie-durable\/\" \/>\n<meta property=\"og:locale\" content=\"fr_FR\" \/>\n<meta property=\"og:type\" content=\"article\" \/>\n<meta property=\"og:title\" content=\"\u00c0 partir de Pulpes vers l&#039;\u00e9nergie durable - District Productif Agrumes de Sicile\" \/>\n<meta property=\"og:description\" content=\"Obj. 4 \u2013 Recherche scientifique et d\u00e9veloppement technologique Usine de transformation d&rsquo;agrumes dans l&rsquo;\u00e9nergie \u00a0 \u00a0\u00a0\u00a0 \u00a0\u00a0\u00a0 \u00a0 \u00a0 Engag\u00e9s dans ce projet-pilot sont aussi la Cooperativa Empedocle, une societ\u00e9 specialis\u00e9e dans la production d\u2019\u00e9nergie alternative, et l\u2019Universit\u00e9 de Catane (D\u00e9partement de Gestion des syst\u00e8mes agroalimentaires et de l&rsquo;environnement, Di.Ge.Sa.), signataire du Pacte de D\u00e9veloppement [&hellip;]\" \/>\n<meta property=\"og:url\" content=\"https:\/\/www.distrettoagrumidisicilia.it\/fr\/projets\/pulpes-energie-durable\/\" \/>\n<meta property=\"og:site_name\" content=\"District Productif Agrumes de Sicile\" \/>\n<meta property=\"article:publisher\" content=\"https:\/\/www.facebook.com\/DistrettoAgrumidiSicilia\" \/>\n<meta property=\"article:modified_time\" content=\"2016-12-22T11:04:32+00:00\" \/>\n<meta property=\"og:image\" content=\"https:\/\/www.distrettoagrumidisicilia.it\/wp-content\/uploads\/impianto-pilota-pastazzo6054035.jpg\" \/>\n<meta name=\"twitter:card\" content=\"summary\" \/>\n<meta name=\"twitter:label1\" content=\"Dur\u00e9e de lecture estim\u00e9e\" \/>\n\t<meta name=\"twitter:data1\" content=\"3 minutes\" \/>\n<script type=\"application\/ld+json\" class=\"yoast-schema-graph\">{\"@context\":\"https:\/\/schema.org\",\"@graph\":[{\"@type\":\"WebSite\",\"@id\":\"https:\/\/www.distrettoagrumidisicilia.it\/fr\/#website\",\"url\":\"https:\/\/www.distrettoagrumidisicilia.it\/fr\/\",\"name\":\"District Productif Agrumes de Sicile\",\"description\":\"a territory, a shared strategy\",\"potentialAction\":[{\"@type\":\"SearchAction\",\"target\":{\"@type\":\"EntryPoint\",\"urlTemplate\":\"https:\/\/www.distrettoagrumidisicilia.it\/fr\/?s={search_term_string}\"},\"query-input\":\"required name=search_term_string\"}],\"inLanguage\":\"fr-FR\"},{\"@type\":\"ImageObject\",\"@id\":\"https:\/\/www.distrettoagrumidisicilia.it\/fr\/projets\/pulpes-energie-durable\/#primaryimage\",\"inLanguage\":\"fr-FR\",\"url\":\"https:\/\/www.distrettoagrumidisicilia.it\/wp-content\/uploads\/impianto-pilota-pastazzo6054035.jpg\",\"contentUrl\":\"https:\/\/www.distrettoagrumidisicilia.it\/wp-content\/uploads\/impianto-pilota-pastazzo6054035.jpg\",\"width\":600,\"height\":399},{\"@type\":\"WebPage\",\"@id\":\"https:\/\/www.distrettoagrumidisicilia.it\/fr\/projets\/pulpes-energie-durable\/#webpage\",\"url\":\"https:\/\/www.distrettoagrumidisicilia.it\/fr\/projets\/pulpes-energie-durable\/\",\"name\":\"\u00c0 partir de Pulpes vers l'\u00e9nergie durable - District Productif Agrumes de Sicile\",\"isPartOf\":{\"@id\":\"https:\/\/www.distrettoagrumidisicilia.it\/fr\/#website\"},\"primaryImageOfPage\":{\"@id\":\"https:\/\/www.distrettoagrumidisicilia.it\/fr\/projets\/pulpes-energie-durable\/#primaryimage\"},\"datePublished\":\"2016-10-01T11:59:01+00:00\",\"dateModified\":\"2016-12-22T11:04:32+00:00\",\"breadcrumb\":{\"@id\":\"https:\/\/www.distrettoagrumidisicilia.it\/fr\/projets\/pulpes-energie-durable\/#breadcrumb\"},\"inLanguage\":\"fr-FR\",\"potentialAction\":[{\"@type\":\"ReadAction\",\"target\":[\"https:\/\/www.distrettoagrumidisicilia.it\/fr\/projets\/pulpes-energie-durable\/\"]}]},{\"@type\":\"BreadcrumbList\",\"@id\":\"https:\/\/www.distrettoagrumidisicilia.it\/fr\/projets\/pulpes-energie-durable\/#breadcrumb\",\"itemListElement\":[{\"@type\":\"ListItem\",\"position\":1,\"name\":\"Home\",\"item\":\"https:\/\/www.distrettoagrumidisicilia.it\/fr\/\"},{\"@type\":\"ListItem\",\"position\":2,\"name\":\"Les projets\",\"item\":\"https:\/\/www.distrettoagrumidisicilia.it\/fr\/projets\/\"},{\"@type\":\"ListItem\",\"position\":3,\"name\":\"\u00c0 partir de Pulpes vers l&rsquo;\u00e9nergie durable\"}]}]}<\/script>\n<!-- \/ Yoast SEO plugin. -->","yoast_head_json":{"title":"\u00c0 partir de Pulpes vers l'\u00e9nergie durable - District Productif Agrumes de Sicile","robots":{"index":"index","follow":"follow","max-snippet":"max-snippet:-1","max-image-preview":"max-image-preview:large","max-video-preview":"max-video-preview:-1"},"canonical":"https:\/\/www.distrettoagrumidisicilia.it\/fr\/projets\/pulpes-energie-durable\/","og_locale":"fr_FR","og_type":"article","og_title":"\u00c0 partir de Pulpes vers l'\u00e9nergie durable - District Productif Agrumes de Sicile","og_description":"Obj. 4 \u2013 Recherche scientifique et d\u00e9veloppement technologique Usine de transformation d&rsquo;agrumes dans l&rsquo;\u00e9nergie \u00a0 \u00a0\u00a0\u00a0 \u00a0\u00a0\u00a0 \u00a0 \u00a0 Engag\u00e9s dans ce projet-pilot sont aussi la Cooperativa Empedocle, une societ\u00e9 specialis\u00e9e dans la production d\u2019\u00e9nergie alternative, et l\u2019Universit\u00e9 de Catane (D\u00e9partement de Gestion des syst\u00e8mes agroalimentaires et de l&rsquo;environnement, Di.Ge.Sa.), signataire du Pacte de D\u00e9veloppement [&hellip;]","og_url":"https:\/\/www.distrettoagrumidisicilia.it\/fr\/projets\/pulpes-energie-durable\/","og_site_name":"District Productif Agrumes de Sicile","article_publisher":"https:\/\/www.facebook.com\/DistrettoAgrumidiSicilia","article_modified_time":"2016-12-22T11:04:32+00:00","og_image":[{"url":"https:\/\/www.distrettoagrumidisicilia.it\/wp-content\/uploads\/impianto-pilota-pastazzo6054035.jpg"}],"twitter_card":"summary","twitter_misc":{"Dur\u00e9e de lecture estim\u00e9e":"3 minutes"},"schema":{"@context":"https:\/\/schema.org","@graph":[{"@type":"WebSite","@id":"https:\/\/www.distrettoagrumidisicilia.it\/fr\/#website","url":"https:\/\/www.distrettoagrumidisicilia.it\/fr\/","name":"District Productif Agrumes de Sicile","description":"a territory, a shared strategy","potentialAction":[{"@type":"SearchAction","target":{"@type":"EntryPoint","urlTemplate":"https:\/\/www.distrettoagrumidisicilia.it\/fr\/?s={search_term_string}"},"query-input":"required name=search_term_string"}],"inLanguage":"fr-FR"},{"@type":"ImageObject","@id":"https:\/\/www.distrettoagrumidisicilia.it\/fr\/projets\/pulpes-energie-durable\/#primaryimage","inLanguage":"fr-FR","url":"https:\/\/www.distrettoagrumidisicilia.it\/wp-content\/uploads\/impianto-pilota-pastazzo6054035.jpg","contentUrl":"https:\/\/www.distrettoagrumidisicilia.it\/wp-content\/uploads\/impianto-pilota-pastazzo6054035.jpg","width":600,"height":399},{"@type":"WebPage","@id":"https:\/\/www.distrettoagrumidisicilia.it\/fr\/projets\/pulpes-energie-durable\/#webpage","url":"https:\/\/www.distrettoagrumidisicilia.it\/fr\/projets\/pulpes-energie-durable\/","name":"\u00c0 partir de Pulpes vers l'\u00e9nergie durable - District Productif Agrumes de Sicile","isPartOf":{"@id":"https:\/\/www.distrettoagrumidisicilia.it\/fr\/#website"},"primaryImageOfPage":{"@id":"https:\/\/www.distrettoagrumidisicilia.it\/fr\/projets\/pulpes-energie-durable\/#primaryimage"},"datePublished":"2016-10-01T11:59:01+00:00","dateModified":"2016-12-22T11:04:32+00:00","breadcrumb":{"@id":"https:\/\/www.distrettoagrumidisicilia.it\/fr\/projets\/pulpes-energie-durable\/#breadcrumb"},"inLanguage":"fr-FR","potentialAction":[{"@type":"ReadAction","target":["https:\/\/www.distrettoagrumidisicilia.it\/fr\/projets\/pulpes-energie-durable\/"]}]},{"@type":"BreadcrumbList","@id":"https:\/\/www.distrettoagrumidisicilia.it\/fr\/projets\/pulpes-energie-durable\/#breadcrumb","itemListElement":[{"@type":"ListItem","position":1,"name":"Home","item":"https:\/\/www.distrettoagrumidisicilia.it\/fr\/"},{"@type":"ListItem","position":2,"name":"Les projets","item":"https:\/\/www.distrettoagrumidisicilia.it\/fr\/projets\/"},{"@type":"ListItem","position":3,"name":"\u00c0 partir de Pulpes vers l&rsquo;\u00e9nergie durable"}]}]}},"_links":{"self":[{"href":"https:\/\/www.distrettoagrumidisicilia.it\/fr\/wp-json\/wp\/v2\/pages\/2647"}],"collection":[{"href":"https:\/\/www.distrettoagrumidisicilia.it\/fr\/wp-json\/wp\/v2\/pages"}],"about":[{"href":"https:\/\/www.distrettoagrumidisicilia.it\/fr\/wp-json\/wp\/v2\/types\/page"}],"author":[{"embeddable":true,"href":"https:\/\/www.distrettoagrumidisicilia.it\/fr\/wp-json\/wp\/v2\/users\/1"}],"replies":[{"embeddable":true,"href":"https:\/\/www.distrettoagrumidisicilia.it\/fr\/wp-json\/wp\/v2\/comments?post=2647"}],"version-history":[{"count":3,"href":"https:\/\/www.distrettoagrumidisicilia.it\/fr\/wp-json\/wp\/v2\/pages\/2647\/revisions"}],"predecessor-version":[{"id":3019,"href":"https:\/\/www.distrettoagrumidisicilia.it\/fr\/wp-json\/wp\/v2\/pages\/2647\/revisions\/3019"}],"up":[{"embeddable":true,"href":"https:\/\/www.distrettoagrumidisicilia.it\/fr\/wp-json\/wp\/v2\/pages\/2608"}],"wp:attachment":[{"href":"https:\/\/www.distrettoagrumidisicilia.it\/fr\/wp-json\/wp\/v2\/media?parent=2647"}],"curies":[{"name":"wp","href":"https:\/\/api.w.org\/{rel}","templated":true}]}}