{"id":2646,"date":"2016-08-01T11:59:01","date_gmt":"2016-08-01T11:59:01","guid":{"rendered":"http:\/\/www.distrettoagrumidisicilia.it\/projets\/routes-fleurs-orangers\/?lang=fr"},"modified":"2017-06-19T11:32:10","modified_gmt":"2017-06-19T11:32:10","slug":"routes-fleurs-orangers","status":"publish","type":"page","link":"https:\/\/www.distrettoagrumidisicilia.it\/fr\/projets\/routes-fleurs-orangers\/","title":{"rendered":"Par &lsquo;Les routes des fleurs d&rsquo;orangers&rsquo;"},"content":{"rendered":"<p class=\"abstract\">Un <strong>project du District<\/strong> approuv\u00e9 par le Minist\u00e8re des Politiques agricoles, alimentaires et foresti\u00e8res \u2013 <strong>MIPAAF<\/strong> (d\u00e9cret n. 93824 du 30 d\u00e9cembre 2014) et vis\u00e9 \u00e0 la <strong>valorisation des agrumes et de leurs territoires d\u2019origine<\/strong>.<\/p>\n<p><img id=\"imgpag\" class=\"imgpag1\" title=\"Un project du District approuv\u00e9 par le Minist\u00e8re des Politiques agricoles, alimentaires et foresti\u00e8res \u0096 MIPAAF et vis\u00e9 \u00e0 la valorisation des agrumes et de leurs territoires d\u0092origine.\" src=\"https:\/\/www.distrettoagrumidisicilia.it\/wp-content\/uploads\/mipaaf3538197.jpg\" alt=\"Minist\u00e8re des Politiques agricoles, alimentaires et foresti\u00e8res \u0096 MIPAAF\" \/><\/p>\n<p class=\"didascalia\">MIPAAF &#8211; Minist\u00e8re de l&rsquo;Agriculture, de l&rsquo;Alimentation et des For\u00eats<\/p>\n<p>Le <strong>District Productif Agrumes de Sicile<\/strong>, en impliquant toutes les zones agrumicoles identifi\u00e9es par le sigle <strong>IGP<\/strong> et <strong>AOP,<\/strong> consid\u00e8re le territoire comme l\u2019un des \u00e9l\u00e9ments centraux \u00e0 la fois pour l\u2019dentification des agrumes commerciaux en tant que siciliens avec le signe du District, et pour une offre de Tourisme Relationnel int\u00e9gr\u00e9.<\/p>\n<p>Le District se propose de travailler pour construire et transmettre une image positive r\u00e9sultant d\u2019une synergie produit-territoire-qualit\u00e9-s\u00e9curit\u00e9 alimentaire, dont l\u2019objectif est la valorisation de l\u2019ensemble des ressources et des \u00e9l\u00e9ments d\u2019identit\u00e9 qui constituent le patrimoine naturel d&rsquo;une communaut\u00e9.Dans ce context le touriste est oblig\u00e9 \u00e0 la fois de choisir cette destination de vacances et de chercher <strong>les agrumes<\/strong> en tant que produits au meme temps bons pour la sant\u00e9 et \u00e9vocateurs de l\u2019histoire du territoire.<\/p>\n<p>Le District Productif Agrumes de Sicile se propose ainsi la <strong>realisation du project<\/strong> PAR \u00ab\u00a0<em>LES ROUTES DES FLEURS D\u2019ORANGERS\u00a0\u00bb POUR UNE INNOVATION ET UNE VALORISATION DES PRODUTIONS D\u2019AGRUMES SICILIENS DE QUALIT\u00c9 ET POUR GARANTIR UNE NOURRITURE SAINE AVEC UNE INNOVATION ORGANISATIONNELLE CONSTITUANT UN SYST\u00c8ME<\/em> soit par le moyen du <strong>tourisme relationnel int\u00e9gr\u00e9<\/strong> soit par des <strong>actions sp\u00e9cifiques de promotion<\/strong>; il propose de donner de la <strong>valeur ajout\u00e9e aux produtions agrumicoles siciliennes<\/strong> et \u00e0 l\u2019image de l\u2019ensemble de la Sicile, aussi que d\u2019encourager la connaissance de beaucoup d\u2019autres productions agricoles et artisanales de qualit\u00e9 de la sicile, en cr\u00e9ant un syst\u00e8me de relations tres fort parmi les diff\u00e9rents secteurs \u00e9conomiques de l&rsquo;\u00eele: agriculture, p\u00eache, artisanat et tourisme.<\/p>\n<p>Avec la realisation de ce project, le District se propose comme objectif principal de r\u00e9affirmer les agrumes siciliens en tant que <strong>produits \u00ab\u00a0symbole\u00a0\u00bb de la Sicile<\/strong>, en leur donnant acc\u00e8s \u00e0 l\u2019innovation et en les promouvant comme produits d\u2019excellence pour leur position dans le march\u00e9 ainsi que perce qu\u2019ils sont retenus produits qui font bien \u00e0 la sant\u00e9 et qui peuvent encore contribuer au traitement de pathologies sp\u00e9cifiques.<\/p>\n<p>Avec la realisation du project par le moyen du Tourisme Relationnel int\u00e9gr\u00e9, le District Productif Agrumes de Sicile se propose aussi de cr\u00e9er parmi les habitants des zones agrumicoles de la Sicile, les operateurs de l\u2019hospitalit\u00e9 \u00e0 tous les niveaux, les producteurs et les op\u00e9rateurs commerciaux, une collaboration et la valorisation r\u00e9ciproque telles qu\u2019elles puissent renforcer la conscience parmi eux que plus de 20 milions de pr\u00e9sence touristique in Sicile representent une grande opportunit\u00e9 pour le secteur agrumicole et ses produits, et que la <strong>prodution agrumicole<\/strong> tient une place importante dans la <strong>valorisation du territoire<\/strong> &#8211; tout d\u2019abord le paysage sempervirent des \u201cgiardini\u201d \u2013 et de l\u2019offre touristique, qui doit \u00eatre profond\u00e9ment enracin\u00e9e dans l\u2019histoire et la culture de la Sicile.<\/p>\n<p><strong>La mise en \u0153uvre de ce project<\/strong> peut etre consider\u00e9e comme le signe \u00e9vident de la capacit\u00e9 de cr\u00e9er un syst\u00e8me relationnel vis\u00e9 \u00e0 valoriser tout ce que la Sicile peut offrir de mieux.<\/p>\n<p>Le project pr\u00e9voit une serie d\u2019activit\u00e9s qu\u2019on peut trouver dans cette page du site Web et que seront communiqu\u00e9es en dehors selon les r\u00e8gles \u00e9tablies par le Ministere. Le Pr\u00e9sident du District Productif Agrumes di Sicile.<\/p>\n<p class=\"firma\"><strong>Le Pr\u00e9sident du District Productif Agrumes di Sicile.<\/strong><br \/>\n<em>Dott.ssa Federica Argentati<\/em><\/p>\n<p><img id=\"imgpag\" class=\"imgpag2\" title=\"Valorisation d'agrumes et des territoires siciliannes\" src=\"https:\/\/www.distrettoagrumidisicilia.it\/wp-content\/uploads\/sicilia-consorzi-distretto-agrumi2943630.png\" alt=\"Agrumes et territoires de Sicile\" \/><\/p>\n<p class=\"didascalia\">Un project du District approuv\u00e9 par le Minist\u00e8re des Politiques agricoles, alimentaires et foresti\u00e8res &#8211; MIPAAF<\/p>\n<ul class=\"page-list \">\n<li class=\"page_item page-item-2674\"><a href=\"https:\/\/www.distrettoagrumidisicilia.it\/fr\/activites\/event-district-agrumes-sicile\/participation-salons-foires\/district-productif-agrumes-sicile\/\">EXPO 2015. Le District Productif Agrumes de Sicile am\u00e8ne la production sicilienne jusqu\u0092\u00e0 Milan avec \u2018People of Sicily\u2019<\/a><\/li>\n<li class=\"page_item page-item-2660\"><a href=\"https:\/\/www.distrettoagrumidisicilia.it\/fr\/activites\/event-district-agrumes-sicile\/participation-salons-foires\/district-blue-sea-land\/\">Le District au Blue Sea Land de la ville de Mazara del Vallo avec ses fruits frais, les granit\u00e9s et les jus AOP, IGP et BIO<\/a><\/li>\n<li class=\"page_item page-item-2660\"><a href=\"https:\/\/www.distrettoagrumidisicilia.it\/fr\/activites\/event-district-agrumes-sicile\/participation-salons-foires\/agriculture-economie-sicilienne\/\">AGRICULTURE \u2013 L&rsquo;\u0092\u00e9conomie sicilienne se relance \u00e0 partir des agrumes \u2013 Atelier \u00e0 Rome<\/a><\/li>\n<li class=\"page_item page-item-2660\"><a href=\"https:\/\/www.distrettoagrumidisicilia.it\/fr\/activites\/event-district-agrumes-sicile\/participation-salons-foires\/filiere-agrumicole-sicilienne\/\">Sur les routes des fleurs d\u0092orangers, \u00e0 la d\u00e9couverte de la fili\u00e8re agrumicole sicilienne de qualit\u00e9<\/a><\/li>\n<li class=\"page_item page-item-2674\"><a href=\"https:\/\/www.distrettoagrumidisicilia.it\/fr\/projets\/routes-fleurs-orangers\/video-agrumes-sicile\/\">Une vid\u00e9o qui d\u00e9crit pour la premi\u00e8re fois la grande fili\u00e8re des agrumes en Sicile<\/a><\/li>\n<li class=\"page_item page-item-2663\"><a href=\"https:\/\/www.distrettoagrumidisicilia.it\/fr\/activites\/event-district-agrumes-sicile\/participation-salons-foires\/agrumes-sante-syracuse\/\">Agrumes et sant\u00e9 \u2013 Atelier \u00e0 Syracuse<\/a><\/li>\n<\/ul>\n","protected":false},"excerpt":{"rendered":"<p>Un project du District approuv\u00e9 par le Minist\u00e8re des Politiques agricoles, alimentaires et foresti\u00e8res \u2013 MIPAAF (d\u00e9cret n. 93824 du 30 d\u00e9cembre 2014) et vis\u00e9 \u00e0 la valorisation des agrumes et de leurs territoires d\u2019origine. MIPAAF &#8211; Minist\u00e8re de l&rsquo;Agriculture, de l&rsquo;Alimentation et des For\u00eats Le District Productif Agrumes de Sicile, en impliquant toutes les [&hellip;]<\/p>\n","protected":false},"author":1,"featured_media":0,"parent":2608,"menu_order":5,"comment_status":"open","ping_status":"open","template":"","meta":{"_et_pb_use_builder":"","_et_pb_old_content":"","_et_gb_content_width":"","_monsterinsights_skip_tracking":false,"_monsterinsights_sitenote_active":false,"_monsterinsights_sitenote_note":"","_monsterinsights_sitenote_category":0},"yoast_head":"<!-- This site is optimized with the Yoast SEO plugin v18.2 - https:\/\/yoast.com\/wordpress\/plugins\/seo\/ -->\n<title>Par &#039;Les routes des fleurs d&#039;orangers&#039; - District Productif Agrumes de Sicile<\/title>\n<meta name=\"description\" content=\"Innover et am\u00e9liorer la production de la qualit\u00e9 de citron sicilien et d&#039;assurer une une alimentation saine \u00e0 la fois l&#039;innovation organisationnelle et du sys\" \/>\n<meta name=\"robots\" content=\"index, follow, max-snippet:-1, max-image-preview:large, max-video-preview:-1\" \/>\n<link rel=\"canonical\" href=\"https:\/\/www.distrettoagrumidisicilia.it\/fr\/projets\/routes-fleurs-orangers\/\" \/>\n<meta property=\"og:locale\" content=\"fr_FR\" \/>\n<meta property=\"og:type\" content=\"article\" \/>\n<meta property=\"og:title\" content=\"Par &#039;Les routes des fleurs d&#039;orangers&#039; - District Productif Agrumes de Sicile\" \/>\n<meta property=\"og:description\" content=\"Innover et am\u00e9liorer la production de la qualit\u00e9 de citron sicilien et d&#039;assurer une une alimentation saine \u00e0 la fois l&#039;innovation organisationnelle et du sys\" \/>\n<meta property=\"og:url\" content=\"https:\/\/www.distrettoagrumidisicilia.it\/fr\/projets\/routes-fleurs-orangers\/\" \/>\n<meta property=\"og:site_name\" content=\"District Productif Agrumes de Sicile\" \/>\n<meta property=\"article:publisher\" content=\"https:\/\/www.facebook.com\/DistrettoAgrumidiSicilia\" \/>\n<meta property=\"article:modified_time\" content=\"2017-06-19T11:32:10+00:00\" \/>\n<meta property=\"og:image\" content=\"https:\/\/www.distrettoagrumidisicilia.it\/wp-content\/uploads\/mipaaf3538197.jpg\" \/>\n<meta name=\"twitter:card\" content=\"summary\" \/>\n<meta name=\"twitter:label1\" content=\"Dur\u00e9e de lecture estim\u00e9e\" \/>\n\t<meta name=\"twitter:data1\" content=\"4 minutes\" \/>\n<script type=\"application\/ld+json\" class=\"yoast-schema-graph\">{\"@context\":\"https:\/\/schema.org\",\"@graph\":[{\"@type\":\"WebSite\",\"@id\":\"https:\/\/www.distrettoagrumidisicilia.it\/fr\/#website\",\"url\":\"https:\/\/www.distrettoagrumidisicilia.it\/fr\/\",\"name\":\"District Productif Agrumes de Sicile\",\"description\":\"a territory, a shared strategy\",\"potentialAction\":[{\"@type\":\"SearchAction\",\"target\":{\"@type\":\"EntryPoint\",\"urlTemplate\":\"https:\/\/www.distrettoagrumidisicilia.it\/fr\/?s={search_term_string}\"},\"query-input\":\"required name=search_term_string\"}],\"inLanguage\":\"fr-FR\"},{\"@type\":\"ImageObject\",\"@id\":\"https:\/\/www.distrettoagrumidisicilia.it\/fr\/projets\/routes-fleurs-orangers\/#primaryimage\",\"inLanguage\":\"fr-FR\",\"url\":\"https:\/\/www.distrettoagrumidisicilia.it\/wp-content\/uploads\/mipaaf3538197.jpg\",\"contentUrl\":\"https:\/\/www.distrettoagrumidisicilia.it\/wp-content\/uploads\/mipaaf3538197.jpg\",\"width\":600,\"height\":478},{\"@type\":\"WebPage\",\"@id\":\"https:\/\/www.distrettoagrumidisicilia.it\/fr\/projets\/routes-fleurs-orangers\/#webpage\",\"url\":\"https:\/\/www.distrettoagrumidisicilia.it\/fr\/projets\/routes-fleurs-orangers\/\",\"name\":\"Par 'Les routes des fleurs d'orangers' - District Productif Agrumes de Sicile\",\"isPartOf\":{\"@id\":\"https:\/\/www.distrettoagrumidisicilia.it\/fr\/#website\"},\"primaryImageOfPage\":{\"@id\":\"https:\/\/www.distrettoagrumidisicilia.it\/fr\/projets\/routes-fleurs-orangers\/#primaryimage\"},\"datePublished\":\"2016-08-01T11:59:01+00:00\",\"dateModified\":\"2017-06-19T11:32:10+00:00\",\"description\":\"Innover et am\u00e9liorer la production de la qualit\u00e9 de citron sicilien et d'assurer une une alimentation saine \u00e0 la fois l'innovation organisationnelle et du sys\",\"breadcrumb\":{\"@id\":\"https:\/\/www.distrettoagrumidisicilia.it\/fr\/projets\/routes-fleurs-orangers\/#breadcrumb\"},\"inLanguage\":\"fr-FR\",\"potentialAction\":[{\"@type\":\"ReadAction\",\"target\":[\"https:\/\/www.distrettoagrumidisicilia.it\/fr\/projets\/routes-fleurs-orangers\/\"]}]},{\"@type\":\"BreadcrumbList\",\"@id\":\"https:\/\/www.distrettoagrumidisicilia.it\/fr\/projets\/routes-fleurs-orangers\/#breadcrumb\",\"itemListElement\":[{\"@type\":\"ListItem\",\"position\":1,\"name\":\"Home\",\"item\":\"https:\/\/www.distrettoagrumidisicilia.it\/fr\/\"},{\"@type\":\"ListItem\",\"position\":2,\"name\":\"Les projets\",\"item\":\"https:\/\/www.distrettoagrumidisicilia.it\/fr\/projets\/\"},{\"@type\":\"ListItem\",\"position\":3,\"name\":\"Par &lsquo;Les routes des fleurs d&rsquo;orangers&rsquo;\"}]}]}<\/script>\n<!-- \/ Yoast SEO plugin. -->","yoast_head_json":{"title":"Par 'Les routes des fleurs d'orangers' - District Productif Agrumes de Sicile","description":"Innover et am\u00e9liorer la production de la qualit\u00e9 de citron sicilien et d'assurer une une alimentation saine \u00e0 la fois l'innovation organisationnelle et du sys","robots":{"index":"index","follow":"follow","max-snippet":"max-snippet:-1","max-image-preview":"max-image-preview:large","max-video-preview":"max-video-preview:-1"},"canonical":"https:\/\/www.distrettoagrumidisicilia.it\/fr\/projets\/routes-fleurs-orangers\/","og_locale":"fr_FR","og_type":"article","og_title":"Par 'Les routes des fleurs d'orangers' - District Productif Agrumes de Sicile","og_description":"Innover et am\u00e9liorer la production de la qualit\u00e9 de citron sicilien et d'assurer une une alimentation saine \u00e0 la fois l'innovation organisationnelle et du sys","og_url":"https:\/\/www.distrettoagrumidisicilia.it\/fr\/projets\/routes-fleurs-orangers\/","og_site_name":"District Productif Agrumes de Sicile","article_publisher":"https:\/\/www.facebook.com\/DistrettoAgrumidiSicilia","article_modified_time":"2017-06-19T11:32:10+00:00","og_image":[{"url":"https:\/\/www.distrettoagrumidisicilia.it\/wp-content\/uploads\/mipaaf3538197.jpg"}],"twitter_card":"summary","twitter_misc":{"Dur\u00e9e de lecture estim\u00e9e":"4 minutes"},"schema":{"@context":"https:\/\/schema.org","@graph":[{"@type":"WebSite","@id":"https:\/\/www.distrettoagrumidisicilia.it\/fr\/#website","url":"https:\/\/www.distrettoagrumidisicilia.it\/fr\/","name":"District Productif Agrumes de Sicile","description":"a territory, a shared strategy","potentialAction":[{"@type":"SearchAction","target":{"@type":"EntryPoint","urlTemplate":"https:\/\/www.distrettoagrumidisicilia.it\/fr\/?s={search_term_string}"},"query-input":"required name=search_term_string"}],"inLanguage":"fr-FR"},{"@type":"ImageObject","@id":"https:\/\/www.distrettoagrumidisicilia.it\/fr\/projets\/routes-fleurs-orangers\/#primaryimage","inLanguage":"fr-FR","url":"https:\/\/www.distrettoagrumidisicilia.it\/wp-content\/uploads\/mipaaf3538197.jpg","contentUrl":"https:\/\/www.distrettoagrumidisicilia.it\/wp-content\/uploads\/mipaaf3538197.jpg","width":600,"height":478},{"@type":"WebPage","@id":"https:\/\/www.distrettoagrumidisicilia.it\/fr\/projets\/routes-fleurs-orangers\/#webpage","url":"https:\/\/www.distrettoagrumidisicilia.it\/fr\/projets\/routes-fleurs-orangers\/","name":"Par 'Les routes des fleurs d'orangers' - District Productif Agrumes de Sicile","isPartOf":{"@id":"https:\/\/www.distrettoagrumidisicilia.it\/fr\/#website"},"primaryImageOfPage":{"@id":"https:\/\/www.distrettoagrumidisicilia.it\/fr\/projets\/routes-fleurs-orangers\/#primaryimage"},"datePublished":"2016-08-01T11:59:01+00:00","dateModified":"2017-06-19T11:32:10+00:00","description":"Innover et am\u00e9liorer la production de la qualit\u00e9 de citron sicilien et d'assurer une une alimentation saine \u00e0 la fois l'innovation organisationnelle et du sys","breadcrumb":{"@id":"https:\/\/www.distrettoagrumidisicilia.it\/fr\/projets\/routes-fleurs-orangers\/#breadcrumb"},"inLanguage":"fr-FR","potentialAction":[{"@type":"ReadAction","target":["https:\/\/www.distrettoagrumidisicilia.it\/fr\/projets\/routes-fleurs-orangers\/"]}]},{"@type":"BreadcrumbList","@id":"https:\/\/www.distrettoagrumidisicilia.it\/fr\/projets\/routes-fleurs-orangers\/#breadcrumb","itemListElement":[{"@type":"ListItem","position":1,"name":"Home","item":"https:\/\/www.distrettoagrumidisicilia.it\/fr\/"},{"@type":"ListItem","position":2,"name":"Les projets","item":"https:\/\/www.distrettoagrumidisicilia.it\/fr\/projets\/"},{"@type":"ListItem","position":3,"name":"Par &lsquo;Les routes des fleurs d&rsquo;orangers&rsquo;"}]}]}},"_links":{"self":[{"href":"https:\/\/www.distrettoagrumidisicilia.it\/fr\/wp-json\/wp\/v2\/pages\/2646"}],"collection":[{"href":"https:\/\/www.distrettoagrumidisicilia.it\/fr\/wp-json\/wp\/v2\/pages"}],"about":[{"href":"https:\/\/www.distrettoagrumidisicilia.it\/fr\/wp-json\/wp\/v2\/types\/page"}],"author":[{"embeddable":true,"href":"https:\/\/www.distrettoagrumidisicilia.it\/fr\/wp-json\/wp\/v2\/users\/1"}],"replies":[{"embeddable":true,"href":"https:\/\/www.distrettoagrumidisicilia.it\/fr\/wp-json\/wp\/v2\/comments?post=2646"}],"version-history":[{"count":10,"href":"https:\/\/www.distrettoagrumidisicilia.it\/fr\/wp-json\/wp\/v2\/pages\/2646\/revisions"}],"predecessor-version":[{"id":4844,"href":"https:\/\/www.distrettoagrumidisicilia.it\/fr\/wp-json\/wp\/v2\/pages\/2646\/revisions\/4844"}],"up":[{"embeddable":true,"href":"https:\/\/www.distrettoagrumidisicilia.it\/fr\/wp-json\/wp\/v2\/pages\/2608"}],"wp:attachment":[{"href":"https:\/\/www.distrettoagrumidisicilia.it\/fr\/wp-json\/wp\/v2\/media?parent=2646"}],"curies":[{"name":"wp","href":"https:\/\/api.w.org\/{rel}","templated":true}]}}