{"id":2641,"date":"2016-11-01T10:04:28","date_gmt":"2016-11-01T10:04:28","guid":{"rendered":"http:\/\/www.distrettoagrumidisicilia.it\/activites\/coordination-districts-siciliens\/?lang=fr"},"modified":"2019-05-06T11:06:50","modified_gmt":"2019-05-06T11:06:50","slug":"coordination-districts-siciliens","status":"publish","type":"page","link":"https:\/\/www.distrettoagrumidisicilia.it\/fr\/activites\/coordination-districts-siciliens\/","title":{"rendered":"Coordination des Districts siciliens"},"content":{"rendered":"<p class=\"abstract\">Le District Productif Agrumes de Sicile est activement engag\u00e9 dans la <strong>Coordination R\u00e9gionale des <a title=\"En savoir plus sur le Districts Productifs Siciliens\" href=\"https:\/\/www.distrettoagrumidisicilia.it\/faq\/?lang=fr\">Districts Productifs Siciliens<\/a> de l\u2019Agroalimentaire et de la P\u00eache<\/strong>.<\/p>\n<p><img id=\"imgpag\" class=\"imgpag1\" title=\"Stands d'exposition des districts de production\" src=\"https:\/\/www.distrettoagrumidisicilia.it\/wp-content\/uploads\/coordinamento-distretti_201398318469.jpg\" alt=\"Le District d'agrumes, le district de la p\u00eaches et le district de Calatino\" \/><\/p>\n<p class=\"didascalia\">Les activit\u00e9s de promotion de certains Districts Productifs Siciliens<\/p>\n<p>La <strong>Coordination R\u00e9gionale des Districts Productifs Siciliens de l\u2019Agroalimentaire et de la P\u00eache<\/strong> a \u00e9t\u00e9 constitu\u00e9 par les 7 districts agroalimentaires siciliens officielement reconnus (le District Unique R\u00e9gional C\u00e9r\u00e9ales SWB, le District Agrumes de Sicile, le District du figue du Calatino Sud Simeto, le District Volaille, le District du secteur laitier, le District Viande Bovine, le District Confiserie de Sicile) et le District de la P\u00eache industrielle C.O.S.V.A.P., afin de:<\/p>\n<p><img style=\"border: none; float: left; margin: 0px 40px 0px 0px;\" src=\"https:\/\/www.distrettoagrumidisicilia.it\/wp-content\/uploads\/coordinamento-distretti-siciliani.png\" alt=\"la coordination des districts en Sicile\" \/><\/p>\n<ul>\n<li>Identifier une vision commune de projets et de dialogue et concertation avec les Repr\u00e9sentants du Gouvernement et de l\u2019Administration R\u00e9gionaux;<\/li>\n<li>Faire une distintion entre les exigences et particularit\u00e9s des Ditricts agroalimentaires d\u2019un c\u00f4t\u00e9, et les exigences et particularit\u00e9s des Districts d\u2019autres secteurs de l\u2019autre c\u00f4t\u00e9 (des lapidaires, de la m\u00e9canique, de production d\u2019aluminium, etc.);<\/li>\n<li>Remplir le vide cr\u00e9\u00e9 par le manque de nommer le Conseil des Districts institu\u00e9 par D\u00e9cret r\u00e9gional n. 886 du 7\/9\/2012.<\/li>\n<\/ul>\n<h2 style=\"font-size: 19px;\"><\/h2>\n<h2 style=\"font-size: 19px;\"><\/h2>\n<h2 style=\"font-size: 19px;\">T\u00e9l\u00e9charger les documents<\/h2>\n<ul>\n<li><a href=\"https:\/\/www.distrettoagrumidisicilia.it\/wp-content\/uploads\/rassegna-stampa-ottobre_2014.pdf\">Rassegna stampa (.pdf 21,7 Mb)<\/a><\/li>\n<li><a href=\"https:\/\/www.distrettoagrumidisicilia.it\/wp-content\/uploads\/corrispondenza-amministrazione_documenti.pdf\">Corrispondenza con l&rsquo;Amministrazione e Documenti (.pdf 28,8 Mb)<\/a><\/li>\n<\/ul>\n<p><img id=\"imgpag\" class=\"imgpag2\" title=\"La promotion de District Productif Siciliennes\" src=\"https:\/\/www.distrettoagrumidisicilia.it\/wp-content\/uploads\/coordinamento-distretti_20134730.jpg\" alt=\"District de sucr\u00e9, district laitier, District de c\u00e9r\u00e9ales\" \/><\/p>\n<p class=\"didascalia\">Les autre Districts Productifs Siciliens<\/p>\n\n<!-- Page-list plugin v.5.2 wordpress.org\/plugins\/page-list\/ -->\n<!-- no pages to show -->\n","protected":false},"excerpt":{"rendered":"<p>Le District Productif Agrumes de Sicile est activement engag\u00e9 dans la Coordination R\u00e9gionale des Districts Productifs Siciliens de l\u2019Agroalimentaire et de la P\u00eache. Les activit\u00e9s de promotion de certains Districts Productifs Siciliens La Coordination R\u00e9gionale des Districts Productifs Siciliens de l\u2019Agroalimentaire et de la P\u00eache a \u00e9t\u00e9 constitu\u00e9 par les 7 districts agroalimentaires siciliens officielement [&hellip;]<\/p>\n","protected":false},"author":1,"featured_media":0,"parent":2607,"menu_order":5,"comment_status":"open","ping_status":"open","template":"","meta":{"_et_pb_use_builder":"","_et_pb_old_content":"","_et_gb_content_width":"","_monsterinsights_skip_tracking":false,"_monsterinsights_sitenote_active":false,"_monsterinsights_sitenote_note":"","_monsterinsights_sitenote_category":0},"yoast_head":"<!-- This site is optimized with the Yoast SEO plugin v18.2 - https:\/\/yoast.com\/wordpress\/plugins\/seo\/ -->\n<title>Coordination des Districts siciliens - District Productif Agrumes de Sicile<\/title>\n<meta name=\"description\" content=\"Le District Productif Agrumes de Sicile coordonne l&#039;ensemble des districts de production en Sicile\" \/>\n<meta name=\"robots\" content=\"index, follow, max-snippet:-1, max-image-preview:large, max-video-preview:-1\" \/>\n<link rel=\"canonical\" href=\"https:\/\/www.distrettoagrumidisicilia.it\/fr\/activites\/coordination-districts-siciliens\/\" \/>\n<meta property=\"og:locale\" content=\"fr_FR\" \/>\n<meta property=\"og:type\" content=\"article\" \/>\n<meta property=\"og:title\" content=\"Coordination des Districts siciliens - District Productif Agrumes de Sicile\" \/>\n<meta property=\"og:description\" content=\"Le District Productif Agrumes de Sicile coordonne l&#039;ensemble des districts de production en Sicile\" \/>\n<meta property=\"og:url\" content=\"https:\/\/www.distrettoagrumidisicilia.it\/fr\/activites\/coordination-districts-siciliens\/\" \/>\n<meta property=\"og:site_name\" content=\"District Productif Agrumes de Sicile\" \/>\n<meta property=\"article:publisher\" content=\"https:\/\/www.facebook.com\/DistrettoAgrumidiSicilia\" \/>\n<meta property=\"article:modified_time\" content=\"2019-05-06T11:06:50+00:00\" \/>\n<meta property=\"og:image\" content=\"https:\/\/www.distrettoagrumidisicilia.it\/wp-content\/uploads\/coordinamento-distretti_201398318469.jpg\" \/>\n<meta name=\"twitter:card\" content=\"summary\" \/>\n<meta name=\"twitter:label1\" content=\"Dur\u00e9e de lecture estim\u00e9e\" \/>\n\t<meta name=\"twitter:data1\" content=\"1 minute\" \/>\n<script type=\"application\/ld+json\" class=\"yoast-schema-graph\">{\"@context\":\"https:\/\/schema.org\",\"@graph\":[{\"@type\":\"WebSite\",\"@id\":\"https:\/\/www.distrettoagrumidisicilia.it\/fr\/#website\",\"url\":\"https:\/\/www.distrettoagrumidisicilia.it\/fr\/\",\"name\":\"District Productif Agrumes de Sicile\",\"description\":\"a territory, a shared strategy\",\"potentialAction\":[{\"@type\":\"SearchAction\",\"target\":{\"@type\":\"EntryPoint\",\"urlTemplate\":\"https:\/\/www.distrettoagrumidisicilia.it\/fr\/?s={search_term_string}\"},\"query-input\":\"required name=search_term_string\"}],\"inLanguage\":\"fr-FR\"},{\"@type\":\"ImageObject\",\"@id\":\"https:\/\/www.distrettoagrumidisicilia.it\/fr\/activites\/coordination-districts-siciliens\/#primaryimage\",\"inLanguage\":\"fr-FR\",\"url\":\"https:\/\/www.distrettoagrumidisicilia.it\/wp-content\/uploads\/coordinamento-distretti_201398318469.jpg\",\"contentUrl\":\"https:\/\/www.distrettoagrumidisicilia.it\/wp-content\/uploads\/coordinamento-distretti_201398318469.jpg\",\"width\":600,\"height\":290},{\"@type\":\"WebPage\",\"@id\":\"https:\/\/www.distrettoagrumidisicilia.it\/fr\/activites\/coordination-districts-siciliens\/#webpage\",\"url\":\"https:\/\/www.distrettoagrumidisicilia.it\/fr\/activites\/coordination-districts-siciliens\/\",\"name\":\"Coordination des Districts siciliens - District Productif Agrumes de Sicile\",\"isPartOf\":{\"@id\":\"https:\/\/www.distrettoagrumidisicilia.it\/fr\/#website\"},\"primaryImageOfPage\":{\"@id\":\"https:\/\/www.distrettoagrumidisicilia.it\/fr\/activites\/coordination-districts-siciliens\/#primaryimage\"},\"datePublished\":\"2016-11-01T10:04:28+00:00\",\"dateModified\":\"2019-05-06T11:06:50+00:00\",\"description\":\"Le District Productif Agrumes de Sicile coordonne l'ensemble des districts de production en Sicile\",\"breadcrumb\":{\"@id\":\"https:\/\/www.distrettoagrumidisicilia.it\/fr\/activites\/coordination-districts-siciliens\/#breadcrumb\"},\"inLanguage\":\"fr-FR\",\"potentialAction\":[{\"@type\":\"ReadAction\",\"target\":[\"https:\/\/www.distrettoagrumidisicilia.it\/fr\/activites\/coordination-districts-siciliens\/\"]}]},{\"@type\":\"BreadcrumbList\",\"@id\":\"https:\/\/www.distrettoagrumidisicilia.it\/fr\/activites\/coordination-districts-siciliens\/#breadcrumb\",\"itemListElement\":[{\"@type\":\"ListItem\",\"position\":1,\"name\":\"Home\",\"item\":\"https:\/\/www.distrettoagrumidisicilia.it\/fr\/\"},{\"@type\":\"ListItem\",\"position\":2,\"name\":\"Les activit\u00e9s\",\"item\":\"https:\/\/www.distrettoagrumidisicilia.it\/fr\/activites\/\"},{\"@type\":\"ListItem\",\"position\":3,\"name\":\"Coordination des Districts siciliens\"}]}]}<\/script>\n<!-- \/ Yoast SEO plugin. -->","yoast_head_json":{"title":"Coordination des Districts siciliens - District Productif Agrumes de Sicile","description":"Le District Productif Agrumes de Sicile coordonne l'ensemble des districts de production en Sicile","robots":{"index":"index","follow":"follow","max-snippet":"max-snippet:-1","max-image-preview":"max-image-preview:large","max-video-preview":"max-video-preview:-1"},"canonical":"https:\/\/www.distrettoagrumidisicilia.it\/fr\/activites\/coordination-districts-siciliens\/","og_locale":"fr_FR","og_type":"article","og_title":"Coordination des Districts siciliens - District Productif Agrumes de Sicile","og_description":"Le District Productif Agrumes de Sicile coordonne l'ensemble des districts de production en Sicile","og_url":"https:\/\/www.distrettoagrumidisicilia.it\/fr\/activites\/coordination-districts-siciliens\/","og_site_name":"District Productif Agrumes de Sicile","article_publisher":"https:\/\/www.facebook.com\/DistrettoAgrumidiSicilia","article_modified_time":"2019-05-06T11:06:50+00:00","og_image":[{"url":"https:\/\/www.distrettoagrumidisicilia.it\/wp-content\/uploads\/coordinamento-distretti_201398318469.jpg"}],"twitter_card":"summary","twitter_misc":{"Dur\u00e9e de lecture estim\u00e9e":"1 minute"},"schema":{"@context":"https:\/\/schema.org","@graph":[{"@type":"WebSite","@id":"https:\/\/www.distrettoagrumidisicilia.it\/fr\/#website","url":"https:\/\/www.distrettoagrumidisicilia.it\/fr\/","name":"District Productif Agrumes de Sicile","description":"a territory, a shared strategy","potentialAction":[{"@type":"SearchAction","target":{"@type":"EntryPoint","urlTemplate":"https:\/\/www.distrettoagrumidisicilia.it\/fr\/?s={search_term_string}"},"query-input":"required name=search_term_string"}],"inLanguage":"fr-FR"},{"@type":"ImageObject","@id":"https:\/\/www.distrettoagrumidisicilia.it\/fr\/activites\/coordination-districts-siciliens\/#primaryimage","inLanguage":"fr-FR","url":"https:\/\/www.distrettoagrumidisicilia.it\/wp-content\/uploads\/coordinamento-distretti_201398318469.jpg","contentUrl":"https:\/\/www.distrettoagrumidisicilia.it\/wp-content\/uploads\/coordinamento-distretti_201398318469.jpg","width":600,"height":290},{"@type":"WebPage","@id":"https:\/\/www.distrettoagrumidisicilia.it\/fr\/activites\/coordination-districts-siciliens\/#webpage","url":"https:\/\/www.distrettoagrumidisicilia.it\/fr\/activites\/coordination-districts-siciliens\/","name":"Coordination des Districts siciliens - District Productif Agrumes de Sicile","isPartOf":{"@id":"https:\/\/www.distrettoagrumidisicilia.it\/fr\/#website"},"primaryImageOfPage":{"@id":"https:\/\/www.distrettoagrumidisicilia.it\/fr\/activites\/coordination-districts-siciliens\/#primaryimage"},"datePublished":"2016-11-01T10:04:28+00:00","dateModified":"2019-05-06T11:06:50+00:00","description":"Le District Productif Agrumes de Sicile coordonne l'ensemble des districts de production en Sicile","breadcrumb":{"@id":"https:\/\/www.distrettoagrumidisicilia.it\/fr\/activites\/coordination-districts-siciliens\/#breadcrumb"},"inLanguage":"fr-FR","potentialAction":[{"@type":"ReadAction","target":["https:\/\/www.distrettoagrumidisicilia.it\/fr\/activites\/coordination-districts-siciliens\/"]}]},{"@type":"BreadcrumbList","@id":"https:\/\/www.distrettoagrumidisicilia.it\/fr\/activites\/coordination-districts-siciliens\/#breadcrumb","itemListElement":[{"@type":"ListItem","position":1,"name":"Home","item":"https:\/\/www.distrettoagrumidisicilia.it\/fr\/"},{"@type":"ListItem","position":2,"name":"Les activit\u00e9s","item":"https:\/\/www.distrettoagrumidisicilia.it\/fr\/activites\/"},{"@type":"ListItem","position":3,"name":"Coordination des Districts siciliens"}]}]}},"_links":{"self":[{"href":"https:\/\/www.distrettoagrumidisicilia.it\/fr\/wp-json\/wp\/v2\/pages\/2641"}],"collection":[{"href":"https:\/\/www.distrettoagrumidisicilia.it\/fr\/wp-json\/wp\/v2\/pages"}],"about":[{"href":"https:\/\/www.distrettoagrumidisicilia.it\/fr\/wp-json\/wp\/v2\/types\/page"}],"author":[{"embeddable":true,"href":"https:\/\/www.distrettoagrumidisicilia.it\/fr\/wp-json\/wp\/v2\/users\/1"}],"replies":[{"embeddable":true,"href":"https:\/\/www.distrettoagrumidisicilia.it\/fr\/wp-json\/wp\/v2\/comments?post=2641"}],"version-history":[{"count":3,"href":"https:\/\/www.distrettoagrumidisicilia.it\/fr\/wp-json\/wp\/v2\/pages\/2641\/revisions"}],"predecessor-version":[{"id":3458,"href":"https:\/\/www.distrettoagrumidisicilia.it\/fr\/wp-json\/wp\/v2\/pages\/2641\/revisions\/3458"}],"up":[{"embeddable":true,"href":"https:\/\/www.distrettoagrumidisicilia.it\/fr\/wp-json\/wp\/v2\/pages\/2607"}],"wp:attachment":[{"href":"https:\/\/www.distrettoagrumidisicilia.it\/fr\/wp-json\/wp\/v2\/media?parent=2641"}],"curies":[{"name":"wp","href":"https:\/\/api.w.org\/{rel}","templated":true}]}}