{"id":2640,"date":"2016-12-01T10:04:28","date_gmt":"2016-12-01T10:04:28","guid":{"rendered":"http:\/\/www.distrettoagrumidisicilia.it\/activites\/dialogue-administration-publique\/?lang=fr"},"modified":"2019-05-06T11:05:56","modified_gmt":"2019-05-06T11:05:56","slug":"dialogue-administration-publique","status":"publish","type":"page","link":"https:\/\/www.distrettoagrumidisicilia.it\/fr\/activites\/dialogue-administration-publique\/","title":{"rendered":"Le dialogue avec l\u0092administration publique"},"content":{"rendered":"<p class=\"abstract\">Tr\u00e8s importante et constanteest le<strong> dialogue avec l\u2019Assessorat des Sctivit\u00e9s Productives mais aussi avec l\u2019Assessorat de l\u2019Agriculture, du Tourisme Rural et de la la P\u00eache en Mediterran\u00e9e, <\/strong>car nous sommes convaincus qu\u2019il est tr\u00e8s important pour les entreprises du District de garder des bons rapports avec la partie de l\u2019amministration r\u00e9gionale qui plus des autres est concern\u00e9e par le d\u00e9veloppement et le soutien aux entreprises de la fili\u00e8re agroalimentaire.<\/p>\n<p><img id=\"imgpag\" class=\"imgpag1\" title=\"\" src=\"https:\/\/www.distrettoagrumidisicilia.it\/wp-content\/uploads\/incontro-dirigente-mise7402.jpg\" alt=\"R\u00e9ncontre avec le Directeur G\u00e9n\u00e9ral du MISE (Minist\u00e8re du D\u00e9veloppement \u00c9conomique) \u0096 Catania, 28 Juillet 2014\" \/><\/p>\n<p class=\"didascalia\">R\u00e9ncontre avec le Directeur G\u00e9n\u00e9ral du Minist\u00e8re du D\u00e9veloppement \u00c9conomique (MISE) \u0096 Catane, 28 Juillet 2014<\/p>\n<p>Parmi les activit\u00e9s les plus pertinentes, la <em>participation aux Tables de concertation dans le cadre du programme communautaire (PSR) et l\u2019Accord-cadre de fili\u00e8re agrumicole produit transform\u00e9, <\/em>sign\u00e9 le 14 Mars 2014 par l\u2019Assessorat de l\u2019Agriculture et par le District Agrumes de Sicile dans les locaux du DI.SPA. (Facult\u00e9 d\u2019Agraire de Catane), qui se propose de favoriser une programmation accrue en qualit\u00e9 et quantit\u00e9 et con\u00e7ue dans le cadre de la fili\u00e8re agrumicole sicilienne.<\/p>\n<p>Le 9 Juillet 2014 la Pr\u00e9sidente du District, Federica Argentati, a \u00e9t\u00e9 invit\u00e9e \u00e0 l\u2019<strong>audition<\/strong> de la <strong>Commission Agriculture du S\u00e9nat <\/strong> pour discuter la loi sur <em>l\u2019augmentation du poucentage de fruit dans les boissons \u00e0 base de jus d\u2019orange<\/em>. Selon l\u2019article 18 de la loi les producteurs de boissons \u00e0 base de jus d\u2019orange ne peuvent plus utiliser la quantit\u00e9 minimale du 12% di fruit (comme etabli par une loi de 1958), mais ils sont oblig\u00e9s d\u2019augmenter le pourcentage jusq\u2019\u00e0 20%, en utilisant les <strong>oranges produites et vendues en Italie<\/strong>. Pour cette audition, Madame Argentati a voulu impliquer les organisations syndicales du territoire, en invitant les repr\u00e9sentants de producteurs individuels et associ\u00e9s: Maurizio Lunetta (<em>Agrinsieme<\/em>), Alessandro Chiarelli (<em>Coldiretti Sicilia<\/em>), Giovanni Selvaggi (<em>Confagricoltura Catania<\/em>) et Giuseppe Occhipinti (<em>ACI<\/em>, <em>Alleanza cooperative Italiane<\/em>, <em>Sicilia<\/em>).<\/p>\n<p class=\"evidenziascrittacentro\">Le District est un Pacte avec la R\u00e9gion Sicilienne. Les entreprises siciliennes doivent povoir compter sur le soutien, l\u2019orientation et une clart\u00e9 d\u2019objectifs de l\u2019administration publique.<\/p>\n<p>Le District s\u2019engage \u00e0 adopter une strategie claire et partag\u00e9e pour les agrumes siciliens, qui va au-del\u00e0 des comp\u00e9tences individuelles, m\u00eame de l\u2019administration publique.<\/p>\n<p>Avant touteautre chose, il faut avoir <strong>une agr\u00e9gation d\u2019id\u00e9es<\/strong> m\u00eame&gt; parmi les politiciens et administrateurs publics.<\/p>\n<p><img id=\"imgpag\" class=\"imgpag2\" title=\"\" src=\"https:\/\/www.distrettoagrumidisicilia.it\/wp-content\/uploads\/incontro-ministro-ribera4526.jpg\" alt=\"R\u00e9ncontre avec le Minist\u00e8re \u0096 Ribera (AG), 16 Septembre 2014\" \/><\/p>\n<p class=\"didascalia\">R\u00e9ncontre avec le Minist\u00e8re \u0096 Ribera (AG), 16 Septembre 2014<\/p>\n","protected":false},"excerpt":{"rendered":"<p>Tr\u00e8s importante et constanteest le dialogue avec l\u2019Assessorat des Sctivit\u00e9s Productives mais aussi avec l\u2019Assessorat de l\u2019Agriculture, du Tourisme Rural et de la la P\u00eache en Mediterran\u00e9e, car nous sommes convaincus qu\u2019il est tr\u00e8s important pour les entreprises du District de garder des bons rapports avec la partie de l\u2019amministration r\u00e9gionale qui plus des autres [&hellip;]<\/p>\n","protected":false},"author":1,"featured_media":0,"parent":2607,"menu_order":4,"comment_status":"open","ping_status":"open","template":"","meta":{"_et_pb_use_builder":"","_et_pb_old_content":"","_et_gb_content_width":"","_monsterinsights_skip_tracking":false,"_monsterinsights_sitenote_active":false,"_monsterinsights_sitenote_note":"","_monsterinsights_sitenote_category":0},"yoast_head":"<!-- This site is optimized with the Yoast SEO plugin v18.2 - https:\/\/yoast.com\/wordpress\/plugins\/seo\/ -->\n<title>Le dialogue avec l\u0092administration publique - District Productif Agrumes de Sicile<\/title>\n<meta name=\"robots\" content=\"index, follow, max-snippet:-1, max-image-preview:large, max-video-preview:-1\" \/>\n<link rel=\"canonical\" href=\"https:\/\/www.distrettoagrumidisicilia.it\/fr\/activites\/dialogue-administration-publique\/\" \/>\n<meta property=\"og:locale\" content=\"fr_FR\" \/>\n<meta property=\"og:type\" content=\"article\" \/>\n<meta property=\"og:title\" content=\"Le dialogue avec l\u0092administration publique - District Productif Agrumes de Sicile\" \/>\n<meta property=\"og:description\" content=\"Tr\u00e8s importante et constanteest le dialogue avec l\u2019Assessorat des Sctivit\u00e9s Productives mais aussi avec l\u2019Assessorat de l\u2019Agriculture, du Tourisme Rural et de la la P\u00eache en Mediterran\u00e9e, car nous sommes convaincus qu\u2019il est tr\u00e8s important pour les entreprises du District de garder des bons rapports avec la partie de l\u2019amministration r\u00e9gionale qui plus des autres [&hellip;]\" \/>\n<meta property=\"og:url\" content=\"https:\/\/www.distrettoagrumidisicilia.it\/fr\/activites\/dialogue-administration-publique\/\" \/>\n<meta property=\"og:site_name\" content=\"District Productif Agrumes de Sicile\" \/>\n<meta property=\"article:publisher\" content=\"https:\/\/www.facebook.com\/DistrettoAgrumidiSicilia\" \/>\n<meta property=\"article:modified_time\" content=\"2019-05-06T11:05:56+00:00\" \/>\n<meta property=\"og:image\" content=\"https:\/\/www.distrettoagrumidisicilia.it\/wp-content\/uploads\/incontro-dirigente-mise7402.jpg\" \/>\n<meta name=\"twitter:card\" content=\"summary\" \/>\n<meta name=\"twitter:label1\" content=\"Dur\u00e9e de lecture estim\u00e9e\" \/>\n\t<meta name=\"twitter:data1\" content=\"2 minutes\" \/>\n<script type=\"application\/ld+json\" class=\"yoast-schema-graph\">{\"@context\":\"https:\/\/schema.org\",\"@graph\":[{\"@type\":\"WebSite\",\"@id\":\"https:\/\/www.distrettoagrumidisicilia.it\/fr\/#website\",\"url\":\"https:\/\/www.distrettoagrumidisicilia.it\/fr\/\",\"name\":\"District Productif Agrumes de Sicile\",\"description\":\"a territory, a shared strategy\",\"potentialAction\":[{\"@type\":\"SearchAction\",\"target\":{\"@type\":\"EntryPoint\",\"urlTemplate\":\"https:\/\/www.distrettoagrumidisicilia.it\/fr\/?s={search_term_string}\"},\"query-input\":\"required name=search_term_string\"}],\"inLanguage\":\"fr-FR\"},{\"@type\":\"ImageObject\",\"@id\":\"https:\/\/www.distrettoagrumidisicilia.it\/fr\/activites\/dialogue-administration-publique\/#primaryimage\",\"inLanguage\":\"fr-FR\",\"url\":\"https:\/\/www.distrettoagrumidisicilia.it\/wp-content\/uploads\/incontro-dirigente-mise7402.jpg\",\"contentUrl\":\"https:\/\/www.distrettoagrumidisicilia.it\/wp-content\/uploads\/incontro-dirigente-mise7402.jpg\",\"width\":600,\"height\":402},{\"@type\":\"WebPage\",\"@id\":\"https:\/\/www.distrettoagrumidisicilia.it\/fr\/activites\/dialogue-administration-publique\/#webpage\",\"url\":\"https:\/\/www.distrettoagrumidisicilia.it\/fr\/activites\/dialogue-administration-publique\/\",\"name\":\"Le dialogue avec l\u0092administration publique - District Productif Agrumes de Sicile\",\"isPartOf\":{\"@id\":\"https:\/\/www.distrettoagrumidisicilia.it\/fr\/#website\"},\"primaryImageOfPage\":{\"@id\":\"https:\/\/www.distrettoagrumidisicilia.it\/fr\/activites\/dialogue-administration-publique\/#primaryimage\"},\"datePublished\":\"2016-12-01T10:04:28+00:00\",\"dateModified\":\"2019-05-06T11:05:56+00:00\",\"breadcrumb\":{\"@id\":\"https:\/\/www.distrettoagrumidisicilia.it\/fr\/activites\/dialogue-administration-publique\/#breadcrumb\"},\"inLanguage\":\"fr-FR\",\"potentialAction\":[{\"@type\":\"ReadAction\",\"target\":[\"https:\/\/www.distrettoagrumidisicilia.it\/fr\/activites\/dialogue-administration-publique\/\"]}]},{\"@type\":\"BreadcrumbList\",\"@id\":\"https:\/\/www.distrettoagrumidisicilia.it\/fr\/activites\/dialogue-administration-publique\/#breadcrumb\",\"itemListElement\":[{\"@type\":\"ListItem\",\"position\":1,\"name\":\"Home\",\"item\":\"https:\/\/www.distrettoagrumidisicilia.it\/fr\/\"},{\"@type\":\"ListItem\",\"position\":2,\"name\":\"Les activit\u00e9s\",\"item\":\"https:\/\/www.distrettoagrumidisicilia.it\/fr\/activites\/\"},{\"@type\":\"ListItem\",\"position\":3,\"name\":\"Le dialogue avec l\u0092administration publique\"}]}]}<\/script>\n<!-- \/ Yoast SEO plugin. -->","yoast_head_json":{"title":"Le dialogue avec l\u0092administration publique - District Productif Agrumes de Sicile","robots":{"index":"index","follow":"follow","max-snippet":"max-snippet:-1","max-image-preview":"max-image-preview:large","max-video-preview":"max-video-preview:-1"},"canonical":"https:\/\/www.distrettoagrumidisicilia.it\/fr\/activites\/dialogue-administration-publique\/","og_locale":"fr_FR","og_type":"article","og_title":"Le dialogue avec l\u0092administration publique - District Productif Agrumes de Sicile","og_description":"Tr\u00e8s importante et constanteest le dialogue avec l\u2019Assessorat des Sctivit\u00e9s Productives mais aussi avec l\u2019Assessorat de l\u2019Agriculture, du Tourisme Rural et de la la P\u00eache en Mediterran\u00e9e, car nous sommes convaincus qu\u2019il est tr\u00e8s important pour les entreprises du District de garder des bons rapports avec la partie de l\u2019amministration r\u00e9gionale qui plus des autres [&hellip;]","og_url":"https:\/\/www.distrettoagrumidisicilia.it\/fr\/activites\/dialogue-administration-publique\/","og_site_name":"District Productif Agrumes de Sicile","article_publisher":"https:\/\/www.facebook.com\/DistrettoAgrumidiSicilia","article_modified_time":"2019-05-06T11:05:56+00:00","og_image":[{"url":"https:\/\/www.distrettoagrumidisicilia.it\/wp-content\/uploads\/incontro-dirigente-mise7402.jpg"}],"twitter_card":"summary","twitter_misc":{"Dur\u00e9e de lecture estim\u00e9e":"2 minutes"},"schema":{"@context":"https:\/\/schema.org","@graph":[{"@type":"WebSite","@id":"https:\/\/www.distrettoagrumidisicilia.it\/fr\/#website","url":"https:\/\/www.distrettoagrumidisicilia.it\/fr\/","name":"District Productif Agrumes de Sicile","description":"a territory, a shared strategy","potentialAction":[{"@type":"SearchAction","target":{"@type":"EntryPoint","urlTemplate":"https:\/\/www.distrettoagrumidisicilia.it\/fr\/?s={search_term_string}"},"query-input":"required name=search_term_string"}],"inLanguage":"fr-FR"},{"@type":"ImageObject","@id":"https:\/\/www.distrettoagrumidisicilia.it\/fr\/activites\/dialogue-administration-publique\/#primaryimage","inLanguage":"fr-FR","url":"https:\/\/www.distrettoagrumidisicilia.it\/wp-content\/uploads\/incontro-dirigente-mise7402.jpg","contentUrl":"https:\/\/www.distrettoagrumidisicilia.it\/wp-content\/uploads\/incontro-dirigente-mise7402.jpg","width":600,"height":402},{"@type":"WebPage","@id":"https:\/\/www.distrettoagrumidisicilia.it\/fr\/activites\/dialogue-administration-publique\/#webpage","url":"https:\/\/www.distrettoagrumidisicilia.it\/fr\/activites\/dialogue-administration-publique\/","name":"Le dialogue avec l\u0092administration publique - District Productif Agrumes de Sicile","isPartOf":{"@id":"https:\/\/www.distrettoagrumidisicilia.it\/fr\/#website"},"primaryImageOfPage":{"@id":"https:\/\/www.distrettoagrumidisicilia.it\/fr\/activites\/dialogue-administration-publique\/#primaryimage"},"datePublished":"2016-12-01T10:04:28+00:00","dateModified":"2019-05-06T11:05:56+00:00","breadcrumb":{"@id":"https:\/\/www.distrettoagrumidisicilia.it\/fr\/activites\/dialogue-administration-publique\/#breadcrumb"},"inLanguage":"fr-FR","potentialAction":[{"@type":"ReadAction","target":["https:\/\/www.distrettoagrumidisicilia.it\/fr\/activites\/dialogue-administration-publique\/"]}]},{"@type":"BreadcrumbList","@id":"https:\/\/www.distrettoagrumidisicilia.it\/fr\/activites\/dialogue-administration-publique\/#breadcrumb","itemListElement":[{"@type":"ListItem","position":1,"name":"Home","item":"https:\/\/www.distrettoagrumidisicilia.it\/fr\/"},{"@type":"ListItem","position":2,"name":"Les activit\u00e9s","item":"https:\/\/www.distrettoagrumidisicilia.it\/fr\/activites\/"},{"@type":"ListItem","position":3,"name":"Le dialogue avec l\u0092administration publique"}]}]}},"_links":{"self":[{"href":"https:\/\/www.distrettoagrumidisicilia.it\/fr\/wp-json\/wp\/v2\/pages\/2640"}],"collection":[{"href":"https:\/\/www.distrettoagrumidisicilia.it\/fr\/wp-json\/wp\/v2\/pages"}],"about":[{"href":"https:\/\/www.distrettoagrumidisicilia.it\/fr\/wp-json\/wp\/v2\/types\/page"}],"author":[{"embeddable":true,"href":"https:\/\/www.distrettoagrumidisicilia.it\/fr\/wp-json\/wp\/v2\/users\/1"}],"replies":[{"embeddable":true,"href":"https:\/\/www.distrettoagrumidisicilia.it\/fr\/wp-json\/wp\/v2\/comments?post=2640"}],"version-history":[{"count":1,"href":"https:\/\/www.distrettoagrumidisicilia.it\/fr\/wp-json\/wp\/v2\/pages\/2640\/revisions"}],"predecessor-version":[{"id":2644,"href":"https:\/\/www.distrettoagrumidisicilia.it\/fr\/wp-json\/wp\/v2\/pages\/2640\/revisions\/2644"}],"up":[{"embeddable":true,"href":"https:\/\/www.distrettoagrumidisicilia.it\/fr\/wp-json\/wp\/v2\/pages\/2607"}],"wp:attachment":[{"href":"https:\/\/www.distrettoagrumidisicilia.it\/fr\/wp-json\/wp\/v2\/media?parent=2640"}],"curies":[{"name":"wp","href":"https:\/\/api.w.org\/{rel}","templated":true}]}}