{"id":2639,"date":"2016-11-16T11:52:28","date_gmt":"2016-11-16T11:52:28","guid":{"rendered":"http:\/\/www.distrettoagrumidisicilia.it\/activites\/participation-salons-foires\/?lang=fr"},"modified":"2016-12-16T10:06:54","modified_gmt":"2016-12-16T10:06:54","slug":"participation-salons-foires","status":"publish","type":"page","link":"https:\/\/www.distrettoagrumidisicilia.it\/fr\/activites\/event-district-agrumes-sicile\/participation-salons-foires\/","title":{"rendered":"Participation \u00e0 des salons, foires, conf\u00e9rences et rencontres"},"content":{"rendered":"<p class=\"abstract\">Organisons <strong>un grand stand<\/strong> pour la prochaine \u00e9dition de <strong>Fruit Logistica, avec agrumes exlusivement siciliens<\/strong> et prenons la <strong>Sicile<\/strong> avec nous, et les <strong>\u00e9motions<\/strong>, les <strong>saveurs <\/strong>et les <strong>innovations<\/strong> que notre \u00eele est capable de produire.<\/p>\n<p><img id=\"imgpag\" class=\"imgpag1\" title=\"Au salon Fruit Logistica Berlin 2011 avec le District et ses agrumes\" src=\"https:\/\/www.distrettoagrumidisicilia.it\/wp-content\/uploads\/fruitlogistica-berlino_20111063.jpg\" alt=\"Agrumes au salon Fruit Logistica Berlin 2011\" \/><\/p>\n<p class=\"didascalia\">Le District et ses agrumes au salon Fruit Logistica Berlin 2011<\/p>\n<p>Les entreprises doivent \u00eatre capable d\u2019op\u00e9rer dans le march\u00e9, soutenues par la force engendr\u00e9e par la coh\u00e9sion.<\/p>\n<p class=\"evidenziascrittasx\">La coh\u00e9sion est necessaire pour entretenir les campagnes de communication et d\u2019information adress\u00e9es aux consommateurs, qui demandent des ressources \u00e9conomiqiues tr\u00e8s \u00e9l\u00e9v\u00e9es.<\/p>\n<p><em>Il faut utiliser les medias avec clart\u00e9, efficacit\u00e9 et coh\u00e9sion. Avec l\u2019AOP, l\u2019IGP et nos productions Bio, mais sans r\u00e9primer l\u2019initiative priv\u00e9e. Au contraire, il faut encourager les entreprises \u00e0 investir sur les productions certifi\u00e9es avec les fonds europ\u00e9ens et fonds propres.<\/em><\/p>\n<p>Cettes activit\u00e9s, qui peuvent avoir une valeur commerciale en soi, dans cette perspective acqui\u00e9rent une importance plus grande comme moments de promotion des activit\u00e9 d\u2019internationalisation, qui sont si necessaires pour les entreprises et pour le District, mais aussi comme moments de participation collective capable de cr\u00e9er tout le sens d\u2019appartenance au territoire et \u00e0 la fili\u00e8re, qui nous jugeons fondamental pour la r\u00e9ussite de nos efforts en faveur de la coh\u00e9sion.<\/p>\n<p>\u00c0 vrai dire, plusieurs initiatives sont n\u00e9es, comme par exemple l\u2019action d\u2019internationalisation pour p\u00e9n\u00e9trer le march\u00e9 russe. Ce projet est le r\u00e9sultat d\u2019une communion d\u2019objectifs de certains entre les entreprises membres (Agrumigel S.r.l., O.P. Le Buone Terre Soc. Coop. Agr., O.P. Agrisicilia Soc. Cons. A R.L., O.P. Bellarossa Soc. Coop., D&rsquo;Imprima Ortofrutta) et il a permis la participation du District \u00e0 la Foire Interfood de Saint-P\u00e9tersbourg du 19-21 Mars 2014, avec le soutien de la Chambre du Commerce de Catane.<\/p>\n<p><strong>La Russie est un march\u00e9 tr\u00e8s difficile.<\/strong><\/p>\n<p>Parmi les \u00e9v\u00e9nements les plus remarquables il y a <strong>Fruit Logistica de Berlin<\/strong>, <strong>Macfrut de Cesena<\/strong> et <strong>Blue Sea Land de Mazara del Vallo<\/strong>, foires internationales o\u00f9 la pr\u00e9sence des agrumes siciliens est coordonn\u00e9e par le District Agrumes de Sicile, avec l\u2019organisation d\u2019un espace unique et bien identifiable pour les entreprises et les consortiums de protection inscrits, qui ont pourtant l\u2019opportunit\u00e9 d&rsquo;\u00eatre presents, r\u00e9alisant ainsi des remarquables \u00e9conomies d\u2019\u00e9chelle et transmettant \u00e0 l\u2019\u00e9tranger la renouvel\u00e9e strategie de la fili\u00e8re avec l\u2019engagement de toutes les produtions de qualit\u00e9 des divers territoires. Les stands sont donc repr\u00e9sentatifs des vergers d\u2019agrumes de la R\u00e9gion Sicilienne, avec leur exposition des logos des produits agrumicoles IGP et AOP et d\u2019autres produits de qualit\u00e9, tous r\u00e9unis sous la marque ombrelle \u201cDistrict Agrumes de Sicile\u201d.<\/p>\n\n<!-- Page-list plugin v.5.2 wordpress.org\/plugins\/page-list\/ -->\n<div class=\"page-list page-list-ext \">\n<div class=\"page-list-ext-item\"><div class=\"page-list-ext-image\"><a href=\"https:\/\/www.distrettoagrumidisicilia.it\/fr\/activites\/event-district-agrumes-sicile\/participation-salons-foires\/district-productif-agrumes-sicile\/\" title=\"EXPO 2015. Le District Productif Agrumes de Sicile am\u00e8ne la production sicilienne jusqu\u0092\u00e0 Milan avec &#039;People of Sicily&#039;\"><img src=\"https:\/\/www.distrettoagrumidisicilia.it\/wp-content\/uploads\/people-of-sicily8601.jpg\" width=\"150\" alt=\"EXPO 2015. Le District Productif Agrumes de Sicile am\u00e8ne la production sicilienne jusqu\u0092\u00e0 Milan avec &#039;People of Sicily&#039;\" \/><\/a><\/div> <h3 class=\"page-list-ext-title\"><a href=\"https:\/\/www.distrettoagrumidisicilia.it\/fr\/activites\/event-district-agrumes-sicile\/participation-salons-foires\/district-productif-agrumes-sicile\/\" title=\"EXPO 2015. Le District Productif Agrumes de Sicile am\u00e8ne la production sicilienne jusqu\u0092\u00e0 Milan avec &#039;People of Sicily&#039;\">EXPO 2015. Le District Productif Agrumes de Sicile am\u00e8ne la production sicilienne jusqu\u0092\u00e0 Milan avec 'People of Sicily'<\/a><\/h3><div class=\"page-list-ext-item-content\">Agrumiculteurs, commer\u00e7ants et transformateurs: la fili\u00e8re sicilienne raconte et promeut ses excellences AOP, IGP et BIO dans le respect des cycles de la Nature, aupr\u00e8s des visiteurs de l\u2019exposition universelle \r\n\r\nPeople of Sicily - La Sicile productrice \r\nLe...<\/div><\/div>\n<div class=\"page-list-ext-item\"><div class=\"page-list-ext-image\"><a href=\"https:\/\/www.distrettoagrumidisicilia.it\/fr\/activites\/event-district-agrumes-sicile\/participation-salons-foires\/district-blue-sea-land\/\" title=\"Le District au Blue Sea Land de la ville de Mazara del Vallo avec ses fruits frais, les granit\u00e9s et les jus AOP, IGP et BIO\"><img src=\"https:\/\/www.distrettoagrumidisicilia.it\/wp-content\/uploads\/blu-sea-land_20158261.jpg\" width=\"150\" alt=\"Le District au Blue Sea Land de la ville de Mazara del Vallo avec ses fruits frais, les granit\u00e9s et les jus AOP, IGP et BIO\" \/><\/a><\/div> <h3 class=\"page-list-ext-title\"><a href=\"https:\/\/www.distrettoagrumidisicilia.it\/fr\/activites\/event-district-agrumes-sicile\/participation-salons-foires\/district-blue-sea-land\/\" title=\"Le District au Blue Sea Land de la ville de Mazara del Vallo avec ses fruits frais, les granit\u00e9s et les jus AOP, IGP et BIO\">Le District au Blue Sea Land de la ville de Mazara del Vallo avec ses fruits frais, les granit\u00e9s et les jus AOP, IGP et BIO<\/a><\/h3><div class=\"page-list-ext-item-content\">\u00abThink Blue\u00bb et \u00e9conomie des d\u00e9chets: l\u2019exemple de l\u2019installation pilote de Catania, qui tire de l\u2019\u00e9nergie des pulpes d\u2019agrumes. Le centre d'attention seront les Districts productifs italiens\u00a0: congr\u00e8s pr\u00e9vu le 9 octobre. \r\n\r\nBlue Sea Land 2015 - L'E...<\/div><\/div>\n<div class=\"page-list-ext-item\"><div class=\"page-list-ext-image\"><a href=\"https:\/\/www.distrettoagrumidisicilia.it\/fr\/activites\/event-district-agrumes-sicile\/participation-salons-foires\/agriculture-economie-sicilienne\/\" title=\"AGRICULTURE - L&#039;\u00e9conomie sicilienne se relance \u00e0 partir des agrumes - Atelier \u00e0 Rome\"><img src=\"https:\/\/www.distrettoagrumidisicilia.it\/wp-content\/uploads\/atelier-roma-filiere-agrumicole-sicilienne3818.jpg\" width=\"150\" alt=\"AGRICULTURE - L&#039;\u00e9conomie sicilienne se relance \u00e0 partir des agrumes - Atelier \u00e0 Rome\" \/><\/a><\/div> <h3 class=\"page-list-ext-title\"><a href=\"https:\/\/www.distrettoagrumidisicilia.it\/fr\/activites\/event-district-agrumes-sicile\/participation-salons-foires\/agriculture-economie-sicilienne\/\" title=\"AGRICULTURE - L&#039;\u00e9conomie sicilienne se relance \u00e0 partir des agrumes - Atelier \u00e0 Rome\">AGRICULTURE - L'\u00e9conomie sicilienne se relance \u00e0 partir des agrumes - Atelier \u00e0 Rome<\/a><\/h3><div class=\"page-list-ext-item-content\">Rome, mercredi 30 septembre 2015, 11h00 \r\nSalle de conf\u00e9rence Parlamentino chez le Corps Forestier d\u2019Etat, Minist\u00e8re des Politiques Agricoles, via Venti Settembre.\r\nA Rome, le District regroupe les associations patronales et les entreprises dans les b\u00e2t...<\/div><\/div>\n<div class=\"page-list-ext-item\"><div class=\"page-list-ext-image\"><a href=\"https:\/\/www.distrettoagrumidisicilia.it\/fr\/activites\/event-district-agrumes-sicile\/participation-salons-foires\/filiere-agrumicole-sicilienne\/\" title=\"Sur les routes des fleurs d\u0092orangers, \u00e0 la d\u00e9couverte de la fili\u00e8re agrumicole sicilienne de qualit\u00e9\"><img src=\"https:\/\/www.distrettoagrumidisicilia.it\/wp-content\/uploads\/invito469.jpg\" width=\"150\" alt=\"Sur les routes des fleurs d\u0092orangers, \u00e0 la d\u00e9couverte de la fili\u00e8re agrumicole sicilienne de qualit\u00e9\" \/><\/a><\/div> <h3 class=\"page-list-ext-title\"><a href=\"https:\/\/www.distrettoagrumidisicilia.it\/fr\/activites\/event-district-agrumes-sicile\/participation-salons-foires\/filiere-agrumicole-sicilienne\/\" title=\"Sur les routes des fleurs d\u0092orangers, \u00e0 la d\u00e9couverte de la fili\u00e8re agrumicole sicilienne de qualit\u00e9\">Sur les routes des fleurs d\u0092orangers, \u00e0 la d\u00e9couverte de la fili\u00e8re agrumicole sicilienne de qualit\u00e9<\/a><\/h3><div class=\"page-list-ext-item-content\">Rome, mercredi 30 septembre 2015, 11h00 \r\nSalle de conf\u00e9rence Parlamentino chez le Corps Forestier d\u2019Etat, Minist\u00e8re des Politiques Agricoles, via Venti Settembre \r\n\r\n\r\nL\u2019objectif de l\u2019atelier est de contribuer \u00e0 rendre visible les propositions op\u00e9rativ...<\/div><\/div>\n<div class=\"page-list-ext-item\"><div class=\"page-list-ext-image\"><a href=\"https:\/\/www.distrettoagrumidisicilia.it\/fr\/activites\/event-district-agrumes-sicile\/participation-salons-foires\/agrumes-sante-syracuse\/\" title=\"Agrumes et sant\u00e9 - Atelier \u00e0 Syracuse\"><img src=\"https:\/\/www.distrettoagrumidisicilia.it\/wp-content\/uploads\/fruits-atelier-syracuse3641.jpg\" width=\"150\" alt=\"Agrumes et sant\u00e9 - Atelier \u00e0 Syracuse\" \/><\/a><\/div> <h3 class=\"page-list-ext-title\"><a href=\"https:\/\/www.distrettoagrumidisicilia.it\/fr\/activites\/event-district-agrumes-sicile\/participation-salons-foires\/agrumes-sante-syracuse\/\" title=\"Agrumes et sant\u00e9 - Atelier \u00e0 Syracuse\">Agrumes et sant\u00e9 - Atelier \u00e0 Syracuse<\/a><\/h3><div class=\"page-list-ext-item-content\">Action D) Atelier: Les Fruits de la sant\u00e9 \u2013 Vertus et propri\u00e9t\u00e9s des agrumes frais et transform\u00e9s de Sicile - Syracuse - 28 mai 2015 \r\n\r\n\r\nL\u2019atelier tenu le 28 mai 2015 \u00e0 Syracuse et organis\u00e9 par le District Productif Agrumes de Sicile dans le cadre ...<\/div><\/div>\n\n<\/div>\n","protected":false},"excerpt":{"rendered":"<p>Organisons un grand stand pour la prochaine \u00e9dition de Fruit Logistica, avec agrumes exlusivement siciliens et prenons la Sicile avec nous, et les \u00e9motions, les saveurs et les innovations que notre \u00eele est capable de produire. Le District et ses agrumes au salon Fruit Logistica Berlin 2011 Les entreprises doivent \u00eatre capable d\u2019op\u00e9rer dans le [&hellip;]<\/p>\n","protected":false},"author":1,"featured_media":0,"parent":3880,"menu_order":3,"comment_status":"open","ping_status":"open","template":"","meta":{"_et_pb_use_builder":"","_et_pb_old_content":"","_et_gb_content_width":"","_monsterinsights_skip_tracking":false,"_monsterinsights_sitenote_active":false,"_monsterinsights_sitenote_note":"","_monsterinsights_sitenote_category":0},"yoast_head":"<!-- This site is optimized with the Yoast SEO plugin v18.2 - https:\/\/yoast.com\/wordpress\/plugins\/seo\/ -->\n<title>Participation \u00e0 des salons, foires, conf\u00e9rences et rencontres - District Productif Agrumes de Sicile<\/title>\n<meta name=\"robots\" content=\"index, follow, max-snippet:-1, max-image-preview:large, max-video-preview:-1\" \/>\n<link rel=\"canonical\" href=\"https:\/\/www.distrettoagrumidisicilia.it\/fr\/activites\/event-district-agrumes-sicile\/participation-salons-foires\/\" \/>\n<meta property=\"og:locale\" content=\"fr_FR\" \/>\n<meta property=\"og:type\" content=\"article\" \/>\n<meta property=\"og:title\" content=\"Participation \u00e0 des salons, foires, conf\u00e9rences et rencontres - District Productif Agrumes de Sicile\" \/>\n<meta property=\"og:description\" content=\"Organisons un grand stand pour la prochaine \u00e9dition de Fruit Logistica, avec agrumes exlusivement siciliens et prenons la Sicile avec nous, et les \u00e9motions, les saveurs et les innovations que notre \u00eele est capable de produire. Le District et ses agrumes au salon Fruit Logistica Berlin 2011 Les entreprises doivent \u00eatre capable d\u2019op\u00e9rer dans le [&hellip;]\" \/>\n<meta property=\"og:url\" content=\"https:\/\/www.distrettoagrumidisicilia.it\/fr\/activites\/event-district-agrumes-sicile\/participation-salons-foires\/\" \/>\n<meta property=\"og:site_name\" content=\"District Productif Agrumes de Sicile\" \/>\n<meta property=\"article:publisher\" content=\"https:\/\/www.facebook.com\/DistrettoAgrumidiSicilia\" \/>\n<meta property=\"article:modified_time\" content=\"2016-12-16T10:06:54+00:00\" \/>\n<meta property=\"og:image\" content=\"https:\/\/www.distrettoagrumidisicilia.it\/wp-content\/uploads\/fruitlogistica-berlino_20111063.jpg\" \/>\n<meta name=\"twitter:card\" content=\"summary\" \/>\n<meta name=\"twitter:label1\" content=\"Dur\u00e9e de lecture estim\u00e9e\" \/>\n\t<meta name=\"twitter:data1\" content=\"2 minutes\" \/>\n<script type=\"application\/ld+json\" class=\"yoast-schema-graph\">{\"@context\":\"https:\/\/schema.org\",\"@graph\":[{\"@type\":\"WebSite\",\"@id\":\"https:\/\/www.distrettoagrumidisicilia.it\/fr\/#website\",\"url\":\"https:\/\/www.distrettoagrumidisicilia.it\/fr\/\",\"name\":\"District Productif Agrumes de Sicile\",\"description\":\"a territory, a shared strategy\",\"potentialAction\":[{\"@type\":\"SearchAction\",\"target\":{\"@type\":\"EntryPoint\",\"urlTemplate\":\"https:\/\/www.distrettoagrumidisicilia.it\/fr\/?s={search_term_string}\"},\"query-input\":\"required name=search_term_string\"}],\"inLanguage\":\"fr-FR\"},{\"@type\":\"ImageObject\",\"@id\":\"https:\/\/www.distrettoagrumidisicilia.it\/fr\/activites\/event-district-agrumes-sicile\/participation-salons-foires\/#primaryimage\",\"inLanguage\":\"fr-FR\",\"url\":\"https:\/\/www.distrettoagrumidisicilia.it\/wp-content\/uploads\/fruitlogistica-berlino_20111063.jpg\",\"contentUrl\":\"https:\/\/www.distrettoagrumidisicilia.it\/wp-content\/uploads\/fruitlogistica-berlino_20111063.jpg\",\"width\":600,\"height\":400},{\"@type\":\"WebPage\",\"@id\":\"https:\/\/www.distrettoagrumidisicilia.it\/fr\/activites\/event-district-agrumes-sicile\/participation-salons-foires\/#webpage\",\"url\":\"https:\/\/www.distrettoagrumidisicilia.it\/fr\/activites\/event-district-agrumes-sicile\/participation-salons-foires\/\",\"name\":\"Participation \u00e0 des salons, foires, conf\u00e9rences et rencontres - District Productif Agrumes de Sicile\",\"isPartOf\":{\"@id\":\"https:\/\/www.distrettoagrumidisicilia.it\/fr\/#website\"},\"primaryImageOfPage\":{\"@id\":\"https:\/\/www.distrettoagrumidisicilia.it\/fr\/activites\/event-district-agrumes-sicile\/participation-salons-foires\/#primaryimage\"},\"datePublished\":\"2016-11-16T11:52:28+00:00\",\"dateModified\":\"2016-12-16T10:06:54+00:00\",\"breadcrumb\":{\"@id\":\"https:\/\/www.distrettoagrumidisicilia.it\/fr\/activites\/event-district-agrumes-sicile\/participation-salons-foires\/#breadcrumb\"},\"inLanguage\":\"fr-FR\",\"potentialAction\":[{\"@type\":\"ReadAction\",\"target\":[\"https:\/\/www.distrettoagrumidisicilia.it\/fr\/activites\/event-district-agrumes-sicile\/participation-salons-foires\/\"]}]},{\"@type\":\"BreadcrumbList\",\"@id\":\"https:\/\/www.distrettoagrumidisicilia.it\/fr\/activites\/event-district-agrumes-sicile\/participation-salons-foires\/#breadcrumb\",\"itemListElement\":[{\"@type\":\"ListItem\",\"position\":1,\"name\":\"Home\",\"item\":\"https:\/\/www.distrettoagrumidisicilia.it\/fr\/\"},{\"@type\":\"ListItem\",\"position\":2,\"name\":\"Les activit\u00e9s\",\"item\":\"https:\/\/www.distrettoagrumidisicilia.it\/fr\/activites\/\"},{\"@type\":\"ListItem\",\"position\":3,\"name\":\"\u00c9v\u00e9nements\",\"item\":\"https:\/\/www.distrettoagrumidisicilia.it\/fr\/activites\/event-district-agrumes-sicile\/\"},{\"@type\":\"ListItem\",\"position\":4,\"name\":\"Participation \u00e0 des salons, foires, conf\u00e9rences et rencontres\"}]}]}<\/script>\n<!-- \/ Yoast SEO plugin. -->","yoast_head_json":{"title":"Participation \u00e0 des salons, foires, conf\u00e9rences et rencontres - District Productif Agrumes de Sicile","robots":{"index":"index","follow":"follow","max-snippet":"max-snippet:-1","max-image-preview":"max-image-preview:large","max-video-preview":"max-video-preview:-1"},"canonical":"https:\/\/www.distrettoagrumidisicilia.it\/fr\/activites\/event-district-agrumes-sicile\/participation-salons-foires\/","og_locale":"fr_FR","og_type":"article","og_title":"Participation \u00e0 des salons, foires, conf\u00e9rences et rencontres - District Productif Agrumes de Sicile","og_description":"Organisons un grand stand pour la prochaine \u00e9dition de Fruit Logistica, avec agrumes exlusivement siciliens et prenons la Sicile avec nous, et les \u00e9motions, les saveurs et les innovations que notre \u00eele est capable de produire. Le District et ses agrumes au salon Fruit Logistica Berlin 2011 Les entreprises doivent \u00eatre capable d\u2019op\u00e9rer dans le [&hellip;]","og_url":"https:\/\/www.distrettoagrumidisicilia.it\/fr\/activites\/event-district-agrumes-sicile\/participation-salons-foires\/","og_site_name":"District Productif Agrumes de Sicile","article_publisher":"https:\/\/www.facebook.com\/DistrettoAgrumidiSicilia","article_modified_time":"2016-12-16T10:06:54+00:00","og_image":[{"url":"https:\/\/www.distrettoagrumidisicilia.it\/wp-content\/uploads\/fruitlogistica-berlino_20111063.jpg"}],"twitter_card":"summary","twitter_misc":{"Dur\u00e9e de lecture estim\u00e9e":"2 minutes"},"schema":{"@context":"https:\/\/schema.org","@graph":[{"@type":"WebSite","@id":"https:\/\/www.distrettoagrumidisicilia.it\/fr\/#website","url":"https:\/\/www.distrettoagrumidisicilia.it\/fr\/","name":"District Productif Agrumes de Sicile","description":"a territory, a shared strategy","potentialAction":[{"@type":"SearchAction","target":{"@type":"EntryPoint","urlTemplate":"https:\/\/www.distrettoagrumidisicilia.it\/fr\/?s={search_term_string}"},"query-input":"required name=search_term_string"}],"inLanguage":"fr-FR"},{"@type":"ImageObject","@id":"https:\/\/www.distrettoagrumidisicilia.it\/fr\/activites\/event-district-agrumes-sicile\/participation-salons-foires\/#primaryimage","inLanguage":"fr-FR","url":"https:\/\/www.distrettoagrumidisicilia.it\/wp-content\/uploads\/fruitlogistica-berlino_20111063.jpg","contentUrl":"https:\/\/www.distrettoagrumidisicilia.it\/wp-content\/uploads\/fruitlogistica-berlino_20111063.jpg","width":600,"height":400},{"@type":"WebPage","@id":"https:\/\/www.distrettoagrumidisicilia.it\/fr\/activites\/event-district-agrumes-sicile\/participation-salons-foires\/#webpage","url":"https:\/\/www.distrettoagrumidisicilia.it\/fr\/activites\/event-district-agrumes-sicile\/participation-salons-foires\/","name":"Participation \u00e0 des salons, foires, conf\u00e9rences et rencontres - District Productif Agrumes de Sicile","isPartOf":{"@id":"https:\/\/www.distrettoagrumidisicilia.it\/fr\/#website"},"primaryImageOfPage":{"@id":"https:\/\/www.distrettoagrumidisicilia.it\/fr\/activites\/event-district-agrumes-sicile\/participation-salons-foires\/#primaryimage"},"datePublished":"2016-11-16T11:52:28+00:00","dateModified":"2016-12-16T10:06:54+00:00","breadcrumb":{"@id":"https:\/\/www.distrettoagrumidisicilia.it\/fr\/activites\/event-district-agrumes-sicile\/participation-salons-foires\/#breadcrumb"},"inLanguage":"fr-FR","potentialAction":[{"@type":"ReadAction","target":["https:\/\/www.distrettoagrumidisicilia.it\/fr\/activites\/event-district-agrumes-sicile\/participation-salons-foires\/"]}]},{"@type":"BreadcrumbList","@id":"https:\/\/www.distrettoagrumidisicilia.it\/fr\/activites\/event-district-agrumes-sicile\/participation-salons-foires\/#breadcrumb","itemListElement":[{"@type":"ListItem","position":1,"name":"Home","item":"https:\/\/www.distrettoagrumidisicilia.it\/fr\/"},{"@type":"ListItem","position":2,"name":"Les activit\u00e9s","item":"https:\/\/www.distrettoagrumidisicilia.it\/fr\/activites\/"},{"@type":"ListItem","position":3,"name":"\u00c9v\u00e9nements","item":"https:\/\/www.distrettoagrumidisicilia.it\/fr\/activites\/event-district-agrumes-sicile\/"},{"@type":"ListItem","position":4,"name":"Participation \u00e0 des salons, foires, conf\u00e9rences et rencontres"}]}]}},"_links":{"self":[{"href":"https:\/\/www.distrettoagrumidisicilia.it\/fr\/wp-json\/wp\/v2\/pages\/2639"}],"collection":[{"href":"https:\/\/www.distrettoagrumidisicilia.it\/fr\/wp-json\/wp\/v2\/pages"}],"about":[{"href":"https:\/\/www.distrettoagrumidisicilia.it\/fr\/wp-json\/wp\/v2\/types\/page"}],"author":[{"embeddable":true,"href":"https:\/\/www.distrettoagrumidisicilia.it\/fr\/wp-json\/wp\/v2\/users\/1"}],"replies":[{"embeddable":true,"href":"https:\/\/www.distrettoagrumidisicilia.it\/fr\/wp-json\/wp\/v2\/comments?post=2639"}],"version-history":[{"count":4,"href":"https:\/\/www.distrettoagrumidisicilia.it\/fr\/wp-json\/wp\/v2\/pages\/2639\/revisions"}],"predecessor-version":[{"id":3888,"href":"https:\/\/www.distrettoagrumidisicilia.it\/fr\/wp-json\/wp\/v2\/pages\/2639\/revisions\/3888"}],"up":[{"embeddable":true,"href":"https:\/\/www.distrettoagrumidisicilia.it\/fr\/wp-json\/wp\/v2\/pages\/3880"}],"wp:attachment":[{"href":"https:\/\/www.distrettoagrumidisicilia.it\/fr\/wp-json\/wp\/v2\/media?parent=2639"}],"curies":[{"name":"wp","href":"https:\/\/api.w.org\/{rel}","templated":true}]}}