{"id":2638,"date":"2016-11-16T10:04:28","date_gmt":"2016-11-16T10:04:28","guid":{"rendered":"http:\/\/www.distrettoagrumidisicilia.it\/activites\/marketing-associatif\/?lang=fr"},"modified":"2019-05-06T11:09:29","modified_gmt":"2019-05-06T11:09:29","slug":"marketing-associatif","status":"publish","type":"page","link":"https:\/\/www.distrettoagrumidisicilia.it\/fr\/activites\/marketing-associatif\/","title":{"rendered":"Marketing associatif"},"content":{"rendered":"<p class=\"abstract\">Une importance particuli\u00e8re est attribu\u00e9e au<strong> marketing associatif<\/strong>, r\u00e9alis\u00e9 d\u2019abord gr\u00e2ce \u00e0 une longue et engageante activit\u00e9 de liasons dans le territoire, qui a d\u00e9termin\u00e9 la transformation du District Orange Rouge en District Agrumes de Sicile, une transformation r\u00e9alis\u00e9e gr\u00e2ce \u00e0 l\u2019adh\u00e9sion au District des Consortiums de productions siciliennes d\u2019agrumes de qualit\u00e9 et de nombroses entreprises operant dans tous les secteurs de l\u2019agrumiculture sicilienne.<\/p>\n<p><img id=\"imgpag\" class=\"imgpag1\" title=\"La fili\u00e8re des agrumes de Sicile - L'ensemble des op\u00e9rateurs\" src=\"https:\/\/www.distrettoagrumidisicilia.it\/wp-content\/uploads\/marketing-associativo7070.jpg\" alt=\"La fili\u00e8re des agrumes de Sicile - L\u0092agr\u00e9gation des op\u00e9rateurs\" \/><\/p>\n<p class=\"didascalia\">L\u0092agr\u00e9gation des op\u00e9rateurs de la fili\u00e8re des agrumes de Sicile<\/p>\n<p>Le <strong>Logo du District <\/strong>a \u00e9t\u00e9 r\u00e9alis\u00e9et communiqu\u00e9 depuis le d\u00e9but, dans toutes les occasions, comme moyen d\u2019identification de l\u2019agr\u00e9gation des op\u00e9rateurs de la fili\u00e8re des agrumes de Sicile.<\/p>\n<p class=\"evidenziascrittasx\">Le sense d\u2019appartenance \u00e0 un certain territoire et \u00e0 une cha\u00eene de production est \u00e0 la base d\u2019une strategie de cr\u00e9ation d\u2019un systeme.<\/p>\n<p>La<strong> communication avec les entreprises et les signataires du Pacte <\/strong>est aussi un tr\u00e8s important moyen pour l\u2019information des op\u00e9rateurs du secteur des agrumes, avec l\u2019objectif suppl\u00e9mentaire de impliquer un nombre toujours plus grand d\u2019entreprises de la fili\u00e8re dans le proc\u00e8s d\u2019agr\u00e9gation du District.<\/p>\n<p>D\u00e8s le d\u00e9but on a utilis\u00e9 le systeme d\u2019adresse \u00e9lectronique, en maintenant la liste des contacts \u00e0 jour, m\u00eame pour les adresses d\u2019entreprises et institutions qui n\u2019ont pas sign\u00e9 le Pacte mais qui font \u00e9galement partie de la fili\u00e8re et du territoire, comme moyen de communication, information et pour les convocations de r\u00e9unions et assemb\u00e9es.<\/p>\n<p>Nous avons cr\u00e9\u00e9 la page <strong>Facebook <\/strong>pour integrer la communication de la fili\u00e8re.<\/p>\n<p><em>Nous organisons d\u2019innombrables r\u00e9unions sur le territoire, entretenons de contacts r\u00e9guliers par t\u00e9l\u00e9phone et faisons tout ce qui peut aider \u00e0 comprendre les \u00e9sigences des entreprises et des institutions impliqu\u00e9es dans le projet autant que celles qui ne sont pas encore impliqu\u00e9es. <\/em><\/p>\n<p><em>La transparence, l\u2019information et l\u2019engagement constant sont des elements essentiels de notre parcours. <\/em><\/p>\n<p><em>Le courrier \u00e9lectronique rend notre communication interne plus rapide, moins ch\u00e8re et plus efficace. Internet est aujourd\u2019hui fundamental. <\/em><\/p>\n<p>En plus, gr\u00e2ce \u00e0 l\u2019organisation de r\u00e9unions et d\u2019assembl\u00e9es, qui ont permis la pr\u00e9sence d\u2019entreprises et institutions, on a peut organiser des moments de d\u00e9bat constructif \u00e0 propos des th\u00e9matiques concernant la fili\u00e8re.<\/p>\n<p class=\"evidenziascrittadx\">Nous \u00e9coutons les exigences de tous et essayons d\u2019en faire une synth\u00e8se: pour le bien du syst\u00e8me dans son ensemble.<\/p>\n<p>La pr\u00e9sence du District dans la presse nationale et r\u00e9gionale d\u2019information specialis\u00e9e et g\u00e9nerale, est \u00e9galement importante (voire les communiqu\u00e9s de presse), \u00e9tant la presse un moyen indispensable pour la divulgation des activit\u00e9s et des projets du District.<\/p>\n<p>Les agrumes de Sicile doivent aussi <strong>faire systh\u00e8me <\/strong>afin de s\u2019affirmer au niveau national, o\u00f9, pour surface, savoir-faire, connaissances techniques et histoire, ils ont toujours \u00e9t\u00e9 protagonistes, m\u00eame si pas toujours les leaders, comme ils devraient.<\/p>\n<p>Nous privil\u00e9gions toutes les formes d\u2019agr\u00e9gation. La <strong>coop\u00e9ration<\/strong>, dans le sense le plus ample, est <strong>\u00e0 la base de notre experience<\/strong>, particuli\u00e8rement entre les <strong>entreprises de producteurs<\/strong>.<\/p>\n<p><em>Pour le District Agrumes de Sicile le territoire est une communaut\u00e9, dans chaque niveau, avec une strategie partag\u00e9e. <\/em><\/p>\n<p><em>Sans une production de qualit\u00e9 il n\u2019y a pas des chances. Il faut aider les petits producteurs dans leur proc\u00e8s d\u2019agr\u00e9gation et les valoriser dans toutes formes possibles. <\/em><\/p>\n<p><em>Utilisons les fonds europ\u00e9ens plus efficacement pour le d\u00e9veloppement. Pour faire cela, il faut avoir une strategie partag\u00e9e. <\/em><\/p>\n","protected":false},"excerpt":{"rendered":"<p>Une importance particuli\u00e8re est attribu\u00e9e au marketing associatif, r\u00e9alis\u00e9 d\u2019abord gr\u00e2ce \u00e0 une longue et engageante activit\u00e9 de liasons dans le territoire, qui a d\u00e9termin\u00e9 la transformation du District Orange Rouge en District Agrumes de Sicile, une transformation r\u00e9alis\u00e9e gr\u00e2ce \u00e0 l\u2019adh\u00e9sion au District des Consortiums de productions siciliennes d\u2019agrumes de qualit\u00e9 et de nombroses [&hellip;]<\/p>\n","protected":false},"author":1,"featured_media":0,"parent":2607,"menu_order":2,"comment_status":"open","ping_status":"open","template":"","meta":{"_et_pb_use_builder":"","_et_pb_old_content":"","_et_gb_content_width":"","_monsterinsights_skip_tracking":false,"_monsterinsights_sitenote_active":false,"_monsterinsights_sitenote_note":"","_monsterinsights_sitenote_category":0},"yoast_head":"<!-- This site is optimized with the Yoast SEO plugin v18.2 - https:\/\/yoast.com\/wordpress\/plugins\/seo\/ -->\n<title>Marketing associatif - District Productif Agrumes de Sicile<\/title>\n<meta name=\"robots\" content=\"index, follow, max-snippet:-1, max-image-preview:large, max-video-preview:-1\" \/>\n<link rel=\"canonical\" href=\"https:\/\/www.distrettoagrumidisicilia.it\/fr\/activites\/marketing-associatif\/\" \/>\n<meta property=\"og:locale\" content=\"fr_FR\" \/>\n<meta property=\"og:type\" content=\"article\" \/>\n<meta property=\"og:title\" content=\"Marketing associatif - District Productif Agrumes de Sicile\" \/>\n<meta property=\"og:description\" content=\"Une importance particuli\u00e8re est attribu\u00e9e au marketing associatif, r\u00e9alis\u00e9 d\u2019abord gr\u00e2ce \u00e0 une longue et engageante activit\u00e9 de liasons dans le territoire, qui a d\u00e9termin\u00e9 la transformation du District Orange Rouge en District Agrumes de Sicile, une transformation r\u00e9alis\u00e9e gr\u00e2ce \u00e0 l\u2019adh\u00e9sion au District des Consortiums de productions siciliennes d\u2019agrumes de qualit\u00e9 et de nombroses [&hellip;]\" \/>\n<meta property=\"og:url\" content=\"https:\/\/www.distrettoagrumidisicilia.it\/fr\/activites\/marketing-associatif\/\" \/>\n<meta property=\"og:site_name\" content=\"District Productif Agrumes de Sicile\" \/>\n<meta property=\"article:publisher\" content=\"https:\/\/www.facebook.com\/DistrettoAgrumidiSicilia\" \/>\n<meta property=\"article:modified_time\" content=\"2019-05-06T11:09:29+00:00\" \/>\n<meta property=\"og:image\" content=\"https:\/\/www.distrettoagrumidisicilia.it\/wp-content\/uploads\/marketing-associativo7070.jpg\" \/>\n<meta name=\"twitter:card\" content=\"summary\" \/>\n<meta name=\"twitter:label1\" content=\"Dur\u00e9e de lecture estim\u00e9e\" \/>\n\t<meta name=\"twitter:data1\" content=\"3 minutes\" \/>\n<script type=\"application\/ld+json\" class=\"yoast-schema-graph\">{\"@context\":\"https:\/\/schema.org\",\"@graph\":[{\"@type\":\"WebSite\",\"@id\":\"https:\/\/www.distrettoagrumidisicilia.it\/fr\/#website\",\"url\":\"https:\/\/www.distrettoagrumidisicilia.it\/fr\/\",\"name\":\"District Productif Agrumes de Sicile\",\"description\":\"a territory, a shared strategy\",\"potentialAction\":[{\"@type\":\"SearchAction\",\"target\":{\"@type\":\"EntryPoint\",\"urlTemplate\":\"https:\/\/www.distrettoagrumidisicilia.it\/fr\/?s={search_term_string}\"},\"query-input\":\"required name=search_term_string\"}],\"inLanguage\":\"fr-FR\"},{\"@type\":\"ImageObject\",\"@id\":\"https:\/\/www.distrettoagrumidisicilia.it\/fr\/activites\/marketing-associatif\/#primaryimage\",\"inLanguage\":\"fr-FR\",\"url\":\"https:\/\/www.distrettoagrumidisicilia.it\/wp-content\/uploads\/marketing-associativo7070.jpg\",\"contentUrl\":\"https:\/\/www.distrettoagrumidisicilia.it\/wp-content\/uploads\/marketing-associativo7070.jpg\",\"width\":600,\"height\":447},{\"@type\":\"WebPage\",\"@id\":\"https:\/\/www.distrettoagrumidisicilia.it\/fr\/activites\/marketing-associatif\/#webpage\",\"url\":\"https:\/\/www.distrettoagrumidisicilia.it\/fr\/activites\/marketing-associatif\/\",\"name\":\"Marketing associatif - District Productif Agrumes de Sicile\",\"isPartOf\":{\"@id\":\"https:\/\/www.distrettoagrumidisicilia.it\/fr\/#website\"},\"primaryImageOfPage\":{\"@id\":\"https:\/\/www.distrettoagrumidisicilia.it\/fr\/activites\/marketing-associatif\/#primaryimage\"},\"datePublished\":\"2016-11-16T10:04:28+00:00\",\"dateModified\":\"2019-05-06T11:09:29+00:00\",\"breadcrumb\":{\"@id\":\"https:\/\/www.distrettoagrumidisicilia.it\/fr\/activites\/marketing-associatif\/#breadcrumb\"},\"inLanguage\":\"fr-FR\",\"potentialAction\":[{\"@type\":\"ReadAction\",\"target\":[\"https:\/\/www.distrettoagrumidisicilia.it\/fr\/activites\/marketing-associatif\/\"]}]},{\"@type\":\"BreadcrumbList\",\"@id\":\"https:\/\/www.distrettoagrumidisicilia.it\/fr\/activites\/marketing-associatif\/#breadcrumb\",\"itemListElement\":[{\"@type\":\"ListItem\",\"position\":1,\"name\":\"Home\",\"item\":\"https:\/\/www.distrettoagrumidisicilia.it\/fr\/\"},{\"@type\":\"ListItem\",\"position\":2,\"name\":\"Les activit\u00e9s\",\"item\":\"https:\/\/www.distrettoagrumidisicilia.it\/fr\/activites\/\"},{\"@type\":\"ListItem\",\"position\":3,\"name\":\"Marketing associatif\"}]}]}<\/script>\n<!-- \/ Yoast SEO plugin. -->","yoast_head_json":{"title":"Marketing associatif - District Productif Agrumes de Sicile","robots":{"index":"index","follow":"follow","max-snippet":"max-snippet:-1","max-image-preview":"max-image-preview:large","max-video-preview":"max-video-preview:-1"},"canonical":"https:\/\/www.distrettoagrumidisicilia.it\/fr\/activites\/marketing-associatif\/","og_locale":"fr_FR","og_type":"article","og_title":"Marketing associatif - District Productif Agrumes de Sicile","og_description":"Une importance particuli\u00e8re est attribu\u00e9e au marketing associatif, r\u00e9alis\u00e9 d\u2019abord gr\u00e2ce \u00e0 une longue et engageante activit\u00e9 de liasons dans le territoire, qui a d\u00e9termin\u00e9 la transformation du District Orange Rouge en District Agrumes de Sicile, une transformation r\u00e9alis\u00e9e gr\u00e2ce \u00e0 l\u2019adh\u00e9sion au District des Consortiums de productions siciliennes d\u2019agrumes de qualit\u00e9 et de nombroses [&hellip;]","og_url":"https:\/\/www.distrettoagrumidisicilia.it\/fr\/activites\/marketing-associatif\/","og_site_name":"District Productif Agrumes de Sicile","article_publisher":"https:\/\/www.facebook.com\/DistrettoAgrumidiSicilia","article_modified_time":"2019-05-06T11:09:29+00:00","og_image":[{"url":"https:\/\/www.distrettoagrumidisicilia.it\/wp-content\/uploads\/marketing-associativo7070.jpg"}],"twitter_card":"summary","twitter_misc":{"Dur\u00e9e de lecture estim\u00e9e":"3 minutes"},"schema":{"@context":"https:\/\/schema.org","@graph":[{"@type":"WebSite","@id":"https:\/\/www.distrettoagrumidisicilia.it\/fr\/#website","url":"https:\/\/www.distrettoagrumidisicilia.it\/fr\/","name":"District Productif Agrumes de Sicile","description":"a territory, a shared strategy","potentialAction":[{"@type":"SearchAction","target":{"@type":"EntryPoint","urlTemplate":"https:\/\/www.distrettoagrumidisicilia.it\/fr\/?s={search_term_string}"},"query-input":"required name=search_term_string"}],"inLanguage":"fr-FR"},{"@type":"ImageObject","@id":"https:\/\/www.distrettoagrumidisicilia.it\/fr\/activites\/marketing-associatif\/#primaryimage","inLanguage":"fr-FR","url":"https:\/\/www.distrettoagrumidisicilia.it\/wp-content\/uploads\/marketing-associativo7070.jpg","contentUrl":"https:\/\/www.distrettoagrumidisicilia.it\/wp-content\/uploads\/marketing-associativo7070.jpg","width":600,"height":447},{"@type":"WebPage","@id":"https:\/\/www.distrettoagrumidisicilia.it\/fr\/activites\/marketing-associatif\/#webpage","url":"https:\/\/www.distrettoagrumidisicilia.it\/fr\/activites\/marketing-associatif\/","name":"Marketing associatif - District Productif Agrumes de Sicile","isPartOf":{"@id":"https:\/\/www.distrettoagrumidisicilia.it\/fr\/#website"},"primaryImageOfPage":{"@id":"https:\/\/www.distrettoagrumidisicilia.it\/fr\/activites\/marketing-associatif\/#primaryimage"},"datePublished":"2016-11-16T10:04:28+00:00","dateModified":"2019-05-06T11:09:29+00:00","breadcrumb":{"@id":"https:\/\/www.distrettoagrumidisicilia.it\/fr\/activites\/marketing-associatif\/#breadcrumb"},"inLanguage":"fr-FR","potentialAction":[{"@type":"ReadAction","target":["https:\/\/www.distrettoagrumidisicilia.it\/fr\/activites\/marketing-associatif\/"]}]},{"@type":"BreadcrumbList","@id":"https:\/\/www.distrettoagrumidisicilia.it\/fr\/activites\/marketing-associatif\/#breadcrumb","itemListElement":[{"@type":"ListItem","position":1,"name":"Home","item":"https:\/\/www.distrettoagrumidisicilia.it\/fr\/"},{"@type":"ListItem","position":2,"name":"Les activit\u00e9s","item":"https:\/\/www.distrettoagrumidisicilia.it\/fr\/activites\/"},{"@type":"ListItem","position":3,"name":"Marketing associatif"}]}]}},"_links":{"self":[{"href":"https:\/\/www.distrettoagrumidisicilia.it\/fr\/wp-json\/wp\/v2\/pages\/2638"}],"collection":[{"href":"https:\/\/www.distrettoagrumidisicilia.it\/fr\/wp-json\/wp\/v2\/pages"}],"about":[{"href":"https:\/\/www.distrettoagrumidisicilia.it\/fr\/wp-json\/wp\/v2\/types\/page"}],"author":[{"embeddable":true,"href":"https:\/\/www.distrettoagrumidisicilia.it\/fr\/wp-json\/wp\/v2\/users\/1"}],"replies":[{"embeddable":true,"href":"https:\/\/www.distrettoagrumidisicilia.it\/fr\/wp-json\/wp\/v2\/comments?post=2638"}],"version-history":[{"count":1,"href":"https:\/\/www.distrettoagrumidisicilia.it\/fr\/wp-json\/wp\/v2\/pages\/2638\/revisions"}],"predecessor-version":[{"id":2642,"href":"https:\/\/www.distrettoagrumidisicilia.it\/fr\/wp-json\/wp\/v2\/pages\/2638\/revisions\/2642"}],"up":[{"embeddable":true,"href":"https:\/\/www.distrettoagrumidisicilia.it\/fr\/wp-json\/wp\/v2\/pages\/2607"}],"wp:attachment":[{"href":"https:\/\/www.distrettoagrumidisicilia.it\/fr\/wp-json\/wp\/v2\/media?parent=2638"}],"curies":[{"name":"wp","href":"https:\/\/api.w.org\/{rel}","templated":true}]}}