{"id":2629,"date":"2016-11-16T11:44:24","date_gmt":"2016-11-16T11:44:24","guid":{"rendered":"http:\/\/www.distrettoagrumidisicilia.it\/district\/comment-devenir-membre-district\/?lang=fr"},"modified":"2016-11-23T11:12:53","modified_gmt":"2016-11-23T11:12:53","slug":"comment-devenir-membre-district","status":"publish","type":"page","link":"https:\/\/www.distrettoagrumidisicilia.it\/fr\/district\/comment-devenir-membre-district\/","title":{"rendered":"Comment devenir membre du District"},"content":{"rendered":"<p class=\"abstract\">Les documents essentiels pour une souscription gratuite au <strong>Pacte de D\u00e9veloppement du District Agrumes de Sicile.<\/strong><\/p>\n<p><img id=\"imgpag\" class=\"imgpag1\" title=\"\" src=\"https:\/\/www.distrettoagrumidisicilia.it\/wp-content\/uploads\/workshop-mercati-ortofrutticoli-cesena3095.jpg\" alt=\"\" \/><\/p>\n<p>Pour <strong>l\u2019adh\u00e9sion au District<\/strong> et donc la souscription au <strong>Pacte de D\u00e9veloppement du District Productif Agrumes de Sicile<\/strong> il faut fournir:<\/p>\n<ol>\n<li>La \u00ab\u00a0<strong>Declaration de souscription au District Agrumes de Sicile<\/strong>\u00a0\u00bb complet\u00e9e et sign\u00e9e par le repr\u00e9sentant l\u00e9gal;<\/li>\n<li>Une copie de la Carte d\u2019identit\u00e9 valide du repr\u00e9sentant l\u00e9gal;<\/li>\n<li>La Certification \u201cantimafia\u201d \u00e9mise par une chambre de commerce, ou bien une <strong>declaration substitutive d\u2019attestation<\/strong>;<\/li>\n<li>Pour les entreprises, <strong>l\u2019approbation du management de souscrire le Pacte de D\u00e9veloppement du District Agrumes de Sicile.<\/strong><\/li>\n<\/ol>\n<p>Les originaux doivent \u00eatre envoy\u00e9s \u00e0 l\u2019adresse: \u00ab\u00a0<em>Distretto Produttivo Agrumi di Sicilia c\/o Consulenti Associati<\/em> &#8211; via G.A. Costanzo n. 41 &#8211; 95128 Catania\u00a0\u00bb et les copies \u00e0 l\u2019adresse email: <em>ammdistrettoagrumi (chez) libero (point) it.<\/em><\/p>\n<h3>Scarica gli allegati<\/h3>\n<ul>\n<li class=\"download\"><a title=\"Dichiarazione sottoscrizione (.pdf 59 Kb)\" href=\"https:\/\/www.distrettoagrumidisicilia.it\/wp-content\/uploads\/come_diventare_sottoscrittore7966.pdf\" target=\"_blank\">Dichiarazione sottoscrizione (.pdf 59 Kb)<\/a><\/li>\n<li class=\"download\"><a title=\"Scheda dati impresa (.pdf 283 Kb)\" href=\"https:\/\/www.distrettoagrumidisicilia.it\/wp-content\/uploads\/scheda-dati-aziende4022.pdf\" target=\"_blank\">Scheda dati impresa (.pdf 283 Kb)<\/a><\/li>\n<\/ul>\n","protected":false},"excerpt":{"rendered":"<p>Les documents essentiels pour une souscription gratuite au Pacte de D\u00e9veloppement du District Agrumes de Sicile. Pour l\u2019adh\u00e9sion au District et donc la souscription au Pacte de D\u00e9veloppement du District Productif Agrumes de Sicile il faut fournir: La \u00ab\u00a0Declaration de souscription au District Agrumes de Sicile\u00a0\u00bb complet\u00e9e et sign\u00e9e par le repr\u00e9sentant l\u00e9gal; Une copie [&hellip;]<\/p>\n","protected":false},"author":1,"featured_media":0,"parent":2606,"menu_order":4,"comment_status":"open","ping_status":"open","template":"","meta":{"_et_pb_use_builder":"","_et_pb_old_content":"","_et_gb_content_width":"","_monsterinsights_skip_tracking":false,"_monsterinsights_sitenote_active":false,"_monsterinsights_sitenote_note":"","_monsterinsights_sitenote_category":0},"yoast_head":"<!-- This site is optimized with the Yoast SEO plugin v18.2 - https:\/\/yoast.com\/wordpress\/plugins\/seo\/ -->\n<title>Comment devenir membre du District - District Productif Agrumes de Sicile<\/title>\n<meta name=\"description\" content=\"L&#039;adh\u00e9sion dans le district et la signature des d\u00e9veloppement Compact District Production Agrumes de Sicile devrait \u00eatre envoy\u00e9 par e-mail et sur papier\" \/>\n<meta name=\"robots\" content=\"index, follow, max-snippet:-1, max-image-preview:large, max-video-preview:-1\" \/>\n<link rel=\"canonical\" href=\"https:\/\/www.distrettoagrumidisicilia.it\/fr\/district\/comment-devenir-membre-district\/\" \/>\n<meta property=\"og:locale\" content=\"fr_FR\" \/>\n<meta property=\"og:type\" content=\"article\" \/>\n<meta property=\"og:title\" content=\"Comment devenir membre du District - District Productif Agrumes de Sicile\" \/>\n<meta property=\"og:description\" content=\"L&#039;adh\u00e9sion dans le district et la signature des d\u00e9veloppement Compact District Production Agrumes de Sicile devrait \u00eatre envoy\u00e9 par e-mail et sur papier\" \/>\n<meta property=\"og:url\" content=\"https:\/\/www.distrettoagrumidisicilia.it\/fr\/district\/comment-devenir-membre-district\/\" \/>\n<meta property=\"og:site_name\" content=\"District Productif Agrumes de Sicile\" \/>\n<meta property=\"article:publisher\" content=\"https:\/\/www.facebook.com\/DistrettoAgrumidiSicilia\" \/>\n<meta property=\"article:modified_time\" content=\"2016-11-23T11:12:53+00:00\" \/>\n<meta property=\"og:image\" content=\"https:\/\/www.distrettoagrumidisicilia.it\/wp-content\/uploads\/workshop-mercati-ortofrutticoli-cesena3095.jpg\" \/>\n<meta name=\"twitter:card\" content=\"summary\" \/>\n<meta name=\"twitter:label1\" content=\"Dur\u00e9e de lecture estim\u00e9e\" \/>\n\t<meta name=\"twitter:data1\" content=\"1 minute\" \/>\n<script type=\"application\/ld+json\" class=\"yoast-schema-graph\">{\"@context\":\"https:\/\/schema.org\",\"@graph\":[{\"@type\":\"WebSite\",\"@id\":\"https:\/\/www.distrettoagrumidisicilia.it\/fr\/#website\",\"url\":\"https:\/\/www.distrettoagrumidisicilia.it\/fr\/\",\"name\":\"District Productif Agrumes de Sicile\",\"description\":\"a territory, a shared strategy\",\"potentialAction\":[{\"@type\":\"SearchAction\",\"target\":{\"@type\":\"EntryPoint\",\"urlTemplate\":\"https:\/\/www.distrettoagrumidisicilia.it\/fr\/?s={search_term_string}\"},\"query-input\":\"required name=search_term_string\"}],\"inLanguage\":\"fr-FR\"},{\"@type\":\"ImageObject\",\"@id\":\"https:\/\/www.distrettoagrumidisicilia.it\/fr\/district\/comment-devenir-membre-district\/#primaryimage\",\"inLanguage\":\"fr-FR\",\"url\":\"https:\/\/www.distrettoagrumidisicilia.it\/wp-content\/uploads\/workshop-mercati-ortofrutticoli-cesena3095.jpg\",\"contentUrl\":\"https:\/\/www.distrettoagrumidisicilia.it\/wp-content\/uploads\/workshop-mercati-ortofrutticoli-cesena3095.jpg\",\"width\":600,\"height\":402},{\"@type\":\"WebPage\",\"@id\":\"https:\/\/www.distrettoagrumidisicilia.it\/fr\/district\/comment-devenir-membre-district\/#webpage\",\"url\":\"https:\/\/www.distrettoagrumidisicilia.it\/fr\/district\/comment-devenir-membre-district\/\",\"name\":\"Comment devenir membre du District - District Productif Agrumes de Sicile\",\"isPartOf\":{\"@id\":\"https:\/\/www.distrettoagrumidisicilia.it\/fr\/#website\"},\"primaryImageOfPage\":{\"@id\":\"https:\/\/www.distrettoagrumidisicilia.it\/fr\/district\/comment-devenir-membre-district\/#primaryimage\"},\"datePublished\":\"2016-11-16T11:44:24+00:00\",\"dateModified\":\"2016-11-23T11:12:53+00:00\",\"description\":\"L'adh\u00e9sion dans le district et la signature des d\u00e9veloppement Compact District Production Agrumes de Sicile devrait \u00eatre envoy\u00e9 par e-mail et sur papier\",\"breadcrumb\":{\"@id\":\"https:\/\/www.distrettoagrumidisicilia.it\/fr\/district\/comment-devenir-membre-district\/#breadcrumb\"},\"inLanguage\":\"fr-FR\",\"potentialAction\":[{\"@type\":\"ReadAction\",\"target\":[\"https:\/\/www.distrettoagrumidisicilia.it\/fr\/district\/comment-devenir-membre-district\/\"]}]},{\"@type\":\"BreadcrumbList\",\"@id\":\"https:\/\/www.distrettoagrumidisicilia.it\/fr\/district\/comment-devenir-membre-district\/#breadcrumb\",\"itemListElement\":[{\"@type\":\"ListItem\",\"position\":1,\"name\":\"Home\",\"item\":\"https:\/\/www.distrettoagrumidisicilia.it\/fr\/\"},{\"@type\":\"ListItem\",\"position\":2,\"name\":\"Le District\",\"item\":\"https:\/\/www.distrettoagrumidisicilia.it\/fr\/district\/\"},{\"@type\":\"ListItem\",\"position\":3,\"name\":\"Comment devenir membre du District\"}]}]}<\/script>\n<!-- \/ Yoast SEO plugin. -->","yoast_head_json":{"title":"Comment devenir membre du District - District Productif Agrumes de Sicile","description":"L'adh\u00e9sion dans le district et la signature des d\u00e9veloppement Compact District Production Agrumes de Sicile devrait \u00eatre envoy\u00e9 par e-mail et sur papier","robots":{"index":"index","follow":"follow","max-snippet":"max-snippet:-1","max-image-preview":"max-image-preview:large","max-video-preview":"max-video-preview:-1"},"canonical":"https:\/\/www.distrettoagrumidisicilia.it\/fr\/district\/comment-devenir-membre-district\/","og_locale":"fr_FR","og_type":"article","og_title":"Comment devenir membre du District - District Productif Agrumes de Sicile","og_description":"L'adh\u00e9sion dans le district et la signature des d\u00e9veloppement Compact District Production Agrumes de Sicile devrait \u00eatre envoy\u00e9 par e-mail et sur papier","og_url":"https:\/\/www.distrettoagrumidisicilia.it\/fr\/district\/comment-devenir-membre-district\/","og_site_name":"District Productif Agrumes de Sicile","article_publisher":"https:\/\/www.facebook.com\/DistrettoAgrumidiSicilia","article_modified_time":"2016-11-23T11:12:53+00:00","og_image":[{"url":"https:\/\/www.distrettoagrumidisicilia.it\/wp-content\/uploads\/workshop-mercati-ortofrutticoli-cesena3095.jpg"}],"twitter_card":"summary","twitter_misc":{"Dur\u00e9e de lecture estim\u00e9e":"1 minute"},"schema":{"@context":"https:\/\/schema.org","@graph":[{"@type":"WebSite","@id":"https:\/\/www.distrettoagrumidisicilia.it\/fr\/#website","url":"https:\/\/www.distrettoagrumidisicilia.it\/fr\/","name":"District Productif Agrumes de Sicile","description":"a territory, a shared strategy","potentialAction":[{"@type":"SearchAction","target":{"@type":"EntryPoint","urlTemplate":"https:\/\/www.distrettoagrumidisicilia.it\/fr\/?s={search_term_string}"},"query-input":"required name=search_term_string"}],"inLanguage":"fr-FR"},{"@type":"ImageObject","@id":"https:\/\/www.distrettoagrumidisicilia.it\/fr\/district\/comment-devenir-membre-district\/#primaryimage","inLanguage":"fr-FR","url":"https:\/\/www.distrettoagrumidisicilia.it\/wp-content\/uploads\/workshop-mercati-ortofrutticoli-cesena3095.jpg","contentUrl":"https:\/\/www.distrettoagrumidisicilia.it\/wp-content\/uploads\/workshop-mercati-ortofrutticoli-cesena3095.jpg","width":600,"height":402},{"@type":"WebPage","@id":"https:\/\/www.distrettoagrumidisicilia.it\/fr\/district\/comment-devenir-membre-district\/#webpage","url":"https:\/\/www.distrettoagrumidisicilia.it\/fr\/district\/comment-devenir-membre-district\/","name":"Comment devenir membre du District - District Productif Agrumes de Sicile","isPartOf":{"@id":"https:\/\/www.distrettoagrumidisicilia.it\/fr\/#website"},"primaryImageOfPage":{"@id":"https:\/\/www.distrettoagrumidisicilia.it\/fr\/district\/comment-devenir-membre-district\/#primaryimage"},"datePublished":"2016-11-16T11:44:24+00:00","dateModified":"2016-11-23T11:12:53+00:00","description":"L'adh\u00e9sion dans le district et la signature des d\u00e9veloppement Compact District Production Agrumes de Sicile devrait \u00eatre envoy\u00e9 par e-mail et sur papier","breadcrumb":{"@id":"https:\/\/www.distrettoagrumidisicilia.it\/fr\/district\/comment-devenir-membre-district\/#breadcrumb"},"inLanguage":"fr-FR","potentialAction":[{"@type":"ReadAction","target":["https:\/\/www.distrettoagrumidisicilia.it\/fr\/district\/comment-devenir-membre-district\/"]}]},{"@type":"BreadcrumbList","@id":"https:\/\/www.distrettoagrumidisicilia.it\/fr\/district\/comment-devenir-membre-district\/#breadcrumb","itemListElement":[{"@type":"ListItem","position":1,"name":"Home","item":"https:\/\/www.distrettoagrumidisicilia.it\/fr\/"},{"@type":"ListItem","position":2,"name":"Le District","item":"https:\/\/www.distrettoagrumidisicilia.it\/fr\/district\/"},{"@type":"ListItem","position":3,"name":"Comment devenir membre du District"}]}]}},"_links":{"self":[{"href":"https:\/\/www.distrettoagrumidisicilia.it\/fr\/wp-json\/wp\/v2\/pages\/2629"}],"collection":[{"href":"https:\/\/www.distrettoagrumidisicilia.it\/fr\/wp-json\/wp\/v2\/pages"}],"about":[{"href":"https:\/\/www.distrettoagrumidisicilia.it\/fr\/wp-json\/wp\/v2\/types\/page"}],"author":[{"embeddable":true,"href":"https:\/\/www.distrettoagrumidisicilia.it\/fr\/wp-json\/wp\/v2\/users\/1"}],"replies":[{"embeddable":true,"href":"https:\/\/www.distrettoagrumidisicilia.it\/fr\/wp-json\/wp\/v2\/comments?post=2629"}],"version-history":[{"count":3,"href":"https:\/\/www.distrettoagrumidisicilia.it\/fr\/wp-json\/wp\/v2\/pages\/2629\/revisions"}],"predecessor-version":[{"id":2985,"href":"https:\/\/www.distrettoagrumidisicilia.it\/fr\/wp-json\/wp\/v2\/pages\/2629\/revisions\/2985"}],"up":[{"embeddable":true,"href":"https:\/\/www.distrettoagrumidisicilia.it\/fr\/wp-json\/wp\/v2\/pages\/2606"}],"wp:attachment":[{"href":"https:\/\/www.distrettoagrumidisicilia.it\/fr\/wp-json\/wp\/v2\/media?parent=2629"}],"curies":[{"name":"wp","href":"https:\/\/api.w.org\/{rel}","templated":true}]}}