{"id":2628,"date":"2016-11-16T11:44:24","date_gmt":"2016-11-16T11:44:24","guid":{"rendered":"http:\/\/www.distrettoagrumidisicilia.it\/district\/pacte-developpement\/?lang=fr"},"modified":"2016-11-16T11:45:48","modified_gmt":"2016-11-16T11:45:48","slug":"pacte-developpement","status":"publish","type":"page","link":"https:\/\/www.distrettoagrumidisicilia.it\/fr\/district\/pacte-developpement\/","title":{"rendered":"Pacte de D\u00e9veloppement"},"content":{"rendered":"<p class=\"abstract\">En Juin 2011, apr\u00e8s ample d\u00e9bat d\u2019assemb\u00e9e, le 144 participants ont sign\u00e9 un Pacte de D\u00e9veloppement dans le but de partager dans le District une projectualit\u00e9 conr\u00e8te pour un soutien r\u00e9el des entreprises de la fili\u00e8re.<\/p>\n<p><img id=\"imgpag\" class=\"imgpag1\" title=\"\" src=\"https:\/\/www.distrettoagrumidisicilia.it\/wp-content\/uploads\/assemblea-costituente_20116518.jpg\" alt=\"\" \/><\/p>\n<p class=\"didascalia\">Assembl\u00e9e constituante, 2011<\/p>\n<h2>Les objectifs<\/h2>\n<p>Il y a 7 objectifs dans le Pacte de D\u00e9veloppement sign\u00e9 par tous les membres du <strong>District Agrumes de Sicile<\/strong>:<\/p>\n<ol>\n<li>Marketing associatif<\/li>\n<li>Acc\u00e8s au credit et fiscalit\u00e9 avantageuse<\/li>\n<li>Internationalisation<\/li>\n<li>March\u00e9s fruits et l\u00e9gumes et fili\u00e8re courte<\/li>\n<li>Recherche scientifique<\/li>\n<li>Tourisme Relationnel Integr\u00e9<\/li>\n<li>Formation<\/li>\n<\/ol>\n<p>Il y a 10 actions transversales identifi\u00e9es dans le <strong>Pacte de D\u00e9veloppement<\/strong> et sign\u00e9es par les membres:<\/p>\n<ol>\n<li>Monitorage de la production<\/li>\n<li>Interventions structurelles dans la production<\/li>\n<li>Monitorage des activit\u00e9s de commercialisation<\/li>\n<li>Acc\u00e8s au cr\u00e9dit<\/li>\n<li>Plan qualit\u00e9<\/li>\n<li>Recherche scientifique<\/li>\n<li>Communication et promotion<\/li>\n<li>Formation<\/li>\n<li>Logistique et infrastructures<\/li>\n<li>Soutien aux activit\u00e9s de gestion et d\u00e9veloppement<\/li>\n<\/ol>\n<p><img id=\"imgpag\" class=\"imgpag2\" title=\"\" src=\"https:\/\/www.distrettoagrumidisicilia.it\/wp-content\/uploads\/patto-sviluppo-distretti8387.jpg\" alt=\"\" \/><\/p>\n<p class=\"didascalia\">Convocation de l\u0092Assembl\u00e9e Constituante des signataires du District Agrumes de Sicile \u0096 Pergusa (EN), 20 Juin 2011<\/p>\n<h3>Scarica gli allegati<\/h3>\n<ul>\n<li class=\"download\"><a title=\"Patto di Sviluppo del Distretto produttivo Agrumi di Sicilia (.pdf 23 Mb)\" href=\"https:\/\/www.distrettoagrumidisicilia.it\/wp-content\/uploads\/patto-sviluppo276.pdf\" target=\"_blank\">Patto di Sviluppo del Distretto produttivo Agrumi di Sicilia (.pdf 23 Mb)<\/a><\/li>\n<\/ul>\n","protected":false},"excerpt":{"rendered":"<p>En Juin 2011, apr\u00e8s ample d\u00e9bat d\u2019assemb\u00e9e, le 144 participants ont sign\u00e9 un Pacte de D\u00e9veloppement dans le but de partager dans le District une projectualit\u00e9 conr\u00e8te pour un soutien r\u00e9el des entreprises de la fili\u00e8re. Assembl\u00e9e constituante, 2011 Les objectifs Il y a 7 objectifs dans le Pacte de D\u00e9veloppement sign\u00e9 par tous les [&hellip;]<\/p>\n","protected":false},"author":1,"featured_media":0,"parent":2606,"menu_order":3,"comment_status":"open","ping_status":"open","template":"","meta":{"_et_pb_use_builder":"","_et_pb_old_content":"","_et_gb_content_width":"","_monsterinsights_skip_tracking":false,"_monsterinsights_sitenote_active":false,"_monsterinsights_sitenote_note":"","_monsterinsights_sitenote_category":0},"yoast_head":"<!-- This site is optimized with the Yoast SEO plugin v18.2 - https:\/\/yoast.com\/wordpress\/plugins\/seo\/ -->\n<title>Pacte de D\u00e9veloppement - District Productif Agrumes de Sicile<\/title>\n<meta name=\"robots\" content=\"index, follow, max-snippet:-1, max-image-preview:large, max-video-preview:-1\" \/>\n<link rel=\"canonical\" href=\"https:\/\/www.distrettoagrumidisicilia.it\/fr\/district\/pacte-developpement\/\" \/>\n<meta property=\"og:locale\" content=\"fr_FR\" \/>\n<meta property=\"og:type\" content=\"article\" \/>\n<meta property=\"og:title\" content=\"Pacte de D\u00e9veloppement - District Productif Agrumes de Sicile\" \/>\n<meta property=\"og:description\" content=\"En Juin 2011, apr\u00e8s ample d\u00e9bat d\u2019assemb\u00e9e, le 144 participants ont sign\u00e9 un Pacte de D\u00e9veloppement dans le but de partager dans le District une projectualit\u00e9 conr\u00e8te pour un soutien r\u00e9el des entreprises de la fili\u00e8re. Assembl\u00e9e constituante, 2011 Les objectifs Il y a 7 objectifs dans le Pacte de D\u00e9veloppement sign\u00e9 par tous les [&hellip;]\" \/>\n<meta property=\"og:url\" content=\"https:\/\/www.distrettoagrumidisicilia.it\/fr\/district\/pacte-developpement\/\" \/>\n<meta property=\"og:site_name\" content=\"District Productif Agrumes de Sicile\" \/>\n<meta property=\"article:publisher\" content=\"https:\/\/www.facebook.com\/DistrettoAgrumidiSicilia\" \/>\n<meta property=\"article:modified_time\" content=\"2016-11-16T11:45:48+00:00\" \/>\n<meta property=\"og:image\" content=\"https:\/\/www.distrettoagrumidisicilia.it\/wp-content\/uploads\/assemblea-costituente_20116518.jpg\" \/>\n<meta name=\"twitter:card\" content=\"summary\" \/>\n<meta name=\"twitter:label1\" content=\"Dur\u00e9e de lecture estim\u00e9e\" \/>\n\t<meta name=\"twitter:data1\" content=\"1 minute\" \/>\n<script type=\"application\/ld+json\" class=\"yoast-schema-graph\">{\"@context\":\"https:\/\/schema.org\",\"@graph\":[{\"@type\":\"WebSite\",\"@id\":\"https:\/\/www.distrettoagrumidisicilia.it\/fr\/#website\",\"url\":\"https:\/\/www.distrettoagrumidisicilia.it\/fr\/\",\"name\":\"District Productif Agrumes de Sicile\",\"description\":\"a territory, a shared strategy\",\"potentialAction\":[{\"@type\":\"SearchAction\",\"target\":{\"@type\":\"EntryPoint\",\"urlTemplate\":\"https:\/\/www.distrettoagrumidisicilia.it\/fr\/?s={search_term_string}\"},\"query-input\":\"required name=search_term_string\"}],\"inLanguage\":\"fr-FR\"},{\"@type\":\"ImageObject\",\"@id\":\"https:\/\/www.distrettoagrumidisicilia.it\/fr\/district\/pacte-developpement\/#primaryimage\",\"inLanguage\":\"fr-FR\",\"url\":\"https:\/\/www.distrettoagrumidisicilia.it\/wp-content\/uploads\/assemblea-costituente_20116518.jpg\",\"contentUrl\":\"https:\/\/www.distrettoagrumidisicilia.it\/wp-content\/uploads\/assemblea-costituente_20116518.jpg\",\"width\":600,\"height\":400},{\"@type\":\"WebPage\",\"@id\":\"https:\/\/www.distrettoagrumidisicilia.it\/fr\/district\/pacte-developpement\/#webpage\",\"url\":\"https:\/\/www.distrettoagrumidisicilia.it\/fr\/district\/pacte-developpement\/\",\"name\":\"Pacte de D\u00e9veloppement - District Productif Agrumes de Sicile\",\"isPartOf\":{\"@id\":\"https:\/\/www.distrettoagrumidisicilia.it\/fr\/#website\"},\"primaryImageOfPage\":{\"@id\":\"https:\/\/www.distrettoagrumidisicilia.it\/fr\/district\/pacte-developpement\/#primaryimage\"},\"datePublished\":\"2016-11-16T11:44:24+00:00\",\"dateModified\":\"2016-11-16T11:45:48+00:00\",\"breadcrumb\":{\"@id\":\"https:\/\/www.distrettoagrumidisicilia.it\/fr\/district\/pacte-developpement\/#breadcrumb\"},\"inLanguage\":\"fr-FR\",\"potentialAction\":[{\"@type\":\"ReadAction\",\"target\":[\"https:\/\/www.distrettoagrumidisicilia.it\/fr\/district\/pacte-developpement\/\"]}]},{\"@type\":\"BreadcrumbList\",\"@id\":\"https:\/\/www.distrettoagrumidisicilia.it\/fr\/district\/pacte-developpement\/#breadcrumb\",\"itemListElement\":[{\"@type\":\"ListItem\",\"position\":1,\"name\":\"Home\",\"item\":\"https:\/\/www.distrettoagrumidisicilia.it\/fr\/\"},{\"@type\":\"ListItem\",\"position\":2,\"name\":\"Le District\",\"item\":\"https:\/\/www.distrettoagrumidisicilia.it\/fr\/district\/\"},{\"@type\":\"ListItem\",\"position\":3,\"name\":\"Pacte de D\u00e9veloppement\"}]}]}<\/script>\n<!-- \/ Yoast SEO plugin. -->","yoast_head_json":{"title":"Pacte de D\u00e9veloppement - District Productif Agrumes de Sicile","robots":{"index":"index","follow":"follow","max-snippet":"max-snippet:-1","max-image-preview":"max-image-preview:large","max-video-preview":"max-video-preview:-1"},"canonical":"https:\/\/www.distrettoagrumidisicilia.it\/fr\/district\/pacte-developpement\/","og_locale":"fr_FR","og_type":"article","og_title":"Pacte de D\u00e9veloppement - District Productif Agrumes de Sicile","og_description":"En Juin 2011, apr\u00e8s ample d\u00e9bat d\u2019assemb\u00e9e, le 144 participants ont sign\u00e9 un Pacte de D\u00e9veloppement dans le but de partager dans le District une projectualit\u00e9 conr\u00e8te pour un soutien r\u00e9el des entreprises de la fili\u00e8re. Assembl\u00e9e constituante, 2011 Les objectifs Il y a 7 objectifs dans le Pacte de D\u00e9veloppement sign\u00e9 par tous les [&hellip;]","og_url":"https:\/\/www.distrettoagrumidisicilia.it\/fr\/district\/pacte-developpement\/","og_site_name":"District Productif Agrumes de Sicile","article_publisher":"https:\/\/www.facebook.com\/DistrettoAgrumidiSicilia","article_modified_time":"2016-11-16T11:45:48+00:00","og_image":[{"url":"https:\/\/www.distrettoagrumidisicilia.it\/wp-content\/uploads\/assemblea-costituente_20116518.jpg"}],"twitter_card":"summary","twitter_misc":{"Dur\u00e9e de lecture estim\u00e9e":"1 minute"},"schema":{"@context":"https:\/\/schema.org","@graph":[{"@type":"WebSite","@id":"https:\/\/www.distrettoagrumidisicilia.it\/fr\/#website","url":"https:\/\/www.distrettoagrumidisicilia.it\/fr\/","name":"District Productif Agrumes de Sicile","description":"a territory, a shared strategy","potentialAction":[{"@type":"SearchAction","target":{"@type":"EntryPoint","urlTemplate":"https:\/\/www.distrettoagrumidisicilia.it\/fr\/?s={search_term_string}"},"query-input":"required name=search_term_string"}],"inLanguage":"fr-FR"},{"@type":"ImageObject","@id":"https:\/\/www.distrettoagrumidisicilia.it\/fr\/district\/pacte-developpement\/#primaryimage","inLanguage":"fr-FR","url":"https:\/\/www.distrettoagrumidisicilia.it\/wp-content\/uploads\/assemblea-costituente_20116518.jpg","contentUrl":"https:\/\/www.distrettoagrumidisicilia.it\/wp-content\/uploads\/assemblea-costituente_20116518.jpg","width":600,"height":400},{"@type":"WebPage","@id":"https:\/\/www.distrettoagrumidisicilia.it\/fr\/district\/pacte-developpement\/#webpage","url":"https:\/\/www.distrettoagrumidisicilia.it\/fr\/district\/pacte-developpement\/","name":"Pacte de D\u00e9veloppement - District Productif Agrumes de Sicile","isPartOf":{"@id":"https:\/\/www.distrettoagrumidisicilia.it\/fr\/#website"},"primaryImageOfPage":{"@id":"https:\/\/www.distrettoagrumidisicilia.it\/fr\/district\/pacte-developpement\/#primaryimage"},"datePublished":"2016-11-16T11:44:24+00:00","dateModified":"2016-11-16T11:45:48+00:00","breadcrumb":{"@id":"https:\/\/www.distrettoagrumidisicilia.it\/fr\/district\/pacte-developpement\/#breadcrumb"},"inLanguage":"fr-FR","potentialAction":[{"@type":"ReadAction","target":["https:\/\/www.distrettoagrumidisicilia.it\/fr\/district\/pacte-developpement\/"]}]},{"@type":"BreadcrumbList","@id":"https:\/\/www.distrettoagrumidisicilia.it\/fr\/district\/pacte-developpement\/#breadcrumb","itemListElement":[{"@type":"ListItem","position":1,"name":"Home","item":"https:\/\/www.distrettoagrumidisicilia.it\/fr\/"},{"@type":"ListItem","position":2,"name":"Le District","item":"https:\/\/www.distrettoagrumidisicilia.it\/fr\/district\/"},{"@type":"ListItem","position":3,"name":"Pacte de D\u00e9veloppement"}]}]}},"_links":{"self":[{"href":"https:\/\/www.distrettoagrumidisicilia.it\/fr\/wp-json\/wp\/v2\/pages\/2628"}],"collection":[{"href":"https:\/\/www.distrettoagrumidisicilia.it\/fr\/wp-json\/wp\/v2\/pages"}],"about":[{"href":"https:\/\/www.distrettoagrumidisicilia.it\/fr\/wp-json\/wp\/v2\/types\/page"}],"author":[{"embeddable":true,"href":"https:\/\/www.distrettoagrumidisicilia.it\/fr\/wp-json\/wp\/v2\/users\/1"}],"replies":[{"embeddable":true,"href":"https:\/\/www.distrettoagrumidisicilia.it\/fr\/wp-json\/wp\/v2\/comments?post=2628"}],"version-history":[{"count":1,"href":"https:\/\/www.distrettoagrumidisicilia.it\/fr\/wp-json\/wp\/v2\/pages\/2628\/revisions"}],"predecessor-version":[{"id":2633,"href":"https:\/\/www.distrettoagrumidisicilia.it\/fr\/wp-json\/wp\/v2\/pages\/2628\/revisions\/2633"}],"up":[{"embeddable":true,"href":"https:\/\/www.distrettoagrumidisicilia.it\/fr\/wp-json\/wp\/v2\/pages\/2606"}],"wp:attachment":[{"href":"https:\/\/www.distrettoagrumidisicilia.it\/fr\/wp-json\/wp\/v2\/media?parent=2628"}],"curies":[{"name":"wp","href":"https:\/\/api.w.org\/{rel}","templated":true}]}}