{"id":2627,"date":"2016-01-01T11:44:24","date_gmt":"2016-01-01T11:44:24","guid":{"rendered":"http:\/\/www.distrettoagrumidisicilia.it\/district\/historie\/?lang=fr"},"modified":"2016-12-22T10:52:37","modified_gmt":"2016-12-22T10:52:37","slug":"historie","status":"publish","type":"page","link":"https:\/\/www.distrettoagrumidisicilia.it\/fr\/district\/historie\/","title":{"rendered":"Historie"},"content":{"rendered":"<p class=\"abstract\">Les districts siciliens ont et\u00e9 institu\u00e9s \u00e0 la suite du D\u00e9cret R\u00e9gional n.152 de 01-12-2005 \u2013 Crit\u00e8res et procedures pour l\u2019identification et la reconnaissance des districts productifs \u2013 Assessorat R\u00e9gional pour la Coop\u00e9ration, le Commerce, l\u2019Artisanat et la p\u00eache (d\u00e9sormais Assessorat des activit\u00e9s productives) de la R\u00e9gion Sicilienne.<\/p>\n<p><img id=\"imgpag\" class=\"imgpag1\" title=\"\" src=\"https:\/\/www.distrettoagrumidisicilia.it\/wp-content\/uploads\/distretto-agrumi-sicilia60121640.jpg\" alt=\"\" \/><\/p>\n<p>Le D\u00e9cret R\u00e9gional n.152 de 2005 d\u00e9finit le district productif: \u00ab\u00a0<em>une expression de la capacit\u00e9 des enterprises et des autorit\u00e9s locales de d\u00e9velopper une projectualit\u00e9 strat\u00e9gique qui s\u2019exprime dans un pacte de d\u00e9veloppement du district\u2026<\/em>\u00a0\u00bb<\/p>\n<p>Le\u00a0<strong>District Agrumes de Sicile<\/strong>\u00a0est n\u00e9 en 2011 (<strong>D\u00e9cret R\u00e9gional n. 614\/GAB de 27\/12\/2011<\/strong>) comme \u00e9volution de ce qui pr\u00e9c\u00e9demment s&rsquo;appellait District Orange Rouge, (D\u00e9crets R\u00e9gionals n.546\/12S de 16\/03\/2007 et n. 184 de 6\/02\/2008)<em> avec le but de valoriser sous la<strong> marque \u00ab\u00a0Sicile\u00a0\u00bb<\/strong> toutes les variet\u00e9s d\u2019agrumes tipiques produites dans l\u2019\u00eele et \u00e9laborer et partager des strat\u00e9gies communes de soutien \u00e0 l\u2019entier secteur des agrumes en Sicile en termes de production, commercialisation et distribution en Italie et \u00e0 l\u2019\u00c9tranger.<\/em><\/p>\n<p>Historiquement on peut considerer cela<em> la premi\u00e8re grande exp\u00e9rience de coh\u00e9sion entre entreprises priv\u00e9es et autorit\u00e9s publiques siciliennes<\/em> qui a et\u00e9 r\u00e9alis\u00e9e dans le domaine de la production agricole des agrumes, en regroupant les Entreprises et les Autorit\u00e9s les plus repr\u00e9sentatives de la fili\u00e8re agrumicole sicilienne.<\/p>\n<p>En fait, parmi ses 138 membres il y a, d&rsquo;un c\u00f4t\u00e9 104 <strong>entreprises de la fili\u00e8re<\/strong> (individuelles et associ\u00e9es, y comprises certaines parmi les plus importantes O.P. du secteur sicilien des agrumes), de l\u2019autre c\u00f4t\u00e9 il y a les <strong>Consortiums de Protection<\/strong> des<strong> produits IGP et AOP<\/strong> (<em>l\u2019Orange Rouge de Sicile, l\u2019Orange Blonde de Ribera, le Citron Interdonato de Messine, le Citron de Syracuse, la Mandarine de Ciaculli<\/em>, cette derni\u00e8re en train d\u2019\u00eatre reconnue), <em>les<\/em> <strong>associations de cat\u00e9gorie<\/strong>, les <strong>Autorit\u00e9 locales<\/strong>, les <strong>Institutes de Recherche Scientifique<\/strong>, le tourisme relationnel et la coop\u00e9ration, <em>pour un total de 34 organismes<\/em>.<\/p>\n","protected":false},"excerpt":{"rendered":"<p>Les districts siciliens ont et\u00e9 institu\u00e9s \u00e0 la suite du D\u00e9cret R\u00e9gional n.152 de 01-12-2005 \u2013 Crit\u00e8res et procedures pour l\u2019identification et la reconnaissance des districts productifs \u2013 Assessorat R\u00e9gional pour la Coop\u00e9ration, le Commerce, l\u2019Artisanat et la p\u00eache (d\u00e9sormais Assessorat des activit\u00e9s productives) de la R\u00e9gion Sicilienne. Le D\u00e9cret R\u00e9gional n.152 de 2005 d\u00e9finit [&hellip;]<\/p>\n","protected":false},"author":1,"featured_media":0,"parent":2606,"menu_order":2,"comment_status":"open","ping_status":"open","template":"","meta":{"_et_pb_use_builder":"","_et_pb_old_content":"","_et_gb_content_width":"","_monsterinsights_skip_tracking":false,"_monsterinsights_sitenote_active":false,"_monsterinsights_sitenote_note":"","_monsterinsights_sitenote_category":0},"yoast_head":"<!-- This site is optimized with the Yoast SEO plugin v18.2 - https:\/\/yoast.com\/wordpress\/plugins\/seo\/ -->\n<title>Historie - District Productif Agrumes de Sicile<\/title>\n<meta name=\"robots\" content=\"index, follow, max-snippet:-1, max-image-preview:large, max-video-preview:-1\" \/>\n<link rel=\"canonical\" href=\"https:\/\/www.distrettoagrumidisicilia.it\/fr\/district\/historie\/\" \/>\n<meta property=\"og:locale\" content=\"fr_FR\" \/>\n<meta property=\"og:type\" content=\"article\" \/>\n<meta property=\"og:title\" content=\"Historie - District Productif Agrumes de Sicile\" \/>\n<meta property=\"og:description\" content=\"Les districts siciliens ont et\u00e9 institu\u00e9s \u00e0 la suite du D\u00e9cret R\u00e9gional n.152 de 01-12-2005 \u2013 Crit\u00e8res et procedures pour l\u2019identification et la reconnaissance des districts productifs \u2013 Assessorat R\u00e9gional pour la Coop\u00e9ration, le Commerce, l\u2019Artisanat et la p\u00eache (d\u00e9sormais Assessorat des activit\u00e9s productives) de la R\u00e9gion Sicilienne. Le D\u00e9cret R\u00e9gional n.152 de 2005 d\u00e9finit [&hellip;]\" \/>\n<meta property=\"og:url\" content=\"https:\/\/www.distrettoagrumidisicilia.it\/fr\/district\/historie\/\" \/>\n<meta property=\"og:site_name\" content=\"District Productif Agrumes de Sicile\" \/>\n<meta property=\"article:publisher\" content=\"https:\/\/www.facebook.com\/DistrettoAgrumidiSicilia\" \/>\n<meta property=\"article:modified_time\" content=\"2016-12-22T10:52:37+00:00\" \/>\n<meta property=\"og:image\" content=\"https:\/\/www.distrettoagrumidisicilia.it\/wp-content\/uploads\/distretto-agrumi-sicilia60121640.jpg\" \/>\n<meta name=\"twitter:card\" content=\"summary\" \/>\n<meta name=\"twitter:label1\" content=\"Dur\u00e9e de lecture estim\u00e9e\" \/>\n\t<meta name=\"twitter:data1\" content=\"2 minutes\" \/>\n<script type=\"application\/ld+json\" class=\"yoast-schema-graph\">{\"@context\":\"https:\/\/schema.org\",\"@graph\":[{\"@type\":\"WebSite\",\"@id\":\"https:\/\/www.distrettoagrumidisicilia.it\/fr\/#website\",\"url\":\"https:\/\/www.distrettoagrumidisicilia.it\/fr\/\",\"name\":\"District Productif Agrumes de Sicile\",\"description\":\"a territory, a shared strategy\",\"potentialAction\":[{\"@type\":\"SearchAction\",\"target\":{\"@type\":\"EntryPoint\",\"urlTemplate\":\"https:\/\/www.distrettoagrumidisicilia.it\/fr\/?s={search_term_string}\"},\"query-input\":\"required name=search_term_string\"}],\"inLanguage\":\"fr-FR\"},{\"@type\":\"ImageObject\",\"@id\":\"https:\/\/www.distrettoagrumidisicilia.it\/fr\/district\/historie\/#primaryimage\",\"inLanguage\":\"fr-FR\",\"url\":\"https:\/\/www.distrettoagrumidisicilia.it\/wp-content\/uploads\/distretto-agrumi-sicilia60121640.jpg\",\"contentUrl\":\"https:\/\/www.distrettoagrumidisicilia.it\/wp-content\/uploads\/distretto-agrumi-sicilia60121640.jpg\",\"width\":600,\"height\":400},{\"@type\":\"WebPage\",\"@id\":\"https:\/\/www.distrettoagrumidisicilia.it\/fr\/district\/historie\/#webpage\",\"url\":\"https:\/\/www.distrettoagrumidisicilia.it\/fr\/district\/historie\/\",\"name\":\"Historie - District Productif Agrumes de Sicile\",\"isPartOf\":{\"@id\":\"https:\/\/www.distrettoagrumidisicilia.it\/fr\/#website\"},\"primaryImageOfPage\":{\"@id\":\"https:\/\/www.distrettoagrumidisicilia.it\/fr\/district\/historie\/#primaryimage\"},\"datePublished\":\"2016-01-01T11:44:24+00:00\",\"dateModified\":\"2016-12-22T10:52:37+00:00\",\"breadcrumb\":{\"@id\":\"https:\/\/www.distrettoagrumidisicilia.it\/fr\/district\/historie\/#breadcrumb\"},\"inLanguage\":\"fr-FR\",\"potentialAction\":[{\"@type\":\"ReadAction\",\"target\":[\"https:\/\/www.distrettoagrumidisicilia.it\/fr\/district\/historie\/\"]}]},{\"@type\":\"BreadcrumbList\",\"@id\":\"https:\/\/www.distrettoagrumidisicilia.it\/fr\/district\/historie\/#breadcrumb\",\"itemListElement\":[{\"@type\":\"ListItem\",\"position\":1,\"name\":\"Home\",\"item\":\"https:\/\/www.distrettoagrumidisicilia.it\/fr\/\"},{\"@type\":\"ListItem\",\"position\":2,\"name\":\"Le District\",\"item\":\"https:\/\/www.distrettoagrumidisicilia.it\/fr\/district\/\"},{\"@type\":\"ListItem\",\"position\":3,\"name\":\"Historie\"}]}]}<\/script>\n<!-- \/ Yoast SEO plugin. -->","yoast_head_json":{"title":"Historie - District Productif Agrumes de Sicile","robots":{"index":"index","follow":"follow","max-snippet":"max-snippet:-1","max-image-preview":"max-image-preview:large","max-video-preview":"max-video-preview:-1"},"canonical":"https:\/\/www.distrettoagrumidisicilia.it\/fr\/district\/historie\/","og_locale":"fr_FR","og_type":"article","og_title":"Historie - District Productif Agrumes de Sicile","og_description":"Les districts siciliens ont et\u00e9 institu\u00e9s \u00e0 la suite du D\u00e9cret R\u00e9gional n.152 de 01-12-2005 \u2013 Crit\u00e8res et procedures pour l\u2019identification et la reconnaissance des districts productifs \u2013 Assessorat R\u00e9gional pour la Coop\u00e9ration, le Commerce, l\u2019Artisanat et la p\u00eache (d\u00e9sormais Assessorat des activit\u00e9s productives) de la R\u00e9gion Sicilienne. Le D\u00e9cret R\u00e9gional n.152 de 2005 d\u00e9finit [&hellip;]","og_url":"https:\/\/www.distrettoagrumidisicilia.it\/fr\/district\/historie\/","og_site_name":"District Productif Agrumes de Sicile","article_publisher":"https:\/\/www.facebook.com\/DistrettoAgrumidiSicilia","article_modified_time":"2016-12-22T10:52:37+00:00","og_image":[{"url":"https:\/\/www.distrettoagrumidisicilia.it\/wp-content\/uploads\/distretto-agrumi-sicilia60121640.jpg"}],"twitter_card":"summary","twitter_misc":{"Dur\u00e9e de lecture estim\u00e9e":"2 minutes"},"schema":{"@context":"https:\/\/schema.org","@graph":[{"@type":"WebSite","@id":"https:\/\/www.distrettoagrumidisicilia.it\/fr\/#website","url":"https:\/\/www.distrettoagrumidisicilia.it\/fr\/","name":"District Productif Agrumes de Sicile","description":"a territory, a shared strategy","potentialAction":[{"@type":"SearchAction","target":{"@type":"EntryPoint","urlTemplate":"https:\/\/www.distrettoagrumidisicilia.it\/fr\/?s={search_term_string}"},"query-input":"required name=search_term_string"}],"inLanguage":"fr-FR"},{"@type":"ImageObject","@id":"https:\/\/www.distrettoagrumidisicilia.it\/fr\/district\/historie\/#primaryimage","inLanguage":"fr-FR","url":"https:\/\/www.distrettoagrumidisicilia.it\/wp-content\/uploads\/distretto-agrumi-sicilia60121640.jpg","contentUrl":"https:\/\/www.distrettoagrumidisicilia.it\/wp-content\/uploads\/distretto-agrumi-sicilia60121640.jpg","width":600,"height":400},{"@type":"WebPage","@id":"https:\/\/www.distrettoagrumidisicilia.it\/fr\/district\/historie\/#webpage","url":"https:\/\/www.distrettoagrumidisicilia.it\/fr\/district\/historie\/","name":"Historie - District Productif Agrumes de Sicile","isPartOf":{"@id":"https:\/\/www.distrettoagrumidisicilia.it\/fr\/#website"},"primaryImageOfPage":{"@id":"https:\/\/www.distrettoagrumidisicilia.it\/fr\/district\/historie\/#primaryimage"},"datePublished":"2016-01-01T11:44:24+00:00","dateModified":"2016-12-22T10:52:37+00:00","breadcrumb":{"@id":"https:\/\/www.distrettoagrumidisicilia.it\/fr\/district\/historie\/#breadcrumb"},"inLanguage":"fr-FR","potentialAction":[{"@type":"ReadAction","target":["https:\/\/www.distrettoagrumidisicilia.it\/fr\/district\/historie\/"]}]},{"@type":"BreadcrumbList","@id":"https:\/\/www.distrettoagrumidisicilia.it\/fr\/district\/historie\/#breadcrumb","itemListElement":[{"@type":"ListItem","position":1,"name":"Home","item":"https:\/\/www.distrettoagrumidisicilia.it\/fr\/"},{"@type":"ListItem","position":2,"name":"Le District","item":"https:\/\/www.distrettoagrumidisicilia.it\/fr\/district\/"},{"@type":"ListItem","position":3,"name":"Historie"}]}]}},"_links":{"self":[{"href":"https:\/\/www.distrettoagrumidisicilia.it\/fr\/wp-json\/wp\/v2\/pages\/2627"}],"collection":[{"href":"https:\/\/www.distrettoagrumidisicilia.it\/fr\/wp-json\/wp\/v2\/pages"}],"about":[{"href":"https:\/\/www.distrettoagrumidisicilia.it\/fr\/wp-json\/wp\/v2\/types\/page"}],"author":[{"embeddable":true,"href":"https:\/\/www.distrettoagrumidisicilia.it\/fr\/wp-json\/wp\/v2\/users\/1"}],"replies":[{"embeddable":true,"href":"https:\/\/www.distrettoagrumidisicilia.it\/fr\/wp-json\/wp\/v2\/comments?post=2627"}],"version-history":[{"count":1,"href":"https:\/\/www.distrettoagrumidisicilia.it\/fr\/wp-json\/wp\/v2\/pages\/2627\/revisions"}],"predecessor-version":[{"id":2632,"href":"https:\/\/www.distrettoagrumidisicilia.it\/fr\/wp-json\/wp\/v2\/pages\/2627\/revisions\/2632"}],"up":[{"embeddable":true,"href":"https:\/\/www.distrettoagrumidisicilia.it\/fr\/wp-json\/wp\/v2\/pages\/2606"}],"wp:attachment":[{"href":"https:\/\/www.distrettoagrumidisicilia.it\/fr\/wp-json\/wp\/v2\/media?parent=2627"}],"curies":[{"name":"wp","href":"https:\/\/api.w.org\/{rel}","templated":true}]}}