{"id":2615,"date":"2016-01-01T00:00:00","date_gmt":"2016-01-01T00:00:00","guid":{"rendered":"http:\/\/www.distrettoagrumidisicilia.it\/credits\/?lang=fr"},"modified":"2016-11-21T12:13:33","modified_gmt":"2016-11-21T12:13:33","slug":"credits","status":"publish","type":"page","link":"https:\/\/www.distrettoagrumidisicilia.it\/fr\/credits\/","title":{"rendered":"Cr\u00e9dits"},"content":{"rendered":"<p>Le site web du District Productif Agrumes de Sicile a et\u00e9 con\u00e7u par les soins de <strong>Web Agency de Sicile<\/strong>.<\/p>\n<div class=\"boxCrediti\"><a title=\"\" href=\"http:\/\/www.clicsnc.it\/\" target=\"_blank\"><img loading=\"lazy\" class=\"aligncenter wp-image-216 size-full\" style=\"border: none !important; box-shadow: none;\" title=\"CLIC, Web Agency de Sicile\" src=\"https:\/\/www.distrettoagrumidisicilia.it\/wp-content\/uploads\/realizzazione-siti-web.gif\" alt=\"CLIC, Web Agency de Sicile\" width=\"191\" height=\"108\" \/><\/a><strong><a title=\"\" href=\"http:\/\/www.clicsnc.it\/\" target=\"_blank\">R\u00e9alisation de sites web<\/a><\/strong><br \/>\nCLIC &#8211; Web marketing<\/div>\n<div class=\"boxCrediti\"><a title=\"\" href=\"http:\/\/www.argentati.eu\" target=\"_blank\"><br \/>\n<img loading=\"lazy\" class=\"aligncenter wp-image-215 size-full\" style=\"border: none !important; box-shadow: none;\" title=\"\" src=\"https:\/\/www.distrettoagrumidisicilia.it\/wp-content\/uploads\/consulenza-web-sicilia.png\" alt=\"CLIC, Web Agency de Sicile\" width=\"400\" height=\"57\" \/><\/a><strong><a title=\"\" href=\"http:\/\/www.argentati.eu\/webmarketing-Come+spingere+il+sito+web+ai+primi+posti+nei+motori+di+ricerca-132.asp\" target=\"_blank\" class=\"broken_link\">Optimisation des sites Web<\/a><\/strong><br \/>\n\u00c9dit\u00e9 par A. Argentati &#8211; Consulting for Internet<\/div>\n","protected":false},"excerpt":{"rendered":"<p>Le site web du District Productif Agrumes de Sicile a et\u00e9 con\u00e7u par les soins de Web Agency de Sicile. R\u00e9alisation de sites web CLIC &#8211; Web marketing Optimisation des sites Web \u00c9dit\u00e9 par A. Argentati &#8211; Consulting for Internet<\/p>\n","protected":false},"author":1,"featured_media":0,"parent":0,"menu_order":13,"comment_status":"open","ping_status":"open","template":"","meta":{"_et_pb_use_builder":"","_et_pb_old_content":"","_et_gb_content_width":"","_monsterinsights_skip_tracking":false,"_monsterinsights_sitenote_active":false,"_monsterinsights_sitenote_note":"","_monsterinsights_sitenote_category":0},"yoast_head":"<!-- This site is optimized with the Yoast SEO plugin v18.2 - https:\/\/yoast.com\/wordpress\/plugins\/seo\/ -->\n<title>Cr\u00e9dits - District Productif Agrumes de Sicile<\/title>\n<meta name=\"robots\" content=\"index, follow, max-snippet:-1, max-image-preview:large, max-video-preview:-1\" \/>\n<link rel=\"canonical\" href=\"https:\/\/www.distrettoagrumidisicilia.it\/fr\/credits\/\" \/>\n<meta property=\"og:locale\" content=\"fr_FR\" \/>\n<meta property=\"og:type\" content=\"article\" \/>\n<meta property=\"og:title\" content=\"Cr\u00e9dits - District Productif Agrumes de Sicile\" \/>\n<meta property=\"og:description\" content=\"Le site web du District Productif Agrumes de Sicile a et\u00e9 con\u00e7u par les soins de Web Agency de Sicile. R\u00e9alisation de sites web CLIC &#8211; Web marketing Optimisation des sites Web \u00c9dit\u00e9 par A. Argentati &#8211; Consulting for Internet\" \/>\n<meta property=\"og:url\" content=\"https:\/\/www.distrettoagrumidisicilia.it\/fr\/credits\/\" \/>\n<meta property=\"og:site_name\" content=\"District Productif Agrumes de Sicile\" \/>\n<meta property=\"article:publisher\" content=\"https:\/\/www.facebook.com\/DistrettoAgrumidiSicilia\" \/>\n<meta property=\"article:modified_time\" content=\"2016-11-21T12:13:33+00:00\" \/>\n<meta property=\"og:image\" content=\"https:\/\/www.distrettoagrumidisicilia.it\/wp-content\/uploads\/realizzazione-siti-web.gif\" \/>\n<meta name=\"twitter:card\" content=\"summary\" \/>\n<script type=\"application\/ld+json\" class=\"yoast-schema-graph\">{\"@context\":\"https:\/\/schema.org\",\"@graph\":[{\"@type\":\"WebSite\",\"@id\":\"https:\/\/www.distrettoagrumidisicilia.it\/fr\/#website\",\"url\":\"https:\/\/www.distrettoagrumidisicilia.it\/fr\/\",\"name\":\"District Productif Agrumes de Sicile\",\"description\":\"a territory, a shared strategy\",\"potentialAction\":[{\"@type\":\"SearchAction\",\"target\":{\"@type\":\"EntryPoint\",\"urlTemplate\":\"https:\/\/www.distrettoagrumidisicilia.it\/fr\/?s={search_term_string}\"},\"query-input\":\"required name=search_term_string\"}],\"inLanguage\":\"fr-FR\"},{\"@type\":\"ImageObject\",\"@id\":\"https:\/\/www.distrettoagrumidisicilia.it\/fr\/credits\/#primaryimage\",\"inLanguage\":\"fr-FR\",\"url\":\"https:\/\/www.distrettoagrumidisicilia.it\/wp-content\/uploads\/realizzazione-siti-web.gif\",\"contentUrl\":\"https:\/\/www.distrettoagrumidisicilia.it\/wp-content\/uploads\/realizzazione-siti-web.gif\",\"width\":191,\"height\":108},{\"@type\":\"WebPage\",\"@id\":\"https:\/\/www.distrettoagrumidisicilia.it\/fr\/credits\/#webpage\",\"url\":\"https:\/\/www.distrettoagrumidisicilia.it\/fr\/credits\/\",\"name\":\"Cr\u00e9dits - District Productif Agrumes de Sicile\",\"isPartOf\":{\"@id\":\"https:\/\/www.distrettoagrumidisicilia.it\/fr\/#website\"},\"primaryImageOfPage\":{\"@id\":\"https:\/\/www.distrettoagrumidisicilia.it\/fr\/credits\/#primaryimage\"},\"datePublished\":\"2016-01-01T00:00:00+00:00\",\"dateModified\":\"2016-11-21T12:13:33+00:00\",\"breadcrumb\":{\"@id\":\"https:\/\/www.distrettoagrumidisicilia.it\/fr\/credits\/#breadcrumb\"},\"inLanguage\":\"fr-FR\",\"potentialAction\":[{\"@type\":\"ReadAction\",\"target\":[\"https:\/\/www.distrettoagrumidisicilia.it\/fr\/credits\/\"]}]},{\"@type\":\"BreadcrumbList\",\"@id\":\"https:\/\/www.distrettoagrumidisicilia.it\/fr\/credits\/#breadcrumb\",\"itemListElement\":[{\"@type\":\"ListItem\",\"position\":1,\"name\":\"Home\",\"item\":\"https:\/\/www.distrettoagrumidisicilia.it\/fr\/\"},{\"@type\":\"ListItem\",\"position\":2,\"name\":\"Cr\u00e9dits\"}]}]}<\/script>\n<!-- \/ Yoast SEO plugin. -->","yoast_head_json":{"title":"Cr\u00e9dits - District Productif Agrumes de Sicile","robots":{"index":"index","follow":"follow","max-snippet":"max-snippet:-1","max-image-preview":"max-image-preview:large","max-video-preview":"max-video-preview:-1"},"canonical":"https:\/\/www.distrettoagrumidisicilia.it\/fr\/credits\/","og_locale":"fr_FR","og_type":"article","og_title":"Cr\u00e9dits - District Productif Agrumes de Sicile","og_description":"Le site web du District Productif Agrumes de Sicile a et\u00e9 con\u00e7u par les soins de Web Agency de Sicile. R\u00e9alisation de sites web CLIC &#8211; Web marketing Optimisation des sites Web \u00c9dit\u00e9 par A. Argentati &#8211; Consulting for Internet","og_url":"https:\/\/www.distrettoagrumidisicilia.it\/fr\/credits\/","og_site_name":"District Productif Agrumes de Sicile","article_publisher":"https:\/\/www.facebook.com\/DistrettoAgrumidiSicilia","article_modified_time":"2016-11-21T12:13:33+00:00","og_image":[{"url":"https:\/\/www.distrettoagrumidisicilia.it\/wp-content\/uploads\/realizzazione-siti-web.gif"}],"twitter_card":"summary","schema":{"@context":"https:\/\/schema.org","@graph":[{"@type":"WebSite","@id":"https:\/\/www.distrettoagrumidisicilia.it\/fr\/#website","url":"https:\/\/www.distrettoagrumidisicilia.it\/fr\/","name":"District Productif Agrumes de Sicile","description":"a territory, a shared strategy","potentialAction":[{"@type":"SearchAction","target":{"@type":"EntryPoint","urlTemplate":"https:\/\/www.distrettoagrumidisicilia.it\/fr\/?s={search_term_string}"},"query-input":"required name=search_term_string"}],"inLanguage":"fr-FR"},{"@type":"ImageObject","@id":"https:\/\/www.distrettoagrumidisicilia.it\/fr\/credits\/#primaryimage","inLanguage":"fr-FR","url":"https:\/\/www.distrettoagrumidisicilia.it\/wp-content\/uploads\/realizzazione-siti-web.gif","contentUrl":"https:\/\/www.distrettoagrumidisicilia.it\/wp-content\/uploads\/realizzazione-siti-web.gif","width":191,"height":108},{"@type":"WebPage","@id":"https:\/\/www.distrettoagrumidisicilia.it\/fr\/credits\/#webpage","url":"https:\/\/www.distrettoagrumidisicilia.it\/fr\/credits\/","name":"Cr\u00e9dits - District Productif Agrumes de Sicile","isPartOf":{"@id":"https:\/\/www.distrettoagrumidisicilia.it\/fr\/#website"},"primaryImageOfPage":{"@id":"https:\/\/www.distrettoagrumidisicilia.it\/fr\/credits\/#primaryimage"},"datePublished":"2016-01-01T00:00:00+00:00","dateModified":"2016-11-21T12:13:33+00:00","breadcrumb":{"@id":"https:\/\/www.distrettoagrumidisicilia.it\/fr\/credits\/#breadcrumb"},"inLanguage":"fr-FR","potentialAction":[{"@type":"ReadAction","target":["https:\/\/www.distrettoagrumidisicilia.it\/fr\/credits\/"]}]},{"@type":"BreadcrumbList","@id":"https:\/\/www.distrettoagrumidisicilia.it\/fr\/credits\/#breadcrumb","itemListElement":[{"@type":"ListItem","position":1,"name":"Home","item":"https:\/\/www.distrettoagrumidisicilia.it\/fr\/"},{"@type":"ListItem","position":2,"name":"Cr\u00e9dits"}]}]}},"_links":{"self":[{"href":"https:\/\/www.distrettoagrumidisicilia.it\/fr\/wp-json\/wp\/v2\/pages\/2615"}],"collection":[{"href":"https:\/\/www.distrettoagrumidisicilia.it\/fr\/wp-json\/wp\/v2\/pages"}],"about":[{"href":"https:\/\/www.distrettoagrumidisicilia.it\/fr\/wp-json\/wp\/v2\/types\/page"}],"author":[{"embeddable":true,"href":"https:\/\/www.distrettoagrumidisicilia.it\/fr\/wp-json\/wp\/v2\/users\/1"}],"replies":[{"embeddable":true,"href":"https:\/\/www.distrettoagrumidisicilia.it\/fr\/wp-json\/wp\/v2\/comments?post=2615"}],"version-history":[{"count":4,"href":"https:\/\/www.distrettoagrumidisicilia.it\/fr\/wp-json\/wp\/v2\/pages\/2615\/revisions"}],"predecessor-version":[{"id":2964,"href":"https:\/\/www.distrettoagrumidisicilia.it\/fr\/wp-json\/wp\/v2\/pages\/2615\/revisions\/2964"}],"wp:attachment":[{"href":"https:\/\/www.distrettoagrumidisicilia.it\/fr\/wp-json\/wp\/v2\/media?parent=2615"}],"curies":[{"name":"wp","href":"https:\/\/api.w.org\/{rel}","templated":true}]}}