{"id":2613,"date":"2016-01-01T11:00:00","date_gmt":"2016-01-01T11:00:00","guid":{"rendered":"http:\/\/www.distrettoagrumidisicilia.it\/politique-confidentialite\/?lang=fr"},"modified":"2022-03-31T14:22:07","modified_gmt":"2022-03-31T14:22:07","slug":"politique-confidentialite","status":"publish","type":"page","link":"https:\/\/www.distrettoagrumidisicilia.it\/fr\/politique-confidentialite\/","title":{"rendered":"Politique de Confidentialit\u00e9"},"content":{"rendered":"<p class = \"abstract\"> Cette page d\u00e9crit comment g\u00e9rer le site en r\u00e9f\u00e9rence au traitement des donn\u00e9es personnelles (politique de confidentialit\u00e9) des utilisateurs qui le consultent. <\/p>\n<h2> <strong> Informations sur le traitement des donn\u00e9es personnelles <\/strong> <\/h2>\n<p>Dans cette d\u00e9claration, nous vous fournissons toutes les informations concernant la mani\u00e8re dont nous acqu\u00e9rons et traitons vos donn\u00e9es personnelles lorsque vous naviguez ou utilisez les services de notre site. Les donn\u00e9es fournies \u00e0 <strong>Federica Argentati<\/strong> seront trait\u00e9es conform\u00e9ment aux dispositions de la <strong> l\u00e9gislation sur la confidentialit\u00e9 <\/strong> en vigueur, bas\u00e9e sur le <strong> R\u00e8glement UE 2016\/679 <\/strong> (<em> GDPR <\/em>) et dans le code de protection des donn\u00e9es personnelles du d\u00e9cret l\u00e9gislatif 196\/03 tel que modifi\u00e9 par le d\u00e9cret l\u00e9gislatif 101\/2018. Ces informations visent \u00e0 informer l&rsquo;utilisateur sur les modalit\u00e9s de traitement des donn\u00e9es personnelles le concernant de la mani\u00e8re la plus simple et la plus d\u00e9taill\u00e9e possible. Cette politique de confidentialit\u00e9, bien s\u00fbr, est fournie uniquement pour <strong>Federica Argentati<\/strong> et non pour les sites Web tiers qui peuvent \u00eatre consult\u00e9s par l&rsquo;utilisateur via des liens.<\/p>\n<h2> <strong> Donn\u00e9es faisant l&rsquo;objet d&rsquo;un traitement <\/strong> <\/h2>\n<p>Nous expliquons quelles donn\u00e9es peuvent \u00eatre trait\u00e9es en naviguant sur les pages de ce site Web.<\/p>\n<h3> <strong> Donn\u00e9es de navigation <\/strong> <\/h3>\n<p>Nos syst\u00e8mes et\/ou ceux de soci\u00e9t\u00e9s tierces, avec lesquelles nous avons conclu des accords de collaboration directs ou indirects, sont susceptibles d&rsquo;enregistrer diverses donn\u00e9es de connexion relatives \u00e0 votre session de navigation : adresse IP, date et heure d&rsquo;acc\u00e8s, adresse de la ressource affich\u00e9e ( URL), toute page Web d&rsquo;origine (r\u00e9f\u00e9rent), navigateur et syst\u00e8me d&rsquo;exploitation utilis\u00e9. Ces donn\u00e9es peuvent permettre, uniquement apr\u00e8s d&rsquo;\u00e9ventuelles investigations men\u00e9es par les autorit\u00e9s judiciaires, de retrouver l&rsquo;identit\u00e9 du propri\u00e9taire de la connexion Internet. En aucun cas nos collaborateurs ne pourront tracer de mani\u00e8re ind\u00e9pendante l&rsquo;identit\u00e9 des visiteurs \u00e0 travers ces donn\u00e9es de navigation et en aucun cas la r\u00e9unification avec d&rsquo;autres donn\u00e9es dans nos donn\u00e9es ne sera effectu\u00e9e. possession ou possession de tiers.<\/p>\n<h4> <strong> Cookie <\/strong> <\/h4>\n<p>Nos syst\u00e8mes et\/ou ceux de soci\u00e9t\u00e9s tierces, avec lesquelles nous avons conclu des accords de collaboration directs ou indirects, pourraient transmettre des cookies de diff\u00e9rents types et \u00e0 des fins diff\u00e9rentes \u00e0 l&rsquo;appareil de l&rsquo;utilisateur. Pour plus d&rsquo;informations sur les cookies et leur utilisation par <strong>Federica Argentati<\/strong> et des soci\u00e9t\u00e9s tierces, veuillez consulter les informations d\u00e9taill\u00e9es.<\/p>\n<h4> <strong> Donn\u00e9es fournies volontairement <\/strong> <\/h4>\n<p>Afin d&rsquo;acc\u00e9der \u00e0 certains services ou prestations, l&rsquo;utilisateur peut \u00eatre amen\u00e9 \u00e0 remplir des formulaires (tels que par exemple des formulaires de contact ou des formulaires d&rsquo;inscription) pr\u00e9voyant la communication de donn\u00e9es personnelles (par exemple l&rsquo;adresse e-mail). Cette fourniture de donn\u00e9es, parfois, peut \u00eatre effectu\u00e9e par l&rsquo;utilisateur de mani\u00e8re simplifi\u00e9e par le biais de proc\u00e9dures de \u00ab\u00a0connexion\u00a0\u00bb avec des services externes (tels que Facebook Connect) qui, apr\u00e8s le consentement explicite de l&rsquo;int\u00e9ress\u00e9, transmettront automatiquement et par voie \u00e9lectronique uniquement et exclusivement les donn\u00e9es demand\u00e9es aux fins de l&rsquo;inscription au service demand\u00e9. L&rsquo;acquisition de donn\u00e9es, le cas \u00e9ch\u00e9ant, est la condition pr\u00e9alable pour acc\u00e9der aux services propos\u00e9s par notre site. De m\u00eame, celles qui sont envoy\u00e9es par courrier \u00e9lectronique (e-mail) pour contacter tout employ\u00e9 de notre structure sont comprises comme \u00ab\u00a0donn\u00e9es fournies volontairement\u00a0\u00bb.<\/p>\n<h3> <strong> Finalit\u00e9 du traitement <\/strong> <\/h3>\n<p>Nous vous expliquons pourquoi nous acqu\u00e9rons et traitons vos donn\u00e9es par rapport \u00e0 des finalit\u00e9s sp\u00e9cifiques. Nous utilisons les donn\u00e9es de navigation, les cookies et les donn\u00e9es qui nous sont volontairement fournies par les utilisateurs uniquement aux fins pour lesquelles ils ont \u00e9t\u00e9 collect\u00e9s.<\/p>\n<h4> <strong> Fichiers journaux et similaires <\/strong> <\/h4>\n<p>Pour des raisons de s\u00e9curit\u00e9, et afin de r\u00e9pondre \u00e0 certaines obligations l\u00e9gales, les donn\u00e9es techniques de connexion des utilisateurs sont enregistr\u00e9es dans des fichiers texte qui sont stock\u00e9s sur notre serveur afin de contr\u00f4ler le bon fonctionnement du site et de prot\u00e9ger nos syst\u00e8mes d&rsquo;\u00e9ventuelles cyberattaques. D&rsquo;autres logiciels sur nos syst\u00e8mes pourraient effectuer des op\u00e9rations similaires \u00e0 des fins li\u00e9es \u00e0 la s\u00e9curit\u00e9 informatique.<\/p>\n<h4> <strong> Widgets tiers <\/strong> <\/h4>\n<p>Il peut y avoir, sur certaines pages du site, des outils fournis par des tiers tels que des vid\u00e9os, des \u00e9l\u00e9ments tir\u00e9s des r\u00e9seaux sociaux et autres fonctions \u00e0 distance. Ces outils peuvent interagir avec le syst\u00e8me de l&rsquo;utilisateur en envoyant des cookies.<\/p>\n<h4> <strong> Contact \/ Formulaires d&rsquo;inscription <\/strong> <\/h4>\n<p>Les donn\u00e9es personnelles fournies volontairement dans les formulaires appropri\u00e9s sont trait\u00e9es\u00a0:<\/p>\n<ul type=\"disque\">\n<li> \u00eatre en mesure de fournir les services demand\u00e9s (comme, par exemple, l&rsquo;adh\u00e9sion au Forum ou d&rsquo;autres services du r\u00e9seau)\u00a0; <\/li>\n<li> pour pouvoir fournir le service de newsletter ou envoyer des informations et\/ou des communications publicitaires\u00a0; <\/li>\n<li> pour pouvoir traiter automatiquement et\/ou manuellement les demandes sp\u00e9cifiques des utilisateurs (par exemple, pour r\u00e9pondre aux demandes de contact envoy\u00e9es via les formulaires appropri\u00e9s)\u00a0; <\/li>\n<li> pour effectuer toute op\u00e9ration de facturation (dans le cas de services payants) et\/ou pour remplir des obligations l\u00e9gales sp\u00e9cifiques. <\/li>\n<\/ul>\n<h4> <strong> Newsletter \/ DEM <\/strong> <\/h4>\n<p>En s&rsquo;inscrivant via les formulaires appropri\u00e9s disponibles sur diff\u00e9rentes pages du site Web, l&rsquo;adresse e-mail de l&rsquo;utilisateur est acquise et ins\u00e9r\u00e9e dans une liste de contacts auxquels des messages e-mail peuvent \u00eatre envoy\u00e9s, avec ou sans fr\u00e9quence p\u00e9riodique, contenant des informations, notamment commerciales et promotionnelles. information. Le contenu de la communication peut \u00e9galement inclure des publicit\u00e9s de soci\u00e9t\u00e9s tierces (DEM). L&rsquo;adresse e-mail de l&rsquo;Utilisateur pourra \u00e9galement \u00eatre ajout\u00e9e \u00e0 cette liste suite \u00e0 son inscription \u00e0 certains services (comme le Forum).<\/p>\n<h3> <strong> Base juridique du traitement <\/strong> <\/h3>\n<p>Nous expliquons la base juridique sur laquelle reposent les diff\u00e9rents traitements de donn\u00e9es effectu\u00e9s par le site et nous expliquons les conditions de validit\u00e9 de votre \u00e9ventuel consentement au traitement de vos donn\u00e9es personnelles. Pour certains traitements, le consentement de l&rsquo;int\u00e9ress\u00e9 n&rsquo;est pas requis. En particulier, il n&rsquo;est pas possible de donner ou de refuser son consentement concernant l&rsquo;enregistrement de fichiers journaux, la mesure de statistiques d&rsquo;acc\u00e8s au site et l&rsquo;envoi de cookies strictement n\u00e9cessaires au fonctionnement technique et\/ou commercial du site. Dans tous ces cas, en effet, il existe un <strong> int\u00e9r\u00eat l\u00e9gitime <\/strong> de <strong>Federica Argentati<\/strong> pour le bon fonctionnement de son activit\u00e9 en ligne. Dans toutes les autres circonstances, le traitement est fond\u00e9 sur le <strong> consentement de l&rsquo;int\u00e9ress\u00e9 <\/strong> qui est libre de le donner ou non. <strong>Le consentement de l&rsquo;int\u00e9ress\u00e9 est indispensable \u00e0 des fins de marketing<\/strong> comme, par exemple, l&rsquo;envoi d&rsquo;informations commerciales par e-mail ou l&rsquo;acceptation de cookies de profilage pour l&rsquo;affichage de messages publicitaires personnalis\u00e9s.<\/p>\n<h4> <strong> Consentement de l&rsquo;int\u00e9ress\u00e9 <\/strong> <\/h4>\n<p>Dans tous les cas o\u00f9 le consentement de l&rsquo;utilisateur est requis pour le traitement, ce dernier doit \u00eatre conscient, libre et inconditionnel. Le d\u00e9faut de fournir des donn\u00e9es pourrait cependant entra\u00eener l&rsquo;impossibilit\u00e9 d&rsquo;obtenir certains services ou prestations (par exemple, vous ne pouvez pas vous abonner au service de newsletter si vous ne donnez pas votre consentement). Pour la validit\u00e9 du consentement, il est n\u00e9cessaire que l&rsquo;int\u00e9ress\u00e9 ait au moins 14 ans. <strong> L&rsquo;utilisation de tous nos services impliquant le traitement de donn\u00e9es sur une base volontaire n&rsquo;est donc pas destin\u00e9e \u00e0 toute personne n&rsquo;ayant pas atteint cette limite d&rsquo;\u00e2ge <\/strong>.<\/p>\n<h3> <strong> M\u00e9thodes de traitement <\/strong> <\/h3>\n<p>Nous vous expliquons comment vos donn\u00e9es sont trait\u00e9es. Les donn\u00e9es trait\u00e9es sont trait\u00e9es avec des outils informatiques de mani\u00e8re principalement automatis\u00e9e avec des techniques et des mesures qui r\u00e9duisent autant que possible l&rsquo;intervention humaine. L&rsquo;acc\u00e8s manuel par des op\u00e9rateurs autoris\u00e9s n&rsquo;est fourni que dans des cas particuliers et limit\u00e9s.<\/p>\n<h4> <strong> Entit\u00e9s autoris\u00e9es \u00e0 acc\u00e9der aux donn\u00e9es <\/strong> <\/h4>\n<p>Nous vous indiquons qui peut acc\u00e9der aux donn\u00e9es que nous g\u00e9rons personnellement. L&rsquo;acc\u00e8s \u00e0 nos syst\u00e8mes est autoris\u00e9, outre nos employ\u00e9s, aux employ\u00e9s d\u00e9sign\u00e9s aux fins d&rsquo;effectuer les t\u00e2ches de mise \u00e0 jour et de maintenance des syst\u00e8mes informatiques qui leur sont confi\u00e9s.<\/p>\n<h4> <strong> Mesures de s\u00e9curit\u00e9 <\/strong> <\/h4>\n<p>Nous vous expliquons comment nous prot\u00e9geons vos donn\u00e9es. Des mesures de s\u00e9curit\u00e9 appropri\u00e9es sont observ\u00e9es pour emp\u00eacher la perte de donn\u00e9es, leur falsification, leur utilisation illicite et leur acc\u00e8s non autoris\u00e9.<\/p>\n<h4> <strong> Dur\u00e9e du traitement <\/strong> <\/h4>\n<p>Nous expliquons combien de temps vos donn\u00e9es seront trait\u00e9es dans nos syst\u00e8mes. Les donn\u00e9es sont trait\u00e9es pendant le temps n\u00e9cessaire \u00e0 l&rsquo;ex\u00e9cution du service demand\u00e9 par l&rsquo;utilisateur ou requis par les finalit\u00e9s d\u00e9crites dans ce document. L&rsquo;utilisateur peut toujours demander l&rsquo;interruption de traitements sp\u00e9cifiques (par exemple l&rsquo;annulation du service de newsletter) ou l&rsquo;annulation compl\u00e8te de ses donn\u00e9es. Certaines donn\u00e9es peuvent \u00eatre conserv\u00e9es m\u00eame apr\u00e8s l&rsquo;annulation pendant la p\u00e9riode pr\u00e9vue pour l&rsquo;ex\u00e9cution des obligations l\u00e9gales, \u00e0 condition qu&rsquo;il ne soit pas n\u00e9cessaire de les conserver pour d\u00e9fendre ou faire valoir un droit ou pour remplir toute obligation l\u00e9gale suppl\u00e9mentaire ou ordonnance des autorit\u00e9s.<\/p>\n<h4> <strong> Responsable du traitement <\/strong> <\/h4>\n<p>Nous vous indiquons qui est le responsable du traitement et comment vous pouvez le contacter pour lui poser vos questions ou exercer vos droits. Responsable du traitement des donn\u00e9es personnelles <strong>Federica Argentati<\/strong>, sede legale in Via G. A. Costanzo n. 41 &#8211; Catania (CT &#8211; Sicilia) &#8211; mail: info@distrettoagrumidisicilia.it<\/p>\n<h4> <strong> Droits de l&rsquo;int\u00e9ress\u00e9 <\/strong> <\/h4>\n<p>Nous vous expliquons quels sont vos droits et comment vous pouvez les exercer. Les sujets auxquels se r\u00e9f\u00e8rent les donn\u00e9es personnelles susmentionn\u00e9es (appel\u00e9s \u00ab\u00a0parties int\u00e9ress\u00e9es\u00a0\u00bb), ont le droit d&rsquo;exercer leurs droits de la mani\u00e8re et dans les limites \u00e9tablies par la l\u00e9gislation en vigueur sur la protection de la vie priv\u00e9e. En particulier, les droits suivants sont reconnus \u00e0 l&rsquo;int\u00e9ress\u00e9 :<\/p>\n<ul type=\"disque\">\n<li> <strong> acc\u00e8s <\/strong> : l&rsquo;int\u00e9ress\u00e9 a le droit de demander si des donn\u00e9es le concernant font ou non l&rsquo;objet d&rsquo;un traitement et, le cas \u00e9ch\u00e9ant, il a le droit de conna\u00eetre ces donn\u00e9es. <\/li>\n<li> <strong> rectification <\/strong>\u00a0: l&rsquo;int\u00e9ress\u00e9 peut demander \u00e0 rectifier ou compl\u00e9ter les donn\u00e9es qu&rsquo;il a fournies ou autrement en notre possession, si elles sont inexactes. <\/li>\n<li> <strong> annulation <\/strong>\u00a0: l&rsquo;int\u00e9ress\u00e9 peut demander la suppression de ses donn\u00e9es, si elles ne sont plus n\u00e9cessaires aux fins pour lesquelles elles ont \u00e9t\u00e9 collect\u00e9es ou en cas de retrait du consentement, d&rsquo;opposition au traitement, en en cas de traitement illicite, ou s&rsquo;il existe une obligation l\u00e9gale d&rsquo;annulation\u00a0; <\/li>\n<li> <strong> limitation <\/strong>\u00a0: l&rsquo;int\u00e9ress\u00e9 peut demander la limitation du traitement de ses donn\u00e9es personnelles, lorsque l&rsquo;une des conditions vis\u00e9es \u00e0 l&rsquo;art. 18 du RGPD\u00a0; dans ce cas, vos donn\u00e9es ne seront pas trait\u00e9es, sauf pour le stockage, sans votre consentement sauf comme sp\u00e9cifi\u00e9 dans le m\u00eame article au paragraphe 2. <\/li>\n<li> <strong> opposition <\/strong>\u00a0: l&rsquo;int\u00e9ress\u00e9 peut s&rsquo;opposer \u00e0 tout moment au traitement de ses donn\u00e9es effectu\u00e9 sur la base de notre int\u00e9r\u00eat l\u00e9gitime, sauf si nos raisons l\u00e9gitimes de proc\u00e9der au traitement pr\u00e9valent sur le sien, par exemple pour l&rsquo;exercice ou notre d\u00e9fense en justice. <\/li>\n<li> <strong> portabilit\u00e9 <\/strong>\u00a0: l&rsquo;int\u00e9ress\u00e9 peut demander \u00e0 recevoir ses donn\u00e9es, ou \u00e0 les faire transmettre \u00e0 un autre propri\u00e9taire indiqu\u00e9 par lui, dans un format structur\u00e9, couramment utilis\u00e9 et lisible par un dispositif automatique. <\/ li>\n<\/ul>\n<p>En outre, conform\u00e9ment \u00e0 l&rsquo;art. 7, par. 3, GDPR, nous vous informons que vous pouvez exercer votre <strong> droit de r\u00e9voquer votre consentement <\/strong> \u00e0 tout moment, sans pr\u00e9judice de la lic\u00e9it\u00e9 du traitement bas\u00e9 sur le consentement pr\u00e9c\u00e9demment donn\u00e9.<\/p>\n","protected":false},"excerpt":{"rendered":"<p>Cette page d\u00e9crit comment g\u00e9rer le site en r\u00e9f\u00e9rence au traitement des donn\u00e9es personnelles (politique de confidentialit\u00e9) des utilisateurs qui le consultent. Informations sur le traitement des donn\u00e9es personnelles Dans cette d\u00e9claration, nous vous fournissons toutes les informations concernant la mani\u00e8re dont nous acqu\u00e9rons et traitons vos donn\u00e9es personnelles lorsque vous naviguez ou utilisez les [&hellip;]<\/p>\n","protected":false},"author":1,"featured_media":0,"parent":0,"menu_order":10,"comment_status":"open","ping_status":"open","template":"","meta":{"_et_pb_use_builder":"","_et_pb_old_content":"","_et_gb_content_width":"","_monsterinsights_skip_tracking":false,"_monsterinsights_sitenote_active":false,"_monsterinsights_sitenote_note":"","_monsterinsights_sitenote_category":0},"yoast_head":"<!-- This site is optimized with the Yoast SEO plugin v18.2 - https:\/\/yoast.com\/wordpress\/plugins\/seo\/ -->\n<title>Politique de Confidentialit\u00e9 - District Productif Agrumes de Sicile<\/title>\n<meta name=\"robots\" content=\"index, follow, max-snippet:-1, max-image-preview:large, max-video-preview:-1\" \/>\n<link rel=\"canonical\" href=\"https:\/\/www.distrettoagrumidisicilia.it\/fr\/politique-confidentialite\/\" \/>\n<meta property=\"og:locale\" content=\"fr_FR\" \/>\n<meta property=\"og:type\" content=\"article\" \/>\n<meta property=\"og:title\" content=\"Politique de Confidentialit\u00e9 - District Productif Agrumes de Sicile\" \/>\n<meta property=\"og:description\" content=\"Cette page d\u00e9crit comment g\u00e9rer le site en r\u00e9f\u00e9rence au traitement des donn\u00e9es personnelles (politique de confidentialit\u00e9) des utilisateurs qui le consultent. Informations sur le traitement des donn\u00e9es personnelles Dans cette d\u00e9claration, nous vous fournissons toutes les informations concernant la mani\u00e8re dont nous acqu\u00e9rons et traitons vos donn\u00e9es personnelles lorsque vous naviguez ou utilisez les [&hellip;]\" \/>\n<meta property=\"og:url\" content=\"https:\/\/www.distrettoagrumidisicilia.it\/fr\/politique-confidentialite\/\" \/>\n<meta property=\"og:site_name\" content=\"District Productif Agrumes de Sicile\" \/>\n<meta property=\"article:publisher\" content=\"https:\/\/www.facebook.com\/DistrettoAgrumidiSicilia\" \/>\n<meta property=\"article:modified_time\" content=\"2022-03-31T14:22:07+00:00\" \/>\n<meta name=\"twitter:card\" content=\"summary\" \/>\n<meta name=\"twitter:label1\" content=\"Dur\u00e9e de lecture estim\u00e9e\" \/>\n\t<meta name=\"twitter:data1\" content=\"10 minutes\" \/>\n<script type=\"application\/ld+json\" class=\"yoast-schema-graph\">{\"@context\":\"https:\/\/schema.org\",\"@graph\":[{\"@type\":\"WebSite\",\"@id\":\"https:\/\/www.distrettoagrumidisicilia.it\/fr\/#website\",\"url\":\"https:\/\/www.distrettoagrumidisicilia.it\/fr\/\",\"name\":\"District Productif Agrumes de Sicile\",\"description\":\"a territory, a shared strategy\",\"potentialAction\":[{\"@type\":\"SearchAction\",\"target\":{\"@type\":\"EntryPoint\",\"urlTemplate\":\"https:\/\/www.distrettoagrumidisicilia.it\/fr\/?s={search_term_string}\"},\"query-input\":\"required name=search_term_string\"}],\"inLanguage\":\"fr-FR\"},{\"@type\":\"WebPage\",\"@id\":\"https:\/\/www.distrettoagrumidisicilia.it\/fr\/politique-confidentialite\/#webpage\",\"url\":\"https:\/\/www.distrettoagrumidisicilia.it\/fr\/politique-confidentialite\/\",\"name\":\"Politique de Confidentialit\u00e9 - District Productif Agrumes de Sicile\",\"isPartOf\":{\"@id\":\"https:\/\/www.distrettoagrumidisicilia.it\/fr\/#website\"},\"datePublished\":\"2016-01-01T11:00:00+00:00\",\"dateModified\":\"2022-03-31T14:22:07+00:00\",\"breadcrumb\":{\"@id\":\"https:\/\/www.distrettoagrumidisicilia.it\/fr\/politique-confidentialite\/#breadcrumb\"},\"inLanguage\":\"fr-FR\",\"potentialAction\":[{\"@type\":\"ReadAction\",\"target\":[\"https:\/\/www.distrettoagrumidisicilia.it\/fr\/politique-confidentialite\/\"]}]},{\"@type\":\"BreadcrumbList\",\"@id\":\"https:\/\/www.distrettoagrumidisicilia.it\/fr\/politique-confidentialite\/#breadcrumb\",\"itemListElement\":[{\"@type\":\"ListItem\",\"position\":1,\"name\":\"Home\",\"item\":\"https:\/\/www.distrettoagrumidisicilia.it\/fr\/\"},{\"@type\":\"ListItem\",\"position\":2,\"name\":\"Politique de Confidentialit\u00e9\"}]}]}<\/script>\n<!-- \/ Yoast SEO plugin. -->","yoast_head_json":{"title":"Politique de Confidentialit\u00e9 - District Productif Agrumes de Sicile","robots":{"index":"index","follow":"follow","max-snippet":"max-snippet:-1","max-image-preview":"max-image-preview:large","max-video-preview":"max-video-preview:-1"},"canonical":"https:\/\/www.distrettoagrumidisicilia.it\/fr\/politique-confidentialite\/","og_locale":"fr_FR","og_type":"article","og_title":"Politique de Confidentialit\u00e9 - District Productif Agrumes de Sicile","og_description":"Cette page d\u00e9crit comment g\u00e9rer le site en r\u00e9f\u00e9rence au traitement des donn\u00e9es personnelles (politique de confidentialit\u00e9) des utilisateurs qui le consultent. Informations sur le traitement des donn\u00e9es personnelles Dans cette d\u00e9claration, nous vous fournissons toutes les informations concernant la mani\u00e8re dont nous acqu\u00e9rons et traitons vos donn\u00e9es personnelles lorsque vous naviguez ou utilisez les [&hellip;]","og_url":"https:\/\/www.distrettoagrumidisicilia.it\/fr\/politique-confidentialite\/","og_site_name":"District Productif Agrumes de Sicile","article_publisher":"https:\/\/www.facebook.com\/DistrettoAgrumidiSicilia","article_modified_time":"2022-03-31T14:22:07+00:00","twitter_card":"summary","twitter_misc":{"Dur\u00e9e de lecture estim\u00e9e":"10 minutes"},"schema":{"@context":"https:\/\/schema.org","@graph":[{"@type":"WebSite","@id":"https:\/\/www.distrettoagrumidisicilia.it\/fr\/#website","url":"https:\/\/www.distrettoagrumidisicilia.it\/fr\/","name":"District Productif Agrumes de Sicile","description":"a territory, a shared strategy","potentialAction":[{"@type":"SearchAction","target":{"@type":"EntryPoint","urlTemplate":"https:\/\/www.distrettoagrumidisicilia.it\/fr\/?s={search_term_string}"},"query-input":"required name=search_term_string"}],"inLanguage":"fr-FR"},{"@type":"WebPage","@id":"https:\/\/www.distrettoagrumidisicilia.it\/fr\/politique-confidentialite\/#webpage","url":"https:\/\/www.distrettoagrumidisicilia.it\/fr\/politique-confidentialite\/","name":"Politique de Confidentialit\u00e9 - District Productif Agrumes de Sicile","isPartOf":{"@id":"https:\/\/www.distrettoagrumidisicilia.it\/fr\/#website"},"datePublished":"2016-01-01T11:00:00+00:00","dateModified":"2022-03-31T14:22:07+00:00","breadcrumb":{"@id":"https:\/\/www.distrettoagrumidisicilia.it\/fr\/politique-confidentialite\/#breadcrumb"},"inLanguage":"fr-FR","potentialAction":[{"@type":"ReadAction","target":["https:\/\/www.distrettoagrumidisicilia.it\/fr\/politique-confidentialite\/"]}]},{"@type":"BreadcrumbList","@id":"https:\/\/www.distrettoagrumidisicilia.it\/fr\/politique-confidentialite\/#breadcrumb","itemListElement":[{"@type":"ListItem","position":1,"name":"Home","item":"https:\/\/www.distrettoagrumidisicilia.it\/fr\/"},{"@type":"ListItem","position":2,"name":"Politique de Confidentialit\u00e9"}]}]}},"_links":{"self":[{"href":"https:\/\/www.distrettoagrumidisicilia.it\/fr\/wp-json\/wp\/v2\/pages\/2613"}],"collection":[{"href":"https:\/\/www.distrettoagrumidisicilia.it\/fr\/wp-json\/wp\/v2\/pages"}],"about":[{"href":"https:\/\/www.distrettoagrumidisicilia.it\/fr\/wp-json\/wp\/v2\/types\/page"}],"author":[{"embeddable":true,"href":"https:\/\/www.distrettoagrumidisicilia.it\/fr\/wp-json\/wp\/v2\/users\/1"}],"replies":[{"embeddable":true,"href":"https:\/\/www.distrettoagrumidisicilia.it\/fr\/wp-json\/wp\/v2\/comments?post=2613"}],"version-history":[{"count":12,"href":"https:\/\/www.distrettoagrumidisicilia.it\/fr\/wp-json\/wp\/v2\/pages\/2613\/revisions"}],"predecessor-version":[{"id":9938,"href":"https:\/\/www.distrettoagrumidisicilia.it\/fr\/wp-json\/wp\/v2\/pages\/2613\/revisions\/9938"}],"wp:attachment":[{"href":"https:\/\/www.distrettoagrumidisicilia.it\/fr\/wp-json\/wp\/v2\/media?parent=2613"}],"curies":[{"name":"wp","href":"https:\/\/api.w.org\/{rel}","templated":true}]}}