{"id":2611,"date":"2016-01-01T13:00:00","date_gmt":"2016-01-01T13:00:00","guid":{"rendered":"http:\/\/www.distrettoagrumidisicilia.it\/ou-sommes-nous\/?lang=fr"},"modified":"2019-05-06T10:48:51","modified_gmt":"2019-05-06T10:48:51","slug":"ou-sommes-nous","status":"publish","type":"page","link":"https:\/\/www.distrettoagrumidisicilia.it\/fr\/ou-sommes-nous\/","title":{"rendered":"O\u00f9 sommes-nous"},"content":{"rendered":"<p class=\"abstract\"><strong>District Productif Agrumes de Sicile<\/strong><br \/>\n<strong>Si\u00e8ge social<\/strong>: Via G. A. Costanzo n. 41 (CT)<br \/>\n<strong>Si\u00e8ge de bureau<\/strong>: Rue Galileo Galilei n. 18 \u2013 95037 San Giovanni la Punta (CT)<\/p>\n<h2 class=\"didascalia\">Vous utilisez la carte Google et savoir comment arriver<\/h2>\n<p><iframe loading=\"lazy\" src=\"https:\/\/maps.google.it\/maps?f=d&amp;source=s_d&amp;saddr=Catania,+CT&amp;daddr=&amp;hl=it&amp;geocode=&amp;aq=0&amp;oq=Catania&amp;sll=37.527154,13.974609&amp;sspn=1.363551,2.992401&amp;mra=ls&amp;ie=UTF8&amp;t=m&amp;iwloc=ddw0&amp;ll=37.527154,13.974609&amp;spn=1.363551,2.992401&amp;output=embed\" width=\"800\" height=\"480\" frameborder=\"0\" marginwidth=\"0\" marginheight=\"0\" scrolling=\"no\"><\/iframe><\/p>\n","protected":false},"excerpt":{"rendered":"<p>District Productif Agrumes de Sicile Si\u00e8ge social: Via G. A. Costanzo n. 41 (CT) Si\u00e8ge de bureau: Rue Galileo Galilei n. 18 \u2013 95037 San Giovanni la Punta (CT) Vous utilisez la carte Google et savoir comment arriver<\/p>\n","protected":false},"author":1,"featured_media":0,"parent":0,"menu_order":7,"comment_status":"open","ping_status":"open","template":"","meta":{"_et_pb_use_builder":"","_et_pb_old_content":"","_et_gb_content_width":"","_monsterinsights_skip_tracking":false,"_monsterinsights_sitenote_active":false,"_monsterinsights_sitenote_note":"","_monsterinsights_sitenote_category":0},"yoast_head":"<!-- This site is optimized with the Yoast SEO plugin v18.2 - https:\/\/yoast.com\/wordpress\/plugins\/seo\/ -->\n<title>O\u00f9 sommes-nous - District Productif Agrumes de Sicile<\/title>\n<meta name=\"robots\" content=\"index, follow, max-snippet:-1, max-image-preview:large, max-video-preview:-1\" \/>\n<link rel=\"canonical\" href=\"https:\/\/www.distrettoagrumidisicilia.it\/fr\/ou-sommes-nous\/\" \/>\n<meta property=\"og:locale\" content=\"fr_FR\" \/>\n<meta property=\"og:type\" content=\"article\" \/>\n<meta property=\"og:title\" content=\"O\u00f9 sommes-nous - District Productif Agrumes de Sicile\" \/>\n<meta property=\"og:description\" content=\"District Productif Agrumes de Sicile Si\u00e8ge social: Via G. A. Costanzo n. 41 (CT) Si\u00e8ge de bureau: Rue Galileo Galilei n. 18 \u2013 95037 San Giovanni la Punta (CT) Vous utilisez la carte Google et savoir comment arriver\" \/>\n<meta property=\"og:url\" content=\"https:\/\/www.distrettoagrumidisicilia.it\/fr\/ou-sommes-nous\/\" \/>\n<meta property=\"og:site_name\" content=\"District Productif Agrumes de Sicile\" \/>\n<meta property=\"article:publisher\" content=\"https:\/\/www.facebook.com\/DistrettoAgrumidiSicilia\" \/>\n<meta property=\"article:modified_time\" content=\"2019-05-06T10:48:51+00:00\" \/>\n<meta name=\"twitter:card\" content=\"summary\" \/>\n<script type=\"application\/ld+json\" class=\"yoast-schema-graph\">{\"@context\":\"https:\/\/schema.org\",\"@graph\":[{\"@type\":\"WebSite\",\"@id\":\"https:\/\/www.distrettoagrumidisicilia.it\/fr\/#website\",\"url\":\"https:\/\/www.distrettoagrumidisicilia.it\/fr\/\",\"name\":\"District Productif Agrumes de Sicile\",\"description\":\"a territory, a shared strategy\",\"potentialAction\":[{\"@type\":\"SearchAction\",\"target\":{\"@type\":\"EntryPoint\",\"urlTemplate\":\"https:\/\/www.distrettoagrumidisicilia.it\/fr\/?s={search_term_string}\"},\"query-input\":\"required name=search_term_string\"}],\"inLanguage\":\"fr-FR\"},{\"@type\":\"WebPage\",\"@id\":\"https:\/\/www.distrettoagrumidisicilia.it\/fr\/ou-sommes-nous\/#webpage\",\"url\":\"https:\/\/www.distrettoagrumidisicilia.it\/fr\/ou-sommes-nous\/\",\"name\":\"O\u00f9 sommes-nous - District Productif Agrumes de Sicile\",\"isPartOf\":{\"@id\":\"https:\/\/www.distrettoagrumidisicilia.it\/fr\/#website\"},\"datePublished\":\"2016-01-01T13:00:00+00:00\",\"dateModified\":\"2019-05-06T10:48:51+00:00\",\"breadcrumb\":{\"@id\":\"https:\/\/www.distrettoagrumidisicilia.it\/fr\/ou-sommes-nous\/#breadcrumb\"},\"inLanguage\":\"fr-FR\",\"potentialAction\":[{\"@type\":\"ReadAction\",\"target\":[\"https:\/\/www.distrettoagrumidisicilia.it\/fr\/ou-sommes-nous\/\"]}]},{\"@type\":\"BreadcrumbList\",\"@id\":\"https:\/\/www.distrettoagrumidisicilia.it\/fr\/ou-sommes-nous\/#breadcrumb\",\"itemListElement\":[{\"@type\":\"ListItem\",\"position\":1,\"name\":\"Home\",\"item\":\"https:\/\/www.distrettoagrumidisicilia.it\/fr\/\"},{\"@type\":\"ListItem\",\"position\":2,\"name\":\"O\u00f9 sommes-nous\"}]}]}<\/script>\n<!-- \/ Yoast SEO plugin. -->","yoast_head_json":{"title":"O\u00f9 sommes-nous - District Productif Agrumes de Sicile","robots":{"index":"index","follow":"follow","max-snippet":"max-snippet:-1","max-image-preview":"max-image-preview:large","max-video-preview":"max-video-preview:-1"},"canonical":"https:\/\/www.distrettoagrumidisicilia.it\/fr\/ou-sommes-nous\/","og_locale":"fr_FR","og_type":"article","og_title":"O\u00f9 sommes-nous - District Productif Agrumes de Sicile","og_description":"District Productif Agrumes de Sicile Si\u00e8ge social: Via G. A. Costanzo n. 41 (CT) Si\u00e8ge de bureau: Rue Galileo Galilei n. 18 \u2013 95037 San Giovanni la Punta (CT) Vous utilisez la carte Google et savoir comment arriver","og_url":"https:\/\/www.distrettoagrumidisicilia.it\/fr\/ou-sommes-nous\/","og_site_name":"District Productif Agrumes de Sicile","article_publisher":"https:\/\/www.facebook.com\/DistrettoAgrumidiSicilia","article_modified_time":"2019-05-06T10:48:51+00:00","twitter_card":"summary","schema":{"@context":"https:\/\/schema.org","@graph":[{"@type":"WebSite","@id":"https:\/\/www.distrettoagrumidisicilia.it\/fr\/#website","url":"https:\/\/www.distrettoagrumidisicilia.it\/fr\/","name":"District Productif Agrumes de Sicile","description":"a territory, a shared strategy","potentialAction":[{"@type":"SearchAction","target":{"@type":"EntryPoint","urlTemplate":"https:\/\/www.distrettoagrumidisicilia.it\/fr\/?s={search_term_string}"},"query-input":"required name=search_term_string"}],"inLanguage":"fr-FR"},{"@type":"WebPage","@id":"https:\/\/www.distrettoagrumidisicilia.it\/fr\/ou-sommes-nous\/#webpage","url":"https:\/\/www.distrettoagrumidisicilia.it\/fr\/ou-sommes-nous\/","name":"O\u00f9 sommes-nous - District Productif Agrumes de Sicile","isPartOf":{"@id":"https:\/\/www.distrettoagrumidisicilia.it\/fr\/#website"},"datePublished":"2016-01-01T13:00:00+00:00","dateModified":"2019-05-06T10:48:51+00:00","breadcrumb":{"@id":"https:\/\/www.distrettoagrumidisicilia.it\/fr\/ou-sommes-nous\/#breadcrumb"},"inLanguage":"fr-FR","potentialAction":[{"@type":"ReadAction","target":["https:\/\/www.distrettoagrumidisicilia.it\/fr\/ou-sommes-nous\/"]}]},{"@type":"BreadcrumbList","@id":"https:\/\/www.distrettoagrumidisicilia.it\/fr\/ou-sommes-nous\/#breadcrumb","itemListElement":[{"@type":"ListItem","position":1,"name":"Home","item":"https:\/\/www.distrettoagrumidisicilia.it\/fr\/"},{"@type":"ListItem","position":2,"name":"O\u00f9 sommes-nous"}]}]}},"_links":{"self":[{"href":"https:\/\/www.distrettoagrumidisicilia.it\/fr\/wp-json\/wp\/v2\/pages\/2611"}],"collection":[{"href":"https:\/\/www.distrettoagrumidisicilia.it\/fr\/wp-json\/wp\/v2\/pages"}],"about":[{"href":"https:\/\/www.distrettoagrumidisicilia.it\/fr\/wp-json\/wp\/v2\/types\/page"}],"author":[{"embeddable":true,"href":"https:\/\/www.distrettoagrumidisicilia.it\/fr\/wp-json\/wp\/v2\/users\/1"}],"replies":[{"embeddable":true,"href":"https:\/\/www.distrettoagrumidisicilia.it\/fr\/wp-json\/wp\/v2\/comments?post=2611"}],"version-history":[{"count":4,"href":"https:\/\/www.distrettoagrumidisicilia.it\/fr\/wp-json\/wp\/v2\/pages\/2611\/revisions"}],"predecessor-version":[{"id":7139,"href":"https:\/\/www.distrettoagrumidisicilia.it\/fr\/wp-json\/wp\/v2\/pages\/2611\/revisions\/7139"}],"wp:attachment":[{"href":"https:\/\/www.distrettoagrumidisicilia.it\/fr\/wp-json\/wp\/v2\/media?parent=2611"}],"curies":[{"name":"wp","href":"https:\/\/api.w.org\/{rel}","templated":true}]}}