{"id":2610,"date":"2016-01-01T00:00:00","date_gmt":"2016-01-01T00:00:00","guid":{"rendered":"http:\/\/www.distrettoagrumidisicilia.it\/district-productif-agrumes-de-sicile\/?lang=fr"},"modified":"2024-12-21T11:36:23","modified_gmt":"2024-12-21T10:36:23","slug":"district-productif-agrumes-de-sicile","status":"publish","type":"page","link":"https:\/\/www.distrettoagrumidisicilia.it\/fr\/district-productif-agrumes-de-sicile\/","title":{"rendered":"Contacts"},"content":{"rendered":"<p class=\"abstract\">Pour votre requ\u00eates, doutes, curiosit\u00e9s ou informations, veuillez remplir le champs ci-dessous et nous vous r\u00e9pondrons le plus rapidement possible.<\/p>\n<p>Votre donn\u00e9es ne seront pas transmises \u00e0 des tiers ni utilis\u00e9es pour autres raisons que celles indiqu\u00e9es. Vous pouvez remplir les champs qui vous semblent les plus appropri\u00e9s mais, si vous souhaitez une r\u00e9ponse, permettez-nous de vous contacter en <strong>laissant un addresse valide<\/strong>!<\/p>\n<p>Pour <strong>toutes informations compl\u00e9mentaires<\/strong>, vous pouvez nous contacter \u00e0 l&rsquo;adresse postale suivante:<\/p>\n<address><strong>District Productif Agrumes de Sicile<\/strong><br \/>\n<strong>Pr\u00e9sidente<\/strong>: Federica\u00a0Argentati<br \/>\n<strong>Si\u00e8ge social<\/strong>: Via G. A. Costanzo n. 41\u00a0(CT &#8211; Sicile)<br \/>\n<strong>Si\u00e8ge de bureau<\/strong>: Rue Galileo Galilei n. 18 &#8211; 95037 San Giovanni la Punta (CT &#8211; Sicile)<br \/>\n<strong>Portable:<\/strong> +39 347 9221780<\/p>\n<\/address>\n<p><\/p>\n<p>ATTENTION : le formulaire de demande d&rsquo;informations est temporairement indisponible.<\/p>\n","protected":false},"excerpt":{"rendered":"<p>Pour votre requ\u00eates, doutes, curiosit\u00e9s ou informations, veuillez remplir le champs ci-dessous et nous vous r\u00e9pondrons le plus rapidement possible. Votre donn\u00e9es ne seront pas transmises \u00e0 des tiers ni utilis\u00e9es pour autres raisons que celles indiqu\u00e9es. Vous pouvez remplir les champs qui vous semblent les plus appropri\u00e9s mais, si vous souhaitez une r\u00e9ponse, permettez-nous [&hellip;]<\/p>\n","protected":false},"author":1,"featured_media":0,"parent":0,"menu_order":6,"comment_status":"open","ping_status":"open","template":"","meta":{"_et_pb_use_builder":"","_et_pb_old_content":"","_et_gb_content_width":"","_monsterinsights_skip_tracking":false,"_monsterinsights_sitenote_active":false,"_monsterinsights_sitenote_note":"","_monsterinsights_sitenote_category":0},"yoast_head":"<!-- This site is optimized with the Yoast SEO plugin v18.2 - https:\/\/yoast.com\/wordpress\/plugins\/seo\/ -->\n<title>Contacts - District Productif Agrumes de Sicile<\/title>\n<meta name=\"robots\" content=\"index, follow, max-snippet:-1, max-image-preview:large, max-video-preview:-1\" \/>\n<link rel=\"canonical\" href=\"https:\/\/www.distrettoagrumidisicilia.it\/fr\/district-productif-agrumes-de-sicile\/\" \/>\n<meta property=\"og:locale\" content=\"fr_FR\" \/>\n<meta property=\"og:type\" content=\"article\" \/>\n<meta property=\"og:title\" content=\"Contacts - District Productif Agrumes de Sicile\" \/>\n<meta property=\"og:description\" content=\"Pour votre requ\u00eates, doutes, curiosit\u00e9s ou informations, veuillez remplir le champs ci-dessous et nous vous r\u00e9pondrons le plus rapidement possible. Votre donn\u00e9es ne seront pas transmises \u00e0 des tiers ni utilis\u00e9es pour autres raisons que celles indiqu\u00e9es. Vous pouvez remplir les champs qui vous semblent les plus appropri\u00e9s mais, si vous souhaitez une r\u00e9ponse, permettez-nous [&hellip;]\" \/>\n<meta property=\"og:url\" content=\"https:\/\/www.distrettoagrumidisicilia.it\/fr\/district-productif-agrumes-de-sicile\/\" \/>\n<meta property=\"og:site_name\" content=\"District Productif Agrumes de Sicile\" \/>\n<meta property=\"article:publisher\" content=\"https:\/\/www.facebook.com\/DistrettoAgrumidiSicilia\" \/>\n<meta property=\"article:modified_time\" content=\"2024-12-21T10:36:23+00:00\" \/>\n<meta name=\"twitter:card\" content=\"summary\" \/>\n<meta name=\"twitter:label1\" content=\"Dur\u00e9e de lecture estim\u00e9e\" \/>\n\t<meta name=\"twitter:data1\" content=\"1 minute\" \/>\n<script type=\"application\/ld+json\" class=\"yoast-schema-graph\">{\"@context\":\"https:\/\/schema.org\",\"@graph\":[{\"@type\":\"WebSite\",\"@id\":\"https:\/\/www.distrettoagrumidisicilia.it\/fr\/#website\",\"url\":\"https:\/\/www.distrettoagrumidisicilia.it\/fr\/\",\"name\":\"District Productif Agrumes de Sicile\",\"description\":\"a territory, a shared strategy\",\"potentialAction\":[{\"@type\":\"SearchAction\",\"target\":{\"@type\":\"EntryPoint\",\"urlTemplate\":\"https:\/\/www.distrettoagrumidisicilia.it\/fr\/?s={search_term_string}\"},\"query-input\":\"required name=search_term_string\"}],\"inLanguage\":\"fr-FR\"},{\"@type\":\"WebPage\",\"@id\":\"https:\/\/www.distrettoagrumidisicilia.it\/fr\/district-productif-agrumes-de-sicile\/#webpage\",\"url\":\"https:\/\/www.distrettoagrumidisicilia.it\/fr\/district-productif-agrumes-de-sicile\/\",\"name\":\"Contacts - District Productif Agrumes de Sicile\",\"isPartOf\":{\"@id\":\"https:\/\/www.distrettoagrumidisicilia.it\/fr\/#website\"},\"datePublished\":\"2016-01-01T00:00:00+00:00\",\"dateModified\":\"2024-12-21T10:36:23+00:00\",\"breadcrumb\":{\"@id\":\"https:\/\/www.distrettoagrumidisicilia.it\/fr\/district-productif-agrumes-de-sicile\/#breadcrumb\"},\"inLanguage\":\"fr-FR\",\"potentialAction\":[{\"@type\":\"ReadAction\",\"target\":[\"https:\/\/www.distrettoagrumidisicilia.it\/fr\/district-productif-agrumes-de-sicile\/\"]}]},{\"@type\":\"BreadcrumbList\",\"@id\":\"https:\/\/www.distrettoagrumidisicilia.it\/fr\/district-productif-agrumes-de-sicile\/#breadcrumb\",\"itemListElement\":[{\"@type\":\"ListItem\",\"position\":1,\"name\":\"Home\",\"item\":\"https:\/\/www.distrettoagrumidisicilia.it\/fr\/\"},{\"@type\":\"ListItem\",\"position\":2,\"name\":\"Contacts\"}]}]}<\/script>\n<!-- \/ Yoast SEO plugin. -->","yoast_head_json":{"title":"Contacts - District Productif Agrumes de Sicile","robots":{"index":"index","follow":"follow","max-snippet":"max-snippet:-1","max-image-preview":"max-image-preview:large","max-video-preview":"max-video-preview:-1"},"canonical":"https:\/\/www.distrettoagrumidisicilia.it\/fr\/district-productif-agrumes-de-sicile\/","og_locale":"fr_FR","og_type":"article","og_title":"Contacts - District Productif Agrumes de Sicile","og_description":"Pour votre requ\u00eates, doutes, curiosit\u00e9s ou informations, veuillez remplir le champs ci-dessous et nous vous r\u00e9pondrons le plus rapidement possible. Votre donn\u00e9es ne seront pas transmises \u00e0 des tiers ni utilis\u00e9es pour autres raisons que celles indiqu\u00e9es. Vous pouvez remplir les champs qui vous semblent les plus appropri\u00e9s mais, si vous souhaitez une r\u00e9ponse, permettez-nous [&hellip;]","og_url":"https:\/\/www.distrettoagrumidisicilia.it\/fr\/district-productif-agrumes-de-sicile\/","og_site_name":"District Productif Agrumes de Sicile","article_publisher":"https:\/\/www.facebook.com\/DistrettoAgrumidiSicilia","article_modified_time":"2024-12-21T10:36:23+00:00","twitter_card":"summary","twitter_misc":{"Dur\u00e9e de lecture estim\u00e9e":"1 minute"},"schema":{"@context":"https:\/\/schema.org","@graph":[{"@type":"WebSite","@id":"https:\/\/www.distrettoagrumidisicilia.it\/fr\/#website","url":"https:\/\/www.distrettoagrumidisicilia.it\/fr\/","name":"District Productif Agrumes de Sicile","description":"a territory, a shared strategy","potentialAction":[{"@type":"SearchAction","target":{"@type":"EntryPoint","urlTemplate":"https:\/\/www.distrettoagrumidisicilia.it\/fr\/?s={search_term_string}"},"query-input":"required name=search_term_string"}],"inLanguage":"fr-FR"},{"@type":"WebPage","@id":"https:\/\/www.distrettoagrumidisicilia.it\/fr\/district-productif-agrumes-de-sicile\/#webpage","url":"https:\/\/www.distrettoagrumidisicilia.it\/fr\/district-productif-agrumes-de-sicile\/","name":"Contacts - District Productif Agrumes de Sicile","isPartOf":{"@id":"https:\/\/www.distrettoagrumidisicilia.it\/fr\/#website"},"datePublished":"2016-01-01T00:00:00+00:00","dateModified":"2024-12-21T10:36:23+00:00","breadcrumb":{"@id":"https:\/\/www.distrettoagrumidisicilia.it\/fr\/district-productif-agrumes-de-sicile\/#breadcrumb"},"inLanguage":"fr-FR","potentialAction":[{"@type":"ReadAction","target":["https:\/\/www.distrettoagrumidisicilia.it\/fr\/district-productif-agrumes-de-sicile\/"]}]},{"@type":"BreadcrumbList","@id":"https:\/\/www.distrettoagrumidisicilia.it\/fr\/district-productif-agrumes-de-sicile\/#breadcrumb","itemListElement":[{"@type":"ListItem","position":1,"name":"Home","item":"https:\/\/www.distrettoagrumidisicilia.it\/fr\/"},{"@type":"ListItem","position":2,"name":"Contacts"}]}]}},"_links":{"self":[{"href":"https:\/\/www.distrettoagrumidisicilia.it\/fr\/wp-json\/wp\/v2\/pages\/2610"}],"collection":[{"href":"https:\/\/www.distrettoagrumidisicilia.it\/fr\/wp-json\/wp\/v2\/pages"}],"about":[{"href":"https:\/\/www.distrettoagrumidisicilia.it\/fr\/wp-json\/wp\/v2\/types\/page"}],"author":[{"embeddable":true,"href":"https:\/\/www.distrettoagrumidisicilia.it\/fr\/wp-json\/wp\/v2\/users\/1"}],"replies":[{"embeddable":true,"href":"https:\/\/www.distrettoagrumidisicilia.it\/fr\/wp-json\/wp\/v2\/comments?post=2610"}],"version-history":[{"count":10,"href":"https:\/\/www.distrettoagrumidisicilia.it\/fr\/wp-json\/wp\/v2\/pages\/2610\/revisions"}],"predecessor-version":[{"id":12408,"href":"https:\/\/www.distrettoagrumidisicilia.it\/fr\/wp-json\/wp\/v2\/pages\/2610\/revisions\/12408"}],"wp:attachment":[{"href":"https:\/\/www.distrettoagrumidisicilia.it\/fr\/wp-json\/wp\/v2\/media?parent=2610"}],"curies":[{"name":"wp","href":"https:\/\/api.w.org\/{rel}","templated":true}]}}