{"id":2608,"date":"2016-12-04T01:00:00","date_gmt":"2016-12-04T01:00:00","guid":{"rendered":"http:\/\/www.distrettoagrumidisicilia.it\/projets\/?lang=fr"},"modified":"2016-12-07T10:07:26","modified_gmt":"2016-12-07T10:07:26","slug":"projets","status":"publish","type":"page","link":"https:\/\/www.distrettoagrumidisicilia.it\/fr\/projets\/","title":{"rendered":"Les projets"},"content":{"rendered":"<p class=\"abstract\">Voil\u00e0 la liste des principaux projets propos\u00e9s par le District ou auxquels le District participe.<\/p>\n<p><img id=\"imgpag\" class=\"imgpag1\" title=\"\" src=\"https:\/\/www.distrettoagrumidisicilia.it\/wp-content\/uploads\/progetti-distretto-sicilia9913.png\" alt=\"\" \/><\/p>\n\n<!-- Page-list plugin v.5.2 wordpress.org\/plugins\/page-list\/ -->\n<div class=\"page-list page-list-ext \">\n<div class=\"page-list-ext-item\"><div class=\"page-list-ext-image\"><a href=\"https:\/\/www.distrettoagrumidisicilia.it\/fr\/projets\/projet-acqua\/\" title=\"Projet A.C.Q.U.A.\"><img src=\"https:\/\/www.distrettoagrumidisicilia.it\/wp-content\/uploads\/progetto_Acqua.png\" width=\"150\" alt=\"Projet A.C.Q.U.A.\" \/><\/a><\/div> <h3 class=\"page-list-ext-title\"><a href=\"https:\/\/www.distrettoagrumidisicilia.it\/fr\/projets\/projet-acqua\/\" title=\"Projet A.C.Q.U.A.\">Projet A.C.Q.U.A.<\/a><\/h3><div class=\"page-list-ext-item-content\">\r\n\r\nLe projet \"A.C.Q.U.A. - Conscient de la qualit\u00e9 de l\u2019eau et de l\u2019utilisation des agrumes \" est promu par le District des Agrumes de Sicile  et le D\u00e9partement de G\u00e9nie Civil et d\u2019Architecture (Dicar) de l\u2019Universit\u00e9 de Catane , avec la contributio...<\/div><\/div>\n<div class=\"page-list-ext-item\"><div class=\"page-list-ext-image\"><a href=\"https:\/\/www.distrettoagrumidisicilia.it\/fr\/projets\/programme-ncwr-en-mediterranee\/\" title=\"Programme NCWR en M\u00e9diterran\u00e9e\"><img src=\"https:\/\/www.distrettoagrumidisicilia.it\/wp-content\/uploads\/Global_Water_Partnership.png\" width=\"150\" alt=\"Programme NCWR en M\u00e9diterran\u00e9e\" \/><\/a><\/div> <h3 class=\"page-list-ext-title\"><a href=\"https:\/\/www.distrettoagrumidisicilia.it\/fr\/projets\/programme-ncwr-en-mediterranee\/\" title=\"Programme NCWR en M\u00e9diterran\u00e9e\">Programme NCWR en M\u00e9diterran\u00e9e<\/a><\/h3><div class=\"page-list-ext-item-content\">Le programme NCWR  (Non conventional water resorces in the mediterranean ) vise \u00e0 lutter contre la p\u00e9nurie d\u2019eau en M\u00e9diterran\u00e9e. Il a \u00e9t\u00e9 lanc\u00e9 pour la premi\u00e8re fois en Gr\u00e8ce (2008) et a depuis \u00e9t\u00e9 \u00e9tendu aux \u00eeles maltaises (2011), \u00e0 Chypre (2013) e...<\/div><\/div>\n<div class=\"page-list-ext-item\"><div class=\"page-list-ext-image\"><a href=\"https:\/\/www.distrettoagrumidisicilia.it\/fr\/projets\/agrora-la-piazza-lavoratori-agricoli\/\" title=\"Agror\u00e0, la piazza per i lavoratori agricoli\"><img src=\"https:\/\/www.distrettoagrumidisicilia.it\/wp-content\/uploads\/Agrora_portale_lavoro.jpg\" width=\"150\" alt=\"Agror\u00e0, la piazza per i lavoratori agricoli\" \/><\/a><\/div> <h3 class=\"page-list-ext-title\"><a href=\"https:\/\/www.distrettoagrumidisicilia.it\/fr\/projets\/agrora-la-piazza-lavoratori-agricoli\/\" title=\"Agror\u00e0, la piazza per i lavoratori agricoli\">Agror\u00e0, la piazza per i lavoratori agricoli<\/a><\/h3><div class=\"page-list-ext-item-content\">Pour une croissance durable de la r\u00e9gion des agrumes de Sicile. Un lieu virtuel pour r\u00e9pondre \u00e0 deux besoins concrets: celui des personnes \u00e0 la recherche d'un emploi dans la cha\u00eene d'approvisionnement en agrumes et celui des entreprises \u00e0 la recherche d'un ...<\/div><\/div>\n<div class=\"page-list-ext-item\"><div class=\"page-list-ext-image\"><a href=\"https:\/\/www.distrettoagrumidisicilia.it\/fr\/projets\/social-farming\/\" title=\"Social Farming.  Agriculture sociale pour la cha\u00eene d&#039;approvisionnement sicilienne d&#039;agrumes.\"><img src=\"https:\/\/www.distrettoagrumidisicilia.it\/wp-content\/uploads\/social-farming955.png\" width=\"150\" alt=\"Social Farming.  Agriculture sociale pour la cha\u00eene d&#039;approvisionnement sicilienne d&#039;agrumes.\" \/><\/a><\/div> <h3 class=\"page-list-ext-title\"><a href=\"https:\/\/www.distrettoagrumidisicilia.it\/fr\/projets\/social-farming\/\" title=\"Social Farming.  Agriculture sociale pour la cha\u00eene d&#039;approvisionnement sicilienne d&#039;agrumes.\">Social Farming.  Agriculture sociale pour la cha\u00eene d'approvisionnement sicilienne d'agrumes.<\/a><\/h3><div class=\"page-list-ext-item-content\">Un projet promu par le district de production d'agrumes de Sicile et le lyc\u00e9e ARCES avec la contribution inconditionnelle de la Fondation Coca-Cola. \r\nSite web: socialfarming.distrettoagrumidisicilia.it  \r\n\r\n\r\n\"L'agriculture sociale. L'agriculture sociale ...<\/div><\/div>\n<div class=\"page-list-ext-item\"><div class=\"page-list-ext-image\"><a href=\"https:\/\/www.distrettoagrumidisicilia.it\/fr\/projets\/districts-cuisine\/\" title=\"Districts en cuisine\"><img src=\"https:\/\/www.distrettoagrumidisicilia.it\/wp-content\/uploads\/distretti-in-cucina6116.jpg\" width=\"150\" alt=\"Districts en cuisine\" \/><\/a><\/div> <h3 class=\"page-list-ext-title\"><a href=\"https:\/\/www.distrettoagrumidisicilia.it\/fr\/projets\/districts-cuisine\/\" title=\"Districts en cuisine\">Districts en cuisine<\/a><\/h3><div class=\"page-list-ext-item-content\">L\u2019objectif commun des actions de ce projet est de rendre visibles les Districts agroalimentaires italiens \u00e0 travers une pr\u00e9sence coordonn\u00e9e et une communication vis\u00e9e \u00e0 divulguer la qualit\u00e9 et l\u2019adaptabilit\u00e9 des tr\u00e8s nombreux produits d\u2019excellence du secteur ag...<\/div><\/div>\n<div class=\"page-list-ext-item\"><div class=\"page-list-ext-image\"><a href=\"https:\/\/www.distrettoagrumidisicilia.it\/fr\/projets\/pulpes-energie-durable\/\" title=\"\u00c0 partir de Pulpes vers l&#039;\u00e9nergie durable\"><img src=\"https:\/\/www.distrettoagrumidisicilia.it\/wp-content\/uploads\/impianto-pilota-pastazzo6054035.jpg\" width=\"150\" alt=\"\u00c0 partir de Pulpes vers l&#039;\u00e9nergie durable\" \/><\/a><\/div> <h3 class=\"page-list-ext-title\"><a href=\"https:\/\/www.distrettoagrumidisicilia.it\/fr\/projets\/pulpes-energie-durable\/\" title=\"\u00c0 partir de Pulpes vers l&#039;\u00e9nergie durable\">\u00c0 partir de Pulpes vers l'\u00e9nergie durable<\/a><\/h3><div class=\"page-list-ext-item-content\">Obj. 4 \u2013 Recherche scientifique et d\u00e9veloppement technologique \r\n\r\nUsine de transformation d'agrumes dans l'\u00e9nergie \r\n\u00a0 \u00a0\u00a0\u00a0 \u00a0\u00a0\u00a0 \u00a0 \u00a0 \r\nEngag\u00e9s dans ce projet-pilot sont aussi la Cooperativa Empedocle, une societ\u00e9 specialis\u00e9e dans la production d\u2019\u00e9nergie alter...<\/div><\/div>\n<div class=\"page-list-ext-item\"><div class=\"page-list-ext-image\"><a href=\"https:\/\/www.distrettoagrumidisicilia.it\/fr\/projets\/marche-francais\/\" title=\"Le march\u00e9 fran\u00e7ais\"><img src=\"https:\/\/www.distrettoagrumidisicilia.it\/wp-content\/uploads\/agrumi-mercato-francese7520.gif\" width=\"150\" alt=\"Le march\u00e9 fran\u00e7ais\" \/><\/a><\/div> <h3 class=\"page-list-ext-title\"><a href=\"https:\/\/www.distrettoagrumidisicilia.it\/fr\/projets\/marche-francais\/\" title=\"Le march\u00e9 fran\u00e7ais\">Le march\u00e9 fran\u00e7ais<\/a><\/h3><div class=\"page-list-ext-item-content\">Obj. 3 \u2013 Internationalisation \r\n\r\nSOPEXA - Agence International de Communication et de Marketing specialis\u00e9e dan l\u0092alimentaire, les boissons &amp; l\u0092art de vivre \r\nCe projet du District, qui vise \u00e0 valoriser les productions agrumicoles siciliennes de qu...<\/div><\/div>\n<div class=\"page-list-ext-item\"><div class=\"page-list-ext-image\"><a href=\"https:\/\/www.distrettoagrumidisicilia.it\/fr\/projets\/routes-fleurs-orangers\/\" title=\"Par &#039;Les routes des fleurs d&#039;orangers&#039;\"><img src=\"https:\/\/www.distrettoagrumidisicilia.it\/wp-content\/uploads\/mipaaf3538197.jpg\" width=\"150\" alt=\"Par &#039;Les routes des fleurs d&#039;orangers&#039;\" \/><\/a><\/div> <h3 class=\"page-list-ext-title\"><a href=\"https:\/\/www.distrettoagrumidisicilia.it\/fr\/projets\/routes-fleurs-orangers\/\" title=\"Par &#039;Les routes des fleurs d&#039;orangers&#039;\">Par 'Les routes des fleurs d'orangers'<\/a><\/h3><div class=\"page-list-ext-item-content\">Un project du District  approuv\u00e9 par le Minist\u00e8re des Politiques agricoles, alimentaires et foresti\u00e8res \u2013 MIPAAF  (d\u00e9cret n. 93824 du 30 d\u00e9cembre 2014) et vis\u00e9 \u00e0 la valorisation des agrumes et de leurs territoires d\u2019origine . \r\n\r\nMIPAAF - Minist\u00e8re de l'Agricu...<\/div><\/div>\n<div class=\"page-list-ext-item\"><div class=\"page-list-ext-image\"><a href=\"https:\/\/www.distrettoagrumidisicilia.it\/fr\/projets\/marches-nationaux-fruits-legumes\/\" title=\"Les march\u00e9s nationaux de fruits et l\u00e9gumes\"><img src=\"https:\/\/www.distrettoagrumidisicilia.it\/wp-content\/uploads\/produzioni-agrumicole-siciliane1831.jpg\" width=\"150\" alt=\"Les march\u00e9s nationaux de fruits et l\u00e9gumes\" \/><\/a><\/div> <h3 class=\"page-list-ext-title\"><a href=\"https:\/\/www.distrettoagrumidisicilia.it\/fr\/projets\/marches-nationaux-fruits-legumes\/\" title=\"Les march\u00e9s nationaux de fruits et l\u00e9gumes\">Les march\u00e9s nationaux de fruits et l\u00e9gumes<\/a><\/h3><div class=\"page-list-ext-item-content\">Obj. 5 \u2013 Valoriser les productions d\u2019agrumes de Sicile sur le territoire national \u00e0 travers une synergie avec les march\u00e9s des fruits et legumes nationaux. \r\n\r\n\r\nLe projet du District , pr\u00e9sent\u00e9 \u00e0 la foire Macfrut \u00e0 Cesena  2011, vise \u00e0 raccorder directemen...<\/div><\/div>\n<div class=\"page-list-ext-item\"><div class=\"page-list-ext-image\"><a href=\"https:\/\/www.distrettoagrumidisicilia.it\/fr\/projets\/productions-qualite\/\" title=\"Nous transformons les productions de qualit\u00e9\"><img src=\"https:\/\/www.distrettoagrumidisicilia.it\/wp-content\/uploads\/agrumi-sicilia-dopigpbiotrasformati590.jpg\" width=\"150\" alt=\"Nous transformons les productions de qualit\u00e9\" \/><\/a><\/div> <h3 class=\"page-list-ext-title\"><a href=\"https:\/\/www.distrettoagrumidisicilia.it\/fr\/projets\/productions-qualite\/\" title=\"Nous transformons les productions de qualit\u00e9\">Nous transformons les productions de qualit\u00e9<\/a><\/h3><div class=\"page-list-ext-item-content\">Le projet propos\u00e9 par le District vise \u00e0 valoriser les agrumes de qualit\u00e9 DOP, IGP et Bio \u00e0 travers la transformation industrielle. \r\n\r\n\r\nL\u2019origine de cet objectif renvoie \u00e0 notre connaissance de l\u2019importance de faire des accords avec l\u2019industrie  vis\u00e9s \u00e0 a...<\/div><\/div>\n\n<\/div>\n","protected":false},"excerpt":{"rendered":"<p>Voil\u00e0 la liste des principaux projets propos\u00e9s par le District ou auxquels le District participe.<\/p>\n","protected":false},"author":1,"featured_media":0,"parent":0,"menu_order":3,"comment_status":"open","ping_status":"open","template":"","meta":{"_et_pb_use_builder":"","_et_pb_old_content":"","_et_gb_content_width":"","_monsterinsights_skip_tracking":false,"_monsterinsights_sitenote_active":false,"_monsterinsights_sitenote_note":"","_monsterinsights_sitenote_category":0},"yoast_head":"<!-- This site is optimized with the Yoast SEO plugin v18.2 - https:\/\/yoast.com\/wordpress\/plugins\/seo\/ -->\n<title>Les projets - District Productif Agrumes de Sicile<\/title>\n<meta name=\"robots\" content=\"index, follow, max-snippet:-1, max-image-preview:large, max-video-preview:-1\" \/>\n<link rel=\"canonical\" href=\"https:\/\/www.distrettoagrumidisicilia.it\/fr\/projets\/\" \/>\n<meta property=\"og:locale\" content=\"fr_FR\" \/>\n<meta property=\"og:type\" content=\"article\" \/>\n<meta property=\"og:title\" content=\"Les projets - District Productif Agrumes de Sicile\" \/>\n<meta property=\"og:description\" content=\"Voil\u00e0 la liste des principaux projets propos\u00e9s par le District ou auxquels le District participe.\" \/>\n<meta property=\"og:url\" content=\"https:\/\/www.distrettoagrumidisicilia.it\/fr\/projets\/\" \/>\n<meta property=\"og:site_name\" content=\"District Productif Agrumes de Sicile\" \/>\n<meta property=\"article:publisher\" content=\"https:\/\/www.facebook.com\/DistrettoAgrumidiSicilia\" \/>\n<meta property=\"article:modified_time\" content=\"2016-12-07T10:07:26+00:00\" \/>\n<meta property=\"og:image\" content=\"https:\/\/www.distrettoagrumidisicilia.it\/wp-content\/uploads\/progetti-distretto-sicilia9913.png\" \/>\n<meta name=\"twitter:card\" content=\"summary\" \/>\n<script type=\"application\/ld+json\" class=\"yoast-schema-graph\">{\"@context\":\"https:\/\/schema.org\",\"@graph\":[{\"@type\":\"WebSite\",\"@id\":\"https:\/\/www.distrettoagrumidisicilia.it\/fr\/#website\",\"url\":\"https:\/\/www.distrettoagrumidisicilia.it\/fr\/\",\"name\":\"District Productif Agrumes de Sicile\",\"description\":\"a territory, a shared strategy\",\"potentialAction\":[{\"@type\":\"SearchAction\",\"target\":{\"@type\":\"EntryPoint\",\"urlTemplate\":\"https:\/\/www.distrettoagrumidisicilia.it\/fr\/?s={search_term_string}\"},\"query-input\":\"required name=search_term_string\"}],\"inLanguage\":\"fr-FR\"},{\"@type\":\"ImageObject\",\"@id\":\"https:\/\/www.distrettoagrumidisicilia.it\/fr\/projets\/#primaryimage\",\"inLanguage\":\"fr-FR\",\"url\":\"https:\/\/www.distrettoagrumidisicilia.it\/wp-content\/uploads\/progetti-distretto-sicilia9913.png\",\"contentUrl\":\"https:\/\/www.distrettoagrumidisicilia.it\/wp-content\/uploads\/progetti-distretto-sicilia9913.png\",\"width\":600,\"height\":435},{\"@type\":\"WebPage\",\"@id\":\"https:\/\/www.distrettoagrumidisicilia.it\/fr\/projets\/#webpage\",\"url\":\"https:\/\/www.distrettoagrumidisicilia.it\/fr\/projets\/\",\"name\":\"Les projets - District Productif Agrumes de Sicile\",\"isPartOf\":{\"@id\":\"https:\/\/www.distrettoagrumidisicilia.it\/fr\/#website\"},\"primaryImageOfPage\":{\"@id\":\"https:\/\/www.distrettoagrumidisicilia.it\/fr\/projets\/#primaryimage\"},\"datePublished\":\"2016-12-04T01:00:00+00:00\",\"dateModified\":\"2016-12-07T10:07:26+00:00\",\"breadcrumb\":{\"@id\":\"https:\/\/www.distrettoagrumidisicilia.it\/fr\/projets\/#breadcrumb\"},\"inLanguage\":\"fr-FR\",\"potentialAction\":[{\"@type\":\"ReadAction\",\"target\":[\"https:\/\/www.distrettoagrumidisicilia.it\/fr\/projets\/\"]}]},{\"@type\":\"BreadcrumbList\",\"@id\":\"https:\/\/www.distrettoagrumidisicilia.it\/fr\/projets\/#breadcrumb\",\"itemListElement\":[{\"@type\":\"ListItem\",\"position\":1,\"name\":\"Home\",\"item\":\"https:\/\/www.distrettoagrumidisicilia.it\/fr\/\"},{\"@type\":\"ListItem\",\"position\":2,\"name\":\"Les projets\"}]}]}<\/script>\n<!-- \/ Yoast SEO plugin. -->","yoast_head_json":{"title":"Les projets - District Productif Agrumes de Sicile","robots":{"index":"index","follow":"follow","max-snippet":"max-snippet:-1","max-image-preview":"max-image-preview:large","max-video-preview":"max-video-preview:-1"},"canonical":"https:\/\/www.distrettoagrumidisicilia.it\/fr\/projets\/","og_locale":"fr_FR","og_type":"article","og_title":"Les projets - District Productif Agrumes de Sicile","og_description":"Voil\u00e0 la liste des principaux projets propos\u00e9s par le District ou auxquels le District participe.","og_url":"https:\/\/www.distrettoagrumidisicilia.it\/fr\/projets\/","og_site_name":"District Productif Agrumes de Sicile","article_publisher":"https:\/\/www.facebook.com\/DistrettoAgrumidiSicilia","article_modified_time":"2016-12-07T10:07:26+00:00","og_image":[{"url":"https:\/\/www.distrettoagrumidisicilia.it\/wp-content\/uploads\/progetti-distretto-sicilia9913.png"}],"twitter_card":"summary","schema":{"@context":"https:\/\/schema.org","@graph":[{"@type":"WebSite","@id":"https:\/\/www.distrettoagrumidisicilia.it\/fr\/#website","url":"https:\/\/www.distrettoagrumidisicilia.it\/fr\/","name":"District Productif Agrumes de Sicile","description":"a territory, a shared strategy","potentialAction":[{"@type":"SearchAction","target":{"@type":"EntryPoint","urlTemplate":"https:\/\/www.distrettoagrumidisicilia.it\/fr\/?s={search_term_string}"},"query-input":"required name=search_term_string"}],"inLanguage":"fr-FR"},{"@type":"ImageObject","@id":"https:\/\/www.distrettoagrumidisicilia.it\/fr\/projets\/#primaryimage","inLanguage":"fr-FR","url":"https:\/\/www.distrettoagrumidisicilia.it\/wp-content\/uploads\/progetti-distretto-sicilia9913.png","contentUrl":"https:\/\/www.distrettoagrumidisicilia.it\/wp-content\/uploads\/progetti-distretto-sicilia9913.png","width":600,"height":435},{"@type":"WebPage","@id":"https:\/\/www.distrettoagrumidisicilia.it\/fr\/projets\/#webpage","url":"https:\/\/www.distrettoagrumidisicilia.it\/fr\/projets\/","name":"Les projets - District Productif Agrumes de Sicile","isPartOf":{"@id":"https:\/\/www.distrettoagrumidisicilia.it\/fr\/#website"},"primaryImageOfPage":{"@id":"https:\/\/www.distrettoagrumidisicilia.it\/fr\/projets\/#primaryimage"},"datePublished":"2016-12-04T01:00:00+00:00","dateModified":"2016-12-07T10:07:26+00:00","breadcrumb":{"@id":"https:\/\/www.distrettoagrumidisicilia.it\/fr\/projets\/#breadcrumb"},"inLanguage":"fr-FR","potentialAction":[{"@type":"ReadAction","target":["https:\/\/www.distrettoagrumidisicilia.it\/fr\/projets\/"]}]},{"@type":"BreadcrumbList","@id":"https:\/\/www.distrettoagrumidisicilia.it\/fr\/projets\/#breadcrumb","itemListElement":[{"@type":"ListItem","position":1,"name":"Home","item":"https:\/\/www.distrettoagrumidisicilia.it\/fr\/"},{"@type":"ListItem","position":2,"name":"Les projets"}]}]}},"_links":{"self":[{"href":"https:\/\/www.distrettoagrumidisicilia.it\/fr\/wp-json\/wp\/v2\/pages\/2608"}],"collection":[{"href":"https:\/\/www.distrettoagrumidisicilia.it\/fr\/wp-json\/wp\/v2\/pages"}],"about":[{"href":"https:\/\/www.distrettoagrumidisicilia.it\/fr\/wp-json\/wp\/v2\/types\/page"}],"author":[{"embeddable":true,"href":"https:\/\/www.distrettoagrumidisicilia.it\/fr\/wp-json\/wp\/v2\/users\/1"}],"replies":[{"embeddable":true,"href":"https:\/\/www.distrettoagrumidisicilia.it\/fr\/wp-json\/wp\/v2\/comments?post=2608"}],"version-history":[{"count":2,"href":"https:\/\/www.distrettoagrumidisicilia.it\/fr\/wp-json\/wp\/v2\/pages\/2608\/revisions"}],"predecessor-version":[{"id":3006,"href":"https:\/\/www.distrettoagrumidisicilia.it\/fr\/wp-json\/wp\/v2\/pages\/2608\/revisions\/3006"}],"wp:attachment":[{"href":"https:\/\/www.distrettoagrumidisicilia.it\/fr\/wp-json\/wp\/v2\/media?parent=2608"}],"curies":[{"name":"wp","href":"https:\/\/api.w.org\/{rel}","templated":true}]}}