{"id":2606,"date":"2016-12-04T03:00:00","date_gmt":"2016-12-04T03:00:00","guid":{"rendered":"http:\/\/www.distrettoagrumidisicilia.it\/district\/?lang=fr"},"modified":"2016-12-07T10:06:34","modified_gmt":"2016-12-07T10:06:34","slug":"district","status":"publish","type":"page","link":"https:\/\/www.distrettoagrumidisicilia.it\/fr\/district\/","title":{"rendered":"Le District"},"content":{"rendered":"<p class=\"abstract\">Le <strong>District Agrumes de Sicile<\/strong> est une \u00e9volution de ce qui pr\u00e9c\u00e9demment s&rsquo;appellait District Orange Rouge, au moment o\u00f9 les autres secteurs de l\u2019agrumiculture sicilienne ont senti l\u2019exigence de se regroup\u00e9es dans un district.<\/p>\n<p><img id=\"imgpag\" class=\"imgpag1\" title=\"\" src=\"https:\/\/www.distrettoagrumidisicilia.it\/wp-content\/uploads\/distretti-agrumi-sicilia607.jpg\" alt=\"\" \/><\/p>\n<p>Le District a et\u00e9 reconnu officiellement par le <strong>D\u00e9cret regional n. 614\/GAB de 27\/12\/2011<\/strong>\u00a0(prolong\u00e9 par D\u00e9cret n. 337\/GAB de 30\/12\/2013) de l&rsquo;Assessorat des Activit\u00e9s Productives de la R\u00e9gion Sicilienne, et aujourd&rsquo;hui il regroupe <strong>138 membres<\/strong>, parmi les entreprises individuelles, les associations et d\u2019autres entit\u00e9s qui op\u00e8rent dans la fili\u00e8re des agrumes de Sicile.<\/p>\n<p>\u00catre membre du District veut dire en pratique partager le projet de d\u00e9veloppement de l\u2019agrumiculture sicilienne, c\u2019est-\u00e0-dire signer le <strong>Pacte de d\u00e9veloppement du District Agrumes de Sicile<\/strong>.<\/p>\n<p>Pr\u00e9sidente et repr\u00e9sentante l\u00e9gale du District Productif Agrumes de Sicile est Mme <strong>Federica Argentati.<\/strong><\/p>\n\n<!-- Page-list plugin v.5.2 wordpress.org\/plugins\/page-list\/ -->\n<div class=\"page-list page-list-ext \">\n<div class=\"page-list-ext-item\"><div class=\"page-list-ext-image\"><a href=\"https:\/\/www.distrettoagrumidisicilia.it\/fr\/district\/documents\/\" title=\"Documents\"><img src=\"https:\/\/www.distrettoagrumidisicilia.it\/wp-content\/uploads\/documentazione_Distretto_Agrumi.jpg\" width=\"150\" alt=\"Documents\" \/><\/a><\/div> <h3 class=\"page-list-ext-title\"><a href=\"https:\/\/www.distrettoagrumidisicilia.it\/fr\/district\/documents\/\" title=\"Documents\">Documents<\/a><\/h3><div class=\"page-list-ext-item-content\">\r\n\r\n \tProtocollo d\u2019intesa sul progetto \u201cVia della Zagara\u201d  \r\n \tRegolamento per l\u2019utilizzo del marchio collettivo geografico \u201cDistretto Produttivo Agrumi di Sicilia\u201d  \r\n \tAccordo rete \u201cPeople of Sicily\u201d  \r\n \tStatuto del Distretto Agrumi di Sicilia  \r\n ...<\/div><\/div>\n<div class=\"page-list-ext-item\"><div class=\"page-list-ext-image\"><a href=\"https:\/\/www.distrettoagrumidisicilia.it\/fr\/district\/pacte-developpement\/\" title=\"Pacte de D\u00e9veloppement\"><img src=\"https:\/\/www.distrettoagrumidisicilia.it\/wp-content\/uploads\/assemblea-costituente_20116518.jpg\" width=\"150\" alt=\"Pacte de D\u00e9veloppement\" \/><\/a><\/div> <h3 class=\"page-list-ext-title\"><a href=\"https:\/\/www.distrettoagrumidisicilia.it\/fr\/district\/pacte-developpement\/\" title=\"Pacte de D\u00e9veloppement\">Pacte de D\u00e9veloppement<\/a><\/h3><div class=\"page-list-ext-item-content\">En Juin 2011, apr\u00e8s ample d\u00e9bat d\u2019assemb\u00e9e, le 144 participants ont sign\u00e9 un Pacte de D\u00e9veloppement dans le but de partager dans le District une projectualit\u00e9 conr\u00e8te pour un soutien r\u00e9el des entreprises de la fili\u00e8re. \r\n\r\nAssembl\u00e9e constituante, 2011 \r\n\r\nLe...<\/div><\/div>\n<div class=\"page-list-ext-item\"><div class=\"page-list-ext-image\"><a href=\"https:\/\/www.distrettoagrumidisicilia.it\/fr\/district\/comment-devenir-membre-district\/\" title=\"Comment devenir membre du District\"><img src=\"https:\/\/www.distrettoagrumidisicilia.it\/wp-content\/uploads\/workshop-mercati-ortofrutticoli-cesena3095.jpg\" width=\"150\" alt=\"Comment devenir membre du District\" \/><\/a><\/div> <h3 class=\"page-list-ext-title\"><a href=\"https:\/\/www.distrettoagrumidisicilia.it\/fr\/district\/comment-devenir-membre-district\/\" title=\"Comment devenir membre du District\">Comment devenir membre du District<\/a><\/h3><div class=\"page-list-ext-item-content\">Les documents essentiels pour une souscription gratuite au Pacte de D\u00e9veloppement du District Agrumes de Sicile.  \r\n\r\n\r\nPour l\u2019adh\u00e9sion au District  et donc la souscription au Pacte de D\u00e9veloppement du District Productif Agrumes de Sicile  il faut four...<\/div><\/div>\n<div class=\"page-list-ext-item\"><div class=\"page-list-ext-image\"><a href=\"https:\/\/www.distrettoagrumidisicilia.it\/fr\/district\/propos-nous\/\" title=\"\u00c0 propos de nous\"><img src=\"https:\/\/www.distrettoagrumidisicilia.it\/wp-content\/uploads\/consiglio-amministrazione-distretto1527.jpg\" width=\"150\" alt=\"\u00c0 propos de nous\" \/><\/a><\/div> <h3 class=\"page-list-ext-title\"><a href=\"https:\/\/www.distrettoagrumidisicilia.it\/fr\/district\/propos-nous\/\" title=\"\u00c0 propos de nous\">\u00c0 propos de nous<\/a><\/h3><div class=\"page-list-ext-item-content\">L\u2019assembl\u00e9e constituante du District Agrumes de Sicile a approuv\u00e9, dans le cadre du Pacte de d\u00e9veloppement, que la gouvernance du District soit confi\u00e9es \u00e0 son consortium, dont les membres sont certains inscrits qui ont d\u00e9cid\u00e9 avec d\u00e9termination et pr\u00e9voy...<\/div><\/div>\n<div class=\"page-list-ext-item\"><div class=\"page-list-ext-image\"><a href=\"https:\/\/www.distrettoagrumidisicilia.it\/fr\/district\/historie\/\" title=\"Historie\"><img src=\"https:\/\/www.distrettoagrumidisicilia.it\/wp-content\/uploads\/distretto-agrumi-sicilia60121640.jpg\" width=\"150\" alt=\"Historie\" \/><\/a><\/div> <h3 class=\"page-list-ext-title\"><a href=\"https:\/\/www.distrettoagrumidisicilia.it\/fr\/district\/historie\/\" title=\"Historie\">Historie<\/a><\/h3><div class=\"page-list-ext-item-content\">Les districts siciliens ont et\u00e9 institu\u00e9s \u00e0 la suite du D\u00e9cret R\u00e9gional n.152 de 01-12-2005 \u2013 Crit\u00e8res et procedures pour l\u2019identification et la reconnaissance des districts productifs \u2013 Assessorat R\u00e9gional pour la Coop\u00e9ration, le Commerce, l\u2019Artisanat e...<\/div><\/div>\n<div class=\"page-list-ext-item\"><div class=\"page-list-ext-image\"><a href=\"https:\/\/www.distrettoagrumidisicilia.it\/fr\/district\/territoire\/\" title=\"Territoire\"><img src=\"https:\/\/www.distrettoagrumidisicilia.it\/wp-content\/uploads\/territorie-strategie_partag\u00e9e12957.jpg\" width=\"150\" alt=\"Territoire\" \/><\/a><\/div> <h3 class=\"page-list-ext-title\"><a href=\"https:\/\/www.distrettoagrumidisicilia.it\/fr\/district\/territoire\/\" title=\"Territoire\">Territoire<\/a><\/h3><div class=\"page-list-ext-item-content\">Le District Agrumes de Sicile  comprend parmi ses associ\u00e9s les entreprises, les organisations de producteurs et les Consortiums de protection op\u00e9rant sur tout le territoire sicilien , comprenant les principaux centres de production d\u2019agrumes de qualit\u00e9 de l...<\/div><\/div>\n\n<\/div>\n","protected":false},"excerpt":{"rendered":"<p>Le District Agrumes de Sicile est une \u00e9volution de ce qui pr\u00e9c\u00e9demment s&rsquo;appellait District Orange Rouge, au moment o\u00f9 les autres secteurs de l\u2019agrumiculture sicilienne ont senti l\u2019exigence de se regroup\u00e9es dans un district. Le District a et\u00e9 reconnu officiellement par le D\u00e9cret regional n. 614\/GAB de 27\/12\/2011\u00a0(prolong\u00e9 par D\u00e9cret n. 337\/GAB de 30\/12\/2013) de [&hellip;]<\/p>\n","protected":false},"author":1,"featured_media":0,"parent":0,"menu_order":1,"comment_status":"open","ping_status":"open","template":"","meta":{"_et_pb_use_builder":"","_et_pb_old_content":"","_et_gb_content_width":"","_monsterinsights_skip_tracking":false,"_monsterinsights_sitenote_active":false,"_monsterinsights_sitenote_note":"","_monsterinsights_sitenote_category":0},"yoast_head":"<!-- This site is optimized with the Yoast SEO plugin v18.2 - https:\/\/yoast.com\/wordpress\/plugins\/seo\/ -->\n<title>Le District - District Productif Agrumes de Sicile<\/title>\n<meta name=\"robots\" content=\"index, follow, max-snippet:-1, max-image-preview:large, max-video-preview:-1\" \/>\n<link rel=\"canonical\" href=\"https:\/\/www.distrettoagrumidisicilia.it\/fr\/district\/\" \/>\n<meta property=\"og:locale\" content=\"fr_FR\" \/>\n<meta property=\"og:type\" content=\"article\" \/>\n<meta property=\"og:title\" content=\"Le District - District Productif Agrumes de Sicile\" \/>\n<meta property=\"og:description\" content=\"Le District Agrumes de Sicile est une \u00e9volution de ce qui pr\u00e9c\u00e9demment s&rsquo;appellait District Orange Rouge, au moment o\u00f9 les autres secteurs de l\u2019agrumiculture sicilienne ont senti l\u2019exigence de se regroup\u00e9es dans un district. Le District a et\u00e9 reconnu officiellement par le D\u00e9cret regional n. 614\/GAB de 27\/12\/2011\u00a0(prolong\u00e9 par D\u00e9cret n. 337\/GAB de 30\/12\/2013) de [&hellip;]\" \/>\n<meta property=\"og:url\" content=\"https:\/\/www.distrettoagrumidisicilia.it\/fr\/district\/\" \/>\n<meta property=\"og:site_name\" content=\"District Productif Agrumes de Sicile\" \/>\n<meta property=\"article:publisher\" content=\"https:\/\/www.facebook.com\/DistrettoAgrumidiSicilia\" \/>\n<meta property=\"article:modified_time\" content=\"2016-12-07T10:06:34+00:00\" \/>\n<meta property=\"og:image\" content=\"https:\/\/www.distrettoagrumidisicilia.it\/wp-content\/uploads\/distretti-agrumi-sicilia607.jpg\" \/>\n<meta name=\"twitter:card\" content=\"summary\" \/>\n<meta name=\"twitter:label1\" content=\"Dur\u00e9e de lecture estim\u00e9e\" \/>\n\t<meta name=\"twitter:data1\" content=\"1 minute\" \/>\n<script type=\"application\/ld+json\" class=\"yoast-schema-graph\">{\"@context\":\"https:\/\/schema.org\",\"@graph\":[{\"@type\":\"WebSite\",\"@id\":\"https:\/\/www.distrettoagrumidisicilia.it\/fr\/#website\",\"url\":\"https:\/\/www.distrettoagrumidisicilia.it\/fr\/\",\"name\":\"District Productif Agrumes de Sicile\",\"description\":\"a territory, a shared strategy\",\"potentialAction\":[{\"@type\":\"SearchAction\",\"target\":{\"@type\":\"EntryPoint\",\"urlTemplate\":\"https:\/\/www.distrettoagrumidisicilia.it\/fr\/?s={search_term_string}\"},\"query-input\":\"required name=search_term_string\"}],\"inLanguage\":\"fr-FR\"},{\"@type\":\"ImageObject\",\"@id\":\"https:\/\/www.distrettoagrumidisicilia.it\/fr\/district\/#primaryimage\",\"inLanguage\":\"fr-FR\",\"url\":\"https:\/\/www.distrettoagrumidisicilia.it\/wp-content\/uploads\/distretti-agrumi-sicilia607.jpg\",\"contentUrl\":\"https:\/\/www.distrettoagrumidisicilia.it\/wp-content\/uploads\/distretti-agrumi-sicilia607.jpg\",\"width\":700,\"height\":339},{\"@type\":\"WebPage\",\"@id\":\"https:\/\/www.distrettoagrumidisicilia.it\/fr\/district\/#webpage\",\"url\":\"https:\/\/www.distrettoagrumidisicilia.it\/fr\/district\/\",\"name\":\"Le District - District Productif Agrumes de Sicile\",\"isPartOf\":{\"@id\":\"https:\/\/www.distrettoagrumidisicilia.it\/fr\/#website\"},\"primaryImageOfPage\":{\"@id\":\"https:\/\/www.distrettoagrumidisicilia.it\/fr\/district\/#primaryimage\"},\"datePublished\":\"2016-12-04T03:00:00+00:00\",\"dateModified\":\"2016-12-07T10:06:34+00:00\",\"breadcrumb\":{\"@id\":\"https:\/\/www.distrettoagrumidisicilia.it\/fr\/district\/#breadcrumb\"},\"inLanguage\":\"fr-FR\",\"potentialAction\":[{\"@type\":\"ReadAction\",\"target\":[\"https:\/\/www.distrettoagrumidisicilia.it\/fr\/district\/\"]}]},{\"@type\":\"BreadcrumbList\",\"@id\":\"https:\/\/www.distrettoagrumidisicilia.it\/fr\/district\/#breadcrumb\",\"itemListElement\":[{\"@type\":\"ListItem\",\"position\":1,\"name\":\"Home\",\"item\":\"https:\/\/www.distrettoagrumidisicilia.it\/fr\/\"},{\"@type\":\"ListItem\",\"position\":2,\"name\":\"Le District\"}]}]}<\/script>\n<!-- \/ Yoast SEO plugin. -->","yoast_head_json":{"title":"Le District - District Productif Agrumes de Sicile","robots":{"index":"index","follow":"follow","max-snippet":"max-snippet:-1","max-image-preview":"max-image-preview:large","max-video-preview":"max-video-preview:-1"},"canonical":"https:\/\/www.distrettoagrumidisicilia.it\/fr\/district\/","og_locale":"fr_FR","og_type":"article","og_title":"Le District - District Productif Agrumes de Sicile","og_description":"Le District Agrumes de Sicile est une \u00e9volution de ce qui pr\u00e9c\u00e9demment s&rsquo;appellait District Orange Rouge, au moment o\u00f9 les autres secteurs de l\u2019agrumiculture sicilienne ont senti l\u2019exigence de se regroup\u00e9es dans un district. Le District a et\u00e9 reconnu officiellement par le D\u00e9cret regional n. 614\/GAB de 27\/12\/2011\u00a0(prolong\u00e9 par D\u00e9cret n. 337\/GAB de 30\/12\/2013) de [&hellip;]","og_url":"https:\/\/www.distrettoagrumidisicilia.it\/fr\/district\/","og_site_name":"District Productif Agrumes de Sicile","article_publisher":"https:\/\/www.facebook.com\/DistrettoAgrumidiSicilia","article_modified_time":"2016-12-07T10:06:34+00:00","og_image":[{"url":"https:\/\/www.distrettoagrumidisicilia.it\/wp-content\/uploads\/distretti-agrumi-sicilia607.jpg"}],"twitter_card":"summary","twitter_misc":{"Dur\u00e9e de lecture estim\u00e9e":"1 minute"},"schema":{"@context":"https:\/\/schema.org","@graph":[{"@type":"WebSite","@id":"https:\/\/www.distrettoagrumidisicilia.it\/fr\/#website","url":"https:\/\/www.distrettoagrumidisicilia.it\/fr\/","name":"District Productif Agrumes de Sicile","description":"a territory, a shared strategy","potentialAction":[{"@type":"SearchAction","target":{"@type":"EntryPoint","urlTemplate":"https:\/\/www.distrettoagrumidisicilia.it\/fr\/?s={search_term_string}"},"query-input":"required name=search_term_string"}],"inLanguage":"fr-FR"},{"@type":"ImageObject","@id":"https:\/\/www.distrettoagrumidisicilia.it\/fr\/district\/#primaryimage","inLanguage":"fr-FR","url":"https:\/\/www.distrettoagrumidisicilia.it\/wp-content\/uploads\/distretti-agrumi-sicilia607.jpg","contentUrl":"https:\/\/www.distrettoagrumidisicilia.it\/wp-content\/uploads\/distretti-agrumi-sicilia607.jpg","width":700,"height":339},{"@type":"WebPage","@id":"https:\/\/www.distrettoagrumidisicilia.it\/fr\/district\/#webpage","url":"https:\/\/www.distrettoagrumidisicilia.it\/fr\/district\/","name":"Le District - District Productif Agrumes de Sicile","isPartOf":{"@id":"https:\/\/www.distrettoagrumidisicilia.it\/fr\/#website"},"primaryImageOfPage":{"@id":"https:\/\/www.distrettoagrumidisicilia.it\/fr\/district\/#primaryimage"},"datePublished":"2016-12-04T03:00:00+00:00","dateModified":"2016-12-07T10:06:34+00:00","breadcrumb":{"@id":"https:\/\/www.distrettoagrumidisicilia.it\/fr\/district\/#breadcrumb"},"inLanguage":"fr-FR","potentialAction":[{"@type":"ReadAction","target":["https:\/\/www.distrettoagrumidisicilia.it\/fr\/district\/"]}]},{"@type":"BreadcrumbList","@id":"https:\/\/www.distrettoagrumidisicilia.it\/fr\/district\/#breadcrumb","itemListElement":[{"@type":"ListItem","position":1,"name":"Home","item":"https:\/\/www.distrettoagrumidisicilia.it\/fr\/"},{"@type":"ListItem","position":2,"name":"Le District"}]}]}},"_links":{"self":[{"href":"https:\/\/www.distrettoagrumidisicilia.it\/fr\/wp-json\/wp\/v2\/pages\/2606"}],"collection":[{"href":"https:\/\/www.distrettoagrumidisicilia.it\/fr\/wp-json\/wp\/v2\/pages"}],"about":[{"href":"https:\/\/www.distrettoagrumidisicilia.it\/fr\/wp-json\/wp\/v2\/types\/page"}],"author":[{"embeddable":true,"href":"https:\/\/www.distrettoagrumidisicilia.it\/fr\/wp-json\/wp\/v2\/users\/1"}],"replies":[{"embeddable":true,"href":"https:\/\/www.distrettoagrumidisicilia.it\/fr\/wp-json\/wp\/v2\/comments?post=2606"}],"version-history":[{"count":4,"href":"https:\/\/www.distrettoagrumidisicilia.it\/fr\/wp-json\/wp\/v2\/pages\/2606\/revisions"}],"predecessor-version":[{"id":2982,"href":"https:\/\/www.distrettoagrumidisicilia.it\/fr\/wp-json\/wp\/v2\/pages\/2606\/revisions\/2982"}],"wp:attachment":[{"href":"https:\/\/www.distrettoagrumidisicilia.it\/fr\/wp-json\/wp\/v2\/media?parent=2606"}],"curies":[{"name":"wp","href":"https:\/\/api.w.org\/{rel}","templated":true}]}}